{"id":997,"date":"2022-08-10T10:38:27","date_gmt":"2022-08-10T07:38:27","guid":{"rendered":"http:\/\/terateknoloji.com.tr\/?post_type=product&#038;p=997"},"modified":"2022-08-15T15:02:39","modified_gmt":"2022-08-15T12:02:39","slug":"zq630-mobil-yazici","status":"publish","type":"product","link":"https:\/\/terateknoloji.com.tr\/index.php\/product\/zq630-mobil-yazici\/","title":{"rendered":"ZQ630 Mobil Yaz\u0131c\u0131"},"content":{"rendered":"<p>[vc_row][vc_column][vc_column_text css=&#8221;.vc_custom_1660117147494{margin-bottom: 1% !important;}&#8221;]<\/p>\n<h4 class=\"content-callout\">B\u0130R\u0130NC\u0130 SINIF MOB\u0130L ET\u0130KET VE 4 \u0130N\u00c7 F\u0130\u015e YAZICI<\/h4>\n<p>ZQ630 mobil yaz\u0131c\u0131 ile depo y\u00f6netimi ve lojisti\u011finizi geli\u015ftirin. Y\u00fcksek hacimli etiket basma i\u00e7in optimize edilen fakat fi\u015f de basan ZQ630 mobil yaz\u0131c\u0131, depo i\u00e7i ta\u015f\u0131malarda kolayl\u0131k i\u00e7in forklifte monte edilebilir.[\/vc_column_text][ld_spacer][ld_tabs style=&#8221;style09&#8243;][ld_tab_section title=&#8221;\u00d6zellikler&#8221; tab_id=&#8221;lqd-1653376168701-49002ac4-c98b&#8221;][ld_fancy_heading tag=&#8221;p&#8221;]BASKI GEN\u0130\u015eL\u0130\u011e\u0130<br \/>\n4 in.\/104 mm<\/p>\n<p>MEDYA RULOSU DI\u015e \u00c7API<br \/>\n2,6 in.\/66 mm<\/p>\n<p>BASKI HIZI<br \/>\nSaniyede 4,5 in.\/115 mm<\/p>\n<p>A\u011eIRLIK<br \/>\nPil ile 2,45 lbs \/1,1 kg<\/p>\n<p>DAYANIKLILIK<br \/>\nToz ve s\u0131v\u0131lara kar\u015f\u0131 IP43 standard\u0131nda koruma (yumu\u015fak k\u0131l\u0131fla IP54 standard\u0131nda)<\/p>\n<p>6 ft. (1,83 metre) y\u00fckseklikten betona bir\u00e7ok kez d\u00fc\u015fmeye kar\u015f\u0131 dayan\u0131kl\u0131l\u0131k<\/p>\n<p>P\u0130L KAPAS\u0130TES\u0130<br \/>\n6800 mAh (nominal) 49,4 Wh \u00e7\u0131kar\u0131labilir, \u015farj edilebilir PowerPrecision+ Li-\u0130yon pil[\/ld_fancy_heading][\/ld_tab_section][ld_tab_section title=&#8221;Sekt\u00f6rler&#8221; tab_id=&#8221;lqd-1653376168718-58aed1ab-67ee&#8221;][vc_column_text]<\/p>\n<ul>\n<li>Ta\u015f\u0131mac\u0131l\u0131k<\/li>\n<li>\u0130malat<\/li>\n<li>Depo Y\u00f6netimi<\/li>\n<\/ul>\n<p>[\/vc_column_text][\/ld_tab_section][ld_tab_section title=&#8221;Kullan\u0131m Alanlar\u0131&#8221; tab_id=&#8221;lqd-1653376209483-3275f1cb-e370&#8243;][vc_column_text][\/vc_column_text][\/ld_tab_section][\/ld_tabs][\/vc_column][\/vc_row]<\/p>\n","protected":false},"excerpt":{"rendered":"<p>[vc_row][vc_column][vc_column_text css=&#8221;.vc_custom_1660117147494{margin-bottom: 1% !important;}&#8221;] B\u0130R\u0130NC\u0130 SINIF MOB\u0130L ET\u0130KET VE 4 \u0130N\u00c7 F\u0130\u015e YAZICI ZQ630 mobil yaz\u0131c\u0131 ile depo y\u00f6netimi ve lojisti\u011finizi geli\u015ftirin. Y\u00fcksek hacimli etiket basma i\u00e7in optimize edilen fakat fi\u015f de basan ZQ630 mobil yaz\u0131c\u0131, depo i\u00e7i ta\u015f\u0131malarda kolayl\u0131k i\u00e7in forklifte monte edilebilir.[\/vc_column_text][ld_spacer][ld_tabs style=&#8221;style09&#8243;][ld_tab_section title=&#8221;\u00d6zellikler&#8221; tab_id=&#8221;lqd-1653376168701-49002ac4-c98b&#8221;][ld_fancy_heading tag=&#8221;p&#8221;]BASKI GEN\u0130\u015eL\u0130\u011e\u0130 4 in.\/104 mm MEDYA RULOSU DI\u015e [&hellip;]<\/p>\n","protected":false},"featured_media":996,"comment_status":"closed","ping_status":"closed","template":"","meta":{"_joinchat":[]},"product_brand":[],"product_cat":[46,43],"product_tag":[],"class_list":{"0":"post-997","1":"product","2":"type-product","3":"status-publish","4":"has-post-thumbnail","6":"product_cat-mobil-yazicilar","7":"product_cat-yazicilar","9":"first","10":"instock","11":"taxable","12":"shipping-taxable","13":"product-type-simple"},"_links":{"self":[{"href":"https:\/\/terateknoloji.com.tr\/index.php\/wp-json\/wp\/v2\/product\/997","targetHints":{"allow":["GET"]}}],"collection":[{"href":"https:\/\/terateknoloji.com.tr\/index.php\/wp-json\/wp\/v2\/product"}],"about":[{"href":"https:\/\/terateknoloji.com.tr\/index.php\/wp-json\/wp\/v2\/types\/product"}],"replies":[{"embeddable":true,"href":"https:\/\/terateknoloji.com.tr\/index.php\/wp-json\/wp\/v2\/comments?post=997"}],"wp:featuredmedia":[{"embeddable":true,"href":"https:\/\/terateknoloji.com.tr\/index.php\/wp-json\/wp\/v2\/media\/996"}],"wp:attachment":[{"href":"https:\/\/terateknoloji.com.tr\/index.php\/wp-json\/wp\/v2\/media?parent=997"}],"wp:term":[{"taxonomy":"product_brand","embeddable":true,"href":"https:\/\/terateknoloji.com.tr\/index.php\/wp-json\/wp\/v2\/product_brand?post=997"},{"taxonomy":"product_cat","embeddable":true,"href":"https:\/\/terateknoloji.com.tr\/index.php\/wp-json\/wp\/v2\/product_cat?post=997"},{"taxonomy":"product_tag","embeddable":true,"href":"https:\/\/terateknoloji.com.tr\/index.php\/wp-json\/wp\/v2\/product_tag?post=997"}],"curies":[{"name":"wp","href":"https:\/\/api.w.org\/{rel}","templated":true}]}}