{"id":995,"date":"2022-08-10T10:30:52","date_gmt":"2022-08-10T07:30:52","guid":{"rendered":"http:\/\/terateknoloji.com.tr\/?post_type=product&#038;p=995"},"modified":"2022-08-15T15:03:37","modified_gmt":"2022-08-15T12:03:37","slug":"zq620-mobil-yazici","status":"publish","type":"product","link":"https:\/\/terateknoloji.com.tr\/index.php\/product\/zq620-mobil-yazici\/","title":{"rendered":"ZQ620 Mobil Yaz\u0131c\u0131"},"content":{"rendered":"<p>[vc_row][vc_column][vc_column_text css=&#8221;.vc_custom_1660116693451{margin-bottom: 1% !important;}&#8221;]<\/p>\n<h4 class=\"content-callout\">B\u0130R\u0130NC\u0130 SINIF MOB\u0130L ET\u0130KET VE 3 \u0130N\u00c7 F\u0130\u015e YAZICI<\/h4>\n<p>ZQ620 mobil yaz\u0131c\u0131 ile ma\u011fazan\u0131zdaki envanter y\u00f6netimi ve m\u00fc\u015fteri hizmetlerini geli\u015ftirin. \u0130leri teknoloji, yenilik\u00e7i tasar\u0131m, geni\u015f renkli ekran, h\u0131zl\u0131 uyand\u0131rma \u00f6zelli\u011fi i\u00e7eren \u00fcst\u00fcn pil y\u00f6netimi ve h\u0131zl\u0131 802.11ac ile Bluetooth kablosuz ba\u011flant\u0131 \u00f6zelliklerine sahip ZQ620, personel verimlili\u011fini art\u0131r\u0131r.<\/p>\n<div class=\"productsummary\"><\/div>\n<p>[\/vc_column_text][ld_spacer][ld_tabs style=&#8221;style09&#8243;][ld_tab_section title=&#8221;\u00d6zellikler&#8221; tab_id=&#8221;lqd-1653376168701-49002ac4-c98b&#8221;][ld_fancy_heading tag=&#8221;p&#8221;]BASKI GEN\u0130\u015eL\u0130\u011e\u0130<br \/>\n2,8 in.\/72 mm<\/p>\n<p>BASKI HIZI<br \/>\nSaniyede 4,5 in.\/115 mm<\/p>\n<p>DAYANIKLILIK<br \/>\nIP43 toz ve su direnci standard\u0131 (yumu\u015fak k\u0131l\u0131fla IP54)<br \/>\n5 ft.\/1,5 m&#8217;den betona bir\u00e7ok kez d\u00fc\u015fmeye dayan\u0131kl\u0131l\u0131k<\/p>\n<p>MEDYA RULOSU DI\u015e \u00c7API<br \/>\n2,6 in.\/66 mm<br \/>\nA\u011eIRLIK<br \/>\n1,6 lbs.\/0,73 kg<\/p>\n<p>P\u0130L KAPAS\u0130TES\u0130<br \/>\n3250 mAh (nominal) 23,4 Wh \u00e7\u0131kar\u0131labilir, \u015farj edilebilir PowerPrecision+ Li-\u0130yon pil[\/ld_fancy_heading][\/ld_tab_section][ld_tab_section title=&#8221;Sekt\u00f6rler&#8221; tab_id=&#8221;lqd-1653376168718-58aed1ab-67ee&#8221;][vc_column_text]<\/p>\n<ul>\n<li>Perakende<\/li>\n<li>Depo Y\u00f6netimi<\/li>\n<\/ul>\n<p>[\/vc_column_text][\/ld_tab_section][ld_tab_section title=&#8221;Kullan\u0131m Alanlar\u0131&#8221; tab_id=&#8221;lqd-1653376209483-3275f1cb-e370&#8243;][vc_column_text][\/vc_column_text][\/ld_tab_section][\/ld_tabs][\/vc_column][\/vc_row]<\/p>\n","protected":false},"excerpt":{"rendered":"<p>[vc_row][vc_column][vc_column_text css=&#8221;.vc_custom_1660116693451{margin-bottom: 1% !important;}&#8221;] B\u0130R\u0130NC\u0130 SINIF MOB\u0130L ET\u0130KET VE 3 \u0130N\u00c7 F\u0130\u015e YAZICI ZQ620 mobil yaz\u0131c\u0131 ile ma\u011fazan\u0131zdaki envanter y\u00f6netimi ve m\u00fc\u015fteri hizmetlerini geli\u015ftirin. \u0130leri teknoloji, yenilik\u00e7i tasar\u0131m, geni\u015f renkli ekran, h\u0131zl\u0131 uyand\u0131rma \u00f6zelli\u011fi i\u00e7eren \u00fcst\u00fcn pil y\u00f6netimi ve h\u0131zl\u0131 802.11ac ile Bluetooth kablosuz ba\u011flant\u0131 \u00f6zelliklerine sahip ZQ620, personel verimlili\u011fini art\u0131r\u0131r. [\/vc_column_text][ld_spacer][ld_tabs style=&#8221;style09&#8243;][ld_tab_section title=&#8221;\u00d6zellikler&#8221; tab_id=&#8221;lqd-1653376168701-49002ac4-c98b&#8221;][ld_fancy_heading [&hellip;]<\/p>\n","protected":false},"featured_media":996,"comment_status":"closed","ping_status":"closed","template":"","meta":{"_joinchat":[]},"product_brand":[],"product_cat":[46,43],"product_tag":[],"class_list":{"0":"post-995","1":"product","2":"type-product","3":"status-publish","4":"has-post-thumbnail","6":"product_cat-mobil-yazicilar","7":"product_cat-yazicilar","9":"first","10":"instock","11":"taxable","12":"shipping-taxable","13":"product-type-simple"},"_links":{"self":[{"href":"https:\/\/terateknoloji.com.tr\/index.php\/wp-json\/wp\/v2\/product\/995","targetHints":{"allow":["GET"]}}],"collection":[{"href":"https:\/\/terateknoloji.com.tr\/index.php\/wp-json\/wp\/v2\/product"}],"about":[{"href":"https:\/\/terateknoloji.com.tr\/index.php\/wp-json\/wp\/v2\/types\/product"}],"replies":[{"embeddable":true,"href":"https:\/\/terateknoloji.com.tr\/index.php\/wp-json\/wp\/v2\/comments?post=995"}],"wp:featuredmedia":[{"embeddable":true,"href":"https:\/\/terateknoloji.com.tr\/index.php\/wp-json\/wp\/v2\/media\/996"}],"wp:attachment":[{"href":"https:\/\/terateknoloji.com.tr\/index.php\/wp-json\/wp\/v2\/media?parent=995"}],"wp:term":[{"taxonomy":"product_brand","embeddable":true,"href":"https:\/\/terateknoloji.com.tr\/index.php\/wp-json\/wp\/v2\/product_brand?post=995"},{"taxonomy":"product_cat","embeddable":true,"href":"https:\/\/terateknoloji.com.tr\/index.php\/wp-json\/wp\/v2\/product_cat?post=995"},{"taxonomy":"product_tag","embeddable":true,"href":"https:\/\/terateknoloji.com.tr\/index.php\/wp-json\/wp\/v2\/product_tag?post=995"}],"curies":[{"name":"wp","href":"https:\/\/api.w.org\/{rel}","templated":true}]}}