{"id":948,"date":"2022-08-10T04:03:29","date_gmt":"2022-08-10T01:03:29","guid":{"rendered":"http:\/\/terateknoloji.com.tr\/?post_type=product&#038;p=948"},"modified":"2022-11-18T09:23:25","modified_gmt":"2022-11-18T06:23:25","slug":"zd500-termal-masaustu-yazicilar","status":"publish","type":"product","link":"https:\/\/terateknoloji.com.tr\/index.php\/product\/zd500-termal-masaustu-yazicilar\/","title":{"rendered":"ZD500 Termal Masa\u00fcst\u00fc Yaz\u0131c\u0131lar"},"content":{"rendered":"<p>[vc_row][vc_column][vc_column_text css=&#8221;.vc_custom_1660093461148{margin-bottom: 1% !important;}&#8221;]<\/p>\n<p class=\"content-callout productseries__subtitle\">Y\u00fcksek \u00e7\u00f6z\u00fcn\u00fcrl\u00fckl\u00fc bask\u0131 kalitesi ve d\u00f6rtl\u00fc ba\u011flant\u0131 se\u00e7enekleri sunan ZD500, kompaktt\u0131r ve en y\u00fcksek performans i\u00e7in \u00f6zelliklerle doludur. Link OS \u00f6zellikli bir yaz\u0131c\u0131, herhangi bir konumdan entegre edilmesi, y\u00f6netilmesi ve bak\u0131m\u0131 kolayd\u0131r. Direkt termal veya termal transfer modunda \u00e7al\u0131\u015f\u0131r.<\/p>\n<p>[\/vc_column_text][ld_spacer][ld_tabs style=&#8221;style09&#8243;][ld_tab_section title=&#8221;\u00d6zellikler&#8221; tab_id=&#8221;lqd-1653376168701-49002ac4-c98b&#8221;][ld_fancy_heading tag=&#8221;p&#8221;]BASKI GEN\u0130\u015eL\u0130\u011e\u0130<br \/>\n4.09\u201d\/104 mm<\/p>\n<p>BASKI \u00c7\u00d6Z\u00dcN\u00dcRL\u00dc\u011e\u00dc<br \/>\n203 dpi\/8 dots per mm<br \/>\n300 dpi\/12 dots per mm (optional)<\/p>\n<p>MAKS\u0130MUM BASKI HIZI<br \/>\n6\u201d\/152 mm\/saniye (203 dpi)<br \/>\n4\u201d\/102 mm\/saniye (300 dpi)<\/p>\n<p>MEDYA SENS\u00d6RLER\u0130<br \/>\n\u00c7ok konumlu aktar\u0131c\u0131 ve tam geni\u015flikli yans\u0131t\u0131c\u0131 sens\u00f6r<\/p>\n<p>\u0130LET\u0130\u015e\u0130M Y\u00d6NTEMLER\u0130<br \/>\nRS-232 otomatik alg\u0131lama Seri aray\u00fcz, DB-9 (standard)<br \/>\nUSB V2.0, \u00e7ift y\u00f6nl\u00fc (standard)<br \/>\nCentronics Parallel (standard)<br \/>\nEthernet &#8211; 10\/100 internal (standard)<br \/>\nWireless &#8211; Dual radio 802.11a\/b\/g\/n and Bluetooth 3.0 (optional)[\/ld_fancy_heading][\/ld_tab_section][ld_tab_section title=&#8221;Sekt\u00f6rler&#8221; tab_id=&#8221;lqd-1653376168718-58aed1ab-67ee&#8221;][vc_column_text]<\/p>\n<ul>\n<li>Perakende<\/li>\n<li>Sa\u011fl\u0131k sekt\u00f6r\u00fc<\/li>\n<li>\u0130malat<\/li>\n<li>Konaklama ve A\u011f\u0131rlama<\/li>\n<\/ul>\n<p>[\/vc_column_text][\/ld_tab_section][ld_tab_section title=&#8221;Kullan\u0131m Alanlar\u0131&#8221; tab_id=&#8221;lqd-1653376209483-3275f1cb-e370&#8243;][vc_column_text][\/vc_column_text][\/ld_tab_section][\/ld_tabs][\/vc_column][\/vc_row]<\/p>\n","protected":false},"excerpt":{"rendered":"<p>[vc_row][vc_column][vc_column_text css=&#8221;.vc_custom_1660093461148{margin-bottom: 1% !important;}&#8221;] Y\u00fcksek \u00e7\u00f6z\u00fcn\u00fcrl\u00fckl\u00fc bask\u0131 kalitesi ve d\u00f6rtl\u00fc ba\u011flant\u0131 se\u00e7enekleri sunan ZD500, kompaktt\u0131r ve en y\u00fcksek performans i\u00e7in \u00f6zelliklerle doludur. Link OS \u00f6zellikli bir yaz\u0131c\u0131, herhangi bir konumdan entegre edilmesi, y\u00f6netilmesi ve bak\u0131m\u0131 kolayd\u0131r. Direkt termal veya termal transfer modunda \u00e7al\u0131\u015f\u0131r. [\/vc_column_text][ld_spacer][ld_tabs style=&#8221;style09&#8243;][ld_tab_section title=&#8221;\u00d6zellikler&#8221; tab_id=&#8221;lqd-1653376168701-49002ac4-c98b&#8221;][ld_fancy_heading tag=&#8221;p&#8221;]BASKI GEN\u0130\u015eL\u0130\u011e\u0130 4.09\u201d\/104 mm BASKI \u00c7\u00d6Z\u00dcN\u00dcRL\u00dc\u011e\u00dc 203 dpi\/8 [&hellip;]<\/p>\n","protected":false},"featured_media":950,"comment_status":"closed","ping_status":"closed","template":"","meta":{"_joinchat":[]},"product_brand":[],"product_cat":[45,43],"product_tag":[],"class_list":{"0":"post-948","1":"product","2":"type-product","3":"status-publish","4":"has-post-thumbnail","6":"product_cat-masaustu-yazicilar","7":"product_cat-yazicilar","9":"first","10":"instock","11":"taxable","12":"shipping-taxable","13":"product-type-simple"},"_links":{"self":[{"href":"https:\/\/terateknoloji.com.tr\/index.php\/wp-json\/wp\/v2\/product\/948","targetHints":{"allow":["GET"]}}],"collection":[{"href":"https:\/\/terateknoloji.com.tr\/index.php\/wp-json\/wp\/v2\/product"}],"about":[{"href":"https:\/\/terateknoloji.com.tr\/index.php\/wp-json\/wp\/v2\/types\/product"}],"replies":[{"embeddable":true,"href":"https:\/\/terateknoloji.com.tr\/index.php\/wp-json\/wp\/v2\/comments?post=948"}],"wp:featuredmedia":[{"embeddable":true,"href":"https:\/\/terateknoloji.com.tr\/index.php\/wp-json\/wp\/v2\/media\/950"}],"wp:attachment":[{"href":"https:\/\/terateknoloji.com.tr\/index.php\/wp-json\/wp\/v2\/media?parent=948"}],"wp:term":[{"taxonomy":"product_brand","embeddable":true,"href":"https:\/\/terateknoloji.com.tr\/index.php\/wp-json\/wp\/v2\/product_brand?post=948"},{"taxonomy":"product_cat","embeddable":true,"href":"https:\/\/terateknoloji.com.tr\/index.php\/wp-json\/wp\/v2\/product_cat?post=948"},{"taxonomy":"product_tag","embeddable":true,"href":"https:\/\/terateknoloji.com.tr\/index.php\/wp-json\/wp\/v2\/product_tag?post=948"}],"curies":[{"name":"wp","href":"https:\/\/api.w.org\/{rel}","templated":true}]}}