{"id":942,"date":"2022-08-10T03:50:12","date_gmt":"2022-08-10T00:50:12","guid":{"rendered":"http:\/\/terateknoloji.com.tr\/?post_type=product&#038;p=942"},"modified":"2022-11-17T16:32:57","modified_gmt":"2022-11-17T13:32:57","slug":"zd220-direkt-termal-termal-transfer-masaustu-yazici","status":"publish","type":"product","link":"https:\/\/terateknoloji.com.tr\/index.php\/product\/zd220-direkt-termal-termal-transfer-masaustu-yazici\/","title":{"rendered":"ZD220 Direkt Termal \/ Termal Transfer Masa\u00fcst\u00fc Yaz\u0131c\u0131"},"content":{"rendered":"<p>[vc_row][vc_column][vc_column_text css=&#8221;.vc_custom_1660092666368{margin-bottom: 1% !important;}&#8221;]<\/p>\n<h4 class=\"content-callout\">G\u00dcVEN\u0130L\u0130R OPERASYON, KAL\u0130TEL\u0130 KONSTR\u00dcKS\u0130YON, BAR\u0130Z DE\u011eER<\/h4>\n<p>ZD220 masa\u00fcst\u00fc yaz\u0131c\u0131n\u0131n direkt termal ve termal transfer modelleri mevcuttur. Zebra kalitesiyle \u00fcretilen bu yaz\u0131c\u0131 ekonomik bir fiyata g\u00fcvenilir operasyon sunar. Bu yaz\u0131c\u0131 ihtiya\u00e7 duydu\u011funuz temel \u00f6zelliklere sahip; hepsi Zebra servis ve deste\u011fi taraf\u0131ndan desteklenir.<\/p>\n<p>Zebra ile rekabet \u00fcst\u00fcnl\u00fc\u011f\u00fc kazan\u0131n.[\/vc_column_text][ld_spacer][ld_tabs style=&#8221;style09&#8243;][ld_tab_section title=&#8221;\u00d6zellikler&#8221; tab_id=&#8221;lqd-1653376168701-49002ac4-c98b&#8221;][ld_fancy_heading tag=&#8221;p&#8221;]BASKI GEN\u0130\u015eL\u0130\u011e\u0130<br \/>\n4,1 in\u00e7\/104,14 mm<\/p>\n<p>\u0130LET\u0130\u015e\u0130M Y\u00d6NTEM\u0130<br \/>\nUSB 2.0 (Standart)<\/p>\n<p>MEDYA SENS\u00d6RLER\u0130<br \/>\nTa\u015f\u0131nabilir siyah i\u015faret sens\u00f6r\u00fc, s\u0131n\u0131rl\u0131 menzil ortadan sola<br \/>\nMerkez d\u0131\u015f\u0131, sabit aral\u0131k sens\u00f6r\u00fc<\/p>\n<p>MAKS\u0130MUM BASKI HIZI<br \/>\nSaniyede 4 in\u00e7\/102 mm (203 dpi)<\/p>\n<p>BASKI \u00c7\u00d6Z\u00dcN\u00dcRL\u00dc\u011e\u00dc<br \/>\nmm ba\u015f\u0131na 203 dpi\/8 nokta[\/ld_fancy_heading][\/ld_tab_section][ld_tab_section title=&#8221;Sekt\u00f6rler&#8221; tab_id=&#8221;lqd-1653376168718-58aed1ab-67ee&#8221;][vc_column_text]<\/p>\n<ul>\n<li>Sa\u011fl\u0131k sekt\u00f6r\u00fc<\/li>\n<li>Ta\u015f\u0131mac\u0131l\u0131k<\/li>\n<li>Perakende<\/li>\n<li>\u0130malat<\/li>\n<\/ul>\n<p>[\/vc_column_text][\/ld_tab_section][ld_tab_section title=&#8221;Kullan\u0131m Alanlar\u0131&#8221; tab_id=&#8221;lqd-1653376209483-3275f1cb-e370&#8243;][vc_column_text][\/vc_column_text][\/ld_tab_section][\/ld_tabs][\/vc_column][\/vc_row]<\/p>\n","protected":false},"excerpt":{"rendered":"<p>[vc_row][vc_column][vc_column_text css=&#8221;.vc_custom_1660092666368{margin-bottom: 1% !important;}&#8221;] G\u00dcVEN\u0130L\u0130R OPERASYON, KAL\u0130TEL\u0130 KONSTR\u00dcKS\u0130YON, BAR\u0130Z DE\u011eER ZD220 masa\u00fcst\u00fc yaz\u0131c\u0131n\u0131n direkt termal ve termal transfer modelleri mevcuttur. Zebra kalitesiyle \u00fcretilen bu yaz\u0131c\u0131 ekonomik bir fiyata g\u00fcvenilir operasyon sunar. Bu yaz\u0131c\u0131 ihtiya\u00e7 duydu\u011funuz temel \u00f6zelliklere sahip; hepsi Zebra servis ve deste\u011fi taraf\u0131ndan desteklenir. Zebra ile rekabet \u00fcst\u00fcnl\u00fc\u011f\u00fc kazan\u0131n.[\/vc_column_text][ld_spacer][ld_tabs style=&#8221;style09&#8243;][ld_tab_section title=&#8221;\u00d6zellikler&#8221; tab_id=&#8221;lqd-1653376168701-49002ac4-c98b&#8221;][ld_fancy_heading tag=&#8221;p&#8221;]BASKI GEN\u0130\u015eL\u0130\u011e\u0130 [&hellip;]<\/p>\n","protected":false},"featured_media":943,"comment_status":"closed","ping_status":"closed","template":"","meta":{"_joinchat":[]},"product_brand":[],"product_cat":[45,43],"product_tag":[],"class_list":{"0":"post-942","1":"product","2":"type-product","3":"status-publish","4":"has-post-thumbnail","6":"product_cat-masaustu-yazicilar","7":"product_cat-yazicilar","9":"first","10":"instock","11":"taxable","12":"shipping-taxable","13":"product-type-simple"},"_links":{"self":[{"href":"https:\/\/terateknoloji.com.tr\/index.php\/wp-json\/wp\/v2\/product\/942","targetHints":{"allow":["GET"]}}],"collection":[{"href":"https:\/\/terateknoloji.com.tr\/index.php\/wp-json\/wp\/v2\/product"}],"about":[{"href":"https:\/\/terateknoloji.com.tr\/index.php\/wp-json\/wp\/v2\/types\/product"}],"replies":[{"embeddable":true,"href":"https:\/\/terateknoloji.com.tr\/index.php\/wp-json\/wp\/v2\/comments?post=942"}],"wp:featuredmedia":[{"embeddable":true,"href":"https:\/\/terateknoloji.com.tr\/index.php\/wp-json\/wp\/v2\/media\/943"}],"wp:attachment":[{"href":"https:\/\/terateknoloji.com.tr\/index.php\/wp-json\/wp\/v2\/media?parent=942"}],"wp:term":[{"taxonomy":"product_brand","embeddable":true,"href":"https:\/\/terateknoloji.com.tr\/index.php\/wp-json\/wp\/v2\/product_brand?post=942"},{"taxonomy":"product_cat","embeddable":true,"href":"https:\/\/terateknoloji.com.tr\/index.php\/wp-json\/wp\/v2\/product_cat?post=942"},{"taxonomy":"product_tag","embeddable":true,"href":"https:\/\/terateknoloji.com.tr\/index.php\/wp-json\/wp\/v2\/product_tag?post=942"}],"curies":[{"name":"wp","href":"https:\/\/api.w.org\/{rel}","templated":true}]}}