{"id":938,"date":"2022-08-10T03:43:17","date_gmt":"2022-08-10T00:43:17","guid":{"rendered":"http:\/\/terateknoloji.com.tr\/?post_type=product&#038;p=938"},"modified":"2022-11-17T14:49:25","modified_gmt":"2022-11-17T11:49:25","slug":"zd411-saglik-sektoru-direkt-termal-yazici","status":"publish","type":"product","link":"https:\/\/terateknoloji.com.tr\/index.php\/product\/zd411-saglik-sektoru-direkt-termal-yazici\/","title":{"rendered":"ZD411 Sa\u011fl\u0131k Sekt\u00f6r\u00fc Direkt Termal Yaz\u0131c\u0131"},"content":{"rendered":"<p>[vc_row][vc_column][vc_column_text css=&#8221;.vc_custom_1660092237406{margin-bottom: 1% !important;}&#8221;]<\/p>\n<h4 class=\"content-callout\">GEL\u0130\u015eM\u0130\u015e, KOMPAKT SA\u011eLIK SEKT\u00d6R\u00dc BASKISI<\/h4>\n<p>Sa\u011fl\u0131k sekt\u00f6r\u00fc i\u00e7in \u00f6zel olarak tasarlanan ZD411 2 in\u00e7lik direkt termal yaz\u0131c\u0131, \u00e7ok k\u00fc\u00e7\u00fck bir kaplama alan\u0131nda vardiyan\u0131z boyunca g\u00fc\u00e7 sa\u011flamak i\u00e7in ihtiyac\u0131n\u0131z olan t\u00fcm \u00f6zelliklere sahiptir. Yeni nesil teknoloji, UV \u0131\u015f\u0131nlar\u0131na dayan\u0131kl\u0131 ve dezenfektana haz\u0131r plastikler ve t\u0131bbi s\u0131n\u0131f g\u00fc\u00e7 kayna\u011f\u0131, y\u0131llarca g\u00fcvenli, ola\u011fan\u00fcst\u00fc performans sunuyor. Bir parmak dokunu\u015fuyla yeni sezgisel men\u00fcye eri\u015fin. Hasta bilgileri gibi hassas verilerin korunmas\u0131 i\u00e7in Zebra&#8217;n\u0131n benzersiz yaz\u0131c\u0131 g\u00fcvenli\u011fiyle i\u00e7iniz rahat eder. Mobil bask\u0131 i\u00e7in ta\u015f\u0131nabilir bir pil tak\u0131m\u0131 aksesuar\u0131 ekleyin.[\/vc_column_text][ld_spacer][ld_tabs style=&#8221;style09&#8243;][ld_tab_section title=&#8221;\u00d6zellikler&#8221; tab_id=&#8221;lqd-1653376168701-49002ac4-c98b&#8221;][ld_fancy_heading tag=&#8221;p&#8221;]BASKI GEN\u0130\u015eL\u0130\u011e\u0130<br \/>\n203 dpi i\u00e7in 2,2 in\u00e7\/56 mm<br \/>\n300 dpi i\u00e7in 2,13 in\u00e7\/54 mm<\/p>\n<p>MAKS\u0130MUM BASKI HIZI<br \/>\n203 dpi i\u00e7in saniyede 6 ips\/153 mm<br \/>\n300 dpi i\u00e7in 4 ips<\/p>\n<p>\u0130LET\u0130\u015e\u0130M Y\u00d6NTEMLER\u0130<br \/>\nStandart: USB 2.0, USB Sunucu, BTLE5<br \/>\n\u0130ste\u011fe ba\u011fl\u0131: sahada kurulabilir Seri, Ethernet; fabrikada veya sahada kurulabilir kablosuz 802.11ac + BT<\/p>\n<p>BASKI \u00c7\u00d6Z\u00dcN\u00dcRL\u00dc\u011e\u00dc<br \/>\nStandart: mm ba\u015f\u0131na 203 dpi\/8 nokta<br \/>\nSe\u00e7enek: 300 dpi\/12 nokta\/mm<\/p>\n<p>MEDYA SENS\u00d6RLER\u0130<br \/>\nTam geni\u015flikli, hareketli yans\u0131t\u0131c\u0131 sens\u00f6r\/siyah i\u015faret sens\u00f6r\u00fc;<br \/>\n\u00c7ok konumlu ge\u00e7irgen\/aral\u0131k sens\u00f6r\u00fc<\/p>\n<p>\u0130\u015eLET\u0130M S\u0130STEM\u0130<br \/>\nLink-OS yaz\u0131c\u0131 i\u015fletim sistemi[\/ld_fancy_heading][\/ld_tab_section][ld_tab_section title=&#8221;Sekt\u00f6rler&#8221; tab_id=&#8221;lqd-1653376168718-58aed1ab-67ee&#8221;][vc_column_text]<\/p>\n<ul>\n<li>Sa\u011fl\u0131k Sekt\u00f6r\u00fc<\/li>\n<\/ul>\n<p>[\/vc_column_text][\/ld_tab_section][ld_tab_section title=&#8221;Kullan\u0131m Alanlar\u0131&#8221; tab_id=&#8221;lqd-1653376209483-3275f1cb-e370&#8243;][vc_column_text][\/vc_column_text][\/ld_tab_section][\/ld_tabs][\/vc_column][\/vc_row]<\/p>\n","protected":false},"excerpt":{"rendered":"<p>[vc_row][vc_column][vc_column_text css=&#8221;.vc_custom_1660092237406{margin-bottom: 1% !important;}&#8221;] GEL\u0130\u015eM\u0130\u015e, KOMPAKT SA\u011eLIK SEKT\u00d6R\u00dc BASKISI Sa\u011fl\u0131k sekt\u00f6r\u00fc i\u00e7in \u00f6zel olarak tasarlanan ZD411 2 in\u00e7lik direkt termal yaz\u0131c\u0131, \u00e7ok k\u00fc\u00e7\u00fck bir kaplama alan\u0131nda vardiyan\u0131z boyunca g\u00fc\u00e7 sa\u011flamak i\u00e7in ihtiyac\u0131n\u0131z olan t\u00fcm \u00f6zelliklere sahiptir. Yeni nesil teknoloji, UV \u0131\u015f\u0131nlar\u0131na dayan\u0131kl\u0131 ve dezenfektana haz\u0131r plastikler ve t\u0131bbi s\u0131n\u0131f g\u00fc\u00e7 kayna\u011f\u0131, y\u0131llarca g\u00fcvenli, ola\u011fan\u00fcst\u00fc performans [&hellip;]<\/p>\n","protected":false},"featured_media":939,"comment_status":"closed","ping_status":"closed","template":"","meta":{"_joinchat":[]},"product_brand":[],"product_cat":[65,43],"product_tag":[],"class_list":{"0":"post-938","1":"product","2":"type-product","3":"status-publish","4":"has-post-thumbnail","6":"product_cat-saglik-sektoru","7":"product_cat-yazicilar","9":"first","10":"instock","11":"taxable","12":"shipping-taxable","13":"product-type-simple"},"_links":{"self":[{"href":"https:\/\/terateknoloji.com.tr\/index.php\/wp-json\/wp\/v2\/product\/938","targetHints":{"allow":["GET"]}}],"collection":[{"href":"https:\/\/terateknoloji.com.tr\/index.php\/wp-json\/wp\/v2\/product"}],"about":[{"href":"https:\/\/terateknoloji.com.tr\/index.php\/wp-json\/wp\/v2\/types\/product"}],"replies":[{"embeddable":true,"href":"https:\/\/terateknoloji.com.tr\/index.php\/wp-json\/wp\/v2\/comments?post=938"}],"wp:featuredmedia":[{"embeddable":true,"href":"https:\/\/terateknoloji.com.tr\/index.php\/wp-json\/wp\/v2\/media\/939"}],"wp:attachment":[{"href":"https:\/\/terateknoloji.com.tr\/index.php\/wp-json\/wp\/v2\/media?parent=938"}],"wp:term":[{"taxonomy":"product_brand","embeddable":true,"href":"https:\/\/terateknoloji.com.tr\/index.php\/wp-json\/wp\/v2\/product_brand?post=938"},{"taxonomy":"product_cat","embeddable":true,"href":"https:\/\/terateknoloji.com.tr\/index.php\/wp-json\/wp\/v2\/product_cat?post=938"},{"taxonomy":"product_tag","embeddable":true,"href":"https:\/\/terateknoloji.com.tr\/index.php\/wp-json\/wp\/v2\/product_tag?post=938"}],"curies":[{"name":"wp","href":"https:\/\/api.w.org\/{rel}","templated":true}]}}