{"id":924,"date":"2022-08-10T03:31:16","date_gmt":"2022-08-10T00:31:16","guid":{"rendered":"http:\/\/terateknoloji.com.tr\/?post_type=product&#038;p=924"},"modified":"2022-11-18T09:25:59","modified_gmt":"2022-11-18T06:25:59","slug":"zd421-ribbon-kartuslu-yazici","status":"publish","type":"product","link":"https:\/\/terateknoloji.com.tr\/index.php\/product\/zd421-ribbon-kartuslu-yazici\/","title":{"rendered":"ZD421 Ribbon Kartu\u015flu Yaz\u0131c\u0131"},"content":{"rendered":"<p>[vc_row][vc_column][vc_column_text css=&#8221;.vc_custom_1660091518490{margin-bottom: 1% !important;}&#8221;]<\/p>\n<h4 class=\"content-callout\">HATASIZ R\u0130BBON Y\u00dcKLEME<\/h4>\n<p>ZD421 ribbon kartu\u015fu modeli, s\u0131n\u0131f\u0131nda kullan\u0131m\u0131 en kolay yaz\u0131c\u0131 olmas\u0131n\u0131 sa\u011flayan bir dizi \u00f6zelliklere sahiptir. Ribbon kartu\u015f modelimiz, s\u0131n\u0131f\u0131ndaki en kolay kullan\u0131lan yaz\u0131c\u0131d\u0131r ve her zaman ilk seferde y\u00fcklenmesi yaln\u0131zca birka\u00e7 saniye s\u00fcren bir ribbon kartu\u015fa sahip tek termal yaz\u0131c\u0131d\u0131r. Ribbon i\u00e7erisindeki ak\u0131ll\u0131 \u00e7ip, ribbonun de\u011fi\u015ftirilmesi gerekti\u011fi zaman haber verir. ZD421 ribbon kartu\u015flu yaz\u0131c\u0131 gelece\u011fe uyum esnekli\u011fe, uzaktan y\u00f6netim \u00f6zelli\u011fine ve y\u0131llarca kullan\u0131m i\u00e7in ihtiya\u00e7 duydu\u011funuz g\u00fcvenlik \u00f6zelliklerine sahip.[\/vc_column_text][ld_spacer][ld_tabs style=&#8221;style09&#8243;][ld_tab_section title=&#8221;\u00d6zellikler&#8221; tab_id=&#8221;lqd-1653376168701-49002ac4-c98b&#8221;][ld_fancy_heading tag=&#8221;p&#8221;]BASKI GEN\u0130\u015eL\u0130\u011e\u0130<br \/>\n203 dpi i\u00e7in 4.1 in\u00e7\/104 mm<br \/>\n300 dpi i\u00e7in 4,27 in\u00e7\/108 mm<\/p>\n<p>MAKS\u0130MUM BASKI HIZI<br \/>\nSaniyede 6 in\u00e7\/152 mm (203 dpi)<br \/>\nSaniyede 4 in\u00e7\/102 mm (300 dpi)<\/p>\n<p>\u0130LET\u0130\u015e\u0130M Y\u00d6NTEMLER\u0130<br \/>\nUSB v2.0, USB Sunucu (Standart)<br \/>\nBluetooth D\u00fc\u015f\u00fck Enerji 5* (Standart)<br \/>\nRS-232 Serisi (Sahada kurulabilir se\u00e7enek)<br \/>\n10\/100 Ethernet (Fabrikada veya sahada kurulum opsiyonu)<br \/>\nWireless: 802.11ac Bluetooth 4.1 ile (Fabrika veya sahada kurulum opsiyonu)<\/p>\n<p>* BLE, sadece Zebra yaz\u0131c\u0131 kurulumu mobil uygulamas\u0131yla kullan\u0131lmak \u00fczere tasarlanm\u0131\u015ft\u0131r<\/p>\n<p>BASKI \u00c7\u00d6Z\u00dcN\u00dcRL\u00dc\u011e\u00dc<br \/>\nmm ba\u015f\u0131na 203 dpi\/8 nokta<br \/>\nmm ba\u015f\u0131na 300 dpi\/12 nokta (Opsiyonel)<\/p>\n<p>MEDYA SENS\u00d6RLER\u0130<br \/>\nTam geni\u015flikli, hareketli yans\u0131t\u0131c\u0131 sens\u00f6r\/siyah i\u015faret sens\u00f6r\u00fc;<br \/>\n\u00c7ok konumlu ge\u00e7irgen\/aral\u0131k sens\u00f6r\u00fc<\/p>\n<p>\u0130\u015eLET\u0130M S\u0130STEM\u0130<br \/>\nLink-OS yaz\u0131c\u0131 i\u015fletim sistemi[\/ld_fancy_heading][\/ld_tab_section][ld_tab_section title=&#8221;Sekt\u00f6rler&#8221; tab_id=&#8221;lqd-1653376168718-58aed1ab-67ee&#8221;][vc_column_text]<\/p>\n<ul>\n<li>Ta\u015f\u0131mac\u0131l\u0131k<\/li>\n<li>Perakende<\/li>\n<li>\u0130malat<\/li>\n<li>Konaklama ve A\u011f\u0131rlama<\/li>\n<\/ul>\n<p>[\/vc_column_text][\/ld_tab_section][ld_tab_section title=&#8221;Kullan\u0131m Alanlar\u0131&#8221; tab_id=&#8221;lqd-1653376209483-3275f1cb-e370&#8243;][vc_column_text][\/vc_column_text][\/ld_tab_section][\/ld_tabs][\/vc_column][\/vc_row]<\/p>\n","protected":false},"excerpt":{"rendered":"<p>[vc_row][vc_column][vc_column_text css=&#8221;.vc_custom_1660091518490{margin-bottom: 1% !important;}&#8221;] HATASIZ R\u0130BBON Y\u00dcKLEME ZD421 ribbon kartu\u015fu modeli, s\u0131n\u0131f\u0131nda kullan\u0131m\u0131 en kolay yaz\u0131c\u0131 olmas\u0131n\u0131 sa\u011flayan bir dizi \u00f6zelliklere sahiptir. Ribbon kartu\u015f modelimiz, s\u0131n\u0131f\u0131ndaki en kolay kullan\u0131lan yaz\u0131c\u0131d\u0131r ve her zaman ilk seferde y\u00fcklenmesi yaln\u0131zca birka\u00e7 saniye s\u00fcren bir ribbon kartu\u015fa sahip tek termal yaz\u0131c\u0131d\u0131r. Ribbon i\u00e7erisindeki ak\u0131ll\u0131 \u00e7ip, ribbonun de\u011fi\u015ftirilmesi gerekti\u011fi zaman [&hellip;]<\/p>\n","protected":false},"featured_media":925,"comment_status":"closed","ping_status":"closed","template":"","meta":{"_joinchat":[]},"product_brand":[],"product_cat":[45,43],"product_tag":[],"class_list":{"0":"post-924","1":"product","2":"type-product","3":"status-publish","4":"has-post-thumbnail","6":"product_cat-masaustu-yazicilar","7":"product_cat-yazicilar","9":"first","10":"instock","11":"taxable","12":"shipping-taxable","13":"product-type-simple"},"_links":{"self":[{"href":"https:\/\/terateknoloji.com.tr\/index.php\/wp-json\/wp\/v2\/product\/924","targetHints":{"allow":["GET"]}}],"collection":[{"href":"https:\/\/terateknoloji.com.tr\/index.php\/wp-json\/wp\/v2\/product"}],"about":[{"href":"https:\/\/terateknoloji.com.tr\/index.php\/wp-json\/wp\/v2\/types\/product"}],"replies":[{"embeddable":true,"href":"https:\/\/terateknoloji.com.tr\/index.php\/wp-json\/wp\/v2\/comments?post=924"}],"wp:featuredmedia":[{"embeddable":true,"href":"https:\/\/terateknoloji.com.tr\/index.php\/wp-json\/wp\/v2\/media\/925"}],"wp:attachment":[{"href":"https:\/\/terateknoloji.com.tr\/index.php\/wp-json\/wp\/v2\/media?parent=924"}],"wp:term":[{"taxonomy":"product_brand","embeddable":true,"href":"https:\/\/terateknoloji.com.tr\/index.php\/wp-json\/wp\/v2\/product_brand?post=924"},{"taxonomy":"product_cat","embeddable":true,"href":"https:\/\/terateknoloji.com.tr\/index.php\/wp-json\/wp\/v2\/product_cat?post=924"},{"taxonomy":"product_tag","embeddable":true,"href":"https:\/\/terateknoloji.com.tr\/index.php\/wp-json\/wp\/v2\/product_tag?post=924"}],"curies":[{"name":"wp","href":"https:\/\/api.w.org\/{rel}","templated":true}]}}