{"id":916,"date":"2022-08-10T03:21:24","date_gmt":"2022-08-10T00:21:24","guid":{"rendered":"http:\/\/terateknoloji.com.tr\/?post_type=product&#038;p=916"},"modified":"2022-11-17T14:50:29","modified_gmt":"2022-11-17T11:50:29","slug":"zd510-hc-bileklik-baski-cozumu","status":"publish","type":"product","link":"https:\/\/terateknoloji.com.tr\/index.php\/product\/zd510-hc-bileklik-baski-cozumu\/","title":{"rendered":"ZD510-HC Bileklik Bask\u0131 \u00c7\u00f6z\u00fcm\u00fc"},"content":{"rendered":"<p>[vc_row][vc_column][vc_column_text css=&#8221;.vc_custom_1660090937116{margin-bottom: 1% !important;}&#8221;]<\/p>\n<h4 class=\"content-callout productseries__subtitle\">B\u0130LEKL\u0130K BASKINIZ \u0130\u00c7\u0130N UZMANA G\u00dcVEN\u0130N<\/h4>\n<div class=\"productseries__description\">\n<p>ZD510-HC Bileklik Bask\u0131 \u00e7\u00f6z\u00fcm\u00fc, g\u00fcvenilir ZD510-HC direkt termal yaz\u0131c\u0131y\u0131 piyasadaki tek antimikrobiyel kapl\u0131 bileklikleri (Zebra\u2019n\u0131n Z-Band\u00ae bilekliklerini) i\u00e7eren, y\u00fcklemesi kolay kartu\u015flarla birle\u015ftirir. Ayr\u0131ca, lunapark, su park\u0131 ve e\u011flence uygulamalar\u0131 i\u00e7in bileklik basabilen bu yaz\u0131c\u0131yla, hasta g\u00fcvenli\u011fini ve personel verimlili\u011fini artt\u0131ran g\u00fcvenilir bileklik bask\u0131s\u0131 elde edersiniz.<\/p>\n<\/div>\n<p>[\/vc_column_text][ld_spacer][ld_tabs style=&#8221;style09&#8243;][ld_tab_section title=&#8221;\u00d6zellikler&#8221; tab_id=&#8221;lqd-1653376168701-49002ac4-c98b&#8221;][ld_fancy_heading tag=&#8221;p&#8221;]BASKI GEN\u0130\u015eL\u0130\u011e\u0130<br \/>\n0,74 in.\/19,05 mm<br \/>\n1 in.\/25,4 mm<br \/>\n1,1875 in.\/30,16 mm<\/p>\n<p>MAKS\u0130MUM BASKI HIZI<br \/>\nsaniyede 2 in.\/51 mm (sa\u011fl\u0131k sekt\u00f6r\u00fc)<br \/>\nsaniyede 4 in.\/102 mm (Z-Band Fun ve Z-Band Splash)<\/p>\n<p>\u0130LET\u0130\u015e\u0130M Y\u00d6NTEMLER\u0130<br \/>\nUSB Sunucu, USB, Ethernet, Bluetooth D\u00fc\u015f\u00fck Enerji (standart) Fabrika kurulumu kablosuz ikili radyo: 802.11ac Wi-Fi ve Bluetooth 4.1 (iste\u011fe ba\u011fl\u0131)<\/p>\n<p>BASKI \u00c7\u00d6Z\u00dcN\u00dcRL\u00dc\u011e\u00dc<br \/>\n300 dpi \/ 12 nokta\/mm[\/ld_fancy_heading][\/ld_tab_section][ld_tab_section title=&#8221;Sekt\u00f6rler&#8221; tab_id=&#8221;lqd-1653376168718-58aed1ab-67ee&#8221;][vc_column_text]<\/p>\n<ul>\n<li>Sa\u011fl\u0131k sekt\u00f6r\u00fc<\/li>\n<li>Konaklama ve A\u011f\u0131rlama<\/li>\n<\/ul>\n<p>[\/vc_column_text][\/ld_tab_section][ld_tab_section title=&#8221;Kullan\u0131m Alanlar\u0131&#8221; tab_id=&#8221;lqd-1653376209483-3275f1cb-e370&#8243;][vc_column_text]<\/p>\n<ul>\n<li>Hasta Kimlikleri<\/li>\n<li>Konuk Kimlikleri<\/li>\n<\/ul>\n<p>[\/vc_column_text][\/ld_tab_section][\/ld_tabs][\/vc_column][\/vc_row]<\/p>\n","protected":false},"excerpt":{"rendered":"<p>[vc_row][vc_column][vc_column_text css=&#8221;.vc_custom_1660090937116{margin-bottom: 1% !important;}&#8221;] B\u0130LEKL\u0130K BASKINIZ \u0130\u00c7\u0130N UZMANA G\u00dcVEN\u0130N ZD510-HC Bileklik Bask\u0131 \u00e7\u00f6z\u00fcm\u00fc, g\u00fcvenilir ZD510-HC direkt termal yaz\u0131c\u0131y\u0131 piyasadaki tek antimikrobiyel kapl\u0131 bileklikleri (Zebra\u2019n\u0131n Z-Band\u00ae bilekliklerini) i\u00e7eren, y\u00fcklemesi kolay kartu\u015flarla birle\u015ftirir. Ayr\u0131ca, lunapark, su park\u0131 ve e\u011flence uygulamalar\u0131 i\u00e7in bileklik basabilen bu yaz\u0131c\u0131yla, hasta g\u00fcvenli\u011fini ve personel verimlili\u011fini artt\u0131ran g\u00fcvenilir bileklik bask\u0131s\u0131 elde edersiniz. [\/vc_column_text][ld_spacer][ld_tabs [&hellip;]<\/p>\n","protected":false},"featured_media":918,"comment_status":"closed","ping_status":"closed","template":"","meta":{"_joinchat":[]},"product_brand":[],"product_cat":[65,43],"product_tag":[],"class_list":{"0":"post-916","1":"product","2":"type-product","3":"status-publish","4":"has-post-thumbnail","6":"product_cat-saglik-sektoru","7":"product_cat-yazicilar","9":"first","10":"instock","11":"taxable","12":"shipping-taxable","13":"product-type-simple"},"_links":{"self":[{"href":"https:\/\/terateknoloji.com.tr\/index.php\/wp-json\/wp\/v2\/product\/916","targetHints":{"allow":["GET"]}}],"collection":[{"href":"https:\/\/terateknoloji.com.tr\/index.php\/wp-json\/wp\/v2\/product"}],"about":[{"href":"https:\/\/terateknoloji.com.tr\/index.php\/wp-json\/wp\/v2\/types\/product"}],"replies":[{"embeddable":true,"href":"https:\/\/terateknoloji.com.tr\/index.php\/wp-json\/wp\/v2\/comments?post=916"}],"wp:featuredmedia":[{"embeddable":true,"href":"https:\/\/terateknoloji.com.tr\/index.php\/wp-json\/wp\/v2\/media\/918"}],"wp:attachment":[{"href":"https:\/\/terateknoloji.com.tr\/index.php\/wp-json\/wp\/v2\/media?parent=916"}],"wp:term":[{"taxonomy":"product_brand","embeddable":true,"href":"https:\/\/terateknoloji.com.tr\/index.php\/wp-json\/wp\/v2\/product_brand?post=916"},{"taxonomy":"product_cat","embeddable":true,"href":"https:\/\/terateknoloji.com.tr\/index.php\/wp-json\/wp\/v2\/product_cat?post=916"},{"taxonomy":"product_tag","embeddable":true,"href":"https:\/\/terateknoloji.com.tr\/index.php\/wp-json\/wp\/v2\/product_tag?post=916"}],"curies":[{"name":"wp","href":"https:\/\/api.w.org\/{rel}","templated":true}]}}