{"id":910,"date":"2022-08-10T03:10:45","date_gmt":"2022-08-10T00:10:45","guid":{"rendered":"http:\/\/terateknoloji.com.tr\/?post_type=product&#038;p=910"},"modified":"2022-11-18T09:39:28","modified_gmt":"2022-11-18T06:39:28","slug":"zd611-termal-transfer-ve-direkt-termal-yazicilar","status":"publish","type":"product","link":"https:\/\/terateknoloji.com.tr\/index.php\/product\/zd611-termal-transfer-ve-direkt-termal-yazicilar\/","title":{"rendered":"ZD611 2&#8243; Termal Transfer ve Direkt Termal Yaz\u0131c\u0131lar"},"content":{"rendered":"<p>[vc_row][vc_column][vc_column_text css=&#8221;.vc_custom_1660090320228{margin-bottom: 1% !important;}&#8221;]<\/p>\n<h4 class=\"content-callout\">PREM\u0130UM KAL\u0130TEDE 2 \u0130N\u00c7 BASKI<\/h4>\n<p>2 in\u00e7lik ZD611, y\u0131llarca \u00fcst\u00fcn bask\u0131 i\u00e7in yeni nesil teknoloji, sekt\u00f6r lideri \u00f6zellikler ve benzersiz g\u00fcvenlik sunar. Ek performans i\u00e7in yeni bir mimari, iste\u011fe ba\u011fl\u0131 sahada kurulabilen medya i\u015fleme tasar\u0131mlar\u0131 ve kablosuz ileti\u015fim ile i\u015f gereksinimlerinize g\u00f6re geli\u015fmek \u00fczere tasarlanm\u0131\u015ft\u0131r. Belirli modellerde tam renkli dokunmatik ekran bulunur veya at\u0131k azalt\u0131m\u0131 i\u00e7in kaplamas\u0131z modeli se\u00e7in. Zebra&#8217;n\u0131n \u00f6zel Print DNA yaz\u0131l\u0131m\u0131, bunlar\u0131n kurulumunu, bak\u0131m\u0131n\u0131 ve g\u00fcvenli\u011fini kolayla\u015ft\u0131r\u0131r.[\/vc_column_text][ld_spacer][ld_tabs style=&#8221;style09&#8243;][ld_tab_section title=&#8221;\u00d6zellikler&#8221; tab_id=&#8221;lqd-1653376168701-49002ac4-c98b&#8221;][ld_fancy_heading tag=&#8221;p&#8221;]BASKI GEN\u0130\u015eL\u0130\u011e\u0130<br \/>\n203 dpi i\u00e7in 2,2 in\u00e7\/56 mm<br \/>\n300 dpi i\u00e7in 2,13 in\u00e7\/54 mm<\/p>\n<p>MAKS\u0130MUM BASKI HIZI<br \/>\n203 dpi i\u00e7in 8 ips<br \/>\n300dpi i\u00e7in 6 ips<\/p>\n<p>\u0130LET\u0130\u015e\u0130M Y\u00d6NTEMLER\u0130<br \/>\nStandart: USB 2.0, USB Sunucu, BTLE5, Ethernet<br \/>\n\u0130ste\u011fe ba\u011fl\u0131: fabrikada veya sahada kurulabilir kablosuz 802.11ac + BT; sahada kurulabilir Seri<\/p>\n<p>BASKI \u00c7\u00d6Z\u00dcN\u00dcRL\u00dc\u011e\u00dc<br \/>\nStandart: mm ba\u015f\u0131na 203 dpi\/8 nokta<br \/>\nSe\u00e7enek: 300 dpi\/12 nokta\/mm<\/p>\n<p>MEDYA SENS\u00d6RLER\u0130<br \/>\nTam geni\u015flikli, hareketli yans\u0131t\u0131c\u0131 sens\u00f6r\/siyah i\u015faret sens\u00f6r\u00fc<br \/>\n\u00c7ok konumlu ge\u00e7irgen\/aral\u0131k sens\u00f6r\u00fc<\/p>\n<p>\u0130\u015eLET\u0130M S\u0130STEM\u0130<br \/>\nLink-OS yaz\u0131c\u0131 i\u015fletim sistemi[\/ld_fancy_heading][\/ld_tab_section][ld_tab_section title=&#8221;Sekt\u00f6rler&#8221; tab_id=&#8221;lqd-1653376168718-58aed1ab-67ee&#8221;][vc_column_text]<\/p>\n<ul>\n<li>Perakende<\/li>\n<li>\u0130malat<\/li>\n<li>Depo Y\u00f6netimi<\/li>\n<li>Konaklama ve A\u011f\u0131rlama<\/li>\n<\/ul>\n<p>[\/vc_column_text][\/ld_tab_section][ld_tab_section title=&#8221;Kullan\u0131m Alanlar\u0131&#8221; tab_id=&#8221;lqd-1653376209483-3275f1cb-e370&#8243;][vc_column_text][\/vc_column_text][\/ld_tab_section][\/ld_tabs][\/vc_column][\/vc_row]<\/p>\n","protected":false},"excerpt":{"rendered":"<p>[vc_row][vc_column][vc_column_text css=&#8221;.vc_custom_1660090320228{margin-bottom: 1% !important;}&#8221;] PREM\u0130UM KAL\u0130TEDE 2 \u0130N\u00c7 BASKI 2 in\u00e7lik ZD611, y\u0131llarca \u00fcst\u00fcn bask\u0131 i\u00e7in yeni nesil teknoloji, sekt\u00f6r lideri \u00f6zellikler ve benzersiz g\u00fcvenlik sunar. Ek performans i\u00e7in yeni bir mimari, iste\u011fe ba\u011fl\u0131 sahada kurulabilen medya i\u015fleme tasar\u0131mlar\u0131 ve kablosuz ileti\u015fim ile i\u015f gereksinimlerinize g\u00f6re geli\u015fmek \u00fczere tasarlanm\u0131\u015ft\u0131r. Belirli modellerde tam renkli dokunmatik ekran [&hellip;]<\/p>\n","protected":false},"featured_media":911,"comment_status":"closed","ping_status":"closed","template":"","meta":{"_joinchat":[]},"product_brand":[],"product_cat":[45,43],"product_tag":[],"class_list":{"0":"post-910","1":"product","2":"type-product","3":"status-publish","4":"has-post-thumbnail","6":"product_cat-masaustu-yazicilar","7":"product_cat-yazicilar","9":"first","10":"instock","11":"taxable","12":"shipping-taxable","13":"product-type-simple"},"_links":{"self":[{"href":"https:\/\/terateknoloji.com.tr\/index.php\/wp-json\/wp\/v2\/product\/910","targetHints":{"allow":["GET"]}}],"collection":[{"href":"https:\/\/terateknoloji.com.tr\/index.php\/wp-json\/wp\/v2\/product"}],"about":[{"href":"https:\/\/terateknoloji.com.tr\/index.php\/wp-json\/wp\/v2\/types\/product"}],"replies":[{"embeddable":true,"href":"https:\/\/terateknoloji.com.tr\/index.php\/wp-json\/wp\/v2\/comments?post=910"}],"wp:featuredmedia":[{"embeddable":true,"href":"https:\/\/terateknoloji.com.tr\/index.php\/wp-json\/wp\/v2\/media\/911"}],"wp:attachment":[{"href":"https:\/\/terateknoloji.com.tr\/index.php\/wp-json\/wp\/v2\/media?parent=910"}],"wp:term":[{"taxonomy":"product_brand","embeddable":true,"href":"https:\/\/terateknoloji.com.tr\/index.php\/wp-json\/wp\/v2\/product_brand?post=910"},{"taxonomy":"product_cat","embeddable":true,"href":"https:\/\/terateknoloji.com.tr\/index.php\/wp-json\/wp\/v2\/product_cat?post=910"},{"taxonomy":"product_tag","embeddable":true,"href":"https:\/\/terateknoloji.com.tr\/index.php\/wp-json\/wp\/v2\/product_tag?post=910"}],"curies":[{"name":"wp","href":"https:\/\/api.w.org\/{rel}","templated":true}]}}