{"id":906,"date":"2022-08-10T03:05:45","date_gmt":"2022-08-10T00:05:45","guid":{"rendered":"http:\/\/terateknoloji.com.tr\/?post_type=product&#038;p=906"},"modified":"2022-11-17T14:49:57","modified_gmt":"2022-11-17T11:49:57","slug":"zd621-saglik-sektoru-termal-transfer-ve-direkt-termal-yazicilar","status":"publish","type":"product","link":"https:\/\/terateknoloji.com.tr\/index.php\/product\/zd621-saglik-sektoru-termal-transfer-ve-direkt-termal-yazicilar\/","title":{"rendered":"ZD621 Sa\u011fl\u0131k Sekt\u00f6r\u00fc Termal Transfer ve Direkt Termal Yaz\u0131c\u0131lar"},"content":{"rendered":"<p>[vc_row][vc_column][vc_column_text css=&#8221;.vc_custom_1660089985656{margin-bottom: 1% !important;}&#8221;]<\/p>\n<h4 class=\"content-callout\">B\u0130R\u0130NC\u0130 SINIF SA\u011eLIK SEKT\u00d6R\u00dc YAZICI<\/h4>\n<p>Zebra ZD621 sa\u011fl\u0131k sekt\u00f6r\u00fc masa\u00fcst\u00fc yaz\u0131c\u0131lar, sa\u011fl\u0131k tesisleri i\u00e7in \u00f6zel olarak \u00fcretilmi\u015ftir. Sa\u011fl\u0131k sekt\u00f6r\u00fcnde tercih edilen beyaz renkli bu \u00fcr\u00fcnler, dezenfektana dayan\u0131kl\u0131 plastiklere, UV&#8217;ye dayan\u0131kl\u0131 muhafazaya ve sterilize edilmelerini kolayla\u015ft\u0131ran kapal\u0131 d\u00fc\u011fmeli bir aray\u00fcze sahiptir. IEC 60601-1 uyumlu t\u0131bbi s\u0131n\u0131f bir g\u00fc\u00e7 kayna\u011f\u0131 i\u00e7erirler. T\u00fcm ZD621 sa\u011fl\u0131k sekt\u00f6r\u00fc yaz\u0131c\u0131lar\u0131nda standart gelen yeni 4.3 in\u00e7, tam renkli LCD dokunmatik ekran\u0131 kullanarak yeni ve kullan\u0131m\u0131 kolay men\u00fcye tek bir dokunu\u015fla eri\u015fin. Ayr\u0131ca, hasta bilgileri gibi hassas verilerin korunmas\u0131 i\u00e7in Zebra&#8217;n\u0131n benzersiz yaz\u0131c\u0131 g\u00fcvenli\u011fiyle i\u00e7iniz rahat eder.[\/vc_column_text][ld_spacer][ld_tabs style=&#8221;style09&#8243;][ld_tab_section title=&#8221;\u00d6zellikler&#8221; tab_id=&#8221;lqd-1653376168701-49002ac4-c98b&#8221;][ld_fancy_heading tag=&#8221;p&#8221;]BASKI GEN\u0130\u015eL\u0130\u011e\u0130<br \/>\n203 dpi i\u00e7in 4.1 in\u00e7\/104 mm<br \/>\n300 dpi i\u00e7in 4,27 in\u00e7\/108 mm<\/p>\n<p>MAKS\u0130MUM BASKI HIZI<br \/>\nSaniyede 8 in\u00e7\/203 mm (203 dpi)<br \/>\nSaniyede 6 in\u00e7\/152 mm (300 dpi)<\/p>\n<p>\u0130LET\u0130\u015e\u0130M Y\u00d6NTEMLER\u0130<br \/>\nUSB v2.0, USB Sunucu (Standart)<br \/>\nBluetooth Low Energy 5* (Standart)<br \/>\nRS-232 Seri (Standart)<br \/>\n10\/100 Ethernet (Standart)<br \/>\nWireless: 802.11ac Bluetooth 4.1 ile (Fabrika veya sahada kurulum opsiyonu)<\/p>\n<p>* BLE, sadece Zebra yaz\u0131c\u0131 kurulumu mobil uygulamas\u0131yla kullan\u0131lmak \u00fczere tasarlanm\u0131\u015ft\u0131r<\/p>\n<p>BASKI \u00c7\u00d6Z\u00dcN\u00dcRL\u00dc\u011e\u00dc<br \/>\nmm ba\u015f\u0131na 203 dpi\/8 nokta<br \/>\nmm ba\u015f\u0131na 300 dpi\/12 nokta (Opsiyonel)<\/p>\n<p>MEDYA SENS\u00d6RLER\u0130<br \/>\nTam geni\u015flikli, hareketli yans\u0131t\u0131c\u0131 sens\u00f6r\/siyah i\u015faret sens\u00f6r\u00fc;<br \/>\n\u00c7ok konumlu ge\u00e7irgen\/aral\u0131k sens\u00f6r\u00fc<\/p>\n<p>\u0130\u015eLET\u0130M S\u0130STEM\u0130<br \/>\nLink-OS yaz\u0131c\u0131 i\u015fletim sistemi[\/ld_fancy_heading][\/ld_tab_section][ld_tab_section title=&#8221;Sekt\u00f6rler&#8221; tab_id=&#8221;lqd-1653376168718-58aed1ab-67ee&#8221;][vc_column_text]<\/p>\n<ul>\n<li>Sa\u011fl\u0131k Sekt\u00f6r\u00fc<\/li>\n<\/ul>\n<p>[\/vc_column_text][\/ld_tab_section][ld_tab_section title=&#8221;Kullan\u0131m Alanlar\u0131&#8221; tab_id=&#8221;lqd-1653376209483-3275f1cb-e370&#8243;][vc_column_text][\/vc_column_text][\/ld_tab_section][\/ld_tabs][\/vc_column][\/vc_row]<\/p>\n","protected":false},"excerpt":{"rendered":"<p>[vc_row][vc_column][vc_column_text css=&#8221;.vc_custom_1660089985656{margin-bottom: 1% !important;}&#8221;] B\u0130R\u0130NC\u0130 SINIF SA\u011eLIK SEKT\u00d6R\u00dc YAZICI Zebra ZD621 sa\u011fl\u0131k sekt\u00f6r\u00fc masa\u00fcst\u00fc yaz\u0131c\u0131lar, sa\u011fl\u0131k tesisleri i\u00e7in \u00f6zel olarak \u00fcretilmi\u015ftir. Sa\u011fl\u0131k sekt\u00f6r\u00fcnde tercih edilen beyaz renkli bu \u00fcr\u00fcnler, dezenfektana dayan\u0131kl\u0131 plastiklere, UV&#8217;ye dayan\u0131kl\u0131 muhafazaya ve sterilize edilmelerini kolayla\u015ft\u0131ran kapal\u0131 d\u00fc\u011fmeli bir aray\u00fcze sahiptir. IEC 60601-1 uyumlu t\u0131bbi s\u0131n\u0131f bir g\u00fc\u00e7 kayna\u011f\u0131 i\u00e7erirler. T\u00fcm ZD621 [&hellip;]<\/p>\n","protected":false},"featured_media":907,"comment_status":"closed","ping_status":"closed","template":"","meta":{"_joinchat":[]},"product_brand":[],"product_cat":[65,43],"product_tag":[],"class_list":{"0":"post-906","1":"product","2":"type-product","3":"status-publish","4":"has-post-thumbnail","6":"product_cat-saglik-sektoru","7":"product_cat-yazicilar","9":"first","10":"instock","11":"taxable","12":"shipping-taxable","13":"product-type-simple"},"_links":{"self":[{"href":"https:\/\/terateknoloji.com.tr\/index.php\/wp-json\/wp\/v2\/product\/906","targetHints":{"allow":["GET"]}}],"collection":[{"href":"https:\/\/terateknoloji.com.tr\/index.php\/wp-json\/wp\/v2\/product"}],"about":[{"href":"https:\/\/terateknoloji.com.tr\/index.php\/wp-json\/wp\/v2\/types\/product"}],"replies":[{"embeddable":true,"href":"https:\/\/terateknoloji.com.tr\/index.php\/wp-json\/wp\/v2\/comments?post=906"}],"wp:featuredmedia":[{"embeddable":true,"href":"https:\/\/terateknoloji.com.tr\/index.php\/wp-json\/wp\/v2\/media\/907"}],"wp:attachment":[{"href":"https:\/\/terateknoloji.com.tr\/index.php\/wp-json\/wp\/v2\/media?parent=906"}],"wp:term":[{"taxonomy":"product_brand","embeddable":true,"href":"https:\/\/terateknoloji.com.tr\/index.php\/wp-json\/wp\/v2\/product_brand?post=906"},{"taxonomy":"product_cat","embeddable":true,"href":"https:\/\/terateknoloji.com.tr\/index.php\/wp-json\/wp\/v2\/product_cat?post=906"},{"taxonomy":"product_tag","embeddable":true,"href":"https:\/\/terateknoloji.com.tr\/index.php\/wp-json\/wp\/v2\/product_tag?post=906"}],"curies":[{"name":"wp","href":"https:\/\/api.w.org\/{rel}","templated":true}]}}