{"id":904,"date":"2022-08-10T03:01:58","date_gmt":"2022-08-10T00:01:58","guid":{"rendered":"http:\/\/terateknoloji.com.tr\/?post_type=product&#038;p=904"},"modified":"2022-11-18T09:26:58","modified_gmt":"2022-11-18T06:26:58","slug":"zd621-termal-transfer-ve-direkt-termal-yazicilar","status":"publish","type":"product","link":"https:\/\/terateknoloji.com.tr\/index.php\/product\/zd621-termal-transfer-ve-direkt-termal-yazicilar\/","title":{"rendered":"ZD621 Termal Transfer ve Direkt Termal Yaz\u0131c\u0131lar"},"content":{"rendered":"<p>[vc_row][vc_column][vc_column_text css=&#8221;.vc_custom_1660089755121{margin-bottom: 1% !important;}&#8221;]<\/p>\n<h4 class=\"content-callout\">PREM\u0130UM KAL\u0130TEDE 4 \u0130N\u00c7 BASKI<\/h4>\n<p>Kan\u0131tlanm\u0131\u015f ve pop\u00fcler GX Serisi ve ZD500 yaz\u0131c\u0131lar\u0131n\u0131n altyap\u0131s\u0131n\u0131 daha da geli\u015ftiren 4 in\u00e7 ZD621, ola\u011fan\u00fcst\u00fc bask\u0131 kalitesi, ileriye d\u00f6n\u00fck uyarlanabilirlik, s\u0131n\u0131f\u0131n\u0131n en iyisi yeni nesil \u00f6zellikleriyle y\u0131llarca sorunsuz bask\u0131 sunar. Termal transfer ve direkt termal modellerde mevcuttur, opsiyonel tam renkli dokunmatik ekrana sahiptir. Geli\u015fmi\u015f uzaktan y\u00f6netim \u00f6zellikleri, yaz\u0131c\u0131lar\u0131n\u0131z\u0131 optimize etmenize, sarf malzemesi yenilemesini izlemenize, otomatikle\u015ftirmenize ve g\u00fcvenli\u011fi sa\u011flaman\u0131za yard\u0131mc\u0131 olur.[\/vc_column_text][ld_spacer][ld_tabs style=&#8221;style09&#8243;][ld_tab_section title=&#8221;\u00d6zellikler&#8221; tab_id=&#8221;lqd-1653376168701-49002ac4-c98b&#8221;][ld_fancy_heading tag=&#8221;p&#8221;]BASKI GEN\u0130\u015eL\u0130\u011e\u0130<br \/>\n203 dpi i\u00e7in 4.1 in\u00e7\/104 mm<br \/>\n300 dpi i\u00e7in 4,27 in\u00e7\/108 mm<\/p>\n<p>MAKS\u0130MUM BASKI HIZI<br \/>\nSaniyede 8 in\u00e7\/203 mm (203 dpi)<br \/>\nSaniyede 6 in\u00e7\/152 mm (300 dpi)<\/p>\n<p>\u0130LET\u0130\u015e\u0130M Y\u00d6NTEMLER\u0130<br \/>\nUSB v2.0, USB Sunucu (Standart)<br \/>\nBluetooth Low Energy 5* (Standart)<br \/>\nRS-232 Seri (Standart)<br \/>\n10\/100 Ethernet (Standart)<br \/>\nWireless: 802.11ac Bluetooth 4.1 ile (Fabrika veya sahada kurulum opsiyonu)<\/p>\n<p>* BLE, sadece Zebra yaz\u0131c\u0131 kurulumu mobil uygulamas\u0131yla kullan\u0131lmak \u00fczere tasarlanm\u0131\u015ft\u0131r<\/p>\n<p>BASKI \u00c7\u00d6Z\u00dcN\u00dcRL\u00dc\u011e\u00dc<br \/>\nmm ba\u015f\u0131na 203 dpi\/8 nokta<br \/>\nmm ba\u015f\u0131na 300 dpi\/12 nokta (Opsiyonel)<\/p>\n<p>MEDYA SENS\u00d6RLER\u0130<br \/>\nTam geni\u015flikli, hareketli yans\u0131t\u0131c\u0131 sens\u00f6r\/siyah i\u015faret sens\u00f6r\u00fc;<br \/>\n\u00c7ok konumlu ge\u00e7irgen\/aral\u0131k sens\u00f6r\u00fc<\/p>\n<p>\u0130\u015eLET\u0130M S\u0130STEM\u0130<br \/>\nLink-OS\u00ae Temel yaz\u0131c\u0131 i\u015fletim sistemi[\/ld_fancy_heading][\/ld_tab_section][ld_tab_section title=&#8221;Sekt\u00f6rler&#8221; tab_id=&#8221;lqd-1653376168718-58aed1ab-67ee&#8221;][vc_column_text]<\/p>\n<ul>\n<li>Ta\u015f\u0131mac\u0131l\u0131k<\/li>\n<li>Perakende<\/li>\n<li>\u0130malat<\/li>\n<li>Depo Y\u00f6netimi<\/li>\n<li>Konaklama ve A\u011f\u0131rlama<\/li>\n<\/ul>\n<p>[\/vc_column_text][\/ld_tab_section][ld_tab_section title=&#8221;Kullan\u0131m Alanlar\u0131&#8221; tab_id=&#8221;lqd-1653376209483-3275f1cb-e370&#8243;][vc_column_text][\/vc_column_text][\/ld_tab_section][\/ld_tabs][\/vc_column][\/vc_row]<\/p>\n","protected":false},"excerpt":{"rendered":"<p>[vc_row][vc_column][vc_column_text css=&#8221;.vc_custom_1660089755121{margin-bottom: 1% !important;}&#8221;] PREM\u0130UM KAL\u0130TEDE 4 \u0130N\u00c7 BASKI Kan\u0131tlanm\u0131\u015f ve pop\u00fcler GX Serisi ve ZD500 yaz\u0131c\u0131lar\u0131n\u0131n altyap\u0131s\u0131n\u0131 daha da geli\u015ftiren 4 in\u00e7 ZD621, ola\u011fan\u00fcst\u00fc bask\u0131 kalitesi, ileriye d\u00f6n\u00fck uyarlanabilirlik, s\u0131n\u0131f\u0131n\u0131n en iyisi yeni nesil \u00f6zellikleriyle y\u0131llarca sorunsuz bask\u0131 sunar. Termal transfer ve direkt termal modellerde mevcuttur, opsiyonel tam renkli dokunmatik ekrana sahiptir. Geli\u015fmi\u015f uzaktan [&hellip;]<\/p>\n","protected":false},"featured_media":903,"comment_status":"closed","ping_status":"closed","template":"","meta":{"_joinchat":[]},"product_brand":[],"product_cat":[45,43],"product_tag":[],"class_list":{"0":"post-904","1":"product","2":"type-product","3":"status-publish","4":"has-post-thumbnail","6":"product_cat-masaustu-yazicilar","7":"product_cat-yazicilar","9":"first","10":"instock","11":"taxable","12":"shipping-taxable","13":"product-type-simple"},"_links":{"self":[{"href":"https:\/\/terateknoloji.com.tr\/index.php\/wp-json\/wp\/v2\/product\/904","targetHints":{"allow":["GET"]}}],"collection":[{"href":"https:\/\/terateknoloji.com.tr\/index.php\/wp-json\/wp\/v2\/product"}],"about":[{"href":"https:\/\/terateknoloji.com.tr\/index.php\/wp-json\/wp\/v2\/types\/product"}],"replies":[{"embeddable":true,"href":"https:\/\/terateknoloji.com.tr\/index.php\/wp-json\/wp\/v2\/comments?post=904"}],"wp:featuredmedia":[{"embeddable":true,"href":"https:\/\/terateknoloji.com.tr\/index.php\/wp-json\/wp\/v2\/media\/903"}],"wp:attachment":[{"href":"https:\/\/terateknoloji.com.tr\/index.php\/wp-json\/wp\/v2\/media?parent=904"}],"wp:term":[{"taxonomy":"product_brand","embeddable":true,"href":"https:\/\/terateknoloji.com.tr\/index.php\/wp-json\/wp\/v2\/product_brand?post=904"},{"taxonomy":"product_cat","embeddable":true,"href":"https:\/\/terateknoloji.com.tr\/index.php\/wp-json\/wp\/v2\/product_cat?post=904"},{"taxonomy":"product_tag","embeddable":true,"href":"https:\/\/terateknoloji.com.tr\/index.php\/wp-json\/wp\/v2\/product_tag?post=904"}],"curies":[{"name":"wp","href":"https:\/\/api.w.org\/{rel}","templated":true}]}}