{"id":884,"date":"2022-08-10T02:28:45","date_gmt":"2022-08-09T23:28:45","guid":{"rendered":"http:\/\/terateknoloji.com.tr\/?post_type=product&#038;p=884"},"modified":"2022-11-17T14:49:40","modified_gmt":"2022-11-17T11:49:40","slug":"zd420-hc-masaustu-yazici","status":"publish","type":"product","link":"https:\/\/terateknoloji.com.tr\/index.php\/product\/zd420-hc-masaustu-yazici\/","title":{"rendered":"ZD420-HC Masa\u00fcst\u00fc Yaz\u0131c\u0131"},"content":{"rendered":"<p>[vc_row][vc_column][vc_column_text css=&#8221;.vc_custom_1660087776281{margin-bottom: 1% !important;}&#8221;]<\/p>\n<h4>Sa\u011fl\u0131k Sekt\u00f6r\u00fcn\u00fcn Kolay Destek\u00e7i Arac\u0131<\/h4>\n<p>ZD420 ayr\u0131ca bir sa\u011fl\u0131k sekt\u00f6r\u00fc modeli olarak da mevcuttur. ZD420 Sa\u011fl\u0131k Sekt\u00f6r\u00fc modeli, standart ZD420&#8217;te bulunan b\u00fct\u00fcn \u00f6zelliklerin yan\u0131 s\u0131ra dezenfektana haz\u0131r plastik ile temizlemeyi ve dezenfekte etmeyi kolayla\u015ft\u0131ran \u00fczeri kapal\u0131 bir d\u00fc\u011fme aray\u00fcz\u00fcyle birlikte gelir. G\u00fc\u00e7 kayna\u011f\u0131 da sa\u011fl\u0131k tesislerinde kullan\u0131m i\u00e7in IEC 60601-1 uyumludur.[\/vc_column_text][ld_spacer][ld_tabs style=&#8221;style09&#8243;][ld_tab_section title=&#8221;\u00d6zellikler&#8221; tab_id=&#8221;lqd-1653376168701-49002ac4-c98b&#8221;][ld_fancy_heading tag=&#8221;p&#8221;]BASKI GEN\u0130\u015eL\u0130\u011e\u0130<br \/>\n4,09\u201d\/104 mm<\/p>\n<p>\u0130LET\u0130\u015e\u0130M Y\u00d6NTEMLER\u0130<br \/>\nUSB v2.0, Bluetooth D\u00fc\u015f\u00fck Enerji, USB Sunucu<br \/>\nRS-232 Seri (Opsiyon)<br \/>\n10\/100 Ethernet (Opsiyon)<br \/>\nKablosuz: Bluetooth 4.1&#8217;li 802.11ac (Opsiyon)<\/p>\n<p>MEDYA SENS\u00d6RLER\u0130<br \/>\n\u00c7ok konumlu aktar\u0131c\u0131 ve tam geni\u015flikli yans\u0131t\u0131c\u0131 sens\u00f6r<\/p>\n<p>MAKS\u0130MUM BASKI HIZI<br \/>\n6\u201d\/152 mm\/saniye (203 dpi)<br \/>\n4\u201d\/102 mm\/saniye (300 dpi)<\/p>\n<p>BASKI \u00c7\u00d6Z\u00dcN\u00dcRL\u00dc\u011e\u00dc<br \/>\n203 dpi\/8 nokta\/mm<br \/>\n300 dpi\/12 nokta\/mm (iste\u011fe ba\u011fl\u0131)[\/ld_fancy_heading][\/ld_tab_section][ld_tab_section title=&#8221;Sekt\u00f6rler&#8221; tab_id=&#8221;lqd-1653376168718-58aed1ab-67ee&#8221;][vc_column_text]<\/p>\n<ul>\n<li>Sa\u011fl\u0131k Sekt\u00f6r\u00fc<\/li>\n<\/ul>\n<p>[\/vc_column_text][\/ld_tab_section][ld_tab_section title=&#8221;Kullan\u0131m Alanlar\u0131&#8221; tab_id=&#8221;lqd-1653376209483-3275f1cb-e370&#8243;][vc_column_text][\/vc_column_text][\/ld_tab_section][\/ld_tabs][\/vc_column][\/vc_row]<\/p>\n","protected":false},"excerpt":{"rendered":"<p>[vc_row][vc_column][vc_column_text css=&#8221;.vc_custom_1660087776281{margin-bottom: 1% !important;}&#8221;] Sa\u011fl\u0131k Sekt\u00f6r\u00fcn\u00fcn Kolay Destek\u00e7i Arac\u0131 ZD420 ayr\u0131ca bir sa\u011fl\u0131k sekt\u00f6r\u00fc modeli olarak da mevcuttur. ZD420 Sa\u011fl\u0131k Sekt\u00f6r\u00fc modeli, standart ZD420&#8217;te bulunan b\u00fct\u00fcn \u00f6zelliklerin yan\u0131 s\u0131ra dezenfektana haz\u0131r plastik ile temizlemeyi ve dezenfekte etmeyi kolayla\u015ft\u0131ran \u00fczeri kapal\u0131 bir d\u00fc\u011fme aray\u00fcz\u00fcyle birlikte gelir. G\u00fc\u00e7 kayna\u011f\u0131 da sa\u011fl\u0131k tesislerinde kullan\u0131m i\u00e7in IEC 60601-1 uyumludur.[\/vc_column_text][ld_spacer][ld_tabs [&hellip;]<\/p>\n","protected":false},"featured_media":885,"comment_status":"closed","ping_status":"closed","template":"","meta":{"_joinchat":[]},"product_brand":[],"product_cat":[65,43],"product_tag":[],"class_list":{"0":"post-884","1":"product","2":"type-product","3":"status-publish","4":"has-post-thumbnail","6":"product_cat-saglik-sektoru","7":"product_cat-yazicilar","9":"first","10":"instock","11":"taxable","12":"shipping-taxable","13":"product-type-simple"},"_links":{"self":[{"href":"https:\/\/terateknoloji.com.tr\/index.php\/wp-json\/wp\/v2\/product\/884","targetHints":{"allow":["GET"]}}],"collection":[{"href":"https:\/\/terateknoloji.com.tr\/index.php\/wp-json\/wp\/v2\/product"}],"about":[{"href":"https:\/\/terateknoloji.com.tr\/index.php\/wp-json\/wp\/v2\/types\/product"}],"replies":[{"embeddable":true,"href":"https:\/\/terateknoloji.com.tr\/index.php\/wp-json\/wp\/v2\/comments?post=884"}],"wp:featuredmedia":[{"embeddable":true,"href":"https:\/\/terateknoloji.com.tr\/index.php\/wp-json\/wp\/v2\/media\/885"}],"wp:attachment":[{"href":"https:\/\/terateknoloji.com.tr\/index.php\/wp-json\/wp\/v2\/media?parent=884"}],"wp:term":[{"taxonomy":"product_brand","embeddable":true,"href":"https:\/\/terateknoloji.com.tr\/index.php\/wp-json\/wp\/v2\/product_brand?post=884"},{"taxonomy":"product_cat","embeddable":true,"href":"https:\/\/terateknoloji.com.tr\/index.php\/wp-json\/wp\/v2\/product_cat?post=884"},{"taxonomy":"product_tag","embeddable":true,"href":"https:\/\/terateknoloji.com.tr\/index.php\/wp-json\/wp\/v2\/product_tag?post=884"}],"curies":[{"name":"wp","href":"https:\/\/api.w.org\/{rel}","templated":true}]}}