{"id":880,"date":"2022-08-10T02:24:47","date_gmt":"2022-08-09T23:24:47","guid":{"rendered":"http:\/\/terateknoloji.com.tr\/?post_type=product&#038;p=880"},"modified":"2022-11-17T15:50:08","modified_gmt":"2022-11-17T12:50:08","slug":"gt800-masaustu-yazici","status":"publish","type":"product","link":"https:\/\/terateknoloji.com.tr\/index.php\/product\/gt800-masaustu-yazici\/","title":{"rendered":"GT800 Masa\u00fcst\u00fc Yaz\u0131c\u0131"},"content":{"rendered":"<p>[vc_row][vc_column][vc_column_text css=&#8221;.vc_custom_1660087529379{margin-bottom: 1% !important;}&#8221;]<\/p>\n<p class=\"content-callout\">D\u00fc\u015f\u00fck fiyata geli\u015fmi\u015f performans ve g\u00fcvenilirlik sunan GT800 direkt-termal\/termal transfer masa\u00fcst\u00fc yaz\u0131c\u0131, \u00e7e\u015fitli \u00f6zellikleri ile d\u00fc\u015f\u00fck ve orta hacimli \u00e7e\u015fitli bask\u0131 uygulamalar\u0131na uygundur. Fazladan esneklik ve yaz\u0131c\u0131 hizmet s\u00fcresi i\u00e7in 300 metrelik bir ribbonla kullan\u0131labilen GT800&#8217;\u00fcn ayn\u0131 zamanda y\u00fcksek \u00e7\u00f6z\u00fcn\u00fcrl\u00fckl\u00fc \u00e7\u0131kt\u0131 gerektiren uygulamalar i\u00e7in 300 dpi modeli de mevcuttur.<\/p>\n<p>[\/vc_column_text][ld_spacer][ld_tabs style=&#8221;style09&#8243;][ld_tab_section title=&#8221;\u00d6zellikler&#8221; tab_id=&#8221;lqd-1653376168701-49002ac4-c98b&#8221;][ld_fancy_heading tag=&#8221;p&#8221;]BASKI GEN\u0130\u015eL\u0130\u011e\u0130<br \/>\n4.09\u2033\/104 mm<\/p>\n<p>\u0130LET\u0130\u015e\u0130M Y\u00d6NTEMLER\u0130<br \/>\nCentronics\u00ae parallel (36 pin) connector ports<br \/>\nRS-232 Serial interface<br \/>\nUSB V1.1 interface, bi-directional<br \/>\n10\/100 internal Ethernet with USB V1.1 (option)<\/p>\n<p>MEDYA SENS\u00d6RLER\u0130<br \/>\nMulti-position transmissive and full-width reflective sensor<\/p>\n<p>MAKS\u0130MUM BASKI HIZI<br \/>\n5\u201d\/127 mm\/sn (203 dpi)<br \/>\n4\u201d\/102 mm\/sn (300 dpi)<\/p>\n<p>BASKI \u00c7\u00d6Z\u00dcN\u00dcRL\u00dc\u011e\u00dc<br \/>\n203 dpi\/8 dots per mm<br \/>\n300 dpi\/12 dots per mm[\/ld_fancy_heading][\/ld_tab_section][ld_tab_section title=&#8221;Sekt\u00f6rler&#8221; tab_id=&#8221;lqd-1653376168718-58aed1ab-67ee&#8221;][vc_column_text]<\/p>\n<ul>\n<li>Ta\u015f\u0131mac\u0131l\u0131k<\/li>\n<li>Perakende<\/li>\n<li>\u0130malat<\/li>\n<li>Sa\u011fl\u0131k Sekt\u00f6r\u00fc<\/li>\n<\/ul>\n<p>[\/vc_column_text][\/ld_tab_section][ld_tab_section title=&#8221;Kullan\u0131m Alanlar\u0131&#8221; tab_id=&#8221;lqd-1653376209483-3275f1cb-e370&#8243;][vc_column_text][\/vc_column_text][\/ld_tab_section][\/ld_tabs][\/vc_column][\/vc_row]<\/p>\n","protected":false},"excerpt":{"rendered":"<p>[vc_row][vc_column][vc_column_text css=&#8221;.vc_custom_1660087529379{margin-bottom: 1% !important;}&#8221;] D\u00fc\u015f\u00fck fiyata geli\u015fmi\u015f performans ve g\u00fcvenilirlik sunan GT800 direkt-termal\/termal transfer masa\u00fcst\u00fc yaz\u0131c\u0131, \u00e7e\u015fitli \u00f6zellikleri ile d\u00fc\u015f\u00fck ve orta hacimli \u00e7e\u015fitli bask\u0131 uygulamalar\u0131na uygundur. Fazladan esneklik ve yaz\u0131c\u0131 hizmet s\u00fcresi i\u00e7in 300 metrelik bir ribbonla kullan\u0131labilen GT800&#8217;\u00fcn ayn\u0131 zamanda y\u00fcksek \u00e7\u00f6z\u00fcn\u00fcrl\u00fckl\u00fc \u00e7\u0131kt\u0131 gerektiren uygulamalar i\u00e7in 300 dpi modeli de mevcuttur. [\/vc_column_text][ld_spacer][ld_tabs style=&#8221;style09&#8243;][ld_tab_section [&hellip;]<\/p>\n","protected":false},"featured_media":881,"comment_status":"closed","ping_status":"closed","template":"","meta":{"_joinchat":[]},"product_brand":[],"product_cat":[45,43],"product_tag":[],"class_list":{"0":"post-880","1":"product","2":"type-product","3":"status-publish","4":"has-post-thumbnail","6":"product_cat-masaustu-yazicilar","7":"product_cat-yazicilar","9":"first","10":"instock","11":"taxable","12":"shipping-taxable","13":"product-type-simple"},"_links":{"self":[{"href":"https:\/\/terateknoloji.com.tr\/index.php\/wp-json\/wp\/v2\/product\/880","targetHints":{"allow":["GET"]}}],"collection":[{"href":"https:\/\/terateknoloji.com.tr\/index.php\/wp-json\/wp\/v2\/product"}],"about":[{"href":"https:\/\/terateknoloji.com.tr\/index.php\/wp-json\/wp\/v2\/types\/product"}],"replies":[{"embeddable":true,"href":"https:\/\/terateknoloji.com.tr\/index.php\/wp-json\/wp\/v2\/comments?post=880"}],"wp:featuredmedia":[{"embeddable":true,"href":"https:\/\/terateknoloji.com.tr\/index.php\/wp-json\/wp\/v2\/media\/881"}],"wp:attachment":[{"href":"https:\/\/terateknoloji.com.tr\/index.php\/wp-json\/wp\/v2\/media?parent=880"}],"wp:term":[{"taxonomy":"product_brand","embeddable":true,"href":"https:\/\/terateknoloji.com.tr\/index.php\/wp-json\/wp\/v2\/product_brand?post=880"},{"taxonomy":"product_cat","embeddable":true,"href":"https:\/\/terateknoloji.com.tr\/index.php\/wp-json\/wp\/v2\/product_cat?post=880"},{"taxonomy":"product_tag","embeddable":true,"href":"https:\/\/terateknoloji.com.tr\/index.php\/wp-json\/wp\/v2\/product_tag?post=880"}],"curies":[{"name":"wp","href":"https:\/\/api.w.org\/{rel}","templated":true}]}}