{"id":879,"date":"2022-08-10T02:22:34","date_gmt":"2022-08-09T23:22:34","guid":{"rendered":"http:\/\/terateknoloji.com.tr\/?post_type=product&#038;p=879"},"modified":"2022-11-17T16:30:34","modified_gmt":"2022-11-17T13:30:34","slug":"gx420-masaustu-yazici","status":"publish","type":"product","link":"https:\/\/terateknoloji.com.tr\/index.php\/product\/gx420-masaustu-yazici\/","title":{"rendered":"GX420 Masa\u00fcst\u00fc Yaz\u0131c\u0131"},"content":{"rendered":"<p>[vc_row][vc_column][vc_column_text css=&#8221;.vc_custom_1660087399861{margin-bottom: 1% !important;}&#8221;]<\/p>\n<p class=\"content-callout\">Hem termal transfer (GX420t) hem de direkt termal (GX420d) modelleri bulunan bu yaz\u0131c\u0131lar, kullan\u0131m\u0131 kolay bir tasar\u0131m ve opsiyonel LCD kullan\u0131c\u0131 aray\u00fcz\u00fcn\u00fc ultra y\u00fcksek bask\u0131 h\u0131zlar\u0131 ve \u00e7ok y\u00f6nl\u00fc ba\u011flant\u0131 opsiyonlar\u0131yla birle\u015ftirmektedir.<\/p>\n<p>[\/vc_column_text][ld_spacer][ld_tabs style=&#8221;style09&#8243;][ld_tab_section title=&#8221;\u00d6zellikler&#8221; tab_id=&#8221;lqd-1653376168701-49002ac4-c98b&#8221;][ld_fancy_heading tag=&#8221;p&#8221;]BASKI GEN\u0130\u015eL\u0130\u011e\u0130<br \/>\n4,09\u201d\/104 mm<\/p>\n<p>\u0130LET\u0130\u015e\u0130M Y\u00d6NTEMLER\u0130<br \/>\nRS-232 otomatik alg\u0131lama Seri aray\u00fcz, DB-9<br \/>\nUSB V1.1, \u00e7ift y\u00f6nl\u00fc<br \/>\nCentronics Parallel<br \/>\nEthernet \u2013 10\/100 d\u00e2hili (iste\u011fe ba\u011fl\u0131), USB ve Seri arabirimi (Paralel port yerine) ile birlikte sunulmaktad\u0131r.<br \/>\nKAblosuz \u2013 802.11b\/g veya Bluetooth 2.0 (iste\u011fe ba\u011fl\u0131) ile LCD ekran, USB ve Seri arabirimi (Paralel port yerine) ile birlikte sunulmaktad\u0131r<\/p>\n<p>MEDYA SENS\u00d6RLER\u0130<br \/>\nSabit aktar\u0131c\u0131 ve yans\u0131t\u0131c\u0131 sens\u00f6rler (Standart)<br \/>\n\u00c7ok konumlu aktar\u0131c\u0131 ve tam geni\u015flikli yans\u0131t\u0131c\u0131 sens\u00f6r (\u0130ste\u011fe ba\u011fl\u0131)<\/p>\n<p>MAKS\u0130MUM BASKI HIZI<br \/>\n6\u201d\/152 mm\/saniye (203 dpi)<\/p>\n<p>BASKI \u00c7\u00d6Z\u00dcN\u00dcRL\u00dc\u011e\u00dc<br \/>\n203 dpi\/8 nokta\/mm[\/ld_fancy_heading][\/ld_tab_section][ld_tab_section title=&#8221;Sekt\u00f6rler&#8221; tab_id=&#8221;lqd-1653376168718-58aed1ab-67ee&#8221;][vc_column_text]<\/p>\n<ul>\n<li>Ta\u015f\u0131mac\u0131l\u0131k<\/li>\n<li>Perakende<\/li>\n<li>\u0130malat<\/li>\n<li>Sa\u011fl\u0131k Sekt\u00f6r\u00fc<\/li>\n<\/ul>\n<p>[\/vc_column_text][\/ld_tab_section][ld_tab_section title=&#8221;Kullan\u0131m Alanlar\u0131&#8221; tab_id=&#8221;lqd-1653376209483-3275f1cb-e370&#8243;][vc_column_text][\/vc_column_text][\/ld_tab_section][\/ld_tabs][\/vc_column][\/vc_row]<\/p>\n","protected":false},"excerpt":{"rendered":"<p>[vc_row][vc_column][vc_column_text css=&#8221;.vc_custom_1660087399861{margin-bottom: 1% !important;}&#8221;] Hem termal transfer (GX420t) hem de direkt termal (GX420d) modelleri bulunan bu yaz\u0131c\u0131lar, kullan\u0131m\u0131 kolay bir tasar\u0131m ve opsiyonel LCD kullan\u0131c\u0131 aray\u00fcz\u00fcn\u00fc ultra y\u00fcksek bask\u0131 h\u0131zlar\u0131 ve \u00e7ok y\u00f6nl\u00fc ba\u011flant\u0131 opsiyonlar\u0131yla birle\u015ftirmektedir. [\/vc_column_text][ld_spacer][ld_tabs style=&#8221;style09&#8243;][ld_tab_section title=&#8221;\u00d6zellikler&#8221; tab_id=&#8221;lqd-1653376168701-49002ac4-c98b&#8221;][ld_fancy_heading tag=&#8221;p&#8221;]BASKI GEN\u0130\u015eL\u0130\u011e\u0130 4,09\u201d\/104 mm \u0130LET\u0130\u015e\u0130M Y\u00d6NTEMLER\u0130 RS-232 otomatik alg\u0131lama Seri aray\u00fcz, DB-9 USB V1.1, \u00e7ift [&hellip;]<\/p>\n","protected":false},"featured_media":878,"comment_status":"closed","ping_status":"closed","template":"","meta":{"_joinchat":[]},"product_brand":[],"product_cat":[45,43],"product_tag":[],"class_list":{"0":"post-879","1":"product","2":"type-product","3":"status-publish","4":"has-post-thumbnail","6":"product_cat-masaustu-yazicilar","7":"product_cat-yazicilar","9":"first","10":"instock","11":"taxable","12":"shipping-taxable","13":"product-type-simple"},"_links":{"self":[{"href":"https:\/\/terateknoloji.com.tr\/index.php\/wp-json\/wp\/v2\/product\/879","targetHints":{"allow":["GET"]}}],"collection":[{"href":"https:\/\/terateknoloji.com.tr\/index.php\/wp-json\/wp\/v2\/product"}],"about":[{"href":"https:\/\/terateknoloji.com.tr\/index.php\/wp-json\/wp\/v2\/types\/product"}],"replies":[{"embeddable":true,"href":"https:\/\/terateknoloji.com.tr\/index.php\/wp-json\/wp\/v2\/comments?post=879"}],"wp:featuredmedia":[{"embeddable":true,"href":"https:\/\/terateknoloji.com.tr\/index.php\/wp-json\/wp\/v2\/media\/878"}],"wp:attachment":[{"href":"https:\/\/terateknoloji.com.tr\/index.php\/wp-json\/wp\/v2\/media?parent=879"}],"wp:term":[{"taxonomy":"product_brand","embeddable":true,"href":"https:\/\/terateknoloji.com.tr\/index.php\/wp-json\/wp\/v2\/product_brand?post=879"},{"taxonomy":"product_cat","embeddable":true,"href":"https:\/\/terateknoloji.com.tr\/index.php\/wp-json\/wp\/v2\/product_cat?post=879"},{"taxonomy":"product_tag","embeddable":true,"href":"https:\/\/terateknoloji.com.tr\/index.php\/wp-json\/wp\/v2\/product_tag?post=879"}],"curies":[{"name":"wp","href":"https:\/\/api.w.org\/{rel}","templated":true}]}}