{"id":859,"date":"2022-08-10T01:29:43","date_gmt":"2022-08-09T22:29:43","guid":{"rendered":"http:\/\/terateknoloji.com.tr\/?post_type=product&#038;p=859"},"modified":"2022-08-15T17:00:25","modified_gmt":"2022-08-15T14:00:25","slug":"ze511-yazici-motoru","status":"publish","type":"product","link":"https:\/\/terateknoloji.com.tr\/index.php\/product\/ze511-yazici-motoru\/","title":{"rendered":"ZE511 Yaz\u0131c\u0131 Motoru"},"content":{"rendered":"<p>[vc_row][vc_column][vc_column_text css=&#8221;.vc_custom_1660084303399{margin-bottom: 1% !important;}&#8221;]<\/p>\n<h4 class=\"content-callout\">4 \u0130N\u00c7L\u0130K ET\u0130KETLER\u0130 HIZLICA YAZDIRIN<\/h4>\n<p>ZE500 Serisini geli\u015ftiren 4 in\u00e7 ZE511, 18 ips&#8217;ye kadar bask\u0131 h\u0131zlar\u0131 sunar. Birinci s\u0131n\u0131f bask\u0131 \u00e7\u00f6z\u00fcn\u00fcrl\u00fc\u011f\u00fc i\u00e7in 600 dpi opsiyonu se\u00e7in. Sol ve sa\u011f y\u00f6nlerde mevcut olup, iki metreye kadar uzaktan monte edilebilen standart tam renkli, d\u00f6nd\u00fcr\u00fclebilir dokunmatik ekrana sahiptir. Mevcut kablolu ve kablosuz a\u011flar\u0131n\u0131za ekleyin veya do\u011frudan bir PC&#8217;ye ba\u011flan\u0131n. E\u015fle\u015ftirmek ve yazd\u0131rmak i\u00e7in uyumlu bir mobil cihaza dokunmak i\u00e7in birlikte verilen Print Touch etiketini (NFC) kullan\u0131n. Ba\u011flant\u0131 ve RFID gibi sahada kurulabilir \u00f6zellikler ekleyin.[\/vc_column_text][ld_spacer][ld_tabs style=&#8221;style09&#8243;][ld_tab_section title=&#8221;\u00d6zellikler&#8221; tab_id=&#8221;lqd-1653376168701-49002ac4-c98b&#8221;][ld_fancy_heading tag=&#8221;p&#8221;]MAKS\u0130MUM BASKI GEN\u0130\u015eL\u0130\u011e\u0130<br \/>\n4.1 in.\/104 mm<\/p>\n<p>BASKI \u00c7\u00d6Z\u00dcN\u00dcRL\u00dc\u011e\u00dc<br \/>\n203 dpi\/8 nokta\/mm<br \/>\n300 dpi\/12 nokta\/mm (opsiyonel)<br \/>\n600 dpi\/24 nokta\/mm (opsiyonel)<\/p>\n<p>MAKS\u0130MUM BASKI HIZI<br \/>\n18 in\u00e7\/457 mm\/saniye (203 dpi)<br \/>\n14 in\u00e7\/356 mm\/saniye (300 dpi)<br \/>\n6 in\u00e7\/152 mm\/saniye (600 dpi)<\/p>\n<p>\u0130N\u015eAAT<br \/>\nTamamen metal end\u00fcstriyel konstr\u00fcksiyon<\/p>\n<p>\u0130LET\u0130\u015e\u0130M OLANA\u011eI<br \/>\nStandart: USB 2.0, RS-232 Seri, 10\/100 Ethernet, Bluetooth\u00ae 4.1, \u0130kili USB Sunucu, Uygulama Aray\u00fcz\u00fc<br \/>\nOpsiyonel: Paralel ba\u011flant\u0131 noktas\u0131 se\u00e7enek kart\u0131, \u00c7ift bant 802.11ac Wi-Fi ve Bluetooth kart\u0131, 10\/100 Ethernet kart\u0131[\/ld_fancy_heading][\/ld_tab_section][ld_tab_section title=&#8221;Sekt\u00f6rler&#8221; tab_id=&#8221;lqd-1653376168718-58aed1ab-67ee&#8221;][vc_column_text]<\/p>\n<ul>\n<li>Ta\u015f\u0131mac\u0131l\u0131k<\/li>\n<li>Perakende<\/li>\n<li>\u0130malat<\/li>\n<\/ul>\n<p>[\/vc_column_text][\/ld_tab_section][ld_tab_section title=&#8221;Kullan\u0131m Alanlar\u0131&#8221; tab_id=&#8221;lqd-1653376209483-3275f1cb-e370&#8243;][vc_column_text][\/vc_column_text][\/ld_tab_section][\/ld_tabs][\/vc_column][\/vc_row]<\/p>\n","protected":false},"excerpt":{"rendered":"<p>[vc_row][vc_column][vc_column_text css=&#8221;.vc_custom_1660084303399{margin-bottom: 1% !important;}&#8221;] 4 \u0130N\u00c7L\u0130K ET\u0130KETLER\u0130 HIZLICA YAZDIRIN ZE500 Serisini geli\u015ftiren 4 in\u00e7 ZE511, 18 ips&#8217;ye kadar bask\u0131 h\u0131zlar\u0131 sunar. Birinci s\u0131n\u0131f bask\u0131 \u00e7\u00f6z\u00fcn\u00fcrl\u00fc\u011f\u00fc i\u00e7in 600 dpi opsiyonu se\u00e7in. Sol ve sa\u011f y\u00f6nlerde mevcut olup, iki metreye kadar uzaktan monte edilebilen standart tam renkli, d\u00f6nd\u00fcr\u00fclebilir dokunmatik ekrana sahiptir. Mevcut kablolu ve kablosuz a\u011flar\u0131n\u0131za ekleyin [&hellip;]<\/p>\n","protected":false},"featured_media":861,"comment_status":"closed","ping_status":"closed","template":"","meta":{"_joinchat":[]},"product_brand":[],"product_cat":[44,43],"product_tag":[],"class_list":{"0":"post-859","1":"product","2":"type-product","3":"status-publish","4":"has-post-thumbnail","6":"product_cat-yazici-motorlari","7":"product_cat-yazicilar","9":"first","10":"instock","11":"taxable","12":"shipping-taxable","13":"product-type-simple"},"_links":{"self":[{"href":"https:\/\/terateknoloji.com.tr\/index.php\/wp-json\/wp\/v2\/product\/859","targetHints":{"allow":["GET"]}}],"collection":[{"href":"https:\/\/terateknoloji.com.tr\/index.php\/wp-json\/wp\/v2\/product"}],"about":[{"href":"https:\/\/terateknoloji.com.tr\/index.php\/wp-json\/wp\/v2\/types\/product"}],"replies":[{"embeddable":true,"href":"https:\/\/terateknoloji.com.tr\/index.php\/wp-json\/wp\/v2\/comments?post=859"}],"wp:featuredmedia":[{"embeddable":true,"href":"https:\/\/terateknoloji.com.tr\/index.php\/wp-json\/wp\/v2\/media\/861"}],"wp:attachment":[{"href":"https:\/\/terateknoloji.com.tr\/index.php\/wp-json\/wp\/v2\/media?parent=859"}],"wp:term":[{"taxonomy":"product_brand","embeddable":true,"href":"https:\/\/terateknoloji.com.tr\/index.php\/wp-json\/wp\/v2\/product_brand?post=859"},{"taxonomy":"product_cat","embeddable":true,"href":"https:\/\/terateknoloji.com.tr\/index.php\/wp-json\/wp\/v2\/product_cat?post=859"},{"taxonomy":"product_tag","embeddable":true,"href":"https:\/\/terateknoloji.com.tr\/index.php\/wp-json\/wp\/v2\/product_tag?post=859"}],"curies":[{"name":"wp","href":"https:\/\/api.w.org\/{rel}","templated":true}]}}