{"id":838,"date":"2022-08-10T00:50:28","date_gmt":"2022-08-09T21:50:28","guid":{"rendered":"http:\/\/terateknoloji.com.tr\/?post_type=product&#038;p=838"},"modified":"2022-08-15T17:16:21","modified_gmt":"2022-08-15T14:16:21","slug":"xslate-l10-guclu-tablet","status":"publish","type":"product","link":"https:\/\/terateknoloji.com.tr\/index.php\/product\/xslate-l10-guclu-tablet\/","title":{"rendered":"XSLATE L10 G\u00fc\u00e7l\u00fc Tablet"},"content":{"rendered":"<p>[vc_row][vc_column][vc_column_text css=&#8221;.vc_custom_1660081860762{margin-bottom: 1% !important;}&#8221;]<\/p>\n<h4 class=\"content-callout\">HAF\u0130FT\u0130R, KOLAY TA\u015eINIR<\/h4>\n<p>\u0130ster Windows ister Android i\u015flemciyi tercih edin; XSlate L10 cihaz\u0131n\u0131z gerekli bilgisayar g\u00fcc\u00fcne fazlas\u0131yla sahiptir. En dayan\u0131kl\u0131 geleneksel tablete ihtiya\u00e7 duyan \u00e7al\u0131\u015fanlar i\u00e7in L10 ailesinin en k\u00fc\u00e7\u00fck ve en hafifidir. Geli\u015fmi\u015f kablosuz ba\u011flant\u0131 ile ihtiya\u00e7 duydu\u011funuz bilgilere ve insanlara ba\u011fl\u0131 olarak uzak mesafelere gidebilirsiniz. \u00c7al\u0131\u015f\u0131rken de\u011fi\u015ftirilebilen bir pil standartt\u0131r; fakat uzun \u00f6m\u00fcrl\u00fc bir pil ve aksesuar pili eklendi\u011finde, bu tablet 24 saatten fazla \u00e7al\u0131\u015f\u0131r.[\/vc_column_text][ld_spacer][ld_tabs style=&#8221;style09&#8243;][ld_tab_section title=&#8221;\u00d6zellikler&#8221; tab_id=&#8221;lqd-1653376168701-49002ac4-c98b&#8221;][ld_fancy_heading tag=&#8221;p&#8221;]BOYUTLAR<br \/>\nWindows:<br \/>\n11 in\u00e7 x 7,7 in\u00e7 x 0,88 in\u00e7<br \/>\n280,8 mm x 195,2 mm x 22 mm<br \/>\nAndroid:<br \/>\n11 in\u00e7 x 7,7 in\u00e7 x 0,88 in\u00e7<br \/>\n280,8 mm x 195,2 mm x 22 mm<\/p>\n<p>A\u011eIRLIK<br \/>\nWindows:<br \/>\n1,3 kg<br \/>\nAndroid:<br \/>\n1,2 kg<\/p>\n<p>EKRAN<br \/>\n10,1 in\u00e7 2K \u00c7\u00f6z\u00fcn\u00fcrl\u00fckl\u00fc Ekran<br \/>\nKapasitif 10 Noktal\u0131 Dokunmatik veya Active Digitizer*<br \/>\nEldiven ve Islak Dokunma<br \/>\nD\u0131\u015far\u0131da Okuma ve Gece g\u00f6r\u00fc\u015f modu<br \/>\nCorning\u00ae Gorilla\u00ae Glass 3 Hasar Korumas\u0131<\/p>\n<p>*Active Digitizer 2022\u2019nin 2. \u00e7eyre\u011finde L10ax Windows ve L10 Android versiyonlar\u0131nda mevcuttur.<\/p>\n<p>\u0130\u015eLET\u0130M S\u0130STEM\u0130 VE CPU<br \/>\nWindows:<br \/>\nWindows 10 Pro, 64 bit veya Windows 10 IoT Enterprise<br \/>\n11. nesil Intel\u00ae Core\u2122 i7-1185G7 vPro\u00ae i\u015flemci (L10ax Windows)<br \/>\n11. nesil Intel\u00ae Core\u2122 i5-1145G7 vPro\u00ae i\u015flemci (L10ax Windows)<br \/>\n11. nesil Intel\u00ae Core\u2122 i5-1135G7 i\u015flemci (L10ax Windows)<br \/>\nIntel Pentium\u2122 N4200 CPU (L10 Windows)<br \/>\nAndroid:<br \/>\nAndroid 11, Android 14&#8217;e y\u00fckseltilebilir<br \/>\nQualcomm Snapdragon\u2122 660<\/p>\n<p>DAYANIKLI \u00d6ZELL\u0130KLER<br \/>\nMIL-STD-810H (L10ax Windows)<br \/>\nMIL-STD-810G (L10 Windows ve Android)<br \/>\n1,83 m y\u00fckseklikten beton \u00fcst\u00fc kontrpla\u011fa d\u00fc\u015fme<br \/>\nIP65<br \/>\nC1D2*<br \/>\n2022\u2019nin 2. \u00c7eyre\u011finde piyasaya sunulacakt\u0131r<\/p>\n<p>BA\u011eLANTI<br \/>\nWindows:<br \/>\nWLAN: Wi-Fi 6\/6E (L10ax Windows)<br \/>\nWLAN: 802.11ac (L10 Windows)<br \/>\nWWAN: 5G\/4G (L10ax Windows)<br \/>\nWWAN: 4G (L10 Windows)<br \/>\nBluetooth\u00ae<br \/>\nNFC<br \/>\nAndroid:<br \/>\nWLAN: 802.11ac<br \/>\nWWAN: 4G<br \/>\nBluetooth\u00ae<br \/>\nNFC<\/p>\n<p>P\u0130L<br \/>\nStandart Pil: 9,5 saate varan \u00e7al\u0131\u015fma s\u00fcresi<br \/>\nEkstra G\u00fc\u00e7l\u00fc Pil: 25 saate varan \u00e7al\u0131\u015fma s\u00fcresi<br \/>\nStandart Pilin yakla\u015f\u0131k \u015farj s\u00fcresi: 2,75 saat<br \/>\nEkstra G\u00fc\u00e7l\u00fc Pilin yakla\u015f\u0131k \u015farj s\u00fcresi: 3,25 saat<br \/>\n\u00c7al\u0131\u015f\u0131rken De\u011fi\u015ftirilebilen Standart Bridge Pil[\/ld_fancy_heading][\/ld_tab_section][ld_tab_section title=&#8221;Sekt\u00f6rler&#8221; tab_id=&#8221;lqd-1653376168718-58aed1ab-67ee&#8221;][vc_column_text]<\/p>\n<ul>\n<li>Ta\u015f\u0131mac\u0131l\u0131k<\/li>\n<li>\u0130malat<\/li>\n<li>Saha Mobil \u00c7\u00f6z\u00fcmleri<\/li>\n<li>Depo Y\u00f6netimi<\/li>\n<\/ul>\n<p>[\/vc_column_text][\/ld_tab_section][ld_tab_section title=&#8221;Kullan\u0131m Alanlar\u0131&#8221; tab_id=&#8221;lqd-1653376209483-3275f1cb-e370&#8243;][vc_column_text][\/vc_column_text][\/ld_tab_section][\/ld_tabs][\/vc_column][\/vc_row]<\/p>\n","protected":false},"excerpt":{"rendered":"<p>[vc_row][vc_column][vc_column_text css=&#8221;.vc_custom_1660081860762{margin-bottom: 1% !important;}&#8221;] HAF\u0130FT\u0130R, KOLAY TA\u015eINIR \u0130ster Windows ister Android i\u015flemciyi tercih edin; XSlate L10 cihaz\u0131n\u0131z gerekli bilgisayar g\u00fcc\u00fcne fazlas\u0131yla sahiptir. En dayan\u0131kl\u0131 geleneksel tablete ihtiya\u00e7 duyan \u00e7al\u0131\u015fanlar i\u00e7in L10 ailesinin en k\u00fc\u00e7\u00fck ve en hafifidir. Geli\u015fmi\u015f kablosuz ba\u011flant\u0131 ile ihtiya\u00e7 duydu\u011funuz bilgilere ve insanlara ba\u011fl\u0131 olarak uzak mesafelere gidebilirsiniz. \u00c7al\u0131\u015f\u0131rken de\u011fi\u015ftirilebilen bir pil [&hellip;]<\/p>\n","protected":false},"featured_media":839,"comment_status":"closed","ping_status":"closed","template":"","meta":{"_joinchat":[]},"product_brand":[],"product_cat":[38,41],"product_tag":[],"class_list":{"0":"post-838","1":"product","2":"type-product","3":"status-publish","4":"has-post-thumbnail","6":"product_cat-mobil-bilgisayarlar","7":"product_cat-tabletler","9":"first","10":"instock","11":"taxable","12":"shipping-taxable","13":"product-type-simple"},"_links":{"self":[{"href":"https:\/\/terateknoloji.com.tr\/index.php\/wp-json\/wp\/v2\/product\/838","targetHints":{"allow":["GET"]}}],"collection":[{"href":"https:\/\/terateknoloji.com.tr\/index.php\/wp-json\/wp\/v2\/product"}],"about":[{"href":"https:\/\/terateknoloji.com.tr\/index.php\/wp-json\/wp\/v2\/types\/product"}],"replies":[{"embeddable":true,"href":"https:\/\/terateknoloji.com.tr\/index.php\/wp-json\/wp\/v2\/comments?post=838"}],"wp:featuredmedia":[{"embeddable":true,"href":"https:\/\/terateknoloji.com.tr\/index.php\/wp-json\/wp\/v2\/media\/839"}],"wp:attachment":[{"href":"https:\/\/terateknoloji.com.tr\/index.php\/wp-json\/wp\/v2\/media?parent=838"}],"wp:term":[{"taxonomy":"product_brand","embeddable":true,"href":"https:\/\/terateknoloji.com.tr\/index.php\/wp-json\/wp\/v2\/product_brand?post=838"},{"taxonomy":"product_cat","embeddable":true,"href":"https:\/\/terateknoloji.com.tr\/index.php\/wp-json\/wp\/v2\/product_cat?post=838"},{"taxonomy":"product_tag","embeddable":true,"href":"https:\/\/terateknoloji.com.tr\/index.php\/wp-json\/wp\/v2\/product_tag?post=838"}],"curies":[{"name":"wp","href":"https:\/\/api.w.org\/{rel}","templated":true}]}}