{"id":819,"date":"2022-08-10T00:14:53","date_gmt":"2022-08-09T21:14:53","guid":{"rendered":"http:\/\/terateknoloji.com.tr\/?post_type=product&#038;p=819"},"modified":"2022-08-15T17:23:42","modified_gmt":"2022-08-15T14:23:42","slug":"mc3300","status":"publish","type":"product","link":"https:\/\/terateknoloji.com.tr\/index.php\/product\/mc3300\/","title":{"rendered":"MC3300"},"content":{"rendered":"<p>[vc_row][vc_column][vc_column_text css=&#8221;.vc_custom_1660079732241{margin-bottom: 1% !important;}&#8221;]<\/p>\n<h4 class=\"content-callout\">GER\u00c7EK D\u00dcNYADA \u0130Y\u0130 \u00c7ALI\u015eIR<\/h4>\n<p>Ger\u00e7ek d\u00fcnya verimlili\u011fini sunmak s\u00f6z konusu oldu\u011funda MC3300 benzersiz verimlilik sunar. Bas-konu\u015f ve Wi-Fi \u00f6zellikli WorkForce Connect, personelin ma\u011faza arkas\u0131ndan \u00f6n\u00fcne an\u0131nda ileti\u015fim kurabilmesini sa\u011flar. Cihaz \u00e7al\u0131\u015f\u0131rken de\u011fi\u015ftirilebilir piller hizmet d\u0131\u015f\u0131 kalma s\u00fcresini neredeyse ortadan kald\u0131rd\u0131\u011f\u0131ndan, personeliniz vardiyalar\u0131n\u0131n sonuna kadar kesintisiz \u00e7al\u0131\u015fabilir. MC3300, yenilik\u00e7i bir pakette etkinlik, ba\u011flant\u0131 ve verimlilik anlam\u0131na gelir. Ve tamam\u0131 Zebra&#8217;n\u0131n rakipsiz OneCare deste\u011fine sahiptir.[\/vc_column_text][ld_spacer][ld_tabs style=&#8221;style09&#8243;][ld_tab_section title=&#8221;\u00d6zellikler&#8221; tab_id=&#8221;lqd-1653376168701-49002ac4-c98b&#8221;][ld_fancy_heading tag=&#8221;p&#8221;]BOYUTLAR<br \/>\nD\u00fcz Ni\u015fanc\u0131 ve 45\u00b0 Okuma: 7,96 in\u00e7 U x 2,94 in\u00e7 G x 1,35 in\u00e7 D<br \/>\n(202,2 mm U x 74,7 mm G x 34,5 mm D)<br \/>\nD\u00f6ner Ba\u015fl\u0131k: 8,79 in\u00e7 U x 2,94 in\u00e7 G x 1,35 in\u00e7 D<br \/>\n(223,4 mm U x 74,7 mm G x 34,5 mm D)<br \/>\nTabanca: 7,96 in\u00e7 U x 2,94 in\u00e7 G x 6,45 in\u00e7 D<br \/>\n(202,6 mm U x 74,7 mm G x 163,9 mm D)<\/p>\n<p>A\u011eIRLIKLAR<br \/>\nD\u00fcz Ni\u015fanc\u0131: 13,2 oz.\/375 g<br \/>\nD\u00f6ner Ba\u015fl\u0131k: 13,3 oz.\/377 g<br \/>\nTabanca: 17,8 oz.\/505 g<br \/>\n45\u00b0 Okuma: 13,5 oz.\/382 g<\/p>\n<p>\u0130\u015eLET\u0130M S\u0130STEM\u0130<br \/>\nAndroid 8.1 (Oreo); AOSP &amp; GMS &#8211; yap\u0131land\u0131rmalar\u0131 se\u00e7in<\/p>\n<p>CPU<br \/>\nQualcomm 8056 1.8 GHz alt\u0131 \u00e7ekirdekli 64 bit g\u00fc\u00e7 optimizasyonlu<\/p>\n<p>YUVARLANMA DAYANIKLILIK \u00d6ZELL\u0130\u011e\u0130<br \/>\n1.000 kez 3,2 ft.\/1 m yuvarlanma<\/p>\n<p>DOP TEKN\u0130K \u00d6ZELL\u0130KLER<br \/>\n\u00c7al\u0131\u015fma s\u0131cakl\u0131k aral\u0131\u011f\u0131n\u0131n tamam\u0131nda 5 ft.\/1,5 metreden defalarca beton zemine d\u00fc\u015fme[\/ld_fancy_heading][\/ld_tab_section][ld_tab_section title=&#8221;Sekt\u00f6rler&#8221; tab_id=&#8221;lqd-1653376168718-58aed1ab-67ee&#8221;][vc_column_text]<\/p>\n<ul>\n<li>Perakende<\/li>\n<li>\u0130malat<\/li>\n<li>Depo Y\u00f6netimi<\/li>\n<\/ul>\n<p>[\/vc_column_text][\/ld_tab_section][ld_tab_section title=&#8221;Kullan\u0131m Alanlar\u0131&#8221; tab_id=&#8221;lqd-1653376209483-3275f1cb-e370&#8243;][vc_column_text]<\/p>\n<ul>\n<li>Arka Oda\/Depo Y\u00f6netimi<\/li>\n<li>Fiyat Kontrol\u00fc\/G\u00fcncellemeleri<\/li>\n<li>Ma\u011fazaya Var\u0131\u015f<\/li>\n<li>Toplama ve Saklama<\/li>\n<li>Sesli Uygulamalar<\/li>\n<li>A\u00e7\u0131k Depo Y\u00f6netimi<\/li>\n<li>Stok Y\u00f6netimi<\/li>\n<li>Besleme Hatt\u0131 \u0130kmali<\/li>\n<\/ul>\n<p>[\/vc_column_text][\/ld_tab_section][\/ld_tabs][\/vc_column][\/vc_row]<\/p>\n","protected":false},"excerpt":{"rendered":"<p>[vc_row][vc_column][vc_column_text css=&#8221;.vc_custom_1660079732241{margin-bottom: 1% !important;}&#8221;] GER\u00c7EK D\u00dcNYADA \u0130Y\u0130 \u00c7ALI\u015eIR Ger\u00e7ek d\u00fcnya verimlili\u011fini sunmak s\u00f6z konusu oldu\u011funda MC3300 benzersiz verimlilik sunar. Bas-konu\u015f ve Wi-Fi \u00f6zellikli WorkForce Connect, personelin ma\u011faza arkas\u0131ndan \u00f6n\u00fcne an\u0131nda ileti\u015fim kurabilmesini sa\u011flar. Cihaz \u00e7al\u0131\u015f\u0131rken de\u011fi\u015ftirilebilir piller hizmet d\u0131\u015f\u0131 kalma s\u00fcresini neredeyse ortadan kald\u0131rd\u0131\u011f\u0131ndan, personeliniz vardiyalar\u0131n\u0131n sonuna kadar kesintisiz \u00e7al\u0131\u015fabilir. MC3300, yenilik\u00e7i bir pakette etkinlik, [&hellip;]<\/p>\n","protected":false},"featured_media":820,"comment_status":"closed","ping_status":"closed","template":"","meta":{"_joinchat":[]},"product_brand":[],"product_cat":[39,38],"product_tag":[],"class_list":{"0":"post-819","1":"product","2":"type-product","3":"status-publish","4":"has-post-thumbnail","6":"product_cat-el-terminalleri","7":"product_cat-mobil-bilgisayarlar","9":"first","10":"instock","11":"taxable","12":"shipping-taxable","13":"product-type-simple"},"_links":{"self":[{"href":"https:\/\/terateknoloji.com.tr\/index.php\/wp-json\/wp\/v2\/product\/819","targetHints":{"allow":["GET"]}}],"collection":[{"href":"https:\/\/terateknoloji.com.tr\/index.php\/wp-json\/wp\/v2\/product"}],"about":[{"href":"https:\/\/terateknoloji.com.tr\/index.php\/wp-json\/wp\/v2\/types\/product"}],"replies":[{"embeddable":true,"href":"https:\/\/terateknoloji.com.tr\/index.php\/wp-json\/wp\/v2\/comments?post=819"}],"wp:featuredmedia":[{"embeddable":true,"href":"https:\/\/terateknoloji.com.tr\/index.php\/wp-json\/wp\/v2\/media\/820"}],"wp:attachment":[{"href":"https:\/\/terateknoloji.com.tr\/index.php\/wp-json\/wp\/v2\/media?parent=819"}],"wp:term":[{"taxonomy":"product_brand","embeddable":true,"href":"https:\/\/terateknoloji.com.tr\/index.php\/wp-json\/wp\/v2\/product_brand?post=819"},{"taxonomy":"product_cat","embeddable":true,"href":"https:\/\/terateknoloji.com.tr\/index.php\/wp-json\/wp\/v2\/product_cat?post=819"},{"taxonomy":"product_tag","embeddable":true,"href":"https:\/\/terateknoloji.com.tr\/index.php\/wp-json\/wp\/v2\/product_tag?post=819"}],"curies":[{"name":"wp","href":"https:\/\/api.w.org\/{rel}","templated":true}]}}