{"id":808,"date":"2022-08-09T18:01:30","date_gmt":"2022-08-09T15:01:30","guid":{"rendered":"http:\/\/terateknoloji.com.tr\/?post_type=product&#038;p=808"},"modified":"2022-08-15T17:29:22","modified_gmt":"2022-08-15T14:29:22","slug":"tc57x-mobil-bilgisayar","status":"publish","type":"product","link":"https:\/\/terateknoloji.com.tr\/index.php\/product\/tc57x-mobil-bilgisayar\/","title":{"rendered":"TC57x Mobil Bilgisayar"},"content":{"rendered":"<p>[vc_row][vc_column][vc_column_text css=&#8221;.vc_custom_1660057332077{margin-bottom: 1% !important;}&#8221;]<\/p>\n<h4 class=\"content-callout\">SAHADA KULLANIMI \u0130\u00c7\u0130N GEL\u0130\u015eM\u0130\u015e PLATFORMA SAH\u0130P DAYANIKLI MOB\u0130L B\u0130LG\u0130SAYAR<\/h4>\n<p>Daha geli\u015fmi\u015f Zebra \u00f6zelliklerine sahip dayan\u0131kl\u0131 TC57x Mobil Bilgisayar \u00e7ok farkl\u0131 bir kullan\u0131c\u0131 deneyimi sunuyor. Zebra&#8217;n\u0131n Mobility DNA ara\u00e7lar\u0131 ile kullan\u0131m\u0131 kolayla\u015ft\u0131r\u0131n ve d\u0131\u015f mekanda \u00e7al\u0131\u015fan personelin \u00fcretkenli\u011fini ve cihaz kontrol\u00fcn\u00fc art\u0131r\u0131n.\u00a0 Tam h\u00fccresel a\u011f esnekli\u011fi t\u00fcm \u00e7al\u0131\u015fanlara d\u00fcnyan\u0131n her yerinde g\u00fcvenilir h\u00fccresel a\u011f hizmeti sunar.[\/vc_column_text][ld_spacer][ld_tabs style=&#8221;style09&#8243;][ld_tab_section title=&#8221;\u00d6zellikler&#8221; tab_id=&#8221;lqd-1653376168701-49002ac4-c98b&#8221;][ld_fancy_heading tag=&#8221;p&#8221;]BOYUTLAR<br \/>\nSE4720 ile TC57ax:<br \/>\n6,10 in\u00e7 U x 2,9 in\u00e7 \/ 73,6 mm G x 0,73 in\u00e7 \/ 18,5 mm Y<br \/>\n155 mm Uzunluk x 75.5 mm Geni\u015flik x 18.6 mm Y\u00fckseklik<\/p>\n<p>A\u011eIRLIK<br \/>\n249 g (pil ile)<\/p>\n<p>\u0130\u015eLET\u0130M S\u0130STEM\u0130<br \/>\nAndroid 11, Android 14&#8217;e y\u00fckseltilebilir<\/p>\n<p>CPU<br \/>\nQualcomm Snapdragon\u2122 660 octa-core, 2.45 GHz<\/p>\n<p>D\u00dc\u015eME DAYANIKLILIK \u00d6ZELL\u0130\u011e\u0130<br \/>\nMil STD 810 i\u00e7in dayan\u0131kl\u0131 bot aksesuar\u0131yla, 1,8 metreden defalarca beton zemine d\u00fc\u015fme; -10\u00b0C ila 50\u00b0C s\u0131cakl\u0131k aral\u0131\u011f\u0131nda 1,2 metreden defalarca fayans kapl\u0131 betona d\u00fc\u015fme<\/p>\n<p>YUVARLANMA DAYANIKLILIK \u00d6ZELL\u0130\u011e\u0130<br \/>\n500 kez 0,5 m yuvarlanma; IEC yuvarlanma \u015fartnamesini kar\u015f\u0131lar veya a\u015far<\/p>\n<p>IP MUHAFAZA<br \/>\nPilli IP68 ve IP65 (ilgili IEC muhafaza \u015fartnamesine uygun) &#8211; pil dahil[\/ld_fancy_heading][\/ld_tab_section][ld_tab_section title=&#8221;Sekt\u00f6rler&#8221; tab_id=&#8221;lqd-1653376168718-58aed1ab-67ee&#8221;][vc_column_text]<\/p>\n<ul>\n<li>Ta\u015f\u0131mac\u0131l\u0131k<\/li>\n<li>Saha Mobil \u00c7\u00f6z\u00fcmleri<\/li>\n<li>Konumland\u0131rma \u00c7\u00f6z\u00fcmleri<\/li>\n<\/ul>\n<p>[\/vc_column_text][\/ld_tab_section][ld_tab_section title=&#8221;Kullan\u0131m Alanlar\u0131&#8221; tab_id=&#8221;lqd-1653376209483-3275f1cb-e370&#8243;][vc_column_text]<\/p>\n<ul>\n<li>Fiyat\/Envanter Kontrolleri<\/li>\n<li>\u00dcr\u00fcn Bulucu<\/li>\n<li>Rehberli Sat\u0131\u015f<\/li>\n<li>Planogram Y\u00f6netimi<\/li>\n<li>Teslimat Takibi<\/li>\n<li>Stok Y\u00f6netimi<\/li>\n<li>\u0130\u015f Planlama ve Konum Tabanl\u0131 Hizmetler<\/li>\n<li>Teslim Belgesi<\/li>\n<li>Faturalama<\/li>\n<li>Varl\u0131k Y\u00f6netimi<\/li>\n<\/ul>\n<p>[\/vc_column_text][\/ld_tab_section][\/ld_tabs][\/vc_column][\/vc_row]<\/p>\n","protected":false},"excerpt":{"rendered":"<p>[vc_row][vc_column][vc_column_text css=&#8221;.vc_custom_1660057332077{margin-bottom: 1% !important;}&#8221;] SAHADA KULLANIMI \u0130\u00c7\u0130N GEL\u0130\u015eM\u0130\u015e PLATFORMA SAH\u0130P DAYANIKLI MOB\u0130L B\u0130LG\u0130SAYAR Daha geli\u015fmi\u015f Zebra \u00f6zelliklerine sahip dayan\u0131kl\u0131 TC57x Mobil Bilgisayar \u00e7ok farkl\u0131 bir kullan\u0131c\u0131 deneyimi sunuyor. Zebra&#8217;n\u0131n Mobility DNA ara\u00e7lar\u0131 ile kullan\u0131m\u0131 kolayla\u015ft\u0131r\u0131n ve d\u0131\u015f mekanda \u00e7al\u0131\u015fan personelin \u00fcretkenli\u011fini ve cihaz kontrol\u00fcn\u00fc art\u0131r\u0131n.\u00a0 Tam h\u00fccresel a\u011f esnekli\u011fi t\u00fcm \u00e7al\u0131\u015fanlara d\u00fcnyan\u0131n her yerinde g\u00fcvenilir [&hellip;]<\/p>\n","protected":false},"featured_media":809,"comment_status":"closed","ping_status":"closed","template":"","meta":{"_joinchat":[]},"product_brand":[],"product_cat":[39,38],"product_tag":[],"class_list":{"0":"post-808","1":"product","2":"type-product","3":"status-publish","4":"has-post-thumbnail","6":"product_cat-el-terminalleri","7":"product_cat-mobil-bilgisayarlar","9":"first","10":"instock","11":"taxable","12":"shipping-taxable","13":"product-type-simple"},"_links":{"self":[{"href":"https:\/\/terateknoloji.com.tr\/index.php\/wp-json\/wp\/v2\/product\/808","targetHints":{"allow":["GET"]}}],"collection":[{"href":"https:\/\/terateknoloji.com.tr\/index.php\/wp-json\/wp\/v2\/product"}],"about":[{"href":"https:\/\/terateknoloji.com.tr\/index.php\/wp-json\/wp\/v2\/types\/product"}],"replies":[{"embeddable":true,"href":"https:\/\/terateknoloji.com.tr\/index.php\/wp-json\/wp\/v2\/comments?post=808"}],"wp:featuredmedia":[{"embeddable":true,"href":"https:\/\/terateknoloji.com.tr\/index.php\/wp-json\/wp\/v2\/media\/809"}],"wp:attachment":[{"href":"https:\/\/terateknoloji.com.tr\/index.php\/wp-json\/wp\/v2\/media?parent=808"}],"wp:term":[{"taxonomy":"product_brand","embeddable":true,"href":"https:\/\/terateknoloji.com.tr\/index.php\/wp-json\/wp\/v2\/product_brand?post=808"},{"taxonomy":"product_cat","embeddable":true,"href":"https:\/\/terateknoloji.com.tr\/index.php\/wp-json\/wp\/v2\/product_cat?post=808"},{"taxonomy":"product_tag","embeddable":true,"href":"https:\/\/terateknoloji.com.tr\/index.php\/wp-json\/wp\/v2\/product_tag?post=808"}],"curies":[{"name":"wp","href":"https:\/\/api.w.org\/{rel}","templated":true}]}}