{"id":802,"date":"2022-08-09T17:51:12","date_gmt":"2022-08-09T14:51:12","guid":{"rendered":"http:\/\/terateknoloji.com.tr\/?post_type=product&#038;p=802"},"modified":"2022-08-15T17:35:00","modified_gmt":"2022-08-15T14:35:00","slug":"tc58-mobil-bilgisayar","status":"publish","type":"product","link":"https:\/\/terateknoloji.com.tr\/index.php\/product\/tc58-mobil-bilgisayar\/","title":{"rendered":"TC58 Mobil Bilgisayar"},"content":{"rendered":"<p>[vc_row][vc_column][vc_column_text css=&#8221;.vc_custom_1660056709456{margin-bottom: 1% !important;}&#8221;]<\/p>\n<h4 class=\"content-callout\">D\u00d6RT DUVAR DI\u015eINDA YEN\u0130 NES\u0130L VER\u0130 TOPLAMASINA G\u00dc\u00c7 SA\u011eLAYAN 5G\/W\u0130-F\u0130 6E DAYANIKLI MOB\u0130L B\u0130LG\u0130SAYAR<\/h4>\n<p>5G, Wi-Fi 6E ve CBRS (yaln\u0131zca ABD) dahil en son mobil teknoloji geli\u015ftirmeleriyle donat\u0131lm\u0131\u015f dayan\u0131kl\u0131 h\u00fccresel\/Wi-Fi TC58 Mobil Bilgisayar, SE4720 1 Boyutlu \/ 2 Boyutlu Tarama Motoru veya IntelliFocus\u2122 teknolojisine sahip SE55 1 Boyutlu \/ 2 Boyutlu Geli\u015fmi\u015f Menzilli Tarama Motoruna, Device Tracker, Zebra&#8217;n\u0131n Dimensioning\u2122 Sertifikal\u0131 Mobil Parsel ve Mobility DNA ara\u00e7lar\u0131na sahiptir ve t\u00fcm bunlar TC58&#8217;i d\u00f6rt duvar d\u0131\u015f\u0131nda \u00e7al\u0131\u015fan yeni nesil veri toplama cihaz\u0131na d\u00f6n\u00fc\u015ft\u00fcr\u00fcr.[\/vc_column_text][ld_spacer][ld_tabs style=&#8221;style09&#8243;][ld_tab_section title=&#8221;\u00d6zellikler&#8221; tab_id=&#8221;lqd-1653376168701-49002ac4-c98b&#8221;][ld_fancy_heading tag=&#8221;p&#8221;]BOYUTLAR<br \/>\n6.48 in\u00e7 U x 3.04 in\u00e7 G x 0.66 in\u00e7 Y<br \/>\n164,8 mm U x 77,35 mm G x 16,75 mm Y<\/p>\n<p>A\u011eIRLIK<br \/>\nStandart pil ile 293 g<\/p>\n<p>\u0130\u015eLET\u0130M S\u0130STEM\u0130<br \/>\nAndroid 11, Android 14&#8217;e y\u00fckseltilebilir<\/p>\n<p>CPU<br \/>\nQualcomm 6490 sekiz \u00e7ekirdekli, 2.7 GHz<\/p>\n<p>D\u00dc\u015eME DAYANIKLILIK \u00d6ZELL\u0130\u011e\u0130<br \/>\nMIL STD 810H uyar\u0131nca koruyucu kaplama ile \u00e7al\u0131\u015fma s\u0131cakl\u0131\u011f\u0131n\u0131n \u00fczerinde (-20\u00b0C ila 50\u00b0C) bir\u00e7ok kez 1,8 m&#8217;den betona d\u00fc\u015fmeye dayan\u0131kl\u0131; MIL STD 810 H&#8217;ye g\u00f6re beton \u00fczerine 1,5 m&#8217;den bir\u00e7ok kez d\u00fc\u015fmeye dayan\u0131kl\u0131 (-10\u00b0C ila 50\u00b0C)<\/p>\n<p>YUVARLANMA DAYANIKLILIK \u00d6ZELL\u0130\u011e\u0130<br \/>\n0,5 m, koruyucu k\u0131l\u0131f olmadan oda s\u0131cakl\u0131\u011f\u0131nda yuvarlanma; oda s\u0131cakl\u0131\u011f\u0131nda koruyucu k\u0131l\u0131f ile 1000 kez 1 m yuvarlanma; IEC devrilme spesifikasyonunu kar\u015f\u0131lar veya a\u015far<\/p>\n<p>IP MUHAFAZA<br \/>\nPilli IP68 ve IP65 (ilgili IEC muhafaza \u015fartnamesine uygun)[\/ld_fancy_heading][\/ld_tab_section][ld_tab_section title=&#8221;Sekt\u00f6rler&#8221; tab_id=&#8221;lqd-1653376168718-58aed1ab-67ee&#8221;][vc_column_text]<\/p>\n<ul>\n<li>Ta\u015f\u0131mac\u0131l\u0131k<\/li>\n<li>Saha Mobil \u00c7\u00f6z\u00fcmleri<\/li>\n<li>Konumland\u0131rma \u00c7\u00f6z\u00fcmleri<\/li>\n<\/ul>\n<p>[\/vc_column_text][\/ld_tab_section][ld_tab_section title=&#8221;Kullan\u0131m Alanlar\u0131&#8221; tab_id=&#8221;lqd-1653376209483-3275f1cb-e370&#8243;][vc_column_text]<\/p>\n<ul>\n<li>Fiyat\/Envanter Kontrolleri<\/li>\n<li>\u00dcr\u00fcn Bulucu<\/li>\n<li>Rehberli Sat\u0131\u015f<\/li>\n<li>Planogram Y\u00f6netimi<\/li>\n<li>Teslimat Takibi<\/li>\n<li>Stok Y\u00f6netimi<\/li>\n<li>\u0130\u015f Planlama ve Konum Tabanl\u0131 Hizmetler<\/li>\n<li>Teslim Belgesi<\/li>\n<li>Faturalama<\/li>\n<li>Varl\u0131k Y\u00f6netimi<\/li>\n<\/ul>\n<p>[\/vc_column_text][\/ld_tab_section][\/ld_tabs][\/vc_column][\/vc_row]<\/p>\n","protected":false},"excerpt":{"rendered":"<p>[vc_row][vc_column][vc_column_text css=&#8221;.vc_custom_1660056709456{margin-bottom: 1% !important;}&#8221;] D\u00d6RT DUVAR DI\u015eINDA YEN\u0130 NES\u0130L VER\u0130 TOPLAMASINA G\u00dc\u00c7 SA\u011eLAYAN 5G\/W\u0130-F\u0130 6E DAYANIKLI MOB\u0130L B\u0130LG\u0130SAYAR 5G, Wi-Fi 6E ve CBRS (yaln\u0131zca ABD) dahil en son mobil teknoloji geli\u015ftirmeleriyle donat\u0131lm\u0131\u015f dayan\u0131kl\u0131 h\u00fccresel\/Wi-Fi TC58 Mobil Bilgisayar, SE4720 1 Boyutlu \/ 2 Boyutlu Tarama Motoru veya IntelliFocus\u2122 teknolojisine sahip SE55 1 Boyutlu \/ 2 Boyutlu [&hellip;]<\/p>\n","protected":false},"featured_media":803,"comment_status":"closed","ping_status":"closed","template":"","meta":{"_joinchat":[]},"product_brand":[],"product_cat":[39,38],"product_tag":[],"class_list":{"0":"post-802","1":"product","2":"type-product","3":"status-publish","4":"has-post-thumbnail","6":"product_cat-el-terminalleri","7":"product_cat-mobil-bilgisayarlar","9":"first","10":"instock","11":"taxable","12":"shipping-taxable","13":"product-type-simple"},"_links":{"self":[{"href":"https:\/\/terateknoloji.com.tr\/index.php\/wp-json\/wp\/v2\/product\/802","targetHints":{"allow":["GET"]}}],"collection":[{"href":"https:\/\/terateknoloji.com.tr\/index.php\/wp-json\/wp\/v2\/product"}],"about":[{"href":"https:\/\/terateknoloji.com.tr\/index.php\/wp-json\/wp\/v2\/types\/product"}],"replies":[{"embeddable":true,"href":"https:\/\/terateknoloji.com.tr\/index.php\/wp-json\/wp\/v2\/comments?post=802"}],"wp:featuredmedia":[{"embeddable":true,"href":"https:\/\/terateknoloji.com.tr\/index.php\/wp-json\/wp\/v2\/media\/803"}],"wp:attachment":[{"href":"https:\/\/terateknoloji.com.tr\/index.php\/wp-json\/wp\/v2\/media?parent=802"}],"wp:term":[{"taxonomy":"product_brand","embeddable":true,"href":"https:\/\/terateknoloji.com.tr\/index.php\/wp-json\/wp\/v2\/product_brand?post=802"},{"taxonomy":"product_cat","embeddable":true,"href":"https:\/\/terateknoloji.com.tr\/index.php\/wp-json\/wp\/v2\/product_cat?post=802"},{"taxonomy":"product_tag","embeddable":true,"href":"https:\/\/terateknoloji.com.tr\/index.php\/wp-json\/wp\/v2\/product_tag?post=802"}],"curies":[{"name":"wp","href":"https:\/\/api.w.org\/{rel}","templated":true}]}}