{"id":754,"date":"2022-08-09T16:09:49","date_gmt":"2022-08-09T13:09:49","guid":{"rendered":"http:\/\/terateknoloji.com.tr\/?post_type=product&#038;p=754"},"modified":"2022-08-15T17:41:53","modified_gmt":"2022-08-15T14:41:53","slug":"mc2200-mobil-bilgisayar","status":"publish","type":"product","link":"https:\/\/terateknoloji.com.tr\/index.php\/product\/mc2200-mobil-bilgisayar\/","title":{"rendered":"MC2200 Mobil Bilgisayar"},"content":{"rendered":"<p>[vc_row][vc_column][vc_column_text css=&#8221;.vc_custom_1660221189690{margin-bottom: 1% !important;}&#8221;]<\/p>\n<h4 class=\"content-callout\">TES\u0130S\u0130N\u0130ZDEK\u0130 \u00c7ALI\u015eANLAR \u0130\u00c7\u0130N UYGUN F\u0130YATLI MOB\u0130L \u00c7\u00d6Z\u00dcM<\/h4>\n<p>MC2200, sekt\u00f6r\u00fcn en h\u0131zl\u0131 ve en g\u00fcvenilir WiFi ba\u011flant\u0131lar\u0131n\u0131 sunar. Bu nedenle, \u00e7al\u0131\u015fanlar ister deponuzda sipari\u015fleri topluyor, paketliyor veya g\u00f6nderiyor, ister \u00fcretim hatt\u0131nda envanteri dolduruyor, ister bir perakende ma\u011fazas\u0131n\u0131n arka odas\u0131nda envanter al\u0131yor veya sat\u0131\u015f kat\u0131nda m\u00fc\u015fterilere yard\u0131m ediyor olsun, her vardiyan\u0131n her an\u0131nda \u00fcretkendirler.[\/vc_column_text][ld_spacer][ld_tabs style=&#8221;style09&#8243;][ld_tab_section title=&#8221;\u00d6zellikler&#8221; tab_id=&#8221;lqd-1653376168701-49002ac4-c98b&#8221;][ld_fancy_heading tag=&#8221;p&#8221;]BOYUTLAR<br \/>\n7,89 in\u00e7 \/ 20 cm U x 2,76 in\u00e7 \/ 7 cm G x 1,52 in\u00e7 \/ 3,86 cm B<br \/>\n20,05 cm U x 7 cm G x 3,85 cm D<\/p>\n<p>A\u011eIRLIK<br \/>\nStandart Pil ile: 10,4 oz.\/296 g<br \/>\nEkstra G\u00fc\u00e7l\u00fc Pil ile: 11,2 oz.\/316 g<\/p>\n<p>\u0130\u015eLET\u0130M S\u0130STEM\u0130<br \/>\nAndroid 11; Android 14 ile g\u00fcncellenebilir<\/p>\n<p>CPU<br \/>\nQualcomm Snapdragon\u2122 660 sekiz \u00e7ekirdekli, 1.8 GHz<\/p>\n<p>D\u00dc\u015eME DAYANIKLILIK \u00d6ZELL\u0130\u011e\u0130<br \/>\nMIL-STD 810g \u00e7al\u0131\u015fma s\u0131cakl\u0131k aral\u0131\u011f\u0131nda 5 fit\/1,52 m\u2019den defalarca beton zemine d\u00fc\u015fme<\/p>\n<p>YUVARLANMA DAYANIKLILIK \u00d6ZELL\u0130\u011e\u0130<br \/>\n500 kez 1,6 fit\/0,5 metreden yuvarlanma; IEC yuvarlanma \u00f6zelliklerini kar\u015f\u0131lar ve a\u015far<\/p>\n<p>MUHAFAZA<br \/>\nIP65[\/ld_fancy_heading][\/ld_tab_section][ld_tab_section title=&#8221;Sekt\u00f6rler&#8221; tab_id=&#8221;lqd-1653376168718-58aed1ab-67ee&#8221;][vc_column_text]<\/p>\n<ul>\n<li>Perakende<\/li>\n<li>\u0130malat<\/li>\n<li>Depo Y\u00f6netimi<\/li>\n<\/ul>\n<p>[\/vc_column_text][\/ld_tab_section][ld_tab_section title=&#8221;Kullan\u0131m Alanlar\u0131&#8221; tab_id=&#8221;lqd-1653376209483-3275f1cb-e370&#8243;][vc_column_text]<\/p>\n<ul>\n<li>Al\u0131m ve Paketleme<\/li>\n<li>G\u00f6nderim ve Al\u0131m<\/li>\n<li>Stok Y\u00f6netimi<\/li>\n<li>Varl\u0131k Takibi<\/li>\n<li>Takviye \u0130kmal<\/li>\n<li>Bak\u0131m\/Onar\u0131m<\/li>\n<li>Fiyat Kontrol\u00fc<\/li>\n<li>\u0130nternetten Sat\u0131n Al, Ma\u011fazadan Teslim Al (BOPIS)<\/li>\n<li>Do\u011frudan Ma\u011fazaya Teslimat (DSD)<\/li>\n<li>Teslim Belgesi<\/li>\n<\/ul>\n<p>[\/vc_column_text][\/ld_tab_section][\/ld_tabs][\/vc_column][\/vc_row]<\/p>\n","protected":false},"excerpt":{"rendered":"<p>[vc_row][vc_column][vc_column_text css=&#8221;.vc_custom_1660221189690{margin-bottom: 1% !important;}&#8221;] TES\u0130S\u0130N\u0130ZDEK\u0130 \u00c7ALI\u015eANLAR \u0130\u00c7\u0130N UYGUN F\u0130YATLI MOB\u0130L \u00c7\u00d6Z\u00dcM MC2200, sekt\u00f6r\u00fcn en h\u0131zl\u0131 ve en g\u00fcvenilir WiFi ba\u011flant\u0131lar\u0131n\u0131 sunar. Bu nedenle, \u00e7al\u0131\u015fanlar ister deponuzda sipari\u015fleri topluyor, paketliyor veya g\u00f6nderiyor, ister \u00fcretim hatt\u0131nda envanteri dolduruyor, ister bir perakende ma\u011fazas\u0131n\u0131n arka odas\u0131nda envanter al\u0131yor veya sat\u0131\u015f kat\u0131nda m\u00fc\u015fterilere yard\u0131m ediyor olsun, her vardiyan\u0131n her an\u0131nda [&hellip;]<\/p>\n","protected":false},"featured_media":755,"comment_status":"closed","ping_status":"closed","template":"","meta":{"_joinchat":[]},"product_brand":[],"product_cat":[39,38],"product_tag":[],"class_list":{"0":"post-754","1":"product","2":"type-product","3":"status-publish","4":"has-post-thumbnail","6":"product_cat-el-terminalleri","7":"product_cat-mobil-bilgisayarlar","9":"first","10":"instock","11":"taxable","12":"shipping-taxable","13":"product-type-simple"},"_links":{"self":[{"href":"https:\/\/terateknoloji.com.tr\/index.php\/wp-json\/wp\/v2\/product\/754","targetHints":{"allow":["GET"]}}],"collection":[{"href":"https:\/\/terateknoloji.com.tr\/index.php\/wp-json\/wp\/v2\/product"}],"about":[{"href":"https:\/\/terateknoloji.com.tr\/index.php\/wp-json\/wp\/v2\/types\/product"}],"replies":[{"embeddable":true,"href":"https:\/\/terateknoloji.com.tr\/index.php\/wp-json\/wp\/v2\/comments?post=754"}],"wp:featuredmedia":[{"embeddable":true,"href":"https:\/\/terateknoloji.com.tr\/index.php\/wp-json\/wp\/v2\/media\/755"}],"wp:attachment":[{"href":"https:\/\/terateknoloji.com.tr\/index.php\/wp-json\/wp\/v2\/media?parent=754"}],"wp:term":[{"taxonomy":"product_brand","embeddable":true,"href":"https:\/\/terateknoloji.com.tr\/index.php\/wp-json\/wp\/v2\/product_brand?post=754"},{"taxonomy":"product_cat","embeddable":true,"href":"https:\/\/terateknoloji.com.tr\/index.php\/wp-json\/wp\/v2\/product_cat?post=754"},{"taxonomy":"product_tag","embeddable":true,"href":"https:\/\/terateknoloji.com.tr\/index.php\/wp-json\/wp\/v2\/product_tag?post=754"}],"curies":[{"name":"wp","href":"https:\/\/api.w.org\/{rel}","templated":true}]}}