{"id":34,"date":"2020-05-28T06:30:46","date_gmt":"2020-05-28T03:30:46","guid":{"rendered":"https:\/\/retailshop.liquid-themes.com\/staging\/product\/import-placeholder-for-87\/"},"modified":"2022-08-15T17:42:21","modified_gmt":"2022-08-15T14:42:21","slug":"tc53-mobil-bilgisayar","status":"publish","type":"product","link":"https:\/\/terateknoloji.com.tr\/index.php\/product\/tc53-mobil-bilgisayar\/","title":{"rendered":"TC53 Mobil Bilgisayar"},"content":{"rendered":"<p>[vc_row][vc_column][vc_column_text css=&#8221;.vc_custom_1660048483710{margin-bottom: 1% !important;}&#8221;]<\/p>\n<h4 class=\"content-callout\">D\u00d6RT DUVAR \u0130\u00c7\u0130NDE YEN\u0130 NES\u0130L VER\u0130 TOPLAMASINA G\u00dc\u00c7 SA\u011eLAYAN W\u0130-F\u0130 6E DAYANIKLI MOB\u0130L B\u0130LG\u0130SAYAR<\/h4>\n<p>Wi-Fi 6E ve CBRS (yaln\u0131zca ABD) dahil \u00a0 en son mobil teknoloji geli\u015ftirmeleriyle donat\u0131lm\u0131\u015f dayan\u0131kl\u0131 yaln\u0131zca Wi-Fi TC53 Mobil Bilgisayar, SE4720 1 Boyutlu \/ 2 Boyutlu Tarama Motoru veya IntelliFocus\u2122 teknolojisine sahip SE55 1 Boyutlu \/ 2 Boyutlu Geli\u015fmi\u015f Menzilli Tarama Motoruna, Device Tracker, Workstation Connect \u00e7\u00f6z\u00fcm\u00fc, Zebra&#8217;n\u0131n Dimensioning\u2122 Sertifikal\u0131 Mobil Parsel ve Mobility DNA ara\u00e7lar\u0131na sahiptir ve bunlar TC53&#8217;\u00fc d\u00f6rt duvar i\u00e7inde \u00e7al\u0131\u015fan yeni nesil veri toplama cihaz\u0131na d\u00f6n\u00fc\u015ft\u00fcr\u00fcr.[\/vc_column_text][ld_spacer][ld_tabs style=&#8221;style09&#8243;][ld_tab_section title=&#8221;\u00d6zellikler&#8221; tab_id=&#8221;lqd-1653376168701-49002ac4-c98b&#8221;][ld_fancy_heading tag=&#8221;p&#8221;]BOYUTLAR<br \/>\n6.48 in\u00e7 U x 3.04 in\u00e7 G x 0.66 in\u00e7 Y<br \/>\n164,8 mm U x 77,35 mm G x 16,75 mm Y<\/p>\n<p>A\u011eIRLIK<br \/>\nStandart pil ile 293 g<\/p>\n<p>\u0130\u015eLET\u0130M S\u0130STEM\u0130<br \/>\nAndroid 11, Android 14&#8217;e y\u00fckseltilebilir<\/p>\n<p>CPU<br \/>\nQualcomm 6490 sekiz \u00e7ekirdekli, 2.7 GHz<\/p>\n<p>D\u00dc\u015eME DAYANIKLILIK \u00d6ZELL\u0130\u011e\u0130<br \/>\nMIL STD 810H uyar\u0131nca koruyucu kaplama ile \u00e7al\u0131\u015fma s\u0131cakl\u0131\u011f\u0131n\u0131n \u00fczerinde (-20\u00b0C ila 50\u00b0C) bir\u00e7ok kez 1,8 m&#8217;den betona d\u00fc\u015fmeye dayan\u0131kl\u0131; MIL STD 810 H&#8217;ye g\u00f6re beton \u00fczerine 1,5 m&#8217;den bir\u00e7ok kez d\u00fc\u015fmeye dayan\u0131kl\u0131 (-10\u00b0C ila 50\u00b0C)<\/p>\n<p>YUVARLANMA DAYANIKLILIK \u00d6ZELL\u0130\u011e\u0130<br \/>\n0,5 m, koruyucu k\u0131l\u0131f olmadan oda s\u0131cakl\u0131\u011f\u0131nda yuvarlanma; oda s\u0131cakl\u0131\u011f\u0131nda koruyucu k\u0131l\u0131f ile 1000 kez 1 m yuvarlanma; IEC devrilme spesifikasyonunu kar\u015f\u0131lar veya a\u015far.<\/p>\n<p>IP MUHAFAZA<br \/>\nPilli IP68 ve IP65 (ilgili IEC muhafaza \u015fartnamesine uygun)[\/ld_fancy_heading][\/ld_tab_section][ld_tab_section title=&#8221;Sekt\u00f6rler&#8221; tab_id=&#8221;lqd-1653376168718-58aed1ab-67ee&#8221;][vc_column_text]<\/p>\n<ul>\n<li>Perakende<\/li>\n<li>Depo Y\u00f6netimi<\/li>\n<\/ul>\n<p>[\/vc_column_text][\/ld_tab_section][ld_tab_section title=&#8221;Kullan\u0131m Alanlar\u0131&#8221; tab_id=&#8221;lqd-1653376209483-3275f1cb-e370&#8243;][\/ld_tab_section][\/ld_tabs][\/vc_column][\/vc_row]<\/p>\n","protected":false},"excerpt":{"rendered":"<p>[vc_row][vc_column][vc_column_text css=&#8221;.vc_custom_1660048483710{margin-bottom: 1% !important;}&#8221;] D\u00d6RT DUVAR \u0130\u00c7\u0130NDE YEN\u0130 NES\u0130L VER\u0130 TOPLAMASINA G\u00dc\u00c7 SA\u011eLAYAN W\u0130-F\u0130 6E DAYANIKLI MOB\u0130L B\u0130LG\u0130SAYAR Wi-Fi 6E ve CBRS (yaln\u0131zca ABD) dahil \u00a0 en son mobil teknoloji geli\u015ftirmeleriyle donat\u0131lm\u0131\u015f dayan\u0131kl\u0131 yaln\u0131zca Wi-Fi TC53 Mobil Bilgisayar, SE4720 1 Boyutlu \/ 2 Boyutlu Tarama Motoru veya IntelliFocus\u2122 teknolojisine sahip SE55 1 Boyutlu \/ 2 [&hellip;]<\/p>\n","protected":false},"featured_media":735,"comment_status":"closed","ping_status":"closed","template":"","meta":{"_joinchat":[]},"product_brand":[],"product_cat":[39,38],"product_tag":[],"class_list":{"0":"post-34","1":"product","2":"type-product","3":"status-publish","4":"has-post-thumbnail","6":"product_cat-el-terminalleri","7":"product_cat-mobil-bilgisayarlar","9":"first","10":"instock","11":"taxable","12":"shipping-taxable","13":"product-type-simple"},"_links":{"self":[{"href":"https:\/\/terateknoloji.com.tr\/index.php\/wp-json\/wp\/v2\/product\/34","targetHints":{"allow":["GET"]}}],"collection":[{"href":"https:\/\/terateknoloji.com.tr\/index.php\/wp-json\/wp\/v2\/product"}],"about":[{"href":"https:\/\/terateknoloji.com.tr\/index.php\/wp-json\/wp\/v2\/types\/product"}],"replies":[{"embeddable":true,"href":"https:\/\/terateknoloji.com.tr\/index.php\/wp-json\/wp\/v2\/comments?post=34"}],"wp:featuredmedia":[{"embeddable":true,"href":"https:\/\/terateknoloji.com.tr\/index.php\/wp-json\/wp\/v2\/media\/735"}],"wp:attachment":[{"href":"https:\/\/terateknoloji.com.tr\/index.php\/wp-json\/wp\/v2\/media?parent=34"}],"wp:term":[{"taxonomy":"product_brand","embeddable":true,"href":"https:\/\/terateknoloji.com.tr\/index.php\/wp-json\/wp\/v2\/product_brand?post=34"},{"taxonomy":"product_cat","embeddable":true,"href":"https:\/\/terateknoloji.com.tr\/index.php\/wp-json\/wp\/v2\/product_cat?post=34"},{"taxonomy":"product_tag","embeddable":true,"href":"https:\/\/terateknoloji.com.tr\/index.php\/wp-json\/wp\/v2\/product_tag?post=34"}],"curies":[{"name":"wp","href":"https:\/\/api.w.org\/{rel}","templated":true}]}}