{"id":1591,"date":"2024-07-03T14:19:49","date_gmt":"2024-07-03T11:19:49","guid":{"rendered":"https:\/\/terateknoloji.com.tr\/?post_type=product&#038;p=1591"},"modified":"2024-07-03T14:34:45","modified_gmt":"2024-07-03T11:34:45","slug":"mc9400-mobil-bilgisayar","status":"publish","type":"product","link":"https:\/\/terateknoloji.com.tr\/index.php\/product\/mc9400-mobil-bilgisayar\/","title":{"rendered":"MC9400 Mobil Bilgisayar"},"content":{"rendered":"<p>[vc_row][vc_column][vc_column_text css=&#8221;.vc_custom_1720006088386{margin-bottom: 1% !important;}&#8221;]<\/p>\n<h4 class=\"content-callout productseries__subtitle\">Ultra Dayan\u0131kl\u0131 MC9000 Serisinde Bir Sonraki Evrim. \u015eimdi Daha Fazla G\u00fc\u00e7 ve Kablosuz Ba\u011flant\u0131 \u00d6zellikleri ile<\/h4>\n<div class=\"productseries__description\">\n<div class=\"cmp-product-summary__intro\">MC9400 en yeni mobil teknolojileri sunar. Daha h\u0131zl\u0131, yeni nesil end\u00fcstriyel uygulamalara g\u00fc\u00e7 vermeye haz\u0131r ve benzersiz bir geni\u015fletilmi\u015f tarama aral\u0131\u011f\u0131 sunan IntelliFocus\u2122 \u00f6zellikli SE58 Geni\u015fletilmi\u015f Menzilli Tarama Motoru ile. MC9300 aksesuarlar\u0131yla geriye d\u00f6n\u00fck tam uyumluluk sayesinde \u00fcretkenli\u011fi art\u0131ran en yeni mobilite \u00f6zelliklerine y\u00fckseltin.<\/div>\n<\/div>\n<p>[\/vc_column_text][ld_spacer][ld_tabs style=&#8221;style09&#8243;][ld_tab_section title=&#8221;\u00d6zellikler&#8221; tab_id=&#8221;lqd-1653376168701-49002ac4-c98b&#8221;][ld_fancy_heading tag=&#8221;p&#8221;]BOYUTLAR<br \/>\n240 mm U x 88 mm G x 189 mm Y<\/p>\n<p>A\u011eIRLIK<br \/>\nPil ile 26,2 oz.\/743 g<\/p>\n<p>\u0130\u015eLET\u0130M S\u0130STEM\u0130<br \/>\nAndroid 17\u2019ye y\u00fckseltilebilir<\/p>\n<p>CPU<br \/>\nQualcomm 4490 sekiz \u00e7ekirdekli; 2,4 GHz<\/p>\n<p>D\u00dc\u015eME DAYANIKLILIK \u00d6ZELL\u0130\u011e\u0130<br \/>\nMIL-STD-810H&#8217;ye g\u00f6re a\u015far: Betona 12 ft.\/3,65 m; MIL-STD-810H&#8217;yi a\u015fan s\u0131cakl\u0131kta (-20\u00b0C ila 50\u00b0C) betona d\u00fc\u015fme 8 ft. (2,4 m) kurumsal d\u00fc\u015f\u00fc\u015f standard\u0131<br \/>\n<b>Dondurucu s\u00fcr\u00fcm\u00fc<\/b>: MIL-STD810H&#8217;yi a\u015fan 7 ft. (2,1 m) y\u00fckseklikten betona d\u00fc\u015fme (-30\u00b0C ila 50\u00b0C)[\/ld_fancy_heading][\/ld_tab_section][ld_tab_section title=&#8221;Sekt\u00f6rler&#8221; tab_id=&#8221;lqd-1653376168718-58aed1ab-67ee&#8221;][vc_column_text]<\/p>\n<ul>\n<li>\u0130malat<\/li>\n<li>Perakende<\/li>\n<li>Depo Y\u00f6netimi<\/li>\n<\/ul>\n<p>[\/vc_column_text][\/ld_tab_section][ld_tab_section title=&#8221;Kullan\u0131m Alanlar\u0131&#8221; tab_id=&#8221;lqd-1653376209483-3275f1cb-e370&#8243;][vc_column_text]<\/p>\n<ul>\n<li>Stok Y\u00f6netimi<\/li>\n<li>Besleme Hatt\u0131 \u0130kmali<\/li>\n<li>G\u00fcvenlik Testi<\/li>\n<li>Kalite Kontrol Denetimleri<\/li>\n<li>Par\u00e7a Takibi<\/li>\n<li>Al\u0131m\/Saklama<\/li>\n<li>\u0130ade \u0130\u015flemleri<\/li>\n<li>Fiyat Kontrolleri\/De\u011fi\u015fiklikleri<\/li>\n<li>EDI (Elektronik Veri Al\u0131\u015fveri\u015fi)<\/li>\n<li>\u0130\u015flemleri\/Toplama<\/li>\n<li>\u00c7apraz Y\u00fckleme Operasyonlar\u0131<\/li>\n<\/ul>\n<p>[\/vc_column_text][\/ld_tab_section][\/ld_tabs][\/vc_column][\/vc_row]<\/p>\n","protected":false},"excerpt":{"rendered":"<p>[vc_row][vc_column][vc_column_text css=&#8221;.vc_custom_1720006088386{margin-bottom: 1% !important;}&#8221;] Ultra Dayan\u0131kl\u0131 MC9000 Serisinde Bir Sonraki Evrim. \u015eimdi Daha Fazla G\u00fc\u00e7 ve Kablosuz Ba\u011flant\u0131 \u00d6zellikleri ile MC9400 en yeni mobil teknolojileri sunar. Daha h\u0131zl\u0131, yeni nesil end\u00fcstriyel uygulamalara g\u00fc\u00e7 vermeye haz\u0131r ve benzersiz bir geni\u015fletilmi\u015f tarama aral\u0131\u011f\u0131 sunan IntelliFocus\u2122 \u00f6zellikli SE58 Geni\u015fletilmi\u015f Menzilli Tarama Motoru ile. MC9300 aksesuarlar\u0131yla geriye d\u00f6n\u00fck tam [&hellip;]<\/p>\n","protected":false},"featured_media":1592,"comment_status":"open","ping_status":"closed","template":"","meta":{"_joinchat":[]},"product_brand":[],"product_cat":[39,38],"product_tag":[],"class_list":{"0":"post-1591","1":"product","2":"type-product","3":"status-publish","4":"has-post-thumbnail","6":"product_cat-el-terminalleri","7":"product_cat-mobil-bilgisayarlar","9":"first","10":"instock","11":"taxable","12":"shipping-taxable","13":"product-type-simple"},"_links":{"self":[{"href":"https:\/\/terateknoloji.com.tr\/index.php\/wp-json\/wp\/v2\/product\/1591","targetHints":{"allow":["GET"]}}],"collection":[{"href":"https:\/\/terateknoloji.com.tr\/index.php\/wp-json\/wp\/v2\/product"}],"about":[{"href":"https:\/\/terateknoloji.com.tr\/index.php\/wp-json\/wp\/v2\/types\/product"}],"replies":[{"embeddable":true,"href":"https:\/\/terateknoloji.com.tr\/index.php\/wp-json\/wp\/v2\/comments?post=1591"}],"wp:featuredmedia":[{"embeddable":true,"href":"https:\/\/terateknoloji.com.tr\/index.php\/wp-json\/wp\/v2\/media\/1592"}],"wp:attachment":[{"href":"https:\/\/terateknoloji.com.tr\/index.php\/wp-json\/wp\/v2\/media?parent=1591"}],"wp:term":[{"taxonomy":"product_brand","embeddable":true,"href":"https:\/\/terateknoloji.com.tr\/index.php\/wp-json\/wp\/v2\/product_brand?post=1591"},{"taxonomy":"product_cat","embeddable":true,"href":"https:\/\/terateknoloji.com.tr\/index.php\/wp-json\/wp\/v2\/product_cat?post=1591"},{"taxonomy":"product_tag","embeddable":true,"href":"https:\/\/terateknoloji.com.tr\/index.php\/wp-json\/wp\/v2\/product_tag?post=1591"}],"curies":[{"name":"wp","href":"https:\/\/api.w.org\/{rel}","templated":true}]}}