{"id":1590,"date":"2024-07-03T14:18:17","date_gmt":"2024-07-03T11:18:17","guid":{"rendered":"https:\/\/terateknoloji.com.tr\/?post_type=product&#038;p=1590"},"modified":"2024-07-03T14:18:17","modified_gmt":"2024-07-03T11:18:17","slug":"mc9300-mobil-bilgisayar-3","status":"publish","type":"product","link":"https:\/\/terateknoloji.com.tr\/index.php\/product\/mc9300-mobil-bilgisayar-3\/","title":{"rendered":"MC9300 Mobil Bilgisayar"},"content":{"rendered":"<p>[vc_row][vc_column][vc_column_text css=&#8221;.vc_custom_1660051394622{margin-bottom: 1% !important;}&#8221;]<\/p>\n<h4 class=\"content-callout productseries__subtitle\">EN GEL\u0130\u015eM\u0130\u015e ANDRO\u0130D ULTRA DAYANIKLI MOB\u0130L B\u0130LG\u0130SAYAR<\/h4>\n<div class=\"productseries__description\">\n<p>D\u00fcnyan\u0131n en \u00e7ok sat\u0131lan yeni nesil end\u00fcstriyel bilgisayar\u0131 ile deponuzda verimlilik ve \u00fcretkenli\u011fi art\u0131r\u0131n. Microsoft Teams taraf\u0131ndan Walkie Talkie uygulamas\u0131n\u0131 \u00e7al\u0131\u015ft\u0131rmak i\u00e7in onayland\u0131.<\/p>\n<\/div>\n<p>[\/vc_column_text][ld_spacer][ld_tabs style=&#8221;style09&#8243;][ld_tab_section title=&#8221;\u00d6zellikler&#8221; tab_id=&#8221;lqd-1653376168701-49002ac4-c98b&#8221;][ld_fancy_heading tag=&#8221;p&#8221;]BOYUTLAR<br \/>\n9,4 in\u00e7 U x 3,5 in\u00e7 G x 7,4 in\u00e7 Y<br \/>\n240 mm U x 88 mm G x 189 mm Y<\/p>\n<p>A\u011eIRLIK<br \/>\nPil ile 26,9 oz.\/765g<\/p>\n<p>\u0130\u015eLET\u0130M S\u0130STEM\u0130<br \/>\nAndroid 11, Android 14&#8217;e y\u00fckseltilebilir<\/p>\n<p>CPU<br \/>\nQualcomm Snapdragon\u2122 660 octa-core, 2.2 GHz<\/p>\n<p>D\u00dc\u015eME DAYANIKLILIK \u00d6ZELL\u0130\u011e\u0130<br \/>\nStandart:<br \/>\nMIL-STD-810G uyar\u0131nca oda s\u0131cakl\u0131\u011f\u0131nda 10 fit (3,1 m) y\u00fckseklikten d\u00fc\u015fmeler<br \/>\nMIL-STD-810G ba\u015f\u0131na oda s\u0131cakl\u0131\u011f\u0131nda betona 8 fit (2,4 m) seviyeden d\u00fc\u015f\u00fc\u015f<\/p>\n<p>Dondurucu:<br \/>\nMIL-STD-810G ba\u015f\u0131na oda s\u0131cakl\u0131\u011f\u0131nda betona 7 fit (2,1 m) seviyeden d\u00fc\u015f\u00fc\u015f[\/ld_fancy_heading][\/ld_tab_section][ld_tab_section title=&#8221;Sekt\u00f6rler&#8221; tab_id=&#8221;lqd-1653376168718-58aed1ab-67ee&#8221;][vc_column_text]<\/p>\n<ul>\n<li>\u0130malat<\/li>\n<li>Perakende<\/li>\n<li>Depo Y\u00f6netimi<\/li>\n<\/ul>\n<p>[\/vc_column_text][\/ld_tab_section][ld_tab_section title=&#8221;Kullan\u0131m Alanlar\u0131&#8221; tab_id=&#8221;lqd-1653376209483-3275f1cb-e370&#8243;][vc_column_text]<\/p>\n<ul>\n<li>Stok Y\u00f6netimi<\/li>\n<li>Besleme Hatt\u0131 \u0130kmali<\/li>\n<li>G\u00fcvenlik Testi<\/li>\n<li>Kalite Kontrol Denetimleri<\/li>\n<li>Par\u00e7a Takibi<\/li>\n<li>Al\u0131m\/Saklama<\/li>\n<li>\u0130ade \u0130\u015flemleri<\/li>\n<li>Fiyat Kontrolleri\/De\u011fi\u015fiklikleri<\/li>\n<li>EDI (Elektronik Veri Al\u0131\u015fveri\u015fi)<\/li>\n<li>\u0130\u015flemleri\/Toplama<\/li>\n<li>\u00c7apraz Y\u00fckleme Operasyonlar\u0131<\/li>\n<\/ul>\n<p>[\/vc_column_text][\/ld_tab_section][\/ld_tabs][\/vc_column][\/vc_row]<\/p>\n","protected":false},"excerpt":{"rendered":"<p>[vc_row][vc_column][vc_column_text css=&#8221;.vc_custom_1660051394622{margin-bottom: 1% !important;}&#8221;] EN GEL\u0130\u015eM\u0130\u015e ANDRO\u0130D ULTRA DAYANIKLI MOB\u0130L B\u0130LG\u0130SAYAR D\u00fcnyan\u0131n en \u00e7ok sat\u0131lan yeni nesil end\u00fcstriyel bilgisayar\u0131 ile deponuzda verimlilik ve \u00fcretkenli\u011fi art\u0131r\u0131n. Microsoft Teams taraf\u0131ndan Walkie Talkie uygulamas\u0131n\u0131 \u00e7al\u0131\u015ft\u0131rmak i\u00e7in onayland\u0131. [\/vc_column_text][ld_spacer][ld_tabs style=&#8221;style09&#8243;][ld_tab_section title=&#8221;\u00d6zellikler&#8221; tab_id=&#8221;lqd-1653376168701-49002ac4-c98b&#8221;][ld_fancy_heading tag=&#8221;p&#8221;]BOYUTLAR 9,4 in\u00e7 U x 3,5 in\u00e7 G x 7,4 in\u00e7 Y 240 mm U x 88 [&hellip;]<\/p>\n","protected":false},"featured_media":761,"comment_status":"open","ping_status":"closed","template":"","meta":{"_joinchat":[]},"product_brand":[],"product_cat":[39,38],"product_tag":[],"class_list":{"0":"post-1590","1":"product","2":"type-product","3":"status-publish","4":"has-post-thumbnail","6":"product_cat-el-terminalleri","7":"product_cat-mobil-bilgisayarlar","9":"first","10":"instock","11":"taxable","12":"shipping-taxable","13":"product-type-simple"},"_links":{"self":[{"href":"https:\/\/terateknoloji.com.tr\/index.php\/wp-json\/wp\/v2\/product\/1590","targetHints":{"allow":["GET"]}}],"collection":[{"href":"https:\/\/terateknoloji.com.tr\/index.php\/wp-json\/wp\/v2\/product"}],"about":[{"href":"https:\/\/terateknoloji.com.tr\/index.php\/wp-json\/wp\/v2\/types\/product"}],"replies":[{"embeddable":true,"href":"https:\/\/terateknoloji.com.tr\/index.php\/wp-json\/wp\/v2\/comments?post=1590"}],"wp:featuredmedia":[{"embeddable":true,"href":"https:\/\/terateknoloji.com.tr\/index.php\/wp-json\/wp\/v2\/media\/761"}],"wp:attachment":[{"href":"https:\/\/terateknoloji.com.tr\/index.php\/wp-json\/wp\/v2\/media?parent=1590"}],"wp:term":[{"taxonomy":"product_brand","embeddable":true,"href":"https:\/\/terateknoloji.com.tr\/index.php\/wp-json\/wp\/v2\/product_brand?post=1590"},{"taxonomy":"product_cat","embeddable":true,"href":"https:\/\/terateknoloji.com.tr\/index.php\/wp-json\/wp\/v2\/product_cat?post=1590"},{"taxonomy":"product_tag","embeddable":true,"href":"https:\/\/terateknoloji.com.tr\/index.php\/wp-json\/wp\/v2\/product_tag?post=1590"}],"curies":[{"name":"wp","href":"https:\/\/api.w.org\/{rel}","templated":true}]}}