{"id":1551,"date":"2022-11-08T12:25:47","date_gmt":"2022-11-08T09:25:47","guid":{"rendered":"https:\/\/terateknoloji.com.tr\/?post_type=product&#038;p=1551"},"modified":"2022-11-08T12:43:36","modified_gmt":"2022-11-08T09:43:36","slug":"zt231-endustriyel-yazici","status":"publish","type":"product","link":"https:\/\/terateknoloji.com.tr\/index.php\/product\/zt231-endustriyel-yazici\/","title":{"rendered":"ZT231 End\u00fcstriyel Yaz\u0131c\u0131"},"content":{"rendered":"<p>[vc_row][vc_column][vc_column_text css=&#8221;.vc_custom_1667900411705{margin-bottom: 1% !important;}&#8221;]<\/p>\n<h4 class=\"content-callout\">EKONOM\u0130K BASKI<\/h4>\n<p>Uygun fiyatl\u0131 ZT231, 4 in\u00e7lik end\u00fcstriyel termal transfer ve direkt termal bask\u0131 uygulamalar\u0131n\u0131z\u0131 kar\u015f\u0131lamaya haz\u0131r. Kolay bir aray\u00fcz ve geni\u015f renkli dokunmatik ekran ile kullan\u0131m\u0131 kolayd\u0131r ve bir bak\u0131\u015fta durumu g\u00f6sterir. Artan uyumluluk standartlar\u0131n\u0131 kar\u015f\u0131lamak i\u00e7in yerinde ortam i\u015fleme ve ba\u011flant\u0131 se\u00e7enekleri ve hatta RFID yazd\u0131rma ve kodlama ekleyin.[\/vc_column_text][ld_spacer][ld_tabs style=&#8221;style09&#8243;][ld_tab_section title=&#8221;\u00d6zellikler&#8221; tab_id=&#8221;lqd-1653376168701-49002ac4-c98b&#8221;][ld_fancy_heading tag=&#8221;p&#8221;]MAKS\u0130MUM BASKI GEN\u0130\u015eL\u0130\u011e\u0130<br \/>\n4.09 in\u00e7\/104 mm<\/p>\n<p>BASKI \u00c7\u00d6Z\u00dcN\u00dcRL\u00dc\u011e\u00dc<br \/>\n203 dpi\/8 nokta\/mm<br \/>\nmm ba\u015f\u0131na 300 dpi\/12 nokta (opsiyonel)<br \/>\nMAKS\u0130MUM BASKI HIZI<br \/>\n12 in\u00e7\/305 mm\/saniye (203 dpi)<br \/>\n8 in\u00e7\/203 mm\/saniye (300 dpi)<\/p>\n<p>\u0130N\u015eAAT<br \/>\nDayan\u0131kl\u0131 t\u00fcm metal \u00e7er\u00e7eve ve metal muhafaza<br \/>\n\u0130LET\u0130\u015e\u0130M Y\u00d6NTEMLER\u0130<br \/>\nUSB 2.0<br \/>\nSeri RS-232 Ba\u011flant\u0131 Noktas\u0131<br \/>\nEthernet 10\/100<br \/>\nUSB Sunucu<br \/>\n\u0130ste\u011fe ba\u011fl\u0131 802.11ac Wi-Fi<br \/>\n\u0130ste\u011fe Ba\u011fl\u0131 Ethernet 10\/100<br \/>\nOpsiyonel Aplikat\u00f6r Aray\u00fcz\u00fc<\/p>\n<p>A\u011eIRLIK<br \/>\nZT231: 9,1 kg<br \/>\nLiner Sarma \u00dcniteli ZT231: 10,9 kg[\/ld_fancy_heading][\/ld_tab_section][ld_tab_section title=&#8221;Sekt\u00f6rler&#8221; tab_id=&#8221;lqd-1653376168718-58aed1ab-67ee&#8221;][vc_column_text]<\/p>\n<ul>\n<li>Sa\u011fl\u0131k sekt\u00f6r\u00fc<\/li>\n<li>Ta\u015f\u0131mac\u0131l\u0131k<\/li>\n<li>Perakende<\/li>\n<li>\u0130malat<\/li>\n<\/ul>\n<p>[\/vc_column_text][\/ld_tab_section][ld_tab_section title=&#8221;Kullan\u0131m Alanlar\u0131&#8221; tab_id=&#8221;lqd-1667898844712-71923548-847c&#8221;][vc_column_text]<\/p>\n<ul>\n<li>Yar\u0131 Mamul \u00dcr\u00fcnler<\/li>\n<li>\u00dcr\u00fcn Ad\u0131\/Seri Numaralar\u0131<\/li>\n<li>Ambalaj Etiketleri<\/li>\n<li>Al\u0131m\/Saklama Etiketleri<\/li>\n<li>Sipari\u015f Alma\/Paketleme<\/li>\n<li>G\u00f6nderim ve al\u0131m<\/li>\n<li>\u00c7apraz Y\u00fckleme<\/li>\n<li>Mevzuata Uygunluk Etiketi<\/li>\n<li>Laboratuvar Etiketleri\/ Eczane Etiketleri<\/li>\n<li>Online Al\u0131\u015fveri\u015f, Ma\u011fazadan Teslimat etiketleri<\/li>\n<\/ul>\n<p>[\/vc_column_text][\/ld_tab_section][\/ld_tabs][\/vc_column][\/vc_row]<\/p>\n","protected":false},"excerpt":{"rendered":"<p>[vc_row][vc_column][vc_column_text css=&#8221;.vc_custom_1667900411705{margin-bottom: 1% !important;}&#8221;] EKONOM\u0130K BASKI Uygun fiyatl\u0131 ZT231, 4 in\u00e7lik end\u00fcstriyel termal transfer ve direkt termal bask\u0131 uygulamalar\u0131n\u0131z\u0131 kar\u015f\u0131lamaya haz\u0131r. Kolay bir aray\u00fcz ve geni\u015f renkli dokunmatik ekran ile kullan\u0131m\u0131 kolayd\u0131r ve bir bak\u0131\u015fta durumu g\u00f6sterir. Artan uyumluluk standartlar\u0131n\u0131 kar\u015f\u0131lamak i\u00e7in yerinde ortam i\u015fleme ve ba\u011flant\u0131 se\u00e7enekleri ve hatta RFID yazd\u0131rma ve kodlama ekleyin.[\/vc_column_text][ld_spacer][ld_tabs [&hellip;]<\/p>\n","protected":false},"featured_media":1552,"comment_status":"closed","ping_status":"closed","template":"","meta":{"_joinchat":[]},"product_brand":[],"product_cat":[47,43],"product_tag":[],"class_list":{"0":"post-1551","1":"product","2":"type-product","3":"status-publish","4":"has-post-thumbnail","6":"product_cat-endustriyel-yazicilar","7":"product_cat-yazicilar","9":"first","10":"instock","11":"taxable","12":"shipping-taxable","13":"product-type-simple"},"_links":{"self":[{"href":"https:\/\/terateknoloji.com.tr\/index.php\/wp-json\/wp\/v2\/product\/1551","targetHints":{"allow":["GET"]}}],"collection":[{"href":"https:\/\/terateknoloji.com.tr\/index.php\/wp-json\/wp\/v2\/product"}],"about":[{"href":"https:\/\/terateknoloji.com.tr\/index.php\/wp-json\/wp\/v2\/types\/product"}],"replies":[{"embeddable":true,"href":"https:\/\/terateknoloji.com.tr\/index.php\/wp-json\/wp\/v2\/comments?post=1551"}],"wp:featuredmedia":[{"embeddable":true,"href":"https:\/\/terateknoloji.com.tr\/index.php\/wp-json\/wp\/v2\/media\/1552"}],"wp:attachment":[{"href":"https:\/\/terateknoloji.com.tr\/index.php\/wp-json\/wp\/v2\/media?parent=1551"}],"wp:term":[{"taxonomy":"product_brand","embeddable":true,"href":"https:\/\/terateknoloji.com.tr\/index.php\/wp-json\/wp\/v2\/product_brand?post=1551"},{"taxonomy":"product_cat","embeddable":true,"href":"https:\/\/terateknoloji.com.tr\/index.php\/wp-json\/wp\/v2\/product_cat?post=1551"},{"taxonomy":"product_tag","embeddable":true,"href":"https:\/\/terateknoloji.com.tr\/index.php\/wp-json\/wp\/v2\/product_tag?post=1551"}],"curies":[{"name":"wp","href":"https:\/\/api.w.org\/{rel}","templated":true}]}}