{"id":1367,"date":"2022-08-15T23:27:21","date_gmt":"2022-08-15T20:27:21","guid":{"rendered":"http:\/\/terateknoloji.com.tr\/?post_type=product&#038;p=1367"},"modified":"2022-11-18T10:40:54","modified_gmt":"2022-11-18T07:40:54","slug":"220xi4-endustriyel-yazici","status":"publish","type":"product","link":"https:\/\/terateknoloji.com.tr\/index.php\/product\/220xi4-endustriyel-yazici\/","title":{"rendered":"220Xi4 End\u00fcstriyel Yaz\u0131c\u0131"},"content":{"rendered":"<p>[vc_row][vc_column][vc_column_text css=&#8221;.vc_custom_1660595403610{margin-bottom: 1% !important;}&#8221;]<\/p>\n<p class=\"content-callout\">Kimyasal tambur ve di\u011fer geni\u015f etiketli uygulamalar\u0131n h\u0131zl\u0131 bask\u0131s\u0131 i\u00e7in tasarlanm\u0131\u015f bu termal etiket yaz\u0131c\u0131n\u0131n sa\u011flam dayan\u0131kl\u0131l\u0131\u011f\u0131na g\u00fcvendi\u011finizde y\u00fcksek performans elde edece\u011finizden emin olabilirsiniz.<\/p>\n<p>[\/vc_column_text][ld_spacer][ld_tabs style=&#8221;style09&#8243;][ld_tab_section title=&#8221;\u00d6zellikler&#8221; tab_id=&#8221;lqd-1653376168701-49002ac4-c98b&#8221;][ld_fancy_heading tag=&#8221;div&#8221; alignment=&#8221;text-left&#8221;]BASKI GEN\u0130\u015eL\u0130\u011e\u0130<br \/>\n8.5\u201d\/216 mm<\/p>\n<p>BASKI \u00c7\u00d6Z\u00dcN\u00dcRL\u00dc\u011e\u00dc<br \/>\n203 dpi \u00e7\u00f6z\u00fcn\u00fcrl\u00fck<br \/>\n300 dpi \u00e7\u00f6z\u00fcn\u00fcrl\u00fck (opsiyonel)<\/p>\n<p>MAKS\u0130MUM BASKI HIZI<br \/>\nSaniyede 10\u201d\/254 mm\u2019ye kadar<\/p>\n<p>\u0130N\u015eAAT<br \/>\nTamamen metal<\/p>\n<p>\u0130LET\u0130\u015e\u0130M Y\u00d6NTEMLER\u0130<br \/>\nStandart:<br \/>\nOtomatik tespit \u00f6zelli\u011fine sahip, iki y\u00f6nl\u00fc paralel ve seri RS-232 portlar<br \/>\nUSB 2.0 portu<br \/>\nDahili ZebraNet\u2122 10\/100 Yaz\u0131c\u0131 Sunucusu<br \/>\nOpsiyonel:<br \/>\nZebraNet 802.11 b\/g Yaz\u0131c\u0131 Sunucusu[\/ld_fancy_heading][\/ld_tab_section][ld_tab_section title=&#8221;Sekt\u00f6rler&#8221; tab_id=&#8221;lqd-1653376168718-58aed1ab-67ee&#8221;][vc_column_text]<\/p>\n<ul>\n<li>Ta\u015f\u0131mac\u0131l\u0131k<\/li>\n<li>Perakende<\/li>\n<li>\u0130malat<\/li>\n<\/ul>\n<p>[\/vc_column_text][\/ld_tab_section][ld_tab_section title=&#8221;Kullan\u0131m Alanlar\u0131&#8221; tab_id=&#8221;lqd-1653376209483-3275f1cb-e370&#8243;][vc_column_text]<\/p>\n<ul>\n<li>Takip ve \u0130zleme<\/li>\n<li>Barkod Do\u011frulama<\/li>\n<\/ul>\n<p>[\/vc_column_text][\/ld_tab_section][\/ld_tabs][\/vc_column][\/vc_row]<\/p>\n","protected":false},"excerpt":{"rendered":"<p>[vc_row][vc_column][vc_column_text css=&#8221;.vc_custom_1660595403610{margin-bottom: 1% !important;}&#8221;] Kimyasal tambur ve di\u011fer geni\u015f etiketli uygulamalar\u0131n h\u0131zl\u0131 bask\u0131s\u0131 i\u00e7in tasarlanm\u0131\u015f bu termal etiket yaz\u0131c\u0131n\u0131n sa\u011flam dayan\u0131kl\u0131l\u0131\u011f\u0131na g\u00fcvendi\u011finizde y\u00fcksek performans elde edece\u011finizden emin olabilirsiniz. [\/vc_column_text][ld_spacer][ld_tabs style=&#8221;style09&#8243;][ld_tab_section title=&#8221;\u00d6zellikler&#8221; tab_id=&#8221;lqd-1653376168701-49002ac4-c98b&#8221;][ld_fancy_heading tag=&#8221;div&#8221; alignment=&#8221;text-left&#8221;]BASKI GEN\u0130\u015eL\u0130\u011e\u0130 8.5\u201d\/216 mm BASKI \u00c7\u00d6Z\u00dcN\u00dcRL\u00dc\u011e\u00dc 203 dpi \u00e7\u00f6z\u00fcn\u00fcrl\u00fck 300 dpi \u00e7\u00f6z\u00fcn\u00fcrl\u00fck (opsiyonel) MAKS\u0130MUM BASKI HIZI Saniyede 10\u201d\/254 mm\u2019ye kadar \u0130N\u015eAAT Tamamen [&hellip;]<\/p>\n","protected":false},"featured_media":1369,"comment_status":"closed","ping_status":"closed","template":"","meta":{"_joinchat":[]},"product_brand":[],"product_cat":[47,43],"product_tag":[],"class_list":{"0":"post-1367","1":"product","2":"type-product","3":"status-publish","4":"has-post-thumbnail","6":"product_cat-endustriyel-yazicilar","7":"product_cat-yazicilar","9":"first","10":"instock","11":"taxable","12":"shipping-taxable","13":"product-type-simple"},"_links":{"self":[{"href":"https:\/\/terateknoloji.com.tr\/index.php\/wp-json\/wp\/v2\/product\/1367","targetHints":{"allow":["GET"]}}],"collection":[{"href":"https:\/\/terateknoloji.com.tr\/index.php\/wp-json\/wp\/v2\/product"}],"about":[{"href":"https:\/\/terateknoloji.com.tr\/index.php\/wp-json\/wp\/v2\/types\/product"}],"replies":[{"embeddable":true,"href":"https:\/\/terateknoloji.com.tr\/index.php\/wp-json\/wp\/v2\/comments?post=1367"}],"wp:featuredmedia":[{"embeddable":true,"href":"https:\/\/terateknoloji.com.tr\/index.php\/wp-json\/wp\/v2\/media\/1369"}],"wp:attachment":[{"href":"https:\/\/terateknoloji.com.tr\/index.php\/wp-json\/wp\/v2\/media?parent=1367"}],"wp:term":[{"taxonomy":"product_brand","embeddable":true,"href":"https:\/\/terateknoloji.com.tr\/index.php\/wp-json\/wp\/v2\/product_brand?post=1367"},{"taxonomy":"product_cat","embeddable":true,"href":"https:\/\/terateknoloji.com.tr\/index.php\/wp-json\/wp\/v2\/product_cat?post=1367"},{"taxonomy":"product_tag","embeddable":true,"href":"https:\/\/terateknoloji.com.tr\/index.php\/wp-json\/wp\/v2\/product_tag?post=1367"}],"curies":[{"name":"wp","href":"https:\/\/api.w.org\/{rel}","templated":true}]}}