{"id":1362,"date":"2022-08-15T23:24:00","date_gmt":"2022-08-15T20:24:00","guid":{"rendered":"http:\/\/terateknoloji.com.tr\/?post_type=product&#038;p=1362"},"modified":"2022-08-15T23:25:35","modified_gmt":"2022-08-15T20:25:35","slug":"vs70-makine-gorusu-akilli-kamera","status":"publish","type":"product","link":"https:\/\/terateknoloji.com.tr\/index.php\/product\/vs70-makine-gorusu-akilli-kamera\/","title":{"rendered":"VS70 Makine G\u00f6r\u00fc\u015f\u00fc Ak\u0131ll\u0131 Kamera"},"content":{"rendered":"<p>[vc_row][vc_column][vc_column_text css=&#8221;.vc_custom_1660595087202{margin-bottom: 1% !important;}&#8221;]<\/p>\n<h4 class=\"content-callout\">\u00d6ZEL KONTROL \u0130HT\u0130YA\u00c7LARINI KAR\u015eILAMAK \u0130\u00c7\u0130N TAMAMEN \u00d6ZELLE\u015eT\u0130R\u0130LEB\u0130L\u0130R<\/h4>\n<p>Ki\u015fiselle\u015ftirilebilir VS70, karma\u015f\u0131k s\u00fcre\u00e7ler ve \u00e7evresel zorluklar\u0131 hedef alabilir. \u0130ster b\u00fcy\u00fck par\u00e7alar\u0131 yakalamak i\u00e7in geni\u015f a\u00e7\u0131l\u0131 bir lense, ister uzaktaki bir par\u00e7ay\u0131 incelemek i\u00e7in bir yak\u0131nla\u015ft\u0131rma lensine, ister hassas \u00f6l\u00e7\u00fcmler i\u00e7in \u00f6zel bir lense ihtiyac\u0131n\u0131z olsun, VS70 sayesinde bunlar\u0131n hepsini yapabilirsiniz. Tek bir yaz\u0131l\u0131m lisans\u0131n\u0131 almakla daha ileri d\u00fczey \u00f6zelliklere y\u00fckseltme yapabilirsiniz. Ayr\u0131ca, Zebra Aurora yaz\u0131l\u0131m platformu sayesinde VS70 ve di\u011fer t\u00fcm Zebra End\u00fcstriyel Machine Vision ve Sabit Okuyucu portf\u00f6y\u00fcn\u00fc kolayca kurabilir, etkinle\u015ftirebilir ve \u00e7al\u0131\u015ft\u0131rabilirsiniz.[\/vc_column_text][ld_spacer][ld_tabs style=&#8221;style09&#8243;][ld_tab_section title=&#8221;\u00d6zellikler&#8221; tab_id=&#8221;lqd-1653376168701-49002ac4-c98b&#8221;][ld_fancy_heading tag=&#8221;div&#8221; alignment=&#8221;text-left&#8221;]AURORA\u2122 YAZILIMI<br \/>\nSezgisel platform, VS70\u2019in kurulumunu, etkinle\u015ftirilmesini ve \u00e7al\u0131\u015ft\u0131r\u0131lmas\u0131n\u0131 kolayla\u015ft\u0131r\u0131r<\/p>\n<p>ZEBRA\u2019YA \u00d6ZEL \u00d6ZELL\u0130KLER<br \/>\nImagePerfect+, Golden Image Compare, Feasibility Setup Assistant ve daha fazlas\u0131<\/p>\n<p>L\u0130SANS Y\u00dcKSELTMELER<br \/>\nKod \u00e7\u00f6zme Paketleri ve Machine Vision Ara\u00e7 Setleri<\/p>\n<p>ARAY\u00dcZ BA\u011eLANTI NOKTALARI<br \/>\nDual Ethernet, PoE, USB-C, Serial<\/p>\n<p>G\u00d6R\u00dcNT\u00dc SENS\u00d6R\u00dc<br \/>\nMonokrom: Global Shutter ve 3,0 um Piksel Boyutuna sahip 2,3 ve 5,1 MP Monokrom ve Renkli CMOS Sens\u00f6r<\/p>\n<p>YAPILANDIRILAB\u0130L\u0130R IO<br \/>\nDigital IO art\u0131 \u0131\u015f\u0131k kontrol\u00fc<\/p>\n<p>\u0130LET\u0130\u015e\u0130M PROTOKOLLER\u0130<br \/>\nEthernet\/IP, PROFINET, CC-Link, Modbus TCP, TCP\/IP[\/ld_fancy_heading][\/ld_tab_section][ld_tab_section title=&#8221;Sekt\u00f6rler&#8221; tab_id=&#8221;lqd-1653376168718-58aed1ab-67ee&#8221;][vc_column_text]<\/p>\n<ul>\n<li>Depo Y\u00f6netimi<\/li>\n<li>\u0130malat<\/li>\n<\/ul>\n<p>[\/vc_column_text][\/ld_tab_section][ld_tab_section title=&#8221;Kullan\u0131m Alanlar\u0131&#8221; tab_id=&#8221;lqd-1653376209483-3275f1cb-e370&#8243;][vc_column_text]<\/p>\n<ul>\n<li>Kalite Kontrolleri<\/li>\n<li>Takip ve \u0130zleme<\/li>\n<\/ul>\n<p>[\/vc_column_text][\/ld_tab_section][\/ld_tabs][\/vc_column][\/vc_row]<\/p>\n","protected":false},"excerpt":{"rendered":"<p>[vc_row][vc_column][vc_column_text css=&#8221;.vc_custom_1660595087202{margin-bottom: 1% !important;}&#8221;] \u00d6ZEL KONTROL \u0130HT\u0130YA\u00c7LARINI KAR\u015eILAMAK \u0130\u00c7\u0130N TAMAMEN \u00d6ZELLE\u015eT\u0130R\u0130LEB\u0130L\u0130R Ki\u015fiselle\u015ftirilebilir VS70, karma\u015f\u0131k s\u00fcre\u00e7ler ve \u00e7evresel zorluklar\u0131 hedef alabilir. \u0130ster b\u00fcy\u00fck par\u00e7alar\u0131 yakalamak i\u00e7in geni\u015f a\u00e7\u0131l\u0131 bir lense, ister uzaktaki bir par\u00e7ay\u0131 incelemek i\u00e7in bir yak\u0131nla\u015ft\u0131rma lensine, ister hassas \u00f6l\u00e7\u00fcmler i\u00e7in \u00f6zel bir lense ihtiyac\u0131n\u0131z olsun, VS70 sayesinde bunlar\u0131n hepsini yapabilirsiniz. Tek bir yaz\u0131l\u0131m [&hellip;]<\/p>\n","protected":false},"featured_media":1365,"comment_status":"closed","ping_status":"closed","template":"","meta":{"_joinchat":[]},"product_brand":[],"product_cat":[49,59,61],"product_tag":[],"class_list":{"0":"post-1362","1":"product","2":"type-product","3":"status-publish","4":"has-post-thumbnail","6":"product_cat-barkod-okuyucular","7":"product_cat-endustriyel-machine-vision-ve-sabit-okuyucular","8":"product_cat-machine-vision-sistemleri","10":"first","11":"instock","12":"taxable","13":"shipping-taxable","14":"product-type-simple"},"_links":{"self":[{"href":"https:\/\/terateknoloji.com.tr\/index.php\/wp-json\/wp\/v2\/product\/1362","targetHints":{"allow":["GET"]}}],"collection":[{"href":"https:\/\/terateknoloji.com.tr\/index.php\/wp-json\/wp\/v2\/product"}],"about":[{"href":"https:\/\/terateknoloji.com.tr\/index.php\/wp-json\/wp\/v2\/types\/product"}],"replies":[{"embeddable":true,"href":"https:\/\/terateknoloji.com.tr\/index.php\/wp-json\/wp\/v2\/comments?post=1362"}],"wp:featuredmedia":[{"embeddable":true,"href":"https:\/\/terateknoloji.com.tr\/index.php\/wp-json\/wp\/v2\/media\/1365"}],"wp:attachment":[{"href":"https:\/\/terateknoloji.com.tr\/index.php\/wp-json\/wp\/v2\/media?parent=1362"}],"wp:term":[{"taxonomy":"product_brand","embeddable":true,"href":"https:\/\/terateknoloji.com.tr\/index.php\/wp-json\/wp\/v2\/product_brand?post=1362"},{"taxonomy":"product_cat","embeddable":true,"href":"https:\/\/terateknoloji.com.tr\/index.php\/wp-json\/wp\/v2\/product_cat?post=1362"},{"taxonomy":"product_tag","embeddable":true,"href":"https:\/\/terateknoloji.com.tr\/index.php\/wp-json\/wp\/v2\/product_tag?post=1362"}],"curies":[{"name":"wp","href":"https:\/\/api.w.org\/{rel}","templated":true}]}}