{"id":1360,"date":"2022-08-15T23:21:50","date_gmt":"2022-08-15T20:21:50","guid":{"rendered":"http:\/\/terateknoloji.com.tr\/?post_type=product&#038;p=1360"},"modified":"2022-08-15T23:23:39","modified_gmt":"2022-08-15T20:23:39","slug":"vs40-makine-gorusu-akilli-kamera","status":"publish","type":"product","link":"https:\/\/terateknoloji.com.tr\/index.php\/product\/vs40-makine-gorusu-akilli-kamera\/","title":{"rendered":"VS40 Makine G\u00f6r\u00fc\u015f\u00fc Ak\u0131ll\u0131 Kamera"},"content":{"rendered":"<p>[vc_row][vc_column][vc_column_text css=&#8221;.vc_custom_1660594970677{margin-bottom: 1% !important;}&#8221;]<\/p>\n<h4 class=\"content-callout\">MACH\u0130NE V\u0130S\u0130ON UYGULAMALARI \u0130\u00c7\u0130N TEK PAKETTE KAPSAMLI \u00d6ZELL\u0130KLER<\/h4>\n<p>VS40 karma\u015f\u0131k kontrol uygulamalar\u0131n\u0131 halletmek i\u00e7in gereken geni\u015f bir kapasite setini tek bir pakette sunar. Aral\u0131k, ayd\u0131nlatma, ba\u011flanabilirlik, g\u00fc\u00e7 ve daha fazlas\u0131 aras\u0131ndan se\u00e7im yaparak cihaz\u0131n\u0131z\u0131 i\u015f ihtiya\u00e7lar\u0131n\u0131za g\u00f6re ki\u015fiselle\u015ftirin. Ayr\u0131ca, basit yaz\u0131l\u0131m g\u00fcncellemeler ile ileri d\u00fczey \u00f6zellikler de ekleyebilirsiniz.[\/vc_column_text][ld_spacer][ld_tabs style=&#8221;style09&#8243;][ld_tab_section title=&#8221;\u00d6zellikler&#8221; tab_id=&#8221;lqd-1653376168701-49002ac4-c98b&#8221;][ld_fancy_heading tag=&#8221;div&#8221; alignment=&#8221;text-left&#8221;]AURORA\u2122 YAZILIMI<br \/>\nSezgisel platform, VS40\u2019\u0131n kurulumunu, etkinle\u015ftirilmesini ve \u00e7al\u0131\u015ft\u0131r\u0131lmas\u0131n\u0131 kolayla\u015ft\u0131r\u0131r<\/p>\n<p>ZEBRA\u2019YA \u00d6ZEL \u00d6ZELL\u0130KLER<br \/>\nImagePerfect+, Golden Image Compare, Feasibility Setup Assistant ve daha fazlas\u0131<\/p>\n<p>L\u0130SANS Y\u00dcKSELTMELER<br \/>\nDe\u015fifre Paketleri ve Machine Vision Ara\u00e7 Setleri<\/p>\n<p>ARAY\u00dcZ BA\u011eLANTI NOKTALARI<br \/>\nDual Ethernet, PoE, USB-C, Serial<\/p>\n<p>G\u00d6R\u00dcNT\u00dc SENS\u00d6R\u00dc<br \/>\nMonokrom: Global Shutter ve 3,0 um Piksel Boyutuna sahip 2,3 MP CMOS Sens\u00f6r<\/p>\n<p>YAPILANDIRILAB\u0130L\u0130R IO<br \/>\nDigital IO art\u0131 G\u00fc\u00e7l\u00fc entegre ayd\u0131nlatma veya harici \u0131\u015f\u0131klar<\/p>\n<p>\u0130LET\u0130\u015e\u0130M PROTOKOLLER\u0130<br \/>\nEthernet\/IP, PROFINET, CC-Link, Modbus TCP, TCP\/IP[\/ld_fancy_heading][\/ld_tab_section][ld_tab_section title=&#8221;Sekt\u00f6rler&#8221; tab_id=&#8221;lqd-1653376168718-58aed1ab-67ee&#8221;][vc_column_text]<\/p>\n<ul>\n<li>Depo Y\u00f6netimi<\/li>\n<li>\u0130malat<\/li>\n<\/ul>\n<p>[\/vc_column_text][\/ld_tab_section][ld_tab_section title=&#8221;Kullan\u0131m Alanlar\u0131&#8221; tab_id=&#8221;lqd-1653376209483-3275f1cb-e370&#8243;][vc_column_text]<\/p>\n<ul>\n<li>Kalite Kontrolleri<\/li>\n<li>Takip ve \u0130zleme<\/li>\n<\/ul>\n<p>[\/vc_column_text][\/ld_tab_section][\/ld_tabs][\/vc_column][\/vc_row]<\/p>\n","protected":false},"excerpt":{"rendered":"<p>[vc_row][vc_column][vc_column_text css=&#8221;.vc_custom_1660594970677{margin-bottom: 1% !important;}&#8221;] MACH\u0130NE V\u0130S\u0130ON UYGULAMALARI \u0130\u00c7\u0130N TEK PAKETTE KAPSAMLI \u00d6ZELL\u0130KLER VS40 karma\u015f\u0131k kontrol uygulamalar\u0131n\u0131 halletmek i\u00e7in gereken geni\u015f bir kapasite setini tek bir pakette sunar. Aral\u0131k, ayd\u0131nlatma, ba\u011flanabilirlik, g\u00fc\u00e7 ve daha fazlas\u0131 aras\u0131ndan se\u00e7im yaparak cihaz\u0131n\u0131z\u0131 i\u015f ihtiya\u00e7lar\u0131n\u0131za g\u00f6re ki\u015fiselle\u015ftirin. Ayr\u0131ca, basit yaz\u0131l\u0131m g\u00fcncellemeler ile ileri d\u00fczey \u00f6zellikler de ekleyebilirsiniz.[\/vc_column_text][ld_spacer][ld_tabs style=&#8221;style09&#8243;][ld_tab_section title=&#8221;\u00d6zellikler&#8221; tab_id=&#8221;lqd-1653376168701-49002ac4-c98b&#8221;][ld_fancy_heading [&hellip;]<\/p>\n","protected":false},"featured_media":1361,"comment_status":"closed","ping_status":"closed","template":"","meta":{"_joinchat":[]},"product_brand":[],"product_cat":[49,59,61],"product_tag":[],"class_list":{"0":"post-1360","1":"product","2":"type-product","3":"status-publish","4":"has-post-thumbnail","6":"product_cat-barkod-okuyucular","7":"product_cat-endustriyel-machine-vision-ve-sabit-okuyucular","8":"product_cat-machine-vision-sistemleri","10":"first","11":"instock","12":"taxable","13":"shipping-taxable","14":"product-type-simple"},"_links":{"self":[{"href":"https:\/\/terateknoloji.com.tr\/index.php\/wp-json\/wp\/v2\/product\/1360","targetHints":{"allow":["GET"]}}],"collection":[{"href":"https:\/\/terateknoloji.com.tr\/index.php\/wp-json\/wp\/v2\/product"}],"about":[{"href":"https:\/\/terateknoloji.com.tr\/index.php\/wp-json\/wp\/v2\/types\/product"}],"replies":[{"embeddable":true,"href":"https:\/\/terateknoloji.com.tr\/index.php\/wp-json\/wp\/v2\/comments?post=1360"}],"wp:featuredmedia":[{"embeddable":true,"href":"https:\/\/terateknoloji.com.tr\/index.php\/wp-json\/wp\/v2\/media\/1361"}],"wp:attachment":[{"href":"https:\/\/terateknoloji.com.tr\/index.php\/wp-json\/wp\/v2\/media?parent=1360"}],"wp:term":[{"taxonomy":"product_brand","embeddable":true,"href":"https:\/\/terateknoloji.com.tr\/index.php\/wp-json\/wp\/v2\/product_brand?post=1360"},{"taxonomy":"product_cat","embeddable":true,"href":"https:\/\/terateknoloji.com.tr\/index.php\/wp-json\/wp\/v2\/product_cat?post=1360"},{"taxonomy":"product_tag","embeddable":true,"href":"https:\/\/terateknoloji.com.tr\/index.php\/wp-json\/wp\/v2\/product_tag?post=1360"}],"curies":[{"name":"wp","href":"https:\/\/api.w.org\/{rel}","templated":true}]}}