{"id":1357,"date":"2022-08-15T23:18:52","date_gmt":"2022-08-15T20:18:52","guid":{"rendered":"http:\/\/terateknoloji.com.tr\/?post_type=product&#038;p=1357"},"modified":"2022-08-15T23:21:19","modified_gmt":"2022-08-15T20:21:19","slug":"vs20-makine-gorusu-akilli-sensor","status":"publish","type":"product","link":"https:\/\/terateknoloji.com.tr\/index.php\/product\/vs20-makine-gorusu-akilli-sensor\/","title":{"rendered":"VS20 Makine G\u00f6r\u00fc\u015f\u00fc Ak\u0131ll\u0131 Sens\u00f6r"},"content":{"rendered":"<p>[vc_row][vc_column][vc_column_text css=&#8221;.vc_custom_1660594836145{margin-bottom: 1% !important;}&#8221;]<\/p>\n<h4 class=\"content-callout\">MAK\u0130NE G\u00d6R\u00dc\u015e\u00dcN\u00dc A\u011eINIZA KOLAYCA ENTEGRE ED\u0130N<\/h4>\n<p>VS20 ile \u00fcretim hatt\u0131nda basit kalite kontrolleri ger\u00e7ekle\u015ftirin. \u00c7oklu ba\u011flant\u0131 se\u00e7enekleri, bir PLC veya Sunucu a\u011f\u0131na kolayca entegre olman\u0131za izin vererek birincil g\u00f6r\u00fc\u015f uygulamalar\u0131n\u0131z\u0131 i\u015f s\u00fcre\u00e7lerinizi h\u0131zland\u0131rmak \u00fczere devreye sokar. Ayr\u0131ca, de\u011fi\u015fen i\u015f ihtiya\u00e7lar\u0131n\u0131 basit \u00f6zellik y\u00fckseltmeler ile kar\u015f\u0131layabilirsiniz.[\/vc_column_text][ld_spacer][ld_tabs style=&#8221;style09&#8243;][ld_tab_section title=&#8221;\u00d6zellikler&#8221; tab_id=&#8221;lqd-1653376168701-49002ac4-c98b&#8221;][ld_fancy_heading tag=&#8221;div&#8221; alignment=&#8221;text-left&#8221;]AURORA\u2122 YAZILIMI<br \/>\nSezgisel platform, VS20\u2019nin kurulumunu, etkinle\u015ftirilmesini ve \u00e7al\u0131\u015ft\u0131r\u0131lmas\u0131n\u0131 kolayla\u015ft\u0131r\u0131r<\/p>\n<p>ZEBRA\u2019YA \u00d6ZEL \u00d6ZELL\u0130KLER<br \/>\nImagePerfect, Golden Image Compare, Feasibility Setup Assistant ve daha fazlas\u0131<\/p>\n<p>L\u0130SANS Y\u00dcKSELTMELER<br \/>\nDe\u015fifre Paketleri ve Machine Vision Ara\u00e7 Setleri<\/p>\n<p>\u0130LET\u0130\u015e\u0130M PROTOKOLLER\u0130<br \/>\nEthernet\/IP, PROFINET, Modbus TCP, TCP\/IP, CC-Link<\/p>\n<p>ARAY\u00dcZ BA\u011eLANTI NOKTALARI<br \/>\nEthernet, PoE, Serial<\/p>\n<p>AYDINLATMA:<br \/>\nG\u00fc\u00e7l\u00fc entegre k\u0131rm\u0131z\u0131 ve beyaz ayd\u0131nlatma<\/p>\n<p>G\u00d6R\u00dcNT\u00dc SENS\u00d6R\u00dc<br \/>\n1,2 MP; 1280 x 800 pixels[\/ld_fancy_heading][\/ld_tab_section][ld_tab_section title=&#8221;Sekt\u00f6rler&#8221; tab_id=&#8221;lqd-1653376168718-58aed1ab-67ee&#8221;][vc_column_text]<\/p>\n<ul>\n<li>Depo Y\u00f6netimi<\/li>\n<li>\u0130malat<\/li>\n<\/ul>\n<p>[\/vc_column_text][\/ld_tab_section][ld_tab_section title=&#8221;Kullan\u0131m Alanlar\u0131&#8221; tab_id=&#8221;lqd-1653376209483-3275f1cb-e370&#8243;][vc_column_text]<\/p>\n<ul>\n<li>Kalite Kontrolleri<\/li>\n<li>Takip ve \u0130zleme<\/li>\n<\/ul>\n<p>[\/vc_column_text][\/ld_tab_section][\/ld_tabs][\/vc_column][\/vc_row]<\/p>\n","protected":false},"excerpt":{"rendered":"<p>[vc_row][vc_column][vc_column_text css=&#8221;.vc_custom_1660594836145{margin-bottom: 1% !important;}&#8221;] MAK\u0130NE G\u00d6R\u00dc\u015e\u00dcN\u00dc A\u011eINIZA KOLAYCA ENTEGRE ED\u0130N VS20 ile \u00fcretim hatt\u0131nda basit kalite kontrolleri ger\u00e7ekle\u015ftirin. \u00c7oklu ba\u011flant\u0131 se\u00e7enekleri, bir PLC veya Sunucu a\u011f\u0131na kolayca entegre olman\u0131za izin vererek birincil g\u00f6r\u00fc\u015f uygulamalar\u0131n\u0131z\u0131 i\u015f s\u00fcre\u00e7lerinizi h\u0131zland\u0131rmak \u00fczere devreye sokar. Ayr\u0131ca, de\u011fi\u015fen i\u015f ihtiya\u00e7lar\u0131n\u0131 basit \u00f6zellik y\u00fckseltmeler ile kar\u015f\u0131layabilirsiniz.[\/vc_column_text][ld_spacer][ld_tabs style=&#8221;style09&#8243;][ld_tab_section title=&#8221;\u00d6zellikler&#8221; tab_id=&#8221;lqd-1653376168701-49002ac4-c98b&#8221;][ld_fancy_heading tag=&#8221;div&#8221; alignment=&#8221;text-left&#8221;]AURORA\u2122 YAZILIMI [&hellip;]<\/p>\n","protected":false},"featured_media":1359,"comment_status":"closed","ping_status":"closed","template":"","meta":{"_joinchat":[]},"product_brand":[],"product_cat":[49,59,61],"product_tag":[],"class_list":{"0":"post-1357","1":"product","2":"type-product","3":"status-publish","4":"has-post-thumbnail","6":"product_cat-barkod-okuyucular","7":"product_cat-endustriyel-machine-vision-ve-sabit-okuyucular","8":"product_cat-machine-vision-sistemleri","10":"first","11":"instock","12":"taxable","13":"shipping-taxable","14":"product-type-simple"},"_links":{"self":[{"href":"https:\/\/terateknoloji.com.tr\/index.php\/wp-json\/wp\/v2\/product\/1357","targetHints":{"allow":["GET"]}}],"collection":[{"href":"https:\/\/terateknoloji.com.tr\/index.php\/wp-json\/wp\/v2\/product"}],"about":[{"href":"https:\/\/terateknoloji.com.tr\/index.php\/wp-json\/wp\/v2\/types\/product"}],"replies":[{"embeddable":true,"href":"https:\/\/terateknoloji.com.tr\/index.php\/wp-json\/wp\/v2\/comments?post=1357"}],"wp:featuredmedia":[{"embeddable":true,"href":"https:\/\/terateknoloji.com.tr\/index.php\/wp-json\/wp\/v2\/media\/1359"}],"wp:attachment":[{"href":"https:\/\/terateknoloji.com.tr\/index.php\/wp-json\/wp\/v2\/media?parent=1357"}],"wp:term":[{"taxonomy":"product_brand","embeddable":true,"href":"https:\/\/terateknoloji.com.tr\/index.php\/wp-json\/wp\/v2\/product_brand?post=1357"},{"taxonomy":"product_cat","embeddable":true,"href":"https:\/\/terateknoloji.com.tr\/index.php\/wp-json\/wp\/v2\/product_cat?post=1357"},{"taxonomy":"product_tag","embeddable":true,"href":"https:\/\/terateknoloji.com.tr\/index.php\/wp-json\/wp\/v2\/product_tag?post=1357"}],"curies":[{"name":"wp","href":"https:\/\/api.w.org\/{rel}","templated":true}]}}