{"id":1353,"date":"2022-08-15T23:12:32","date_gmt":"2022-08-15T20:12:32","guid":{"rendered":"http:\/\/terateknoloji.com.tr\/?post_type=product&#038;p=1353"},"modified":"2022-08-15T23:14:08","modified_gmt":"2022-08-15T20:14:08","slug":"fs40-sabit-endustriyel-barkod-okuyucu","status":"publish","type":"product","link":"https:\/\/terateknoloji.com.tr\/index.php\/product\/fs40-sabit-endustriyel-barkod-okuyucu\/","title":{"rendered":"FS40 Sabit End\u00fcstriyel Barkod Okuyucu"},"content":{"rendered":"<p>[vc_row][vc_column][vc_column_text css=&#8221;.vc_custom_1660594389882{margin-bottom: 1% !important;}&#8221;]<\/p>\n<h4 class=\"content-callout\">TEK B\u0130R C\u0130HAZ \u0130\u00c7\u0130NDE KAPSAMLI END\u00dcSTR\u0130YEL VER\u0130 YAKALAMA FONKS\u0130YONU<\/h4>\n<p>FS40 sayesinde kurumunuzu her \u00fcr\u00fcnde ger\u00e7ek zamanl\u0131 takip ve izleme ile g\u00fc\u00e7lendirin. \u00c7oklu ba\u011flant\u0131 se\u00e7enekleri, bir PLC veya Sunucu a\u011f\u0131na kolayca entegre olarak ana barkod okuma uygulamalar\u0131n\u0131z\u0131 i\u015flerinizi y\u00fcr\u00fcten t\u00fcm s\u00fcre\u00e7leri beslemek \u00fczere devreye sokar. Zebra\u2019n\u0131n g\u00fc\u00e7l\u00fc Aurora yaz\u0131l\u0131m platformu, FS40\u2019\u0131n kurulumunu, etkinle\u015ftirilmesini ve \u00e7al\u0131\u015ft\u0131r\u0131lmas\u0131n\u0131 kolay hale getiren son derece sezgisel ve zarif bir aray\u00fcze sahiptir. Ayr\u0131ca, yeni kapasitelere y\u00fckseltme yaparak yat\u0131r\u0131m\u0131n\u0131z\u0131 gelece\u011fe kar\u015f\u0131 garantiye alabilirsiniz.[\/vc_column_text][ld_spacer][ld_tabs style=&#8221;style09&#8243;][ld_tab_section title=&#8221;\u00d6zellikler&#8221; tab_id=&#8221;lqd-1653376168701-49002ac4-c98b&#8221;][ld_fancy_heading tag=&#8221;div&#8221; alignment=&#8221;text-left&#8221;]AURORA\u2122 YAZILIMI<br \/>\nSezgisel platform, FS40\u2019\u0131n kurulumunu, etkinle\u015ftirilmesini ve \u00e7al\u0131\u015ft\u0131r\u0131lmas\u0131n\u0131 kolayla\u015ft\u0131r\u0131r<\/p>\n<p>IMAGEPERFECT+<br \/>\nY\u00fcksek okuma \u00fcr\u00fcnleri i\u00e7in en fazla 16 adet farkl\u0131 g\u00f6rseli ayn\u0131 anda i\u015fleme koyun<\/p>\n<p>L\u0130SANS Y\u00dcKSELTMELER<br \/>\nKod \u00e7\u00f6zme Paketleri ve Machine Vision Ara\u00e7 Setleri<\/p>\n<p>ARAY\u00dcZ BA\u011eLANTI NOKTALARI<br \/>\nDual Ethernet, PoE, USB-C, Serial<\/p>\n<p>G\u00d6R\u00dcNT\u00dc SENS\u00d6R\u00dc<br \/>\nMonokrom: Global Shutter ve 3,0 um Piksel Boyutuna sahip 2,3 MP CMOS Sens\u00f6r<\/p>\n<p>YAPILANDIRILAB\u0130L\u0130R IO<br \/>\nDigital IO art\u0131 G\u00fc\u00e7l\u00fc entegre ayd\u0131nlatma veya harici \u0131\u015f\u0131klar<\/p>\n<p>\u0130LET\u0130\u015e\u0130M PROTOKOLLER\u0130<br \/>\nEthernet\/IP, PROFINET, CC-Link, Modbus TCP, TCP\/IP[\/ld_fancy_heading][\/ld_tab_section][ld_tab_section title=&#8221;Sekt\u00f6rler&#8221; tab_id=&#8221;lqd-1653376168718-58aed1ab-67ee&#8221;][vc_column_text]<\/p>\n<ul>\n<li>Depo Y\u00f6netimi<\/li>\n<li>\u0130malat<\/li>\n<\/ul>\n<p>[\/vc_column_text][\/ld_tab_section][ld_tab_section title=&#8221;Kullan\u0131m Alanlar\u0131&#8221; tab_id=&#8221;lqd-1653376209483-3275f1cb-e370&#8243;][vc_column_text]<\/p>\n<ul>\n<li>Takip ve \u0130zleme<\/li>\n<li>Barkod Do\u011frulama<\/li>\n<\/ul>\n<p>[\/vc_column_text][\/ld_tab_section][\/ld_tabs][\/vc_column][\/vc_row]<\/p>\n","protected":false},"excerpt":{"rendered":"<p>[vc_row][vc_column][vc_column_text css=&#8221;.vc_custom_1660594389882{margin-bottom: 1% !important;}&#8221;] TEK B\u0130R C\u0130HAZ \u0130\u00c7\u0130NDE KAPSAMLI END\u00dcSTR\u0130YEL VER\u0130 YAKALAMA FONKS\u0130YONU FS40 sayesinde kurumunuzu her \u00fcr\u00fcnde ger\u00e7ek zamanl\u0131 takip ve izleme ile g\u00fc\u00e7lendirin. \u00c7oklu ba\u011flant\u0131 se\u00e7enekleri, bir PLC veya Sunucu a\u011f\u0131na kolayca entegre olarak ana barkod okuma uygulamalar\u0131n\u0131z\u0131 i\u015flerinizi y\u00fcr\u00fcten t\u00fcm s\u00fcre\u00e7leri beslemek \u00fczere devreye sokar. Zebra\u2019n\u0131n g\u00fc\u00e7l\u00fc Aurora yaz\u0131l\u0131m platformu, FS40\u2019\u0131n kurulumunu, [&hellip;]<\/p>\n","protected":false},"featured_media":1354,"comment_status":"closed","ping_status":"closed","template":"","meta":{"_joinchat":[]},"product_brand":[],"product_cat":[49,59,60],"product_tag":[],"class_list":{"0":"post-1353","1":"product","2":"type-product","3":"status-publish","4":"has-post-thumbnail","6":"product_cat-barkod-okuyucular","7":"product_cat-endustriyel-machine-vision-ve-sabit-okuyucular","8":"product_cat-sabit-endustriyel-barkod-okuyucular","10":"first","11":"instock","12":"taxable","13":"shipping-taxable","14":"product-type-simple"},"_links":{"self":[{"href":"https:\/\/terateknoloji.com.tr\/index.php\/wp-json\/wp\/v2\/product\/1353","targetHints":{"allow":["GET"]}}],"collection":[{"href":"https:\/\/terateknoloji.com.tr\/index.php\/wp-json\/wp\/v2\/product"}],"about":[{"href":"https:\/\/terateknoloji.com.tr\/index.php\/wp-json\/wp\/v2\/types\/product"}],"replies":[{"embeddable":true,"href":"https:\/\/terateknoloji.com.tr\/index.php\/wp-json\/wp\/v2\/comments?post=1353"}],"wp:featuredmedia":[{"embeddable":true,"href":"https:\/\/terateknoloji.com.tr\/index.php\/wp-json\/wp\/v2\/media\/1354"}],"wp:attachment":[{"href":"https:\/\/terateknoloji.com.tr\/index.php\/wp-json\/wp\/v2\/media?parent=1353"}],"wp:term":[{"taxonomy":"product_brand","embeddable":true,"href":"https:\/\/terateknoloji.com.tr\/index.php\/wp-json\/wp\/v2\/product_brand?post=1353"},{"taxonomy":"product_cat","embeddable":true,"href":"https:\/\/terateknoloji.com.tr\/index.php\/wp-json\/wp\/v2\/product_cat?post=1353"},{"taxonomy":"product_tag","embeddable":true,"href":"https:\/\/terateknoloji.com.tr\/index.php\/wp-json\/wp\/v2\/product_tag?post=1353"}],"curies":[{"name":"wp","href":"https:\/\/api.w.org\/{rel}","templated":true}]}}