{"id":1351,"date":"2022-08-15T23:09:54","date_gmt":"2022-08-15T20:09:54","guid":{"rendered":"http:\/\/terateknoloji.com.tr\/?post_type=product&#038;p=1351"},"modified":"2022-08-15T23:11:42","modified_gmt":"2022-08-15T20:11:42","slug":"fs20-sabit-endustriyel-barkod-okuyucu","status":"publish","type":"product","link":"https:\/\/terateknoloji.com.tr\/index.php\/product\/fs20-sabit-endustriyel-barkod-okuyucu\/","title":{"rendered":"FS20 Sabit End\u00fcstriyel Barkod Okuyucu"},"content":{"rendered":"<p>[vc_row][vc_column][vc_column_text css=&#8221;.vc_custom_1660594235266{margin-bottom: 1% !important;}&#8221;]<\/p>\n<h4 class=\"content-callout\">TAK-\u00c7ALI\u015eTIR Y\u00dcKSEK KAL\u0130TEL\u0130 BARKOD OKUMAYI A\u011eLARINIZA KOLAYCA ENTEGRE ED\u0130N<\/h4>\n<p>FS20 sayesinde kurumunuzu her \u00fcr\u00fcnde ger\u00e7ek zamanl\u0131 takip ve izleme ile g\u00fc\u00e7lendirin. \u00c7oklu ba\u011flant\u0131 se\u00e7enekleri, bir PLC veya Sunucu a\u011f\u0131na kolayca entegre olarak ana barkod okuma uygulamalar\u0131n\u0131z\u0131 i\u015flerinizi y\u00fcr\u00fcten t\u00fcm s\u00fcre\u00e7leri beslemek \u00fczere devreye sokar. Zebra\u2019n\u0131n g\u00fc\u00e7l\u00fc Aurora yaz\u0131l\u0131m platformu, FS20\u2019nin kurulumunu, etkinle\u015ftirilmesini ve \u00e7al\u0131\u015ft\u0131r\u0131lmas\u0131n\u0131 kolay hale getiren son derece sezgisel ve zarif bir aray\u00fcze sahiptir. Ayr\u0131ca, yeni kapasitelere y\u00fckseltme yaparak yat\u0131r\u0131m\u0131n\u0131z\u0131 gelece\u011fe kar\u015f\u0131 garantiye alabilirsiniz.[\/vc_column_text][ld_spacer][ld_tabs style=&#8221;style09&#8243;][ld_tab_section title=&#8221;\u00d6zellikler&#8221; tab_id=&#8221;lqd-1653376168701-49002ac4-c98b&#8221;][ld_fancy_heading tag=&#8221;div&#8221; alignment=&#8221;text-left&#8221;]AURORA\u2122 YAZILIMI<br \/>\nSezgisel platform, FS20\u2019nin kurulumunu, etkinle\u015ftirilmesini ve \u00e7al\u0131\u015ft\u0131r\u0131lmas\u0131n\u0131 kolayla\u015ft\u0131r\u0131r.<\/p>\n<p>IMAGEPERFECT+<br \/>\nTek bir \u00f6\u011fenin en fazla 3 adet farkl\u0131 g\u00f6rselini yakalay\u0131n<\/p>\n<p>L\u0130SANS Y\u00dcKSELTMELER<br \/>\nDe\u015fifre Paketleri ve Machine Vision Ara\u00e7 Setleri<\/p>\n<p>\u0130LET\u0130\u015e\u0130M PROTOKOLLER\u0130<br \/>\nEthernet\/IP, PROFINET, Modbus TCP, TCP\/IP<\/p>\n<p>ARAY\u00dcZ BA\u011eLANTI NOKTALARI<br \/>\nEthernet, PoE, Serial<\/p>\n<p>AYDINLATMA:<br \/>\nG\u00fc\u00e7l\u00fc entegre k\u0131rm\u0131z\u0131 ve beyaz ayd\u0131nlatma<\/p>\n<p>G\u00d6R\u00dcNT\u00dc SENS\u00d6R\u00dc<br \/>\n1,2 MP; 1280 x 800 pixels[\/ld_fancy_heading][\/ld_tab_section][ld_tab_section title=&#8221;Sekt\u00f6rler&#8221; tab_id=&#8221;lqd-1653376168718-58aed1ab-67ee&#8221;][vc_column_text]<\/p>\n<ul>\n<li>Depo Y\u00f6netimi<\/li>\n<li>\u0130malat<\/li>\n<\/ul>\n<p>[\/vc_column_text][\/ld_tab_section][ld_tab_section title=&#8221;Kullan\u0131m Alanlar\u0131&#8221; tab_id=&#8221;lqd-1653376209483-3275f1cb-e370&#8243;][vc_column_text]<\/p>\n<ul>\n<li>Takip ve \u0130zleme<\/li>\n<li>Barkod Do\u011frulama<\/li>\n<\/ul>\n<p>[\/vc_column_text][\/ld_tab_section][\/ld_tabs][\/vc_column][\/vc_row]<\/p>\n","protected":false},"excerpt":{"rendered":"<p>[vc_row][vc_column][vc_column_text css=&#8221;.vc_custom_1660594235266{margin-bottom: 1% !important;}&#8221;] TAK-\u00c7ALI\u015eTIR Y\u00dcKSEK KAL\u0130TEL\u0130 BARKOD OKUMAYI A\u011eLARINIZA KOLAYCA ENTEGRE ED\u0130N FS20 sayesinde kurumunuzu her \u00fcr\u00fcnde ger\u00e7ek zamanl\u0131 takip ve izleme ile g\u00fc\u00e7lendirin. \u00c7oklu ba\u011flant\u0131 se\u00e7enekleri, bir PLC veya Sunucu a\u011f\u0131na kolayca entegre olarak ana barkod okuma uygulamalar\u0131n\u0131z\u0131 i\u015flerinizi y\u00fcr\u00fcten t\u00fcm s\u00fcre\u00e7leri beslemek \u00fczere devreye sokar. Zebra\u2019n\u0131n g\u00fc\u00e7l\u00fc Aurora yaz\u0131l\u0131m platformu, FS20\u2019nin kurulumunu, [&hellip;]<\/p>\n","protected":false},"featured_media":1352,"comment_status":"closed","ping_status":"closed","template":"","meta":{"_joinchat":[]},"product_brand":[],"product_cat":[49,59,60],"product_tag":[],"class_list":{"0":"post-1351","1":"product","2":"type-product","3":"status-publish","4":"has-post-thumbnail","6":"product_cat-barkod-okuyucular","7":"product_cat-endustriyel-machine-vision-ve-sabit-okuyucular","8":"product_cat-sabit-endustriyel-barkod-okuyucular","10":"first","11":"instock","12":"taxable","13":"shipping-taxable","14":"product-type-simple"},"_links":{"self":[{"href":"https:\/\/terateknoloji.com.tr\/index.php\/wp-json\/wp\/v2\/product\/1351","targetHints":{"allow":["GET"]}}],"collection":[{"href":"https:\/\/terateknoloji.com.tr\/index.php\/wp-json\/wp\/v2\/product"}],"about":[{"href":"https:\/\/terateknoloji.com.tr\/index.php\/wp-json\/wp\/v2\/types\/product"}],"replies":[{"embeddable":true,"href":"https:\/\/terateknoloji.com.tr\/index.php\/wp-json\/wp\/v2\/comments?post=1351"}],"wp:featuredmedia":[{"embeddable":true,"href":"https:\/\/terateknoloji.com.tr\/index.php\/wp-json\/wp\/v2\/media\/1352"}],"wp:attachment":[{"href":"https:\/\/terateknoloji.com.tr\/index.php\/wp-json\/wp\/v2\/media?parent=1351"}],"wp:term":[{"taxonomy":"product_brand","embeddable":true,"href":"https:\/\/terateknoloji.com.tr\/index.php\/wp-json\/wp\/v2\/product_brand?post=1351"},{"taxonomy":"product_cat","embeddable":true,"href":"https:\/\/terateknoloji.com.tr\/index.php\/wp-json\/wp\/v2\/product_cat?post=1351"},{"taxonomy":"product_tag","embeddable":true,"href":"https:\/\/terateknoloji.com.tr\/index.php\/wp-json\/wp\/v2\/product_tag?post=1351"}],"curies":[{"name":"wp","href":"https:\/\/api.w.org\/{rel}","templated":true}]}}