{"id":1284,"date":"2022-08-11T15:56:04","date_gmt":"2022-08-11T12:56:04","guid":{"rendered":"http:\/\/terateknoloji.com.tr\/?post_type=product&#038;p=1284"},"modified":"2022-08-15T22:52:22","modified_gmt":"2022-08-15T19:52:22","slug":"tc77-ultra-saglam-dokunmatik-bilgisayar","status":"publish","type":"product","link":"https:\/\/terateknoloji.com.tr\/index.php\/product\/tc77-ultra-saglam-dokunmatik-bilgisayar\/","title":{"rendered":"TC77 Ultra Sa\u011flam Dokunmatik Bilgisayar"},"content":{"rendered":"<p>[vc_row][vc_column][vc_column_text css=&#8221;.vc_custom_1660222611284{margin-bottom: 1% !important;}&#8221;]<\/p>\n<h4 class=\"content-callout\">DAYANMAK \u00dcZERE \u00dcRET\u0130LM\u0130\u015e EN \u00dcST\u00dcN KULLANICI DENEY\u0130M\u0130<\/h4>\n<p>\u0130\u015finizin \u00fcst\u00fcnl\u00fck kazand\u0131\u011f\u0131 noktada sahadaki g\u00fcnlerini \u015firketinizin \u00f6nemli varl\u0131\u011f\u0131na -m\u00fc\u015fterilere- y\u00fcz y\u00fcze hizmet vererek ge\u00e7iren ileri hat \u00e7al\u0131\u015fanlar\u0131n\u0131z yer al\u0131r. \u015eimdi, \u00e7al\u0131\u015fanlar\u0131n\u0131z\u0131n maksimum verimlilik elde etmek i\u00e7in ihtiya\u00e7 duyduklar\u0131 her \u015feyi onlara sunarak personel deste\u011fini ve m\u00fc\u015fteri hizmetlerini yeni bir seviyeye ta\u015f\u0131yan, sorunsuz g\u00fcvenilirli\u011fe sahip bir cihaz var: TC77 Android Dokunmatik Bilgisayar.[\/vc_column_text][ld_spacer][ld_tabs style=&#8221;style09&#8243;][ld_tab_section title=&#8221;\u00d6zellikler&#8221; tab_id=&#8221;lqd-1653376168701-49002ac4-c98b&#8221;][vc_column_text]BOYUTLAR<br \/>\n16 cm U x 3,3 in\u00e7 G x 1,1 in\u00e7 D<br \/>\n161 mm U x 84 mm G x 28 mm D<\/p>\n<p>A\u011eIRLIK<br \/>\n13,3 oz. \/ 376 g<\/p>\n<p>\u0130\u015eLET\u0130M S\u0130STEM\u0130<br \/>\nAndroid 11, Android 14&#8217;e y\u00fckseltilebilir<\/p>\n<p>CPU<br \/>\nQualcomm Snapdragon\u2122 660 octa-core, 2.2 GHz<\/p>\n<p>D\u00dc\u015eME DAYANIKLILIK \u00d6ZELL\u0130\u011e\u0130<br \/>\nMIL-STD 810G uyar\u0131nca oda s\u0131cakl\u0131\u011f\u0131nda 6 fit\/1,8 metreden defalarca beton zemine d\u00fc\u015fme; b\u00fct\u00fcn \u00e7al\u0131\u015fma s\u0131cakl\u0131k aral\u0131\u011f\u0131nda 8 fit\/2,4 metreden defalarca beton zemine d\u00fc\u015fme<\/p>\n<p>YUVARLANMA DAYANIKLILIK \u00d6ZELL\u0130\u011e\u0130<br \/>\n3,2 fit\/1,0 m y\u00fckseklikten 2.000 yuvarlanma; IEC yuvarlanma \u015fartnamesini kar\u015f\u0131lar ve a\u015far.[\/vc_column_text][\/ld_tab_section][ld_tab_section title=&#8221;Sekt\u00f6rler&#8221; tab_id=&#8221;lqd-1653376168718-58aed1ab-67ee&#8221;][vc_column_text]<\/p>\n<ul>\n<li>Ta\u015f\u0131mac\u0131l\u0131k<\/li>\n<li>Saha Mobil \u00c7\u00f6z\u00fcmleri<\/li>\n<li>Konumland\u0131rma \u00c7\u00f6z\u00fcmleri<\/li>\n<\/ul>\n<p>[\/vc_column_text][\/ld_tab_section][ld_tab_section title=&#8221;Kullan\u0131m Alanlar\u0131&#8221; tab_id=&#8221;lqd-1653376209483-3275f1cb-e370&#8243;][vc_column_text]<\/p>\n<ul>\n<li>Fiyat Kontrolleri\/De\u011fi\u015fiklikleri<\/li>\n<li>Stok Y\u00f6netimi<\/li>\n<li>Sesli \u0130leti\u015fim<\/li>\n<li>Sipari\u015f\/\u0130ade \u0130\u015flemleri<\/li>\n<li>Teslim Belgesi (\u0130mza\/Foto\u011fraf)<\/li>\n<li>Paket\/Palet Takip ve Tespit<\/li>\n<li>Filo Y\u00f6netimi<\/li>\n<li>Toplama\/Saklama<\/li>\n<li>Depo Y\u00f6netimi<\/li>\n<li>Rota Optimizasyonu<\/li>\n<\/ul>\n<p>[\/vc_column_text][\/ld_tab_section][\/ld_tabs][\/vc_column][\/vc_row]<\/p>\n","protected":false},"excerpt":{"rendered":"<p>[vc_row][vc_column][vc_column_text css=&#8221;.vc_custom_1660222611284{margin-bottom: 1% !important;}&#8221;] DAYANMAK \u00dcZERE \u00dcRET\u0130LM\u0130\u015e EN \u00dcST\u00dcN KULLANICI DENEY\u0130M\u0130 \u0130\u015finizin \u00fcst\u00fcnl\u00fck kazand\u0131\u011f\u0131 noktada sahadaki g\u00fcnlerini \u015firketinizin \u00f6nemli varl\u0131\u011f\u0131na -m\u00fc\u015fterilere- y\u00fcz y\u00fcze hizmet vererek ge\u00e7iren ileri hat \u00e7al\u0131\u015fanlar\u0131n\u0131z yer al\u0131r. \u015eimdi, \u00e7al\u0131\u015fanlar\u0131n\u0131z\u0131n maksimum verimlilik elde etmek i\u00e7in ihtiya\u00e7 duyduklar\u0131 her \u015feyi onlara sunarak personel deste\u011fini ve m\u00fc\u015fteri hizmetlerini yeni bir seviyeye ta\u015f\u0131yan, sorunsuz g\u00fcvenilirli\u011fe [&hellip;]<\/p>\n","protected":false},"featured_media":763,"comment_status":"closed","ping_status":"closed","template":"","meta":{"_joinchat":[]},"product_brand":[],"product_cat":[39,38],"product_tag":[],"class_list":{"0":"post-1284","1":"product","2":"type-product","3":"status-publish","4":"has-post-thumbnail","6":"product_cat-el-terminalleri","7":"product_cat-mobil-bilgisayarlar","9":"first","10":"instock","11":"taxable","12":"shipping-taxable","13":"product-type-grouped"},"_links":{"self":[{"href":"https:\/\/terateknoloji.com.tr\/index.php\/wp-json\/wp\/v2\/product\/1284","targetHints":{"allow":["GET"]}}],"collection":[{"href":"https:\/\/terateknoloji.com.tr\/index.php\/wp-json\/wp\/v2\/product"}],"about":[{"href":"https:\/\/terateknoloji.com.tr\/index.php\/wp-json\/wp\/v2\/types\/product"}],"replies":[{"embeddable":true,"href":"https:\/\/terateknoloji.com.tr\/index.php\/wp-json\/wp\/v2\/comments?post=1284"}],"wp:featuredmedia":[{"embeddable":true,"href":"https:\/\/terateknoloji.com.tr\/index.php\/wp-json\/wp\/v2\/media\/763"}],"wp:attachment":[{"href":"https:\/\/terateknoloji.com.tr\/index.php\/wp-json\/wp\/v2\/media?parent=1284"}],"wp:term":[{"taxonomy":"product_brand","embeddable":true,"href":"https:\/\/terateknoloji.com.tr\/index.php\/wp-json\/wp\/v2\/product_brand?post=1284"},{"taxonomy":"product_cat","embeddable":true,"href":"https:\/\/terateknoloji.com.tr\/index.php\/wp-json\/wp\/v2\/product_cat?post=1284"},{"taxonomy":"product_tag","embeddable":true,"href":"https:\/\/terateknoloji.com.tr\/index.php\/wp-json\/wp\/v2\/product_tag?post=1284"}],"curies":[{"name":"wp","href":"https:\/\/api.w.org\/{rel}","templated":true}]}}