{"id":1281,"date":"2022-08-11T15:48:24","date_gmt":"2022-08-11T12:48:24","guid":{"rendered":"http:\/\/terateknoloji.com.tr\/?post_type=product&#038;p=1281"},"modified":"2022-08-15T12:47:06","modified_gmt":"2022-08-15T09:47:06","slug":"tc26dk-data-only-dokunmatik-bilgisayar","status":"publish","type":"product","link":"https:\/\/terateknoloji.com.tr\/index.php\/product\/tc26dk-data-only-dokunmatik-bilgisayar\/","title":{"rendered":"TC26DK Data Only Dokunmatik Bilgisayar"},"content":{"rendered":"<p>[vc_row][vc_column][vc_column_text css=&#8221;.vc_custom_1660222151591{margin-bottom: 1% !important;}&#8221;]<\/p>\n<h4 class=\"content-callout\">T\u00dcRK\u0130YE&#8217;YE \u00d6ZEL DATA ONLY EL TERM\u0130NAL\u0130<\/h4>\n<p>\u00c7al\u0131\u015fanlar\u0131n\u0131z i\u00e7in d\u00fc\u015f\u00fck maliyetli mobil cihazlar sat\u0131n almay\u0131 d\u00fc\u015f\u00fcn\u00fcyorsan\u0131z, TC26DK Data Only el terminaline ge\u00e7in.[\/vc_column_text][ld_spacer][ld_tabs style=&#8221;style09&#8243;][ld_tab_section title=&#8221;\u00d6zellikler&#8221; tab_id=&#8221;lqd-1653376168701-49002ac4-c98b&#8221;][ld_fancy_heading tag=&#8221;p&#8221;]BOYUTLAR<br \/>\nStandart pil ile:<br \/>\n6.22 in. U x 3.11 in. G x .0.54 in. D (158 mm U x 79 mm G x 13.7 mm D)<br \/>\nEkstra g\u00fc\u00e7l\u00fc pil ile:<br \/>\n6.22 in. U x 3.11 in. G x .0.68 in. D (158 mm U x 79 mm G x 17.3 mm D)<\/p>\n<p>\u0130\u015eLET\u0130M S\u0130STEM\u0130<br \/>\nGelecek s\u00fcr\u00fcmler i\u00e7in dahili destek i\u00e7eren Android 10 s\u00fcr\u00fcm\u00fc<\/p>\n<p>D\u00dc\u015eME DAYANIKLILIK \u00d6ZELL\u0130\u011e\u0130<br \/>\nMIL- STD 810G&#8217;e g\u00f6re \u00e7al\u0131\u015ft\u0131rma s\u0131cakl\u0131klar\u0131nda beton \u00fczeri vinil karoya 1.2m\/ 4ft&#8217;den d\u00fc\u015fme<\/p>\n<p>A\u011eIRLIK<br \/>\n8.32 oz.\/236 g standart pille;<br \/>\n269 g uzat\u0131lm\u0131\u015f pille<\/p>\n<p>CPU<br \/>\nQualcomm SnapdragonTM 660 sekiz \u00e7ekirdekli, 1.8 GHz<\/p>\n<p>YUVARLANMA DAYANIKLILIK \u00d6ZELL\u0130\u011e\u0130<br \/>\n300 yuvarlanma, 1.6 ft.\/0.5 m<\/p>\n<p>KABLOSUZ WAN (SADECE VER\u0130\/DATA ONLY)<br \/>\nGSM: 850\/900\/1800\/1900<br \/>\nUMTS: B1\/B2\/B3\/B4\/B5\/B8\/B9\/B19<br \/>\nLTE-FDD: B1\/B2\/B3\/B4\/B5\/B7\/B8\/B19\/B20\/B28<br \/>\nLTE-TDD: B38\/B40\/B41<br \/>\nLTE: Kategori 6[\/ld_fancy_heading][\/ld_tab_section][ld_tab_section title=&#8221;Sekt\u00f6rler&#8221; tab_id=&#8221;lqd-1653376168718-58aed1ab-67ee&#8221;][vc_column_text]<\/p>\n<ul>\n<li>Ta\u015f\u0131mac\u0131l\u0131k<\/li>\n<li>Saha Mobil \u00c7\u00f6z\u00fcmleri<\/li>\n<\/ul>\n<p>[\/vc_column_text][\/ld_tab_section][ld_tab_section title=&#8221;Kullan\u0131m Alanlar\u0131&#8221; tab_id=&#8221;lqd-1653376209483-3275f1cb-e370&#8243;][vc_column_text]<\/p>\n<ul>\n<li>Fiyat Kontrol\u00fc<\/li>\n<li>\u00dcr\u00fcn Arama<\/li>\n<li>Yerle\u015ftirme<\/li>\n<li>\u0130kmal<\/li>\n<li>\u0130\u015fbirli\u011fi<\/li>\n<li>Al\u0131m ve Toplama<\/li>\n<li>Varl\u0131k Y\u00f6netimi<\/li>\n<li>Kurye\/Da\u011f\u0131t\u0131m<\/li>\n<li>Do\u011frudan Ma\u011fazaya Teslimat (DSD)<\/li>\n<li>Personel Kimlik Kontrol\u00fc<\/li>\n<\/ul>\n<p>[\/vc_column_text][\/ld_tab_section][\/ld_tabs][\/vc_column][\/vc_row]<\/p>\n","protected":false},"excerpt":{"rendered":"<p>[vc_row][vc_column][vc_column_text css=&#8221;.vc_custom_1660222151591{margin-bottom: 1% !important;}&#8221;] T\u00dcRK\u0130YE&#8217;YE \u00d6ZEL DATA ONLY EL TERM\u0130NAL\u0130 \u00c7al\u0131\u015fanlar\u0131n\u0131z i\u00e7in d\u00fc\u015f\u00fck maliyetli mobil cihazlar sat\u0131n almay\u0131 d\u00fc\u015f\u00fcn\u00fcyorsan\u0131z, TC26DK Data Only el terminaline ge\u00e7in.[\/vc_column_text][ld_spacer][ld_tabs style=&#8221;style09&#8243;][ld_tab_section title=&#8221;\u00d6zellikler&#8221; tab_id=&#8221;lqd-1653376168701-49002ac4-c98b&#8221;][ld_fancy_heading tag=&#8221;p&#8221;]BOYUTLAR Standart pil ile: 6.22 in. U x 3.11 in. G x .0.54 in. D (158 mm U x 79 mm G x 13.7 mm D) Ekstra [&hellip;]<\/p>\n","protected":false},"featured_media":757,"comment_status":"closed","ping_status":"closed","template":"","meta":{"_joinchat":[]},"product_brand":[],"product_cat":[39,38],"product_tag":[],"class_list":{"0":"post-1281","1":"product","2":"type-product","3":"status-publish","4":"has-post-thumbnail","6":"product_cat-el-terminalleri","7":"product_cat-mobil-bilgisayarlar","9":"first","10":"instock","11":"taxable","12":"shipping-taxable","13":"product-type-simple"},"_links":{"self":[{"href":"https:\/\/terateknoloji.com.tr\/index.php\/wp-json\/wp\/v2\/product\/1281","targetHints":{"allow":["GET"]}}],"collection":[{"href":"https:\/\/terateknoloji.com.tr\/index.php\/wp-json\/wp\/v2\/product"}],"about":[{"href":"https:\/\/terateknoloji.com.tr\/index.php\/wp-json\/wp\/v2\/types\/product"}],"replies":[{"embeddable":true,"href":"https:\/\/terateknoloji.com.tr\/index.php\/wp-json\/wp\/v2\/comments?post=1281"}],"wp:featuredmedia":[{"embeddable":true,"href":"https:\/\/terateknoloji.com.tr\/index.php\/wp-json\/wp\/v2\/media\/757"}],"wp:attachment":[{"href":"https:\/\/terateknoloji.com.tr\/index.php\/wp-json\/wp\/v2\/media?parent=1281"}],"wp:term":[{"taxonomy":"product_brand","embeddable":true,"href":"https:\/\/terateknoloji.com.tr\/index.php\/wp-json\/wp\/v2\/product_brand?post=1281"},{"taxonomy":"product_cat","embeddable":true,"href":"https:\/\/terateknoloji.com.tr\/index.php\/wp-json\/wp\/v2\/product_cat?post=1281"},{"taxonomy":"product_tag","embeddable":true,"href":"https:\/\/terateknoloji.com.tr\/index.php\/wp-json\/wp\/v2\/product_tag?post=1281"}],"curies":[{"name":"wp","href":"https:\/\/api.w.org\/{rel}","templated":true}]}}