{"id":1279,"date":"2022-08-11T15:45:44","date_gmt":"2022-08-11T12:45:44","guid":{"rendered":"http:\/\/terateknoloji.com.tr\/?post_type=product&#038;p=1279"},"modified":"2022-08-15T12:49:10","modified_gmt":"2022-08-15T09:49:10","slug":"tc26-dokunmatik-bilgisayar","status":"publish","type":"product","link":"https:\/\/terateknoloji.com.tr\/index.php\/product\/tc26-dokunmatik-bilgisayar\/","title":{"rendered":"TC26 Dokunmatik Bilgisayar"},"content":{"rendered":"<p>[vc_row][vc_column][vc_column_text css=&#8221;.vc_custom_1660222010154{margin-bottom: 1% !important;}&#8221;]<\/p>\n<h4 class=\"content-callout\">DI\u015e MEKAN KULLANIMI \u0130\u00c7\u0130N GEL\u0130\u015eM\u0130\u015e EKONOM\u0130K DOKUNMAT\u0130K B\u0130LG\u0130SAYAR<\/h4>\n<p>\u00c7al\u0131\u015fanlar\u0131n\u0131z\u0131n i\u015fi daha h\u0131zl\u0131 tamamlamas\u0131 i\u00e7in gereken t\u00fcm kurumsal \u00f6zellikleri cep telefonu boyut ve fiyat\u0131yla sunan TC26 dokunmatik bilgisayar ile paran\u0131z\u0131n kar\u015f\u0131l\u0131\u011f\u0131n\u0131 fazlas\u0131yla al\u0131n.[\/vc_column_text][ld_spacer][ld_tabs style=&#8221;style09&#8243;][ld_tab_section title=&#8221;\u00d6zellikler&#8221; tab_id=&#8221;lqd-1653376168701-49002ac4-c98b&#8221;][ld_fancy_heading tag=&#8221;p&#8221;]BOYUTLAR<br \/>\nStandart pil ile: 6,22 in\u00e7 U x 3,11 in\u00e7 G x 0,54 in\u00e7 B (158 mm U x 79 mm G x 13,7 mm D)<br \/>\nEkstra g\u00fc\u00e7l\u00fc pil ile: 6,22 in\u00e7 U x 3,11 in\u00e7 G x 0,68 in\u00e7 B (158 mm U x 79 mm G x 17,3 mm D)<\/p>\n<p>\u0130\u015eLET\u0130M S\u0130STEM\u0130<br \/>\nAndroid 11, Android 14&#8217;e y\u00fckseltilebilir<\/p>\n<p>D\u00dc\u015eME DAYANIKLILIK \u00d6ZELL\u0130\u011e\u0130<br \/>\nMIL-STD 810G standard\u0131 \u00e7er\u00e7evesinde, \u00e7al\u0131\u015fma s\u0131cakl\u0131\u011f\u0131nda 4 ft.\/1,2 metreden beton zemine d\u00fc\u015fme<\/p>\n<p>A\u011eIRLIK<br \/>\n8,32 oz.\/236 g (standart pil ile)<\/p>\n<p>CPU<br \/>\nQualcomm Snapdragon\u2122 660 sekiz \u00e7ekirdekli, 1.8 GHz<\/p>\n<p>YUVARLANMA DAYANIKLILIK \u00d6ZELL\u0130\u011e\u0130<br \/>\n300 kez 1,6 ft.\/0,5 m yuvarlanma<\/p>\n<p>SIZDIRMAZLIK<br \/>\nIP67[\/ld_fancy_heading][\/ld_tab_section][ld_tab_section title=&#8221;Sekt\u00f6rler&#8221; tab_id=&#8221;lqd-1653376168718-58aed1ab-67ee&#8221;][vc_column_text]<\/p>\n<ul>\n<li>Ta\u015f\u0131mac\u0131l\u0131k<\/li>\n<li>Saha Mobil \u00c7\u00f6z\u00fcmleri<\/li>\n<\/ul>\n<p>[\/vc_column_text][\/ld_tab_section][ld_tab_section title=&#8221;Kullan\u0131m Alanlar\u0131&#8221; tab_id=&#8221;lqd-1653376209483-3275f1cb-e370&#8243;][vc_column_text]<\/p>\n<ul>\n<li>Fiyat Kontrol\u00fc<\/li>\n<li>\u00dcr\u00fcn Arama<\/li>\n<li>Yerle\u015ftirme<\/li>\n<li>\u0130kmal<\/li>\n<li>\u0130\u015fbirli\u011fi<\/li>\n<li>Al\u0131m ve Toplama<\/li>\n<li>Varl\u0131k Y\u00f6netimi<\/li>\n<li>Kurye\/Da\u011f\u0131t\u0131m<\/li>\n<li>Do\u011frudan Ma\u011fazaya Teslimat (DSD)<\/li>\n<li>Personel Kimlik Kontrol\u00fc<\/li>\n<\/ul>\n<p>[\/vc_column_text][\/ld_tab_section][\/ld_tabs][\/vc_column][\/vc_row]<\/p>\n","protected":false},"excerpt":{"rendered":"<p>[vc_row][vc_column][vc_column_text css=&#8221;.vc_custom_1660222010154{margin-bottom: 1% !important;}&#8221;] DI\u015e MEKAN KULLANIMI \u0130\u00c7\u0130N GEL\u0130\u015eM\u0130\u015e EKONOM\u0130K DOKUNMAT\u0130K B\u0130LG\u0130SAYAR \u00c7al\u0131\u015fanlar\u0131n\u0131z\u0131n i\u015fi daha h\u0131zl\u0131 tamamlamas\u0131 i\u00e7in gereken t\u00fcm kurumsal \u00f6zellikleri cep telefonu boyut ve fiyat\u0131yla sunan TC26 dokunmatik bilgisayar ile paran\u0131z\u0131n kar\u015f\u0131l\u0131\u011f\u0131n\u0131 fazlas\u0131yla al\u0131n.[\/vc_column_text][ld_spacer][ld_tabs style=&#8221;style09&#8243;][ld_tab_section title=&#8221;\u00d6zellikler&#8221; tab_id=&#8221;lqd-1653376168701-49002ac4-c98b&#8221;][ld_fancy_heading tag=&#8221;p&#8221;]BOYUTLAR Standart pil ile: 6,22 in\u00e7 U x 3,11 in\u00e7 G x 0,54 in\u00e7 B (158 [&hellip;]<\/p>\n","protected":false},"featured_media":757,"comment_status":"closed","ping_status":"closed","template":"","meta":{"_joinchat":[]},"product_brand":[],"product_cat":[39,38],"product_tag":[],"class_list":{"0":"post-1279","1":"product","2":"type-product","3":"status-publish","4":"has-post-thumbnail","6":"product_cat-el-terminalleri","7":"product_cat-mobil-bilgisayarlar","9":"first","10":"instock","11":"taxable","12":"shipping-taxable","13":"product-type-simple"},"_links":{"self":[{"href":"https:\/\/terateknoloji.com.tr\/index.php\/wp-json\/wp\/v2\/product\/1279","targetHints":{"allow":["GET"]}}],"collection":[{"href":"https:\/\/terateknoloji.com.tr\/index.php\/wp-json\/wp\/v2\/product"}],"about":[{"href":"https:\/\/terateknoloji.com.tr\/index.php\/wp-json\/wp\/v2\/types\/product"}],"replies":[{"embeddable":true,"href":"https:\/\/terateknoloji.com.tr\/index.php\/wp-json\/wp\/v2\/comments?post=1279"}],"wp:featuredmedia":[{"embeddable":true,"href":"https:\/\/terateknoloji.com.tr\/index.php\/wp-json\/wp\/v2\/media\/757"}],"wp:attachment":[{"href":"https:\/\/terateknoloji.com.tr\/index.php\/wp-json\/wp\/v2\/media?parent=1279"}],"wp:term":[{"taxonomy":"product_brand","embeddable":true,"href":"https:\/\/terateknoloji.com.tr\/index.php\/wp-json\/wp\/v2\/product_brand?post=1279"},{"taxonomy":"product_cat","embeddable":true,"href":"https:\/\/terateknoloji.com.tr\/index.php\/wp-json\/wp\/v2\/product_cat?post=1279"},{"taxonomy":"product_tag","embeddable":true,"href":"https:\/\/terateknoloji.com.tr\/index.php\/wp-json\/wp\/v2\/product_tag?post=1279"}],"curies":[{"name":"wp","href":"https:\/\/api.w.org\/{rel}","templated":true}]}}