{"id":1268,"date":"2022-08-11T15:01:48","date_gmt":"2022-08-11T12:01:48","guid":{"rendered":"http:\/\/terateknoloji.com.tr\/?post_type=product&#038;p=1268"},"modified":"2025-09-19T15:08:47","modified_gmt":"2025-09-19T12:08:47","slug":"ec50-kurumsal-mobil-bilgisayar","status":"publish","type":"product","link":"https:\/\/terateknoloji.com.tr\/index.php\/product\/ec50-kurumsal-mobil-bilgisayar\/","title":{"rendered":"EC50 Kurumsal Mobil Bilgisayar"},"content":{"rendered":"<p>[vc_row][vc_column][vc_column_text css=&#8221;.vc_custom_1660219739760{margin-bottom: 1% !important;}&#8221;]<\/p>\n<h4 class=\"content-callout\">B\u0130REYSEL TAHS\u0130S ED\u0130LEN MOB\u0130L B\u0130LG\u0130SAYARLARDA YEN\u0130 B\u0130R KATEGOR\u0130<\/h4>\n<p>Entegre barkod okuyucuya sahip, \u00e7al\u0131\u015fanlara bireysel tahsis edilen kurumsal mobil bilgisayar EC50, Zebra&#8217;n\u0131n en ince ve en hafif mobil bilgisayar\u0131d\u0131r. Ak\u0131ll\u0131 telefon tarz\u0131ndaki bu kapsaml\u0131 cihaz, t\u00fcm sekt\u00f6rlerde personel \u00fcretkenli\u011fini ve toplam sahip olma avantajlar\u0131n\u0131 art\u0131r\u0131yor.[\/vc_column_text][ld_spacer][ld_tabs style=&#8221;style09&#8243;][ld_tab_section title=&#8221;\u00d6zellikler&#8221; tab_id=&#8221;lqd-1653376168701-49002ac4-c98b&#8221;][ld_fancy_heading tag=&#8221;p&#8221;]BOYUTLAR<br \/>\n6,08 in\u00e7 \/ 15,44 cm U x 2,99 in\u00e7 \/ 7,6 cm G x 0,377 in\u00e7 \/0,95 cm D<br \/>\n154,5 mm U x 76 mm G x 9,8 mm D<\/p>\n<p>Ekstra g\u00fc\u00e7l\u00fc pil ile<br \/>\n6,08 in\u00e7 \/ 15,44 cm U x 2,99 in\u00e7 \/ 76 mm G x 0,46 in\u00e7 \/ 11,68 mm D<br \/>\n15,45 cm U x 7,6 cm G x 1,18 cm D<\/p>\n<p>A\u011eIRLIK<br \/>\n173 g ila 183 g (standart pil ile SKU&#8217;ya ba\u011fl\u0131d\u0131r)<\/p>\n<p>\u0130\u015eLET\u0130M S\u0130STEM\u0130<br \/>\nAndroid 11, Android 14&#8217;e y\u00fckseltilebilir<\/p>\n<p>CPU<br \/>\nQualcomm SD660, 2.2 GHz sekiz \u00e7ekirdekli<\/p>\n<p>D\u00dc\u015eME DAYANIKLILIK \u00d6ZELL\u0130\u011e\u0130<br \/>\nMIL-STD-810G standard\u0131nda 4 ft.\/1,2 m<br \/>\nKoruyucu muhafazayla: MIL-STD-810G standard\u0131nda 5 ft.\/1,5 m&#8217;den betona, t\u00fcm s\u0131cakl\u0131k aral\u0131\u011f\u0131nda<\/p>\n<p>YUVARLANMA DAYANIKLILIK \u00d6ZELL\u0130\u011e\u0130<br \/>\n300 yuvarlanma, 1,6 ft.\/0,5 m; 500 yuvarlanma, 1,6 ft.\/0,5 m koruyucu muhafazayla[\/ld_fancy_heading][\/ld_tab_section][ld_tab_section title=&#8221;Sekt\u00f6rler&#8221; tab_id=&#8221;lqd-1653376168718-58aed1ab-67ee&#8221;][vc_column_text]<\/p>\n<ul>\n<li>Perakende<\/li>\n<li>Konaklama ve A\u011f\u0131rlama<\/li>\n<li>Sa\u011fl\u0131k sekt\u00f6r\u00fc<\/li>\n<\/ul>\n<p>[\/vc_column_text][\/ld_tab_section][ld_tab_section title=&#8221;Kullan\u0131m Alanlar\u0131&#8221; tab_id=&#8221;lqd-1653376209483-3275f1cb-e370&#8243;][vc_column_text]<\/p>\n<ul>\n<li>Bilgi Arama<\/li>\n<li>Rehberli Sat\u0131\u015f<\/li>\n<li>Fiyat Kontrol\u00fc\/\u00dcr\u00fcn Takibi<\/li>\n<li>G\u00f6rev Atama ve Y\u00f6netimi<\/li>\n<li>Al\u0131m ve Toplama<\/li>\n<li>Ki\u015fisel Cihaz<\/li>\n<li>Mobil Sat\u0131\u015f Noktas\u0131<\/li>\n<li>Dan\u0131\u015fma Hizmeti<\/li>\n<li>\u0130\u015flem Do\u011frulama<\/li>\n<li>Hasta Nakli<\/li>\n<li>Temizlik<\/li>\n<li>Mobil Sat\u0131\u015flar<\/li>\n<\/ul>\n<p>[\/vc_column_text][\/ld_tab_section][\/ld_tabs][\/vc_column][\/vc_row]<\/p>\n","protected":false},"excerpt":{"rendered":"<p>[vc_row][vc_column][vc_column_text css=&#8221;.vc_custom_1660219739760{margin-bottom: 1% !important;}&#8221;] B\u0130REYSEL TAHS\u0130S ED\u0130LEN MOB\u0130L B\u0130LG\u0130SAYARLARDA YEN\u0130 B\u0130R KATEGOR\u0130 Entegre barkod okuyucuya sahip, \u00e7al\u0131\u015fanlara bireysel tahsis edilen kurumsal mobil bilgisayar EC50, Zebra&#8217;n\u0131n en ince ve en hafif mobil bilgisayar\u0131d\u0131r. Ak\u0131ll\u0131 telefon tarz\u0131ndaki bu kapsaml\u0131 cihaz, t\u00fcm sekt\u00f6rlerde personel \u00fcretkenli\u011fini ve toplam sahip olma avantajlar\u0131n\u0131 art\u0131r\u0131yor.[\/vc_column_text][ld_spacer][ld_tabs style=&#8221;style09&#8243;][ld_tab_section title=&#8221;\u00d6zellikler&#8221; tab_id=&#8221;lqd-1653376168701-49002ac4-c98b&#8221;][ld_fancy_heading tag=&#8221;p&#8221;]BOYUTLAR 6,08 in\u00e7 \/ [&hellip;]<\/p>\n","protected":false},"featured_media":1272,"comment_status":"closed","ping_status":"closed","template":"","meta":{"_joinchat":[]},"product_brand":[],"product_cat":[39,38],"product_tag":[],"class_list":{"0":"post-1268","1":"product","2":"type-product","3":"status-publish","4":"has-post-thumbnail","6":"product_cat-el-terminalleri","7":"product_cat-mobil-bilgisayarlar","9":"first","10":"instock","11":"taxable","12":"shipping-taxable","13":"product-type-simple"},"_links":{"self":[{"href":"https:\/\/terateknoloji.com.tr\/index.php\/wp-json\/wp\/v2\/product\/1268","targetHints":{"allow":["GET"]}}],"collection":[{"href":"https:\/\/terateknoloji.com.tr\/index.php\/wp-json\/wp\/v2\/product"}],"about":[{"href":"https:\/\/terateknoloji.com.tr\/index.php\/wp-json\/wp\/v2\/types\/product"}],"replies":[{"embeddable":true,"href":"https:\/\/terateknoloji.com.tr\/index.php\/wp-json\/wp\/v2\/comments?post=1268"}],"wp:featuredmedia":[{"embeddable":true,"href":"https:\/\/terateknoloji.com.tr\/index.php\/wp-json\/wp\/v2\/media\/1272"}],"wp:attachment":[{"href":"https:\/\/terateknoloji.com.tr\/index.php\/wp-json\/wp\/v2\/media?parent=1268"}],"wp:term":[{"taxonomy":"product_brand","embeddable":true,"href":"https:\/\/terateknoloji.com.tr\/index.php\/wp-json\/wp\/v2\/product_brand?post=1268"},{"taxonomy":"product_cat","embeddable":true,"href":"https:\/\/terateknoloji.com.tr\/index.php\/wp-json\/wp\/v2\/product_cat?post=1268"},{"taxonomy":"product_tag","embeddable":true,"href":"https:\/\/terateknoloji.com.tr\/index.php\/wp-json\/wp\/v2\/product_tag?post=1268"}],"curies":[{"name":"wp","href":"https:\/\/api.w.org\/{rel}","templated":true}]}}