{"id":1244,"date":"2022-08-11T12:50:41","date_gmt":"2022-08-11T09:50:41","guid":{"rendered":"http:\/\/terateknoloji.com.tr\/?post_type=product&#038;p=1244"},"modified":"2022-08-15T13:01:56","modified_gmt":"2022-08-15T10:01:56","slug":"rfd40-uhf-rfid-premium-plus-sled","status":"publish","type":"product","link":"https:\/\/terateknoloji.com.tr\/index.php\/product\/rfd40-uhf-rfid-premium-plus-sled\/","title":{"rendered":"RFD40 UHF RFID Premium Plus Sled"},"content":{"rendered":"<p>[vc_row][vc_column][vc_column_text css=&#8221;.vc_custom_1660211653252{margin-bottom: 1% !important;}&#8221;]<\/p>\n<h4 class=\"content-callout\">TARA VE OKU<\/h4>\n<p>RFD40 UHF RFID Premium Plus Sled, Standart ve Premium modellerle ayn\u0131 geli\u015fmi\u015f \u00f6zelliklere sahiptir; 1 ve 2 boyutlu barkod okuyucusu, Bluetooth ve bir dokunu\u015fla e\u015fle\u015ftirme (NFC) \u00f6zellikleriyle, \u00fc\u00e7\u00fcnc\u00fc taraf ak\u0131ll\u0131 telefonlar\u0131 daha iyi destekler. Entegre Wi-Fi \u00f6zelli\u011fiyle kablosuz cihaz y\u00f6netimi sunar.[\/vc_column_text][ld_spacer][ld_tabs style=&#8221;style09&#8243;][ld_tab_section title=&#8221;\u00d6zellikler&#8221; tab_id=&#8221;lqd-1653376168701-49002ac4-c98b&#8221;][ld_fancy_heading tag=&#8221;p&#8221;]EN Y\u00dcKSEK OKUMA HIZLARI<br \/>\nSekt\u00f6r lideri, saniyede 1300+ etiket okuma<\/p>\n<p>\u0130\u015eLET\u0130M S\u0130STEM\u0130 DESTE\u011e\u0130 VE BA\u011eLANTI<br \/>\nAndroid, iOS, Windows<\/p>\n<p>Wi-Fi 6, Bluetooth 5.3, NFC bir dokunu\u015fla e\u015fle\u015ftirme<\/p>\n<p>D\u00dc\u015eME DAYANIKLILIK \u00d6ZELL\u0130KLER\u0130<br \/>\n1.5 metreden defalarca beton zemine d\u00fc\u015fme<\/p>\n<p>G\u00dc\u00c7<br \/>\nKolay Tak\u0131l\u0131p \u00c7\u0131kar\u0131lan, PowerPrecision+ Li-Ion 7000 mAh pil<\/p>\n<p>BOYUTLAR<br \/>\n15 cm Y x 8,4 cm G x 16,5 cm U<br \/>\n15.1 cm Y x 8.4 cm G x 16.65 cm U<\/p>\n<p>A\u011eIRLIK<br \/>\n~556 gram[\/ld_fancy_heading][\/ld_tab_section][ld_tab_section title=&#8221;Sekt\u00f6rler&#8221; tab_id=&#8221;lqd-1653376168718-58aed1ab-67ee&#8221;][vc_column_text]<\/p>\n<ul>\n<li>Perakende<\/li>\n<li>Konaklama ve A\u011f\u0131rlama<\/li>\n<li>Sa\u011fl\u0131k sekt\u00f6r\u00fc<\/li>\n<\/ul>\n<p>[\/vc_column_text][\/ld_tab_section][ld_tab_section title=&#8221;Kullan\u0131m Alanlar\u0131&#8221; tab_id=&#8221;lqd-1653376209483-3275f1cb-e370&#8243;][vc_column_text]<\/p>\n<ul>\n<li>D\u00f6ng\u00fc Say\u0131m\u0131<\/li>\n<li>Planogram Uyumlulu\u011fu<\/li>\n<li>\u0130adeler<\/li>\n<li>Stok Y\u00f6netimi<\/li>\n<li>Giri\u015f \/ \u0130dari \u0130\u015fler<\/li>\n<li>Biletleme: Konserler, Spor Etkinlikleri ve daha fazlas\u0131<\/li>\n<li>M\u00fc\u015fteri Kartlar\u0131<\/li>\n<li>Numune Takibi<\/li>\n<li>Hasta Takibi<\/li>\n<li>Varl\u0131k Takibi ve Y\u00f6netimi<\/li>\n<\/ul>\n<p>[\/vc_column_text][\/ld_tab_section][\/ld_tabs][\/vc_column][\/vc_row]<\/p>\n","protected":false},"excerpt":{"rendered":"<p>[vc_row][vc_column][vc_column_text css=&#8221;.vc_custom_1660211653252{margin-bottom: 1% !important;}&#8221;] TARA VE OKU RFD40 UHF RFID Premium Plus Sled, Standart ve Premium modellerle ayn\u0131 geli\u015fmi\u015f \u00f6zelliklere sahiptir; 1 ve 2 boyutlu barkod okuyucusu, Bluetooth ve bir dokunu\u015fla e\u015fle\u015ftirme (NFC) \u00f6zellikleriyle, \u00fc\u00e7\u00fcnc\u00fc taraf ak\u0131ll\u0131 telefonlar\u0131 daha iyi destekler. Entegre Wi-Fi \u00f6zelli\u011fiyle kablosuz cihaz y\u00f6netimi sunar.[\/vc_column_text][ld_spacer][ld_tabs style=&#8221;style09&#8243;][ld_tab_section title=&#8221;\u00d6zellikler&#8221; tab_id=&#8221;lqd-1653376168701-49002ac4-c98b&#8221;][ld_fancy_heading tag=&#8221;p&#8221;]EN Y\u00dcKSEK OKUMA HIZLARI [&hellip;]<\/p>\n","protected":false},"featured_media":1245,"comment_status":"closed","ping_status":"closed","template":"","meta":{"_joinchat":[]},"product_brand":[],"product_cat":[57,55],"product_tag":[],"class_list":{"0":"post-1244","1":"product","2":"type-product","3":"status-publish","4":"has-post-thumbnail","6":"product_cat-el-tipi-rfid-okuyucular-ve-rfid-ozellikli-okuyucular","7":"product_cat-rfid","9":"first","10":"instock","11":"taxable","12":"shipping-taxable","13":"product-type-simple"},"_links":{"self":[{"href":"https:\/\/terateknoloji.com.tr\/index.php\/wp-json\/wp\/v2\/product\/1244","targetHints":{"allow":["GET"]}}],"collection":[{"href":"https:\/\/terateknoloji.com.tr\/index.php\/wp-json\/wp\/v2\/product"}],"about":[{"href":"https:\/\/terateknoloji.com.tr\/index.php\/wp-json\/wp\/v2\/types\/product"}],"replies":[{"embeddable":true,"href":"https:\/\/terateknoloji.com.tr\/index.php\/wp-json\/wp\/v2\/comments?post=1244"}],"wp:featuredmedia":[{"embeddable":true,"href":"https:\/\/terateknoloji.com.tr\/index.php\/wp-json\/wp\/v2\/media\/1245"}],"wp:attachment":[{"href":"https:\/\/terateknoloji.com.tr\/index.php\/wp-json\/wp\/v2\/media?parent=1244"}],"wp:term":[{"taxonomy":"product_brand","embeddable":true,"href":"https:\/\/terateknoloji.com.tr\/index.php\/wp-json\/wp\/v2\/product_brand?post=1244"},{"taxonomy":"product_cat","embeddable":true,"href":"https:\/\/terateknoloji.com.tr\/index.php\/wp-json\/wp\/v2\/product_cat?post=1244"},{"taxonomy":"product_tag","embeddable":true,"href":"https:\/\/terateknoloji.com.tr\/index.php\/wp-json\/wp\/v2\/product_tag?post=1244"}],"curies":[{"name":"wp","href":"https:\/\/api.w.org\/{rel}","templated":true}]}}