{"id":1223,"date":"2022-08-10T16:38:43","date_gmt":"2022-08-10T13:38:43","guid":{"rendered":"http:\/\/terateknoloji.com.tr\/?post_type=product&#038;p=1223"},"modified":"2022-08-15T13:06:31","modified_gmt":"2022-08-15T10:06:31","slug":"st5500-donusum-okuyucusu","status":"publish","type":"product","link":"https:\/\/terateknoloji.com.tr\/index.php\/product\/st5500-donusum-okuyucusu\/","title":{"rendered":"ST5500 D\u00f6n\u00fc\u015f\u00fcm Okuyucusu"},"content":{"rendered":"<p>[vc_row][vc_column][vc_column_text css=&#8221;.vc_custom_1660138840699{margin-bottom: 1% !important;}&#8221;]<\/p>\n<h4 class=\"content-callout\">ENVANTER\u0130 G\u0130R\u0130\u015e\/\u00c7IKI\u015e NOKTALARI \u0130\u00c7\u0130NDEN TAK\u0130P ED\u0130N<\/h4>\n<p>Envanter tesisinizdeki teslim alma, giri\u015f\/\u00e7\u0131k\u0131\u015f noktalar\u0131 veya herhangi bir d\u00f6n\u00fc\u015f\u00fcm noktas\u0131nda hareket ederken, hangi y\u00f6ne do\u011fru gitti\u011fini bilmeniz gerekir. Zebra ST5500 D\u00f6n\u00fc\u015f\u00fcm Okuyucusu, \u00fcr\u00fcnlerin bir alana girdi\u011fini veya alandan \u00e7\u0131kt\u0131\u011f\u0131n\u0131 saptamak i\u00e7in gereken verileri toplamak ad\u0131na basit varl\u0131k saptaman\u0131n da \u00f6tesinde hizmet verir. Bu sens\u00f6r\u00fc bir duvara monte etmek veya tavana asmak i\u00e7in esnek se\u00e7enekler sayesinde, Zebra ST5500 D\u00f6n\u00fc\u015f\u00fcm Okuyucusu\u2019nu neredeyse t\u00fcm ortamlarda kullanmak kolayd\u0131r.[\/vc_column_text][ld_spacer][ld_tabs style=&#8221;style09&#8243;][ld_tab_section title=&#8221;\u00d6zellikler&#8221; tab_id=&#8221;lqd-1653376168701-49002ac4-c98b&#8221;][ld_fancy_heading tag=&#8221;p&#8221;]BOYUTLAR<br \/>\n119 cm x 56 cm 23 cm<br \/>\n1194 mm x 559 mm x 229 mm<\/p>\n<p>NEM<br \/>\n%95 RH, yo\u011fu\u015fmas\u0131z<\/p>\n<p>A\u011eIRLIK<br \/>\n23 lbs.\/10,4 kg<\/p>\n<p>ELEKTROSTAT\u0130K DE\u015eARJ<br \/>\n\u00b1 15kv hava de\u015farj\u0131, \u00b1 8kv do\u011frudan de\u015farj, \u00b1 8kv dolayl\u0131 de\u015farj<\/p>\n<p>\u00c7ALI\u015eMA SICAKLI\u011eI<br \/>\n-4\u00ba ila 131\u00baF\/-20\u00ba ila 55\u00baC aras\u0131<\/p>\n<p>G\u0130R\u0130\u015e G\u00dcC\u00dc<br \/>\n18W maks (37-55 VDC POE)<\/p>\n<p>DEPOLAMA SICAKLI\u011eI<br \/>\n-40\u00ba ila 158\u00baF\/-40\u00ba ila 70\u00baC aras\u0131[\/ld_fancy_heading][\/ld_tab_section][ld_tab_section title=&#8221;Sekt\u00f6rler&#8221; tab_id=&#8221;lqd-1653376168718-58aed1ab-67ee&#8221;][vc_column_text]<\/p>\n<ul>\n<li>Depo Y\u00f6netimi<\/li>\n<li>Perakende<\/li>\n<li>\u0130malat<\/li>\n<\/ul>\n<p>[\/vc_column_text][\/ld_tab_section][ld_tab_section title=&#8221;Kullan\u0131m Alanlar\u0131&#8221; tab_id=&#8221;lqd-1653376209483-3275f1cb-e370&#8243;][vc_column_text]<\/p>\n<ul>\n<li>Ana Giri\u015f\/\u00c7\u0131k\u0131\u015f Noktalar\u0131ndan Ge\u00e7i\u015fte Envanter Takibi<\/li>\n<li>Tesisinizdeki T\u00fcm Ge\u00e7i\u015f Noktalar\u0131ndaki<\/li>\n<li>\u00dcr\u00fcnleri Takip Edin<\/li>\n<\/ul>\n<p>[\/vc_column_text][\/ld_tab_section][\/ld_tabs][\/vc_column][\/vc_row]<\/p>\n","protected":false},"excerpt":{"rendered":"<p>[vc_row][vc_column][vc_column_text css=&#8221;.vc_custom_1660138840699{margin-bottom: 1% !important;}&#8221;] ENVANTER\u0130 G\u0130R\u0130\u015e\/\u00c7IKI\u015e NOKTALARI \u0130\u00c7\u0130NDEN TAK\u0130P ED\u0130N Envanter tesisinizdeki teslim alma, giri\u015f\/\u00e7\u0131k\u0131\u015f noktalar\u0131 veya herhangi bir d\u00f6n\u00fc\u015f\u00fcm noktas\u0131nda hareket ederken, hangi y\u00f6ne do\u011fru gitti\u011fini bilmeniz gerekir. Zebra ST5500 D\u00f6n\u00fc\u015f\u00fcm Okuyucusu, \u00fcr\u00fcnlerin bir alana girdi\u011fini veya alandan \u00e7\u0131kt\u0131\u011f\u0131n\u0131 saptamak i\u00e7in gereken verileri toplamak ad\u0131na basit varl\u0131k saptaman\u0131n da \u00f6tesinde hizmet verir. Bu sens\u00f6r\u00fc [&hellip;]<\/p>\n","protected":false},"featured_media":1224,"comment_status":"closed","ping_status":"closed","template":"","meta":{"_joinchat":[]},"product_brand":[],"product_cat":[55,56],"product_tag":[],"class_list":{"0":"post-1223","1":"product","2":"type-product","3":"status-publish","4":"has-post-thumbnail","6":"product_cat-rfid","7":"product_cat-sabit-rfid-okuyucular-ve-altyapi","9":"first","10":"instock","11":"taxable","12":"shipping-taxable","13":"product-type-simple"},"_links":{"self":[{"href":"https:\/\/terateknoloji.com.tr\/index.php\/wp-json\/wp\/v2\/product\/1223","targetHints":{"allow":["GET"]}}],"collection":[{"href":"https:\/\/terateknoloji.com.tr\/index.php\/wp-json\/wp\/v2\/product"}],"about":[{"href":"https:\/\/terateknoloji.com.tr\/index.php\/wp-json\/wp\/v2\/types\/product"}],"replies":[{"embeddable":true,"href":"https:\/\/terateknoloji.com.tr\/index.php\/wp-json\/wp\/v2\/comments?post=1223"}],"wp:featuredmedia":[{"embeddable":true,"href":"https:\/\/terateknoloji.com.tr\/index.php\/wp-json\/wp\/v2\/media\/1224"}],"wp:attachment":[{"href":"https:\/\/terateknoloji.com.tr\/index.php\/wp-json\/wp\/v2\/media?parent=1223"}],"wp:term":[{"taxonomy":"product_brand","embeddable":true,"href":"https:\/\/terateknoloji.com.tr\/index.php\/wp-json\/wp\/v2\/product_brand?post=1223"},{"taxonomy":"product_cat","embeddable":true,"href":"https:\/\/terateknoloji.com.tr\/index.php\/wp-json\/wp\/v2\/product_cat?post=1223"},{"taxonomy":"product_tag","embeddable":true,"href":"https:\/\/terateknoloji.com.tr\/index.php\/wp-json\/wp\/v2\/product_tag?post=1223"}],"curies":[{"name":"wp","href":"https:\/\/api.w.org\/{rel}","templated":true}]}}