{"id":1220,"date":"2022-08-10T16:34:37","date_gmt":"2022-08-10T13:34:37","guid":{"rendered":"http:\/\/terateknoloji.com.tr\/?post_type=product&#038;p=1220"},"modified":"2022-08-15T13:07:19","modified_gmt":"2022-08-15T10:07:19","slug":"fx7500-sabit-rfid-okuyucu","status":"publish","type":"product","link":"https:\/\/terateknoloji.com.tr\/index.php\/product\/fx7500-sabit-rfid-okuyucu\/","title":{"rendered":"FX7500 Sabit RFID okuyucu"},"content":{"rendered":"<p>[vc_row][vc_column][vc_column_text css=&#8221;.vc_custom_1660138579417{margin-bottom: 1% !important;}&#8221;]<\/p>\n<h4 class=\"content-callout\">\u0130LER\u0130 D\u00dcZEY RADYO TEKNOLOJ\u0130S\u0130<\/h4>\n<p>FX7500, d\u00fc\u015f\u00fck profili ve kompakt boyutlar\u0131yla hemen her i\u015f ortam\u0131 i\u00e7in ideal olan zarif ve \u00e7ekici bir form fakt\u00f6r\u00fcyle birlikte gelir. Ticari s\u0131n\u0131f uygulamalar\u0131n\u0131za ciddi bir de\u011fer katan etkileyici bir dizi entegre \u00f6zellik ve i\u015flevle, bilan\u00e7o \u00fczerinde de iyi g\u00f6r\u00fcn\u00fcr.[\/vc_column_text][ld_spacer][ld_tabs style=&#8221;style09&#8243;][ld_tab_section title=&#8221;\u00d6zellikler&#8221; tab_id=&#8221;lqd-1653376168701-49002ac4-c98b&#8221;][ld_fancy_heading tag=&#8221;p&#8221;]SINIF<br \/>\nEnd\u00fcstriyel-\u0130\u00e7 Mekan<\/p>\n<p>A\u011eIRLIK<br \/>\n0,86 kg \u00b1 0,05 kg<\/p>\n<p>KASA<br \/>\nPres d\u00f6k\u00fcm al\u00fcminyum, sac ve plastik<\/p>\n<p>\u0130\u015eLET\u0130M S\u0130STEM\u0130<br \/>\nLinux<\/p>\n<p>BA\u011eLANTI<br \/>\nPOE deste\u011fiyle 10\/100 BaseT Ethernet (RJ45); USB \u0130stemci (USB Tip B), USB Host Portu (Tip A)<\/p>\n<p>USB portlu konfig\u00fcrasyonlarda USB\u2019nin tam olarak \u00e7al\u0131\u015fmas\u0131 i\u00e7in harici bir USB portu gereklidir.<\/p>\n<p>BELLEK<br \/>\nFla\u015f 512 MB; DRAM 256 MB[\/ld_fancy_heading][\/ld_tab_section][ld_tab_section title=&#8221;Sekt\u00f6rler&#8221; tab_id=&#8221;lqd-1653376168718-58aed1ab-67ee&#8221;][vc_column_text]<\/p>\n<ul>\n<li>Depo Y\u00f6netimi<\/li>\n<li>Perakende<\/li>\n<li>\u0130malat<\/li>\n<li>Ta\u015f\u0131mac\u0131l\u0131k<\/li>\n<\/ul>\n<p>[\/vc_column_text][\/ld_tab_section][ld_tab_section title=&#8221;Kullan\u0131m Alanlar\u0131&#8221; tab_id=&#8221;lqd-1653376209483-3275f1cb-e370&#8243;][vc_column_text]<\/p>\n<ul>\n<li>B\u00fcy\u00fck A\u00e7\u0131k Alanlar<\/li>\n<li>Ticari S\u0131n\u0131f Ortamlar<\/li>\n<\/ul>\n<p>[\/vc_column_text][\/ld_tab_section][\/ld_tabs][\/vc_column][\/vc_row]<\/p>\n","protected":false},"excerpt":{"rendered":"<p>[vc_row][vc_column][vc_column_text css=&#8221;.vc_custom_1660138579417{margin-bottom: 1% !important;}&#8221;] \u0130LER\u0130 D\u00dcZEY RADYO TEKNOLOJ\u0130S\u0130 FX7500, d\u00fc\u015f\u00fck profili ve kompakt boyutlar\u0131yla hemen her i\u015f ortam\u0131 i\u00e7in ideal olan zarif ve \u00e7ekici bir form fakt\u00f6r\u00fcyle birlikte gelir. Ticari s\u0131n\u0131f uygulamalar\u0131n\u0131za ciddi bir de\u011fer katan etkileyici bir dizi entegre \u00f6zellik ve i\u015flevle, bilan\u00e7o \u00fczerinde de iyi g\u00f6r\u00fcn\u00fcr.[\/vc_column_text][ld_spacer][ld_tabs style=&#8221;style09&#8243;][ld_tab_section title=&#8221;\u00d6zellikler&#8221; tab_id=&#8221;lqd-1653376168701-49002ac4-c98b&#8221;][ld_fancy_heading tag=&#8221;p&#8221;]SINIF End\u00fcstriyel-\u0130\u00e7 Mekan A\u011eIRLIK [&hellip;]<\/p>\n","protected":false},"featured_media":1221,"comment_status":"closed","ping_status":"closed","template":"","meta":{"_joinchat":[]},"product_brand":[],"product_cat":[55,56],"product_tag":[],"class_list":{"0":"post-1220","1":"product","2":"type-product","3":"status-publish","4":"has-post-thumbnail","6":"product_cat-rfid","7":"product_cat-sabit-rfid-okuyucular-ve-altyapi","9":"first","10":"instock","11":"taxable","12":"shipping-taxable","13":"product-type-simple"},"_links":{"self":[{"href":"https:\/\/terateknoloji.com.tr\/index.php\/wp-json\/wp\/v2\/product\/1220","targetHints":{"allow":["GET"]}}],"collection":[{"href":"https:\/\/terateknoloji.com.tr\/index.php\/wp-json\/wp\/v2\/product"}],"about":[{"href":"https:\/\/terateknoloji.com.tr\/index.php\/wp-json\/wp\/v2\/types\/product"}],"replies":[{"embeddable":true,"href":"https:\/\/terateknoloji.com.tr\/index.php\/wp-json\/wp\/v2\/comments?post=1220"}],"wp:featuredmedia":[{"embeddable":true,"href":"https:\/\/terateknoloji.com.tr\/index.php\/wp-json\/wp\/v2\/media\/1221"}],"wp:attachment":[{"href":"https:\/\/terateknoloji.com.tr\/index.php\/wp-json\/wp\/v2\/media?parent=1220"}],"wp:term":[{"taxonomy":"product_brand","embeddable":true,"href":"https:\/\/terateknoloji.com.tr\/index.php\/wp-json\/wp\/v2\/product_brand?post=1220"},{"taxonomy":"product_cat","embeddable":true,"href":"https:\/\/terateknoloji.com.tr\/index.php\/wp-json\/wp\/v2\/product_cat?post=1220"},{"taxonomy":"product_tag","embeddable":true,"href":"https:\/\/terateknoloji.com.tr\/index.php\/wp-json\/wp\/v2\/product_tag?post=1220"}],"curies":[{"name":"wp","href":"https:\/\/api.w.org\/{rel}","templated":true}]}}