{"id":1212,"date":"2022-08-10T16:07:02","date_gmt":"2022-08-10T13:07:02","guid":{"rendered":"http:\/\/terateknoloji.com.tr\/?post_type=product&#038;p=1212"},"modified":"2022-08-15T13:11:34","modified_gmt":"2022-08-15T10:11:34","slug":"ds3600-dpa","status":"publish","type":"product","link":"https:\/\/terateknoloji.com.tr\/index.php\/product\/ds3600-dpa\/","title":{"rendered":"DS3600-DPA"},"content":{"rendered":"<p>[vc_row][vc_column][vc_column_text css=&#8221;.vc_custom_1660136906919{margin-bottom: 1% !important;}&#8221;]<\/p>\n<h4 class=\"content-callout\">\u00dcST\u00dcN KULLANIM KOLAYLI\u011eI \u0130\u00c7\u0130N \u00dcST\u00dcN ERGONOM\u0130<\/h4>\n<p>\u00dcst\u00fcn tarama performans\u0131, esnek bilgi yakalama, son derece dayan\u0131kl\u0131 tasar\u0131m ve benzersiz y\u00f6netilebilirlik \u00f6zelliklerine ek olarak, t\u00fcm y\u00fcksek yo\u011funluklu barkodlar\u0131n do\u011frudan par\u00e7a markalar\u0131n\u0131 ilk denemede okumas\u0131n\u0131 sa\u011flayan geli\u015fmi\u015f bir ayd\u0131nlatma sistemi elde edersiniz; buna d\u00fc\u015f\u00fck kontrastl\u0131 veya parlak, yans\u0131t\u0131c\u0131 y\u00fczeylerdeki do\u011frudan par\u00e7a markalar\u0131 da dahildir. Ve Zebra&#8217;n\u0131n Otomasyon i\u00e7in Network Connect\u2019i, \u00fc\u00e7\u00fcnc\u00fc \u015fah\u0131s ekipman\u0131 olmaks\u0131z\u0131n DS3600-DPA barkod okuyucu ve End\u00fcstriyel Ethernet a\u011f\u0131n\u0131z aras\u0131nda sorunsuz bir ba\u011flant\u0131 sa\u011flayarak karma\u015f\u0131kl\u0131\u011f\u0131 azalt\u0131r ve bir sorun kayna\u011f\u0131n\u0131 ortadan kald\u0131r\u0131r.[\/vc_column_text][ld_spacer][ld_tabs style=&#8221;style09&#8243;][ld_tab_section title=&#8221;\u00d6zellikler&#8221; tab_id=&#8221;lqd-1653376168701-49002ac4-c98b&#8221;][ld_fancy_heading tag=&#8221;p&#8221;]P\u0130L<br \/>\nPowerPrecision+ 3100 mAH Li-\u0130yon \u015earj Edilebilir Pil (kablosuz modeller i\u00e7in)<\/p>\n<p>D\u00dc\u015eME DAYANIKLILIK TOLERANSI<br \/>\n10 fit\/3,0 metreden defalarca beton zemine d\u00fc\u015fmeye dayan\u0131kl\u0131d\u0131r<\/p>\n<p>BARKOD OKUMA TEKNOLOJ\u0130S\u0130<br \/>\nSeri Okuyucu<\/p>\n<p>SIZDIRMAZLIK<br \/>\nBarkod Okuyucu: IP65 ve IP68 Yuva: IP65<\/p>\n<p>DE\u015e\u0130FRE \u00d6ZELL\u0130\u011e\u0130<br \/>\n1 boyutlu, 2 boyutlu ve IUID Deste\u011fi[\/ld_fancy_heading][\/ld_tab_section][ld_tab_section title=&#8221;Sekt\u00f6rler&#8221; tab_id=&#8221;lqd-1653376168718-58aed1ab-67ee&#8221;][vc_column_text]<\/p>\n<ul>\n<li>\u0130malat<\/li>\n<\/ul>\n<p>[\/vc_column_text][\/ld_tab_section][ld_tab_section title=&#8221;Kullan\u0131m Alanlar\u0131&#8221; tab_id=&#8221;lqd-1653376209483-3275f1cb-e370&#8243;][vc_column_text]<\/p>\n<ul>\n<li>\u00d6m\u00fcr Boyu Tan\u0131mlama (UID)<\/li>\n<li>Takip ve Tespit<\/li>\n<li>Bak\u0131m Y\u00f6netimi<\/li>\n<li>Garanti Servisi<\/li>\n<li>\u00dcr\u00fcn Do\u011frulama<\/li>\n<li>Otomotiv\/Uzay ve Havac\u0131l\u0131k\/Savunma<\/li>\n<\/ul>\n<p>[\/vc_column_text][\/ld_tab_section][\/ld_tabs][\/vc_column][\/vc_row]<\/p>\n","protected":false},"excerpt":{"rendered":"<p>[vc_row][vc_column][vc_column_text css=&#8221;.vc_custom_1660136906919{margin-bottom: 1% !important;}&#8221;] \u00dcST\u00dcN KULLANIM KOLAYLI\u011eI \u0130\u00c7\u0130N \u00dcST\u00dcN ERGONOM\u0130 \u00dcst\u00fcn tarama performans\u0131, esnek bilgi yakalama, son derece dayan\u0131kl\u0131 tasar\u0131m ve benzersiz y\u00f6netilebilirlik \u00f6zelliklerine ek olarak, t\u00fcm y\u00fcksek yo\u011funluklu barkodlar\u0131n do\u011frudan par\u00e7a markalar\u0131n\u0131 ilk denemede okumas\u0131n\u0131 sa\u011flayan geli\u015fmi\u015f bir ayd\u0131nlatma sistemi elde edersiniz; buna d\u00fc\u015f\u00fck kontrastl\u0131 veya parlak, yans\u0131t\u0131c\u0131 y\u00fczeylerdeki do\u011frudan par\u00e7a markalar\u0131 da dahildir. [&hellip;]<\/p>\n","protected":false},"featured_media":1213,"comment_status":"closed","ping_status":"closed","template":"","meta":{"_joinchat":[]},"product_brand":[],"product_cat":[49,54],"product_tag":[],"class_list":{"0":"post-1212","1":"product","2":"type-product","3":"status-publish","4":"has-post-thumbnail","6":"product_cat-barkod-okuyucular","7":"product_cat-ultra-dayanikli-barkod-okuyucular","9":"first","10":"instock","11":"taxable","12":"shipping-taxable","13":"product-type-simple"},"_links":{"self":[{"href":"https:\/\/terateknoloji.com.tr\/index.php\/wp-json\/wp\/v2\/product\/1212","targetHints":{"allow":["GET"]}}],"collection":[{"href":"https:\/\/terateknoloji.com.tr\/index.php\/wp-json\/wp\/v2\/product"}],"about":[{"href":"https:\/\/terateknoloji.com.tr\/index.php\/wp-json\/wp\/v2\/types\/product"}],"replies":[{"embeddable":true,"href":"https:\/\/terateknoloji.com.tr\/index.php\/wp-json\/wp\/v2\/comments?post=1212"}],"wp:featuredmedia":[{"embeddable":true,"href":"https:\/\/terateknoloji.com.tr\/index.php\/wp-json\/wp\/v2\/media\/1213"}],"wp:attachment":[{"href":"https:\/\/terateknoloji.com.tr\/index.php\/wp-json\/wp\/v2\/media?parent=1212"}],"wp:term":[{"taxonomy":"product_brand","embeddable":true,"href":"https:\/\/terateknoloji.com.tr\/index.php\/wp-json\/wp\/v2\/product_brand?post=1212"},{"taxonomy":"product_cat","embeddable":true,"href":"https:\/\/terateknoloji.com.tr\/index.php\/wp-json\/wp\/v2\/product_cat?post=1212"},{"taxonomy":"product_tag","embeddable":true,"href":"https:\/\/terateknoloji.com.tr\/index.php\/wp-json\/wp\/v2\/product_tag?post=1212"}],"curies":[{"name":"wp","href":"https:\/\/api.w.org\/{rel}","templated":true}]}}