{"id":1209,"date":"2022-08-10T16:01:10","date_gmt":"2022-08-10T13:01:10","guid":{"rendered":"http:\/\/terateknoloji.com.tr\/?post_type=product&#038;p=1209"},"modified":"2022-08-15T13:13:09","modified_gmt":"2022-08-15T10:13:09","slug":"ds3600-hd","status":"publish","type":"product","link":"https:\/\/terateknoloji.com.tr\/index.php\/product\/ds3600-hd\/","title":{"rendered":"DS3600-HD"},"content":{"rendered":"<p>[vc_row][vc_column][vc_column_text css=&#8221;.vc_custom_1660136547583{margin-bottom: 1% !important;}&#8221;]<\/p>\n<h4 class=\"content-callout\">\u0130LK SEFERDE BA\u015eARIN<\/h4>\n<p>\u00dcst\u00fcn tarama performans\u0131, esnek bilgi yakalama, son derece dayan\u0131kl\u0131 tasar\u0131m ve benzersiz y\u00f6netilebilirlik \u00f6zelliklerine ek olarak, `bu taray\u0131c\u0131lar\u0131n t\u00fcm y\u00fcksek yo\u011funluklu barkodlar\u0131 ilk denemede yakalanmas\u0131n\u0131 sa\u011flayan daha fazla \u00f6zellik elde edersiniz. Par\u00e7alara do\u011frudan oyulmu\u015f d\u00fc\u015f\u00fck kontrastl\u0131 barkodlardan siyah \u00fczerine bas\u0131lm\u0131\u015f \u00e7ok y\u00fcksek kontrastl\u0131 beyaz veya beyaz \u00fczerine bas\u0131lm\u0131\u015f siyah barkodlara, DS3608-HD ve DS3678-HD t\u00fcm\u00fcn\u00fcn \u00fcstesinden gelir.[\/vc_column_text][ld_spacer][ld_tabs style=&#8221;style09&#8243;][ld_tab_section title=&#8221;\u00d6zellikler&#8221; tab_id=&#8221;lqd-1653376168701-49002ac4-c98b&#8221;][ld_fancy_heading tag=&#8221;p&#8221;]P\u0130L<br \/>\nPowerPrecision+ 3100 mAh Li-\u0130yon \u015farj edilebilir pil<br \/>\n(Kablosuz modeller i\u00e7in)<\/p>\n<p>D\u00dc\u015eME DAYANIKLILIK TOLERANSI<br \/>\n10 fit\/3,0 m mesafeden defalarca beton zemine d\u00fc\u015fmeye kar\u015f\u0131 dayan\u0131kl\u0131<\/p>\n<p>BARKOD OKUMA TEKNOLOJ\u0130S\u0130<br \/>\nSeri Okuyucu<\/p>\n<p>SIZDIRMAZLIK<br \/>\nBarkod Okuyucu: IP65 ve IP68 Yuva: IP65<\/p>\n<p>DE\u015e\u0130FRE \u00d6ZELL\u0130\u011e\u0130<br \/>\n1 ve 2 Boyutlu[\/ld_fancy_heading][\/ld_tab_section][ld_tab_section title=&#8221;Sekt\u00f6rler&#8221; tab_id=&#8221;lqd-1653376168718-58aed1ab-67ee&#8221;][vc_column_text]<\/p>\n<ul>\n<li>Depo Y\u00f6netimi<\/li>\n<li>\u0130malat<\/li>\n<\/ul>\n<p>[\/vc_column_text][\/ld_tab_section][ld_tab_section title=&#8221;Kullan\u0131m Alanlar\u0131&#8221; tab_id=&#8221;lqd-1653376209483-3275f1cb-e370&#8243;][vc_column_text]<\/p>\n<ul>\n<li>Elektronik \u00dcretimi<\/li>\n<li>T\u0131bbi Cihaz \u0130malat\u0131<\/li>\n<li>Telekom<\/li>\n<\/ul>\n<p>[\/vc_column_text][\/ld_tab_section][\/ld_tabs][\/vc_column][\/vc_row]<\/p>\n","protected":false},"excerpt":{"rendered":"<p>[vc_row][vc_column][vc_column_text css=&#8221;.vc_custom_1660136547583{margin-bottom: 1% !important;}&#8221;] \u0130LK SEFERDE BA\u015eARIN \u00dcst\u00fcn tarama performans\u0131, esnek bilgi yakalama, son derece dayan\u0131kl\u0131 tasar\u0131m ve benzersiz y\u00f6netilebilirlik \u00f6zelliklerine ek olarak, `bu taray\u0131c\u0131lar\u0131n t\u00fcm y\u00fcksek yo\u011funluklu barkodlar\u0131 ilk denemede yakalanmas\u0131n\u0131 sa\u011flayan daha fazla \u00f6zellik elde edersiniz. Par\u00e7alara do\u011frudan oyulmu\u015f d\u00fc\u015f\u00fck kontrastl\u0131 barkodlardan siyah \u00fczerine bas\u0131lm\u0131\u015f \u00e7ok y\u00fcksek kontrastl\u0131 beyaz veya beyaz \u00fczerine bas\u0131lm\u0131\u015f [&hellip;]<\/p>\n","protected":false},"featured_media":1205,"comment_status":"closed","ping_status":"closed","template":"","meta":{"_joinchat":[]},"product_brand":[],"product_cat":[49,54],"product_tag":[],"class_list":{"0":"post-1209","1":"product","2":"type-product","3":"status-publish","4":"has-post-thumbnail","6":"product_cat-barkod-okuyucular","7":"product_cat-ultra-dayanikli-barkod-okuyucular","9":"first","10":"instock","11":"taxable","12":"shipping-taxable","13":"product-type-simple"},"_links":{"self":[{"href":"https:\/\/terateknoloji.com.tr\/index.php\/wp-json\/wp\/v2\/product\/1209","targetHints":{"allow":["GET"]}}],"collection":[{"href":"https:\/\/terateknoloji.com.tr\/index.php\/wp-json\/wp\/v2\/product"}],"about":[{"href":"https:\/\/terateknoloji.com.tr\/index.php\/wp-json\/wp\/v2\/types\/product"}],"replies":[{"embeddable":true,"href":"https:\/\/terateknoloji.com.tr\/index.php\/wp-json\/wp\/v2\/comments?post=1209"}],"wp:featuredmedia":[{"embeddable":true,"href":"https:\/\/terateknoloji.com.tr\/index.php\/wp-json\/wp\/v2\/media\/1205"}],"wp:attachment":[{"href":"https:\/\/terateknoloji.com.tr\/index.php\/wp-json\/wp\/v2\/media?parent=1209"}],"wp:term":[{"taxonomy":"product_brand","embeddable":true,"href":"https:\/\/terateknoloji.com.tr\/index.php\/wp-json\/wp\/v2\/product_brand?post=1209"},{"taxonomy":"product_cat","embeddable":true,"href":"https:\/\/terateknoloji.com.tr\/index.php\/wp-json\/wp\/v2\/product_cat?post=1209"},{"taxonomy":"product_tag","embeddable":true,"href":"https:\/\/terateknoloji.com.tr\/index.php\/wp-json\/wp\/v2\/product_tag?post=1209"}],"curies":[{"name":"wp","href":"https:\/\/api.w.org\/{rel}","templated":true}]}}