{"id":1199,"date":"2022-08-10T15:53:59","date_gmt":"2022-08-10T12:53:59","guid":{"rendered":"http:\/\/terateknoloji.com.tr\/?post_type=product&#038;p=1199"},"modified":"2022-08-15T13:14:36","modified_gmt":"2022-08-15T10:14:36","slug":"ds3600-sr","status":"publish","type":"product","link":"https:\/\/terateknoloji.com.tr\/index.php\/product\/ds3600-sr\/","title":{"rendered":"DS3600-SR"},"content":{"rendered":"<p>[vc_row][vc_column][vc_column_text css=&#8221;.vc_custom_1660136093236{margin-bottom: 1% !important;}&#8221;]<\/p>\n<h4 class=\"content-callout\">TEK OKUMADA \u00c7OK SAYIDA BARKODU YAKALAYIN<\/h4>\n<p>\u00dcst\u00fcn barkod okuma performans\u0131, ultra dayan\u0131kl\u0131 tasar\u0131m ve benzersiz y\u00f6netilebilirlik \u00f6zelli\u011fine ek olarak, \u00e7ok say\u0131da barkod i\u00e7eren bir etiketteki t\u00fcm barkodlar\u0131 veya belirli barkodlar\u0131 ayn\u0131 anda yakalamak i\u00e7in \u00f6zel bir mod; eldeki toplama listelerindeki barkodlar\u0131n ilk seferinde do\u011fru \u015fekilde yakalanmas\u0131 i\u00e7in bir hedef deseni; \u00e7al\u0131\u015fanlar\u0131n ba\u015far\u0131l\u0131 taramalar\u0131 g\u00f6rmeleri, i\u015fitmeleri veya hissetmeleri i\u00e7in kombinasyonlu geribildirim modlar\u0131; dondurucu kullan\u0131m\u0131 i\u00e7in bir a\u015f\u0131r\u0131 s\u0131cakl\u0131k modu ve \u00e7ok daha fazlas\u0131 gibi bu barkod okuyucunun \u00e7al\u0131\u015fanlar\u0131n\u0131z taraf\u0131ndan kullan\u0131lmas\u0131n\u0131 her zamankinden daha kolay k\u0131lan pek \u00e7ok \u00f6zellik elde edersiniz.[\/vc_column_text][ld_spacer][ld_tabs style=&#8221;style09&#8243;][ld_tab_section title=&#8221;\u00d6zellikler&#8221; tab_id=&#8221;lqd-1653376168701-49002ac4-c98b&#8221;][ld_fancy_heading tag=&#8221;p&#8221;]P\u0130L<br \/>\nPowerPrecision+ 3100 mAh Li-\u0130yon \u015farj edilebilir pil<br \/>\n(Kablosuz modeller i\u00e7in)<\/p>\n<p>D\u00dc\u015eME DAYANIKLILIK TOLERANSI<br \/>\n10 fit\/3,0 m mesafeden defalarca beton zemine d\u00fc\u015fmeye kar\u015f\u0131 dayan\u0131kl\u0131<\/p>\n<p>BARKOD OKUMA TEKNOLOJ\u0130S\u0130<br \/>\nSeri Okuyucu<\/p>\n<p>SIZDIRMAZLIK<br \/>\nBarkod Okuyucu: IP65 ve IP68 Yuva: IP65<\/p>\n<p>DE\u015e\u0130FRE \u00d6ZELL\u0130\u011e\u0130<br \/>\n1 ve 2 Boyutlu[\/ld_fancy_heading][\/ld_tab_section][ld_tab_section title=&#8221;Sekt\u00f6rler&#8221; tab_id=&#8221;lqd-1653376168718-58aed1ab-67ee&#8221;][vc_column_text]<\/p>\n<ul>\n<li>Depo Y\u00f6netimi<\/li>\n<li>\u0130malat<\/li>\n<\/ul>\n<p>[\/vc_column_text][\/ld_tab_section][ld_tab_section title=&#8221;Kullan\u0131m Alanlar\u0131&#8221; tab_id=&#8221;lqd-1653376209483-3275f1cb-e370&#8243;][vc_column_text]<\/p>\n<ul>\n<li>Yak\u0131n Alan 1 Boyutlu Okuma<\/li>\n<li>G\u00f6nderim ve Al\u0131m<\/li>\n<li>K\u00fc\u00e7\u00fck \u00dcr\u00fcn Toplama ve Paketleme<\/li>\n<li>Yar\u0131 Mamul \u00dcr\u00fcn (WIP) \u00dcretimi<\/li>\n<\/ul>\n<p>[\/vc_column_text][\/ld_tab_section][\/ld_tabs][\/vc_column][\/vc_row]<\/p>\n","protected":false},"excerpt":{"rendered":"<p>[vc_row][vc_column][vc_column_text css=&#8221;.vc_custom_1660136093236{margin-bottom: 1% !important;}&#8221;] TEK OKUMADA \u00c7OK SAYIDA BARKODU YAKALAYIN \u00dcst\u00fcn barkod okuma performans\u0131, ultra dayan\u0131kl\u0131 tasar\u0131m ve benzersiz y\u00f6netilebilirlik \u00f6zelli\u011fine ek olarak, \u00e7ok say\u0131da barkod i\u00e7eren bir etiketteki t\u00fcm barkodlar\u0131 veya belirli barkodlar\u0131 ayn\u0131 anda yakalamak i\u00e7in \u00f6zel bir mod; eldeki toplama listelerindeki barkodlar\u0131n ilk seferinde do\u011fru \u015fekilde yakalanmas\u0131 i\u00e7in bir hedef deseni; \u00e7al\u0131\u015fanlar\u0131n [&hellip;]<\/p>\n","protected":false},"featured_media":1205,"comment_status":"closed","ping_status":"closed","template":"","meta":{"_joinchat":[]},"product_brand":[],"product_cat":[49,54],"product_tag":[],"class_list":{"0":"post-1199","1":"product","2":"type-product","3":"status-publish","4":"has-post-thumbnail","6":"product_cat-barkod-okuyucular","7":"product_cat-ultra-dayanikli-barkod-okuyucular","9":"first","10":"instock","11":"taxable","12":"shipping-taxable","13":"product-type-simple"},"_links":{"self":[{"href":"https:\/\/terateknoloji.com.tr\/index.php\/wp-json\/wp\/v2\/product\/1199","targetHints":{"allow":["GET"]}}],"collection":[{"href":"https:\/\/terateknoloji.com.tr\/index.php\/wp-json\/wp\/v2\/product"}],"about":[{"href":"https:\/\/terateknoloji.com.tr\/index.php\/wp-json\/wp\/v2\/types\/product"}],"replies":[{"embeddable":true,"href":"https:\/\/terateknoloji.com.tr\/index.php\/wp-json\/wp\/v2\/comments?post=1199"}],"wp:featuredmedia":[{"embeddable":true,"href":"https:\/\/terateknoloji.com.tr\/index.php\/wp-json\/wp\/v2\/media\/1205"}],"wp:attachment":[{"href":"https:\/\/terateknoloji.com.tr\/index.php\/wp-json\/wp\/v2\/media?parent=1199"}],"wp:term":[{"taxonomy":"product_brand","embeddable":true,"href":"https:\/\/terateknoloji.com.tr\/index.php\/wp-json\/wp\/v2\/product_brand?post=1199"},{"taxonomy":"product_cat","embeddable":true,"href":"https:\/\/terateknoloji.com.tr\/index.php\/wp-json\/wp\/v2\/product_cat?post=1199"},{"taxonomy":"product_tag","embeddable":true,"href":"https:\/\/terateknoloji.com.tr\/index.php\/wp-json\/wp\/v2\/product_tag?post=1199"}],"curies":[{"name":"wp","href":"https:\/\/api.w.org\/{rel}","templated":true}]}}