{"id":1177,"date":"2022-08-10T15:24:25","date_gmt":"2022-08-10T12:24:25","guid":{"rendered":"http:\/\/terateknoloji.com.tr\/?post_type=product&#038;p=1177"},"modified":"2022-08-23T23:47:31","modified_gmt":"2022-08-23T20:47:31","slug":"cs60-serisi-companion-barkod-okuyucular","status":"publish","type":"product","link":"https:\/\/terateknoloji.com.tr\/index.php\/product\/cs60-serisi-companion-barkod-okuyucular\/","title":{"rendered":"CS60 Serisi Companion Barkod Okuyucular"},"content":{"rendered":"<p>[vc_row][vc_column][vc_column_text css=&#8221;.vc_custom_1660134426789{margin-bottom: 1% !important;}&#8221;]<\/p>\n<h4 class=\"content-callout\">T\u00dcM \u0130\u015e AKI\u015eLARINA UYUM SA\u011eLAR<\/h4>\n<p>CS60 kablolu ve kablosuz kullan\u0131m, el tipi ve eller serbest se\u00e7enekleri aras\u0131nda kolayca ge\u00e7i\u015f yapar. Sadece pili ve kablolu USB d\u00f6n\u00fc\u015ft\u00fcr\u00fcc\u00fcy\u00fc de\u011fi\u015ftirmeniz yeterli; CS60 yeni i\u015f ak\u0131\u015f\u0131 i\u00e7in haz\u0131rd\u0131r.<\/p>\n<p>\u015earj yuvas\u0131 veya mobil cihazla e\u015fle\u015ftirilmi\u015f kablosuz companion barkod okuyuculu CS60, cebe s\u0131\u011facak kadar k\u00fc\u00e7\u00fckt\u00fcr ve en yeni mobil teknolojilere sahiptir. Kablolu barkod okuyuculu CS60, kasa, self servis kiosklar ve daha fazlas\u0131 i\u00e7in kompakt el tipi ya da eller serbest barkod okuma imkan\u0131 sunar.[\/vc_column_text][ld_spacer][ld_tabs style=&#8221;style09&#8243;][ld_tab_section title=&#8221;\u00d6zellikler&#8221; tab_id=&#8221;lqd-1653376168701-49002ac4-c98b&#8221;][ld_fancy_heading tag=&#8221;p&#8221;]RENK<br \/>\nGeceyar\u0131s\u0131 Siyah\u0131<\/p>\n<p>D\u00dc\u015eME DAYANIKLILIK TOLERANSI<br \/>\n5 ft.\/1,5 metreden betona bir\u00e7ok kez d\u00fc\u015fmeye dayan\u0131kl\u0131<\/p>\n<p>MUHAFAZA<br \/>\nIP65<\/p>\n<p>VARD\u0130YA \u00d6MR\u00dc<br \/>\n18 Saate Kadar<\/p>\n<p>\u015eARJ S\u00dcRES\u0130<br \/>\nStandart USB ile 6 saat<br \/>\nBC1.2 USB ile 3 saat<\/p>\n<p>DE\u015e\u0130FRE \u00d6ZELL\u0130\u011e\u0130<br \/>\nKa\u011f\u0131t ve 1 boyutlu, 2 boyutlu, PDF417 mobil barkodlar[\/ld_fancy_heading][\/ld_tab_section][ld_tab_section title=&#8221;Sekt\u00f6rler&#8221; tab_id=&#8221;lqd-1653376168718-58aed1ab-67ee&#8221;][vc_column_text]<\/p>\n<ul>\n<li>Perakende<\/li>\n<li>Konaklama ve A\u011f\u0131rlama<\/li>\n<li>Ta\u015f\u0131mac\u0131l\u0131k<\/li>\n<li>\u0130malat<\/li>\n<\/ul>\n<p>[\/vc_column_text][\/ld_tab_section][ld_tab_section title=&#8221;Kullan\u0131m Alanlar\u0131&#8221; tab_id=&#8221;lqd-1653376209483-3275f1cb-e370&#8243;][vc_column_text]<\/p>\n<ul>\n<li>Mobil sat\u0131\u015f noktas\u0131<\/li>\n<li>Envanter Y\u00f6netimi<\/li>\n<li>D\u00f6ng\u00fc Say\u0131m\u0131<\/li>\n<li>Sat\u0131\u015f<\/li>\n<li>Onar\u0131mlar<\/li>\n<li>\u0130ndirim Standlar\u0131<\/li>\n<li>Bilet \u0130\u015flemleri<\/li>\n<li>Saha Sat\u0131\u015f Otomasyonu<\/li>\n<li>G\u00f6nderi Etiketleri<\/li>\n<li>Varl\u0131k Takibi<\/li>\n<\/ul>\n<p>[\/vc_column_text][\/ld_tab_section][\/ld_tabs][\/vc_column][\/vc_row]<\/p>\n","protected":false},"excerpt":{"rendered":"<p>[vc_row][vc_column][vc_column_text css=&#8221;.vc_custom_1660134426789{margin-bottom: 1% !important;}&#8221;] T\u00dcM \u0130\u015e AKI\u015eLARINA UYUM SA\u011eLAR CS60 kablolu ve kablosuz kullan\u0131m, el tipi ve eller serbest se\u00e7enekleri aras\u0131nda kolayca ge\u00e7i\u015f yapar. Sadece pili ve kablolu USB d\u00f6n\u00fc\u015ft\u00fcr\u00fcc\u00fcy\u00fc de\u011fi\u015ftirmeniz yeterli; CS60 yeni i\u015f ak\u0131\u015f\u0131 i\u00e7in haz\u0131rd\u0131r. \u015earj yuvas\u0131 veya mobil cihazla e\u015fle\u015ftirilmi\u015f kablosuz companion barkod okuyuculu CS60, cebe s\u0131\u011facak kadar k\u00fc\u00e7\u00fckt\u00fcr ve en [&hellip;]<\/p>\n","protected":false},"featured_media":1178,"comment_status":"closed","ping_status":"closed","template":"","meta":{"_joinchat":[]},"product_brand":[],"product_cat":[49,51],"product_tag":[],"class_list":{"0":"post-1177","1":"product","2":"type-product","3":"status-publish","4":"has-post-thumbnail","6":"product_cat-barkod-okuyucular","7":"product_cat-el-tipi-barkod-okuyucular","9":"first","10":"instock","11":"taxable","12":"shipping-taxable","13":"product-type-simple"},"_links":{"self":[{"href":"https:\/\/terateknoloji.com.tr\/index.php\/wp-json\/wp\/v2\/product\/1177","targetHints":{"allow":["GET"]}}],"collection":[{"href":"https:\/\/terateknoloji.com.tr\/index.php\/wp-json\/wp\/v2\/product"}],"about":[{"href":"https:\/\/terateknoloji.com.tr\/index.php\/wp-json\/wp\/v2\/types\/product"}],"replies":[{"embeddable":true,"href":"https:\/\/terateknoloji.com.tr\/index.php\/wp-json\/wp\/v2\/comments?post=1177"}],"wp:featuredmedia":[{"embeddable":true,"href":"https:\/\/terateknoloji.com.tr\/index.php\/wp-json\/wp\/v2\/media\/1178"}],"wp:attachment":[{"href":"https:\/\/terateknoloji.com.tr\/index.php\/wp-json\/wp\/v2\/media?parent=1177"}],"wp:term":[{"taxonomy":"product_brand","embeddable":true,"href":"https:\/\/terateknoloji.com.tr\/index.php\/wp-json\/wp\/v2\/product_brand?post=1177"},{"taxonomy":"product_cat","embeddable":true,"href":"https:\/\/terateknoloji.com.tr\/index.php\/wp-json\/wp\/v2\/product_cat?post=1177"},{"taxonomy":"product_tag","embeddable":true,"href":"https:\/\/terateknoloji.com.tr\/index.php\/wp-json\/wp\/v2\/product_tag?post=1177"}],"curies":[{"name":"wp","href":"https:\/\/api.w.org\/{rel}","templated":true}]}}