{"id":1172,"date":"2022-08-10T14:52:16","date_gmt":"2022-08-10T11:52:16","guid":{"rendered":"http:\/\/terateknoloji.com.tr\/?post_type=product&#038;p=1172"},"modified":"2022-08-23T23:48:16","modified_gmt":"2022-08-23T20:48:16","slug":"zebra-ls1203","status":"publish","type":"product","link":"https:\/\/terateknoloji.com.tr\/index.php\/product\/zebra-ls1203\/","title":{"rendered":"Zebra LS1203"},"content":{"rendered":"<p>[vc_row][vc_column][vc_column_text css=&#8221;.vc_custom_1660132441698{margin-bottom: 1% !important;}&#8221;]<\/p>\n<h4 class=\"content-callout\">PERAKENDEC\u0130LER \u0130\u00c7\u0130N DE\u011eERDE L\u0130DER<\/h4>\n<p>K\u00fc\u00e7\u00fck i\u015fletmelerin ihtiya\u00e7lar\u0131na yan\u0131t vermek \u00fczere tasarlanan LS1203, veri giri\u015finde hatalar\u0131 \u00f6nemli oranda azaltmak ve hediyelik e\u015fya d\u00fckkanlar\u0131nda, butiklerde, spor ma\u011fazalar\u0131nda, kuyumcularda, videocularda, \u00e7i\u00e7ek\u00e7ilerde ve di\u011fer k\u00fc\u00e7\u00fck yerel perakendecilerde her g\u00fcn verimlilik sa\u011flamak i\u00e7in gereken performans\u0131 ve \u00f6zellikleri sunar.[\/vc_column_text][ld_spacer][ld_tabs style=&#8221;style09&#8243;][ld_tab_section title=&#8221;\u00d6zellikler&#8221; tab_id=&#8221;lqd-1653376168701-49002ac4-c98b&#8221;][ld_fancy_heading tag=&#8221;p&#8221;]BOYUTLAR<br \/>\n2.4 in. Y x 7.1 in. U x 2.4 in. G 6.2 cm Y x 18 cm U x 6 cm G<\/p>\n<p>A\u011eIRLIK<br \/>\nYakla\u015f\u0131k 122 g<\/p>\n<p>RENK<br \/>\nYazarkasa Beyaz\u0131 veya Alacakaranl\u0131k Siyah\u0131<\/p>\n<p>MUHAFAZA<br \/>\nIP41<\/p>\n<p>D\u00dc\u015eME TOLERANSI<br \/>\n1.524 metreden defalarca beton zemine d\u00fc\u015fmeye kar\u015f\u0131 dayan\u0131kl\u0131d\u0131r<\/p>\n<p>DE\u015e\u0130FRE \u00d6ZELL\u0130\u011e\u0130<br \/>\n1 Boyutlu<\/p>\n<p>TARAMA TEKNOLOJ\u0130S\u0130<br \/>\nLazer[\/ld_fancy_heading][\/ld_tab_section][ld_tab_section title=&#8221;Sekt\u00f6rler&#8221; tab_id=&#8221;lqd-1653376168718-58aed1ab-67ee&#8221;][vc_column_text]<\/p>\n<ul>\n<li>Perakende<\/li>\n<\/ul>\n<p>[\/vc_column_text][\/ld_tab_section][ld_tab_section title=&#8221;Kullan\u0131m Alanlar\u0131&#8221; tab_id=&#8221;lqd-1653376209483-3275f1cb-e370&#8243;][vc_column_text]<\/p>\n<ul>\n<li>Sat\u0131\u015f Noktas\u0131<\/li>\n<\/ul>\n<p>[\/vc_column_text][\/ld_tab_section][\/ld_tabs][\/vc_column][\/vc_row]<\/p>\n","protected":false},"excerpt":{"rendered":"<p>[vc_row][vc_column][vc_column_text css=&#8221;.vc_custom_1660132441698{margin-bottom: 1% !important;}&#8221;] PERAKENDEC\u0130LER \u0130\u00c7\u0130N DE\u011eERDE L\u0130DER K\u00fc\u00e7\u00fck i\u015fletmelerin ihtiya\u00e7lar\u0131na yan\u0131t vermek \u00fczere tasarlanan LS1203, veri giri\u015finde hatalar\u0131 \u00f6nemli oranda azaltmak ve hediyelik e\u015fya d\u00fckkanlar\u0131nda, butiklerde, spor ma\u011fazalar\u0131nda, kuyumcularda, videocularda, \u00e7i\u00e7ek\u00e7ilerde ve di\u011fer k\u00fc\u00e7\u00fck yerel perakendecilerde her g\u00fcn verimlilik sa\u011flamak i\u00e7in gereken performans\u0131 ve \u00f6zellikleri sunar.[\/vc_column_text][ld_spacer][ld_tabs style=&#8221;style09&#8243;][ld_tab_section title=&#8221;\u00d6zellikler&#8221; tab_id=&#8221;lqd-1653376168701-49002ac4-c98b&#8221;][ld_fancy_heading tag=&#8221;p&#8221;]BOYUTLAR 2.4 in. Y x [&hellip;]<\/p>\n","protected":false},"featured_media":1173,"comment_status":"closed","ping_status":"closed","template":"","meta":{"_joinchat":[]},"product_brand":[],"product_cat":[49,51],"product_tag":[],"class_list":{"0":"post-1172","1":"product","2":"type-product","3":"status-publish","4":"has-post-thumbnail","6":"product_cat-barkod-okuyucular","7":"product_cat-el-tipi-barkod-okuyucular","9":"first","10":"instock","11":"taxable","12":"shipping-taxable","13":"product-type-simple"},"_links":{"self":[{"href":"https:\/\/terateknoloji.com.tr\/index.php\/wp-json\/wp\/v2\/product\/1172","targetHints":{"allow":["GET"]}}],"collection":[{"href":"https:\/\/terateknoloji.com.tr\/index.php\/wp-json\/wp\/v2\/product"}],"about":[{"href":"https:\/\/terateknoloji.com.tr\/index.php\/wp-json\/wp\/v2\/types\/product"}],"replies":[{"embeddable":true,"href":"https:\/\/terateknoloji.com.tr\/index.php\/wp-json\/wp\/v2\/comments?post=1172"}],"wp:featuredmedia":[{"embeddable":true,"href":"https:\/\/terateknoloji.com.tr\/index.php\/wp-json\/wp\/v2\/media\/1173"}],"wp:attachment":[{"href":"https:\/\/terateknoloji.com.tr\/index.php\/wp-json\/wp\/v2\/media?parent=1172"}],"wp:term":[{"taxonomy":"product_brand","embeddable":true,"href":"https:\/\/terateknoloji.com.tr\/index.php\/wp-json\/wp\/v2\/product_brand?post=1172"},{"taxonomy":"product_cat","embeddable":true,"href":"https:\/\/terateknoloji.com.tr\/index.php\/wp-json\/wp\/v2\/product_cat?post=1172"},{"taxonomy":"product_tag","embeddable":true,"href":"https:\/\/terateknoloji.com.tr\/index.php\/wp-json\/wp\/v2\/product_tag?post=1172"}],"curies":[{"name":"wp","href":"https:\/\/api.w.org\/{rel}","templated":true}]}}