{"id":1048,"date":"2022-08-10T11:57:57","date_gmt":"2022-08-10T08:57:57","guid":{"rendered":"http:\/\/terateknoloji.com.tr\/?post_type=product&#038;p=1048"},"modified":"2022-08-15T13:50:24","modified_gmt":"2022-08-15T10:50:24","slug":"zt411-endustriyel-yazici","status":"publish","type":"product","link":"https:\/\/terateknoloji.com.tr\/index.php\/product\/zt411-endustriyel-yazici\/","title":{"rendered":"ZT411 End\u00fcstriyel Yaz\u0131c\u0131"},"content":{"rendered":"<p>[vc_row][vc_column][vc_column_text css=&#8221;.vc_custom_1660122047295{margin-bottom: 1% !important;}&#8221;]<\/p>\n<p class=\"content-callout\">ZT411, yaz\u0131c\u0131 durumunu bir bak\u0131\u015fta g\u00f6rmenizi sa\u011flayan 4,3 in\u00e7\u2019lik tam renkli dokunmatik bir ekrana sahiptir, 4 in\u00e7\u2019lik bir geni\u015flikte ve saniyede 14 in\u00e7\u2019lik bir h\u0131zda yazd\u0131rma yapar. Y\u00fcksek \u00e7\u00f6z\u00fcn\u00fcrl\u00fckl\u00fc (600 dpi) yazd\u0131rma sa\u011flar. Genel UHF RFID etiketleri veya daha kal\u0131n metal \u00fczeri etiketler yazd\u0131rmak ve kodlamak i\u00e7in RFID kapasiteleri ekleyin.<\/p>\n<p>[\/vc_column_text][ld_spacer][ld_tabs style=&#8221;style09&#8243;][ld_tab_section title=&#8221;\u00d6zellikler&#8221; tab_id=&#8221;lqd-1653376168701-49002ac4-c98b&#8221;][ld_fancy_heading tag=&#8221;p&#8221;]BASKI GEN\u0130\u015eL\u0130\u011e\u0130<br \/>\n4,09 in.\/104 mm<\/p>\n<p>BASKI \u00c7\u00d6Z\u00dcN\u00dcRL\u00dc\u011e\u00dc<br \/>\n203 dpi\/8 nokta\/mm<br \/>\n300dpi\/12 nokta\/mm (opsiyonel)<br \/>\n600 dpi\/24 nokta\/mm (yaln\u0131z ZT411 modelinde iste\u011fe ba\u011fl\u0131)<\/p>\n<p>MAKS\u0130MUM BASKI HIZI<br \/>\n14 ips\/356 mm\/saniye<\/p>\n<p>\u0130N\u015eAAT<br \/>\nMetal \u00e7er\u00e7eve ve b\u00fcy\u00fct\u00fclm\u00fc\u015f a\u00e7\u0131k g\u00f6r\u00fc\u015f penceresiyle ikiye katlan\u0131r metal ortam k\u0131l\u0131f\u0131<\/p>\n<p>\u0130LET\u0130\u015e\u0130M Y\u00d6NTEMLER\u0130<br \/>\nStandart:<br \/>\nUSB 2.0, y\u00fcksek h\u0131zl\u0131, RS-232 Seri, 10\/100 Ethernet, Bluetooth 4.1, ikili USB Sunucu<br \/>\nOpsiyonel:<br \/>\nParallel (\u00c7ift y\u00f6nl\u00fc aray\u00fcz)<br \/>\n802.11ac\/Bluetooth 4.1, 10\/100 Ethernet, Aplikat\u00f6r Aray\u00fcz\u00fcne sahip kablosuz ikili radyo[\/ld_fancy_heading][\/ld_tab_section][ld_tab_section title=&#8221;Sekt\u00f6rler&#8221; tab_id=&#8221;lqd-1653376168718-58aed1ab-67ee&#8221;][vc_column_text]<\/p>\n<ul>\n<li>Sa\u011fl\u0131k sekt\u00f6r\u00fc<\/li>\n<li>Ta\u015f\u0131mac\u0131l\u0131k<\/li>\n<li>Perakende<\/li>\n<li>\u0130malat<\/li>\n<\/ul>\n<p>[\/vc_column_text][\/ld_tab_section][ld_tab_section title=&#8221;Kullan\u0131m Alanlar\u0131&#8221; tab_id=&#8221;lqd-1653376209483-3275f1cb-e370&#8243;][vc_column_text]<\/p>\n<ul>\n<li>Varl\u0131k Y\u00f6netimi<\/li>\n<li>\u00c7apraz Y\u00fckleme<\/li>\n<li>Envanter Y\u00f6netimi<\/li>\n<li>Laboratuvar Numune Takibi<\/li>\n<li>Al\u0131m ve G\u00f6nderim<\/li>\n<li>Geri Lojistik<\/li>\n<li>S\u00fcrekli Takip<\/li>\n<li>Uygunluk Etiketi<\/li>\n<li>Bilgilendirme Etiketleri<\/li>\n<li>Sipari\u015f Etiketleme<\/li>\n<li>Kalite Kontrol\u00fc<\/li>\n<\/ul>\n<p>[\/vc_column_text][\/ld_tab_section][\/ld_tabs][\/vc_column][\/vc_row]<\/p>\n","protected":false},"excerpt":{"rendered":"<p>[vc_row][vc_column][vc_column_text css=&#8221;.vc_custom_1660122047295{margin-bottom: 1% !important;}&#8221;] ZT411, yaz\u0131c\u0131 durumunu bir bak\u0131\u015fta g\u00f6rmenizi sa\u011flayan 4,3 in\u00e7\u2019lik tam renkli dokunmatik bir ekrana sahiptir, 4 in\u00e7\u2019lik bir geni\u015flikte ve saniyede 14 in\u00e7\u2019lik bir h\u0131zda yazd\u0131rma yapar. Y\u00fcksek \u00e7\u00f6z\u00fcn\u00fcrl\u00fckl\u00fc (600 dpi) yazd\u0131rma sa\u011flar. Genel UHF RFID etiketleri veya daha kal\u0131n metal \u00fczeri etiketler yazd\u0131rmak ve kodlamak i\u00e7in RFID kapasiteleri ekleyin. [\/vc_column_text][ld_spacer][ld_tabs [&hellip;]<\/p>\n","protected":false},"featured_media":1049,"comment_status":"closed","ping_status":"closed","template":"","meta":{"_joinchat":[]},"product_brand":[],"product_cat":[47,43],"product_tag":[],"class_list":{"0":"post-1048","1":"product","2":"type-product","3":"status-publish","4":"has-post-thumbnail","6":"product_cat-endustriyel-yazicilar","7":"product_cat-yazicilar","9":"first","10":"instock","11":"taxable","12":"shipping-taxable","13":"product-type-simple"},"_links":{"self":[{"href":"https:\/\/terateknoloji.com.tr\/index.php\/wp-json\/wp\/v2\/product\/1048","targetHints":{"allow":["GET"]}}],"collection":[{"href":"https:\/\/terateknoloji.com.tr\/index.php\/wp-json\/wp\/v2\/product"}],"about":[{"href":"https:\/\/terateknoloji.com.tr\/index.php\/wp-json\/wp\/v2\/types\/product"}],"replies":[{"embeddable":true,"href":"https:\/\/terateknoloji.com.tr\/index.php\/wp-json\/wp\/v2\/comments?post=1048"}],"wp:featuredmedia":[{"embeddable":true,"href":"https:\/\/terateknoloji.com.tr\/index.php\/wp-json\/wp\/v2\/media\/1049"}],"wp:attachment":[{"href":"https:\/\/terateknoloji.com.tr\/index.php\/wp-json\/wp\/v2\/media?parent=1048"}],"wp:term":[{"taxonomy":"product_brand","embeddable":true,"href":"https:\/\/terateknoloji.com.tr\/index.php\/wp-json\/wp\/v2\/product_brand?post=1048"},{"taxonomy":"product_cat","embeddable":true,"href":"https:\/\/terateknoloji.com.tr\/index.php\/wp-json\/wp\/v2\/product_cat?post=1048"},{"taxonomy":"product_tag","embeddable":true,"href":"https:\/\/terateknoloji.com.tr\/index.php\/wp-json\/wp\/v2\/product_tag?post=1048"}],"curies":[{"name":"wp","href":"https:\/\/api.w.org\/{rel}","templated":true}]}}