{"id":1045,"date":"2022-08-10T11:54:12","date_gmt":"2022-08-10T08:54:12","guid":{"rendered":"http:\/\/terateknoloji.com.tr\/?post_type=product&#038;p=1045"},"modified":"2022-08-15T13:51:02","modified_gmt":"2022-08-15T10:51:02","slug":"zt510-endustriyel-yazici","status":"publish","type":"product","link":"https:\/\/terateknoloji.com.tr\/index.php\/product\/zt510-endustriyel-yazici\/","title":{"rendered":"ZT510 End\u00fcstriyel Yaz\u0131c\u0131"},"content":{"rendered":"<p>[vc_row][vc_column][vc_column_text css=&#8221;.vc_custom_1660121775454{margin-bottom: 1% !important;}&#8221;]<\/p>\n<h4 class=\"content-callout\">PERFORMANS VE DE\u011eER<\/h4>\n<p>Performansla fiyat aras\u0131ndaki ideal dengeyi bulmak \u00fczere tasarlanm\u0131\u015f olan ZT510, end\u00fcstriyel bir yaz\u0131c\u0131da gereksinim duydu\u011funuz ana \u00f6zellikleri ekonomik bir fiyata sunar.[\/vc_column_text][ld_spacer][ld_tabs style=&#8221;style09&#8243;][ld_tab_section title=&#8221;\u00d6zellikler&#8221; tab_id=&#8221;lqd-1653376168701-49002ac4-c98b&#8221;][ld_fancy_heading tag=&#8221;p&#8221;]BASKI GEN\u0130\u015eL\u0130\u011e\u0130<br \/>\n104 mm<\/p>\n<p>MAKS\u0130MUM BASKI HIZI<br \/>\n12 ips \/ 305 mm\/saniye<\/p>\n<p>\u0130LET\u0130\u015e\u0130M Y\u00d6NTEMLER\u0130<br \/>\nUSB, Seri, Gigabit Ethernet, Bluetooth\u00ae LE<\/p>\n<p>BASKI \u00c7\u00d6Z\u00dcN\u00dcRL\u00dc\u011e\u00dc<br \/>\n203 dpi \/ 8 nokta\/milimetre<br \/>\n300dpi\/12 nokta\/milimetre (Opsiyonel)<\/p>\n<p>KONSTR\u00dcKS\u0130YON<br \/>\nTamamen metal[\/ld_fancy_heading][\/ld_tab_section][ld_tab_section title=&#8221;Sekt\u00f6rler&#8221; tab_id=&#8221;lqd-1653376168718-58aed1ab-67ee&#8221;][vc_column_text]<\/p>\n<ul>\n<li>\u0130malat<\/li>\n<li>Ta\u015f\u0131mac\u0131l\u0131k<\/li>\n<\/ul>\n<p>[\/vc_column_text][\/ld_tab_section][ld_tab_section title=&#8221;Kullan\u0131m Alanlar\u0131&#8221; tab_id=&#8221;lqd-1653376209483-3275f1cb-e370&#8243;][vc_column_text]<\/p>\n<ul>\n<li>Varl\u0131k Y\u00f6netimi<\/li>\n<li>S\u00fcrekli Takip<\/li>\n<li>Paketleme ve Etiketleme<\/li>\n<li>Al\u0131m ve G\u00f6nderim<\/li>\n<li>\u00c7apraz Y\u00fckleme<\/li>\n<li>Uygunluk Etiketi<\/li>\n<\/ul>\n<p>[\/vc_column_text][\/ld_tab_section][\/ld_tabs][\/vc_column][\/vc_row]<\/p>\n","protected":false},"excerpt":{"rendered":"<p>[vc_row][vc_column][vc_column_text css=&#8221;.vc_custom_1660121775454{margin-bottom: 1% !important;}&#8221;] PERFORMANS VE DE\u011eER Performansla fiyat aras\u0131ndaki ideal dengeyi bulmak \u00fczere tasarlanm\u0131\u015f olan ZT510, end\u00fcstriyel bir yaz\u0131c\u0131da gereksinim duydu\u011funuz ana \u00f6zellikleri ekonomik bir fiyata sunar.[\/vc_column_text][ld_spacer][ld_tabs style=&#8221;style09&#8243;][ld_tab_section title=&#8221;\u00d6zellikler&#8221; tab_id=&#8221;lqd-1653376168701-49002ac4-c98b&#8221;][ld_fancy_heading tag=&#8221;p&#8221;]BASKI GEN\u0130\u015eL\u0130\u011e\u0130 104 mm MAKS\u0130MUM BASKI HIZI 12 ips \/ 305 mm\/saniye \u0130LET\u0130\u015e\u0130M Y\u00d6NTEMLER\u0130 USB, Seri, Gigabit Ethernet, Bluetooth\u00ae LE BASKI \u00c7\u00d6Z\u00dcN\u00dcRL\u00dc\u011e\u00dc 203 dpi [&hellip;]<\/p>\n","protected":false},"featured_media":1046,"comment_status":"closed","ping_status":"closed","template":"","meta":{"_joinchat":[]},"product_brand":[],"product_cat":[47,43],"product_tag":[],"class_list":{"0":"post-1045","1":"product","2":"type-product","3":"status-publish","4":"has-post-thumbnail","6":"product_cat-endustriyel-yazicilar","7":"product_cat-yazicilar","9":"first","10":"instock","11":"taxable","12":"shipping-taxable","13":"product-type-simple"},"_links":{"self":[{"href":"https:\/\/terateknoloji.com.tr\/index.php\/wp-json\/wp\/v2\/product\/1045","targetHints":{"allow":["GET"]}}],"collection":[{"href":"https:\/\/terateknoloji.com.tr\/index.php\/wp-json\/wp\/v2\/product"}],"about":[{"href":"https:\/\/terateknoloji.com.tr\/index.php\/wp-json\/wp\/v2\/types\/product"}],"replies":[{"embeddable":true,"href":"https:\/\/terateknoloji.com.tr\/index.php\/wp-json\/wp\/v2\/comments?post=1045"}],"wp:featuredmedia":[{"embeddable":true,"href":"https:\/\/terateknoloji.com.tr\/index.php\/wp-json\/wp\/v2\/media\/1046"}],"wp:attachment":[{"href":"https:\/\/terateknoloji.com.tr\/index.php\/wp-json\/wp\/v2\/media?parent=1045"}],"wp:term":[{"taxonomy":"product_brand","embeddable":true,"href":"https:\/\/terateknoloji.com.tr\/index.php\/wp-json\/wp\/v2\/product_brand?post=1045"},{"taxonomy":"product_cat","embeddable":true,"href":"https:\/\/terateknoloji.com.tr\/index.php\/wp-json\/wp\/v2\/product_cat?post=1045"},{"taxonomy":"product_tag","embeddable":true,"href":"https:\/\/terateknoloji.com.tr\/index.php\/wp-json\/wp\/v2\/product_tag?post=1045"}],"curies":[{"name":"wp","href":"https:\/\/api.w.org\/{rel}","templated":true}]}}