{"id":1026,"date":"2022-08-10T11:23:34","date_gmt":"2022-08-10T08:23:34","guid":{"rendered":"http:\/\/terateknoloji.com.tr\/?post_type=product&#038;p=1026"},"modified":"2022-08-15T13:58:25","modified_gmt":"2022-08-15T10:58:25","slug":"zq210-mobil-yazici","status":"publish","type":"product","link":"https:\/\/terateknoloji.com.tr\/index.php\/product\/zq210-mobil-yazici\/","title":{"rendered":"ZQ210 Mobil Yaz\u0131c\u0131"},"content":{"rendered":"<p>[vc_row][vc_column][vc_column_text css=&#8221;.vc_custom_1660119942484{margin-bottom: 1% !important;}&#8221;]<\/p>\n<h4 class=\"content-callout\">UYGUN F\u0130YATLI MOB\u0130L F\u0130\u015e VE ET\u0130KET YAZICI<\/h4>\n<p>ZQ210 mobil yaz\u0131c\u0131 ile verimlili\u011finizi ve i\u015f ak\u0131\u015flar\u0131n\u0131z\u0131 art\u0131r\u0131n. Fi\u015f ve etiketleri hafif ve kullan\u0131m\u0131 kolay bir ekonomik yaz\u0131c\u0131da basma yetene\u011fine sahip.[\/vc_column_text][ld_spacer][ld_tabs style=&#8221;style09&#8243;][ld_tab_section title=&#8221;\u00d6zellikler&#8221; tab_id=&#8221;lqd-1653376168701-49002ac4-c98b&#8221;][ld_fancy_heading tag=&#8221;p&#8221;]BASKI GEN\u0130\u015eL\u0130\u011e\u0130<br \/>\n2,8 in\u00e7\/72 mm<\/p>\n<p>MAKS\u0130MUM BASKI HIZI<br \/>\n4 ips\u2019e kadar (100 mm\/saniye)<\/p>\n<p>DAYANIKLILIK<br \/>\nIP Derecesi: IP54<\/p>\n<p>MEDYA RULOSU DI\u015e \u00c7API<br \/>\n1,57 in\u00e7\/40 mm<\/p>\n<p>A\u011eIRLIK<br \/>\n0,95 lb\/0,43 kg<\/p>\n<p>P\u0130L KAPAS\u0130TES\u0130<br \/>\nLi-\u0130yon 2280 mAh, 7.2V, PowerPrecision+[\/ld_fancy_heading][\/ld_tab_section][ld_tab_section title=&#8221;Sekt\u00f6rler&#8221; tab_id=&#8221;lqd-1653376168718-58aed1ab-67ee&#8221;][vc_column_text]<\/p>\n<ul>\n<li>Ta\u015f\u0131mac\u0131l\u0131k<\/li>\n<li>Perakende<\/li>\n<li>\u0130malat<\/li>\n<li>Saha Mobil \u00c7\u00f6z\u00fcmleri<\/li>\n<li>Konaklama ve A\u011f\u0131rlama<\/li>\n<\/ul>\n<p>[\/vc_column_text][\/ld_tab_section][ld_tab_section title=&#8221;Kullan\u0131m Alanlar\u0131&#8221; tab_id=&#8221;lqd-1653376209483-3275f1cb-e370&#8243;][vc_column_text]<\/p>\n<ul>\n<li>Kasa kuyruklar\u0131n\u0131 azaltma<\/li>\n<li>Saha Hizmetleri<\/li>\n<li>Do\u011frudan Ma\u011fazaya Teslim<\/li>\n<li>Al\u0131m ve Teslim Belgesi<\/li>\n<li>Bagaj Uyumu<\/li>\n<li>Posta ve Kargo<\/li>\n<li>Yolcu Biletleme<\/li>\n<\/ul>\n<p>[\/vc_column_text][\/ld_tab_section][\/ld_tabs][\/vc_column][\/vc_row]<\/p>\n","protected":false},"excerpt":{"rendered":"<p>[vc_row][vc_column][vc_column_text css=&#8221;.vc_custom_1660119942484{margin-bottom: 1% !important;}&#8221;] UYGUN F\u0130YATLI MOB\u0130L F\u0130\u015e VE ET\u0130KET YAZICI ZQ210 mobil yaz\u0131c\u0131 ile verimlili\u011finizi ve i\u015f ak\u0131\u015flar\u0131n\u0131z\u0131 art\u0131r\u0131n. Fi\u015f ve etiketleri hafif ve kullan\u0131m\u0131 kolay bir ekonomik yaz\u0131c\u0131da basma yetene\u011fine sahip.[\/vc_column_text][ld_spacer][ld_tabs style=&#8221;style09&#8243;][ld_tab_section title=&#8221;\u00d6zellikler&#8221; tab_id=&#8221;lqd-1653376168701-49002ac4-c98b&#8221;][ld_fancy_heading tag=&#8221;p&#8221;]BASKI GEN\u0130\u015eL\u0130\u011e\u0130 2,8 in\u00e7\/72 mm MAKS\u0130MUM BASKI HIZI 4 ips\u2019e kadar (100 mm\/saniye) DAYANIKLILIK IP Derecesi: IP54 MEDYA RULOSU [&hellip;]<\/p>\n","protected":false},"featured_media":1027,"comment_status":"closed","ping_status":"closed","template":"","meta":{"_joinchat":[]},"product_brand":[],"product_cat":[46,43],"product_tag":[],"class_list":{"0":"post-1026","1":"product","2":"type-product","3":"status-publish","4":"has-post-thumbnail","6":"product_cat-mobil-yazicilar","7":"product_cat-yazicilar","9":"first","10":"instock","11":"taxable","12":"shipping-taxable","13":"product-type-simple"},"_links":{"self":[{"href":"https:\/\/terateknoloji.com.tr\/index.php\/wp-json\/wp\/v2\/product\/1026","targetHints":{"allow":["GET"]}}],"collection":[{"href":"https:\/\/terateknoloji.com.tr\/index.php\/wp-json\/wp\/v2\/product"}],"about":[{"href":"https:\/\/terateknoloji.com.tr\/index.php\/wp-json\/wp\/v2\/types\/product"}],"replies":[{"embeddable":true,"href":"https:\/\/terateknoloji.com.tr\/index.php\/wp-json\/wp\/v2\/comments?post=1026"}],"wp:featuredmedia":[{"embeddable":true,"href":"https:\/\/terateknoloji.com.tr\/index.php\/wp-json\/wp\/v2\/media\/1027"}],"wp:attachment":[{"href":"https:\/\/terateknoloji.com.tr\/index.php\/wp-json\/wp\/v2\/media?parent=1026"}],"wp:term":[{"taxonomy":"product_brand","embeddable":true,"href":"https:\/\/terateknoloji.com.tr\/index.php\/wp-json\/wp\/v2\/product_brand?post=1026"},{"taxonomy":"product_cat","embeddable":true,"href":"https:\/\/terateknoloji.com.tr\/index.php\/wp-json\/wp\/v2\/product_cat?post=1026"},{"taxonomy":"product_tag","embeddable":true,"href":"https:\/\/terateknoloji.com.tr\/index.php\/wp-json\/wp\/v2\/product_tag?post=1026"}],"curies":[{"name":"wp","href":"https:\/\/api.w.org\/{rel}","templated":true}]}}