{"id":1024,"date":"2022-08-10T11:20:44","date_gmt":"2022-08-10T08:20:44","guid":{"rendered":"http:\/\/terateknoloji.com.tr\/?post_type=product&#038;p=1024"},"modified":"2022-08-15T13:59:25","modified_gmt":"2022-08-15T10:59:25","slug":"zq320-mobil-yazici","status":"publish","type":"product","link":"https:\/\/terateknoloji.com.tr\/index.php\/product\/zq320-mobil-yazici\/","title":{"rendered":"ZQ320 Mobil Yaz\u0131c\u0131"},"content":{"rendered":"<p>[vc_row][vc_column][vc_column_text css=&#8221;.vc_custom_1660119681735{margin-bottom: 1% !important;}&#8221;]<\/p>\n<h4 class=\"content-callout\">MOB\u0130L ET\u0130KET VE F\u0130\u015e \u0130\u00c7\u0130N 3 \u0130N\u00c7L\u0130K YAZICI<\/h4>\n<p>ZQ320 3 in\u00e7lik mobil yaz\u0131c\u0131, perakende \u00e7al\u0131\u015fanlar\u0131 ve saha personeli i\u00e7in istenilen yerde, ihtiya\u00e7 duyulan her mekanda y\u00fcksek kaliteli etiketler olu\u015fturma imkan\u0131 tan\u0131r; personel b\u00f6ylece daha \u00fcretken hale gelerek m\u00fc\u015fteri ve i\u015fyeri ihtiya\u00e7lar\u0131na daha kolay cevap verebilir. Bu mobil yaz\u0131c\u0131, en uzun vardiyalarda bile s\u00fcrekli \u00e7al\u0131\u015fmak \u00fczere g\u00fc\u00e7 sa\u011flar ve kullan\u0131ma haz\u0131r, uzaktan y\u00f6netim \u00e7\u00f6z\u00fcm\u00fc ile birlikte, b\u00fct\u00e7enize son derece uygun fiyatlardan sunulur. ZQ320 i\u015fyeriniz i\u00e7in en iyi \u00e7\u00f6z\u00fcm\u00fc sunmak \u00fczere hem a\u00e7\u0131k hem de kapal\u0131 mekan tasar\u0131mlar\u0131 ile mevcuttur.[\/vc_column_text][ld_spacer][ld_tabs style=&#8221;style09&#8243;][ld_tab_section title=&#8221;\u00d6zellikler&#8221; tab_id=&#8221;lqd-1653376168701-49002ac4-c98b&#8221;][ld_fancy_heading tag=&#8221;p&#8221;]BASKI GEN\u0130\u015eL\u0130\u011e\u0130<br \/>\n2,8 in\u00e7\/72 mm<\/p>\n<p>MAKS\u0130MUM BASKI HIZI<br \/>\n4 ips\u2019e kadar (100 mm\/saniye)<\/p>\n<p>DAYANIKLILIK<br \/>\nIP Derecesi: IP54<\/p>\n<p>MEDYA RULOSU DI\u015e \u00c7API<br \/>\n1,57 in\u00e7\/40 mm<\/p>\n<p>A\u011eIRLIK<br \/>\n0,95 lb\/0,43 kg<\/p>\n<p>P\u0130L KAPAS\u0130TES\u0130<br \/>\nLi-\u0130yon 2280 mAh, 7.2V, PowerPrecision+[\/ld_fancy_heading][\/ld_tab_section][ld_tab_section title=&#8221;Sekt\u00f6rler&#8221; tab_id=&#8221;lqd-1653376168718-58aed1ab-67ee&#8221;][vc_column_text]<\/p>\n<ul>\n<li>Perakende<\/li>\n<li>Ta\u015f\u0131mac\u0131l\u0131k<\/li>\n<li>\u0130malat Konaklama ve A\u011f\u0131rlama<\/li>\n<\/ul>\n<p>[\/vc_column_text][\/ld_tab_section][ld_tab_section title=&#8221;Kullan\u0131m Alanlar\u0131&#8221; tab_id=&#8221;lqd-1653376209483-3275f1cb-e370&#8243;][vc_column_text]<\/p>\n<ul>\n<li>Al\u0131m ve Teslim Belgesi<\/li>\n<li>Faturalar<\/li>\n<li>Fi\u015fler<\/li>\n<li>Mobil sat\u0131\u015f noktas\u0131<\/li>\n<li>Raf Etiketleme<\/li>\n<li>Fiyat \u0130ndirimleri\/Art\u0131\u015flar\u0131<\/li>\n<li>Park \u0130hlalleri<\/li>\n<li>Envanter Listeleri<\/li>\n<\/ul>\n<p>[\/vc_column_text][\/ld_tab_section][\/ld_tabs][\/vc_column][\/vc_row]<\/p>\n","protected":false},"excerpt":{"rendered":"<p>[vc_row][vc_column][vc_column_text css=&#8221;.vc_custom_1660119681735{margin-bottom: 1% !important;}&#8221;] MOB\u0130L ET\u0130KET VE F\u0130\u015e \u0130\u00c7\u0130N 3 \u0130N\u00c7L\u0130K YAZICI ZQ320 3 in\u00e7lik mobil yaz\u0131c\u0131, perakende \u00e7al\u0131\u015fanlar\u0131 ve saha personeli i\u00e7in istenilen yerde, ihtiya\u00e7 duyulan her mekanda y\u00fcksek kaliteli etiketler olu\u015fturma imkan\u0131 tan\u0131r; personel b\u00f6ylece daha \u00fcretken hale gelerek m\u00fc\u015fteri ve i\u015fyeri ihtiya\u00e7lar\u0131na daha kolay cevap verebilir. Bu mobil yaz\u0131c\u0131, en uzun vardiyalarda [&hellip;]<\/p>\n","protected":false},"featured_media":1025,"comment_status":"closed","ping_status":"closed","template":"","meta":{"_joinchat":[]},"product_brand":[],"product_cat":[46,43],"product_tag":[],"class_list":{"0":"post-1024","1":"product","2":"type-product","3":"status-publish","4":"has-post-thumbnail","6":"product_cat-mobil-yazicilar","7":"product_cat-yazicilar","9":"first","10":"instock","11":"taxable","12":"shipping-taxable","13":"product-type-simple"},"_links":{"self":[{"href":"https:\/\/terateknoloji.com.tr\/index.php\/wp-json\/wp\/v2\/product\/1024","targetHints":{"allow":["GET"]}}],"collection":[{"href":"https:\/\/terateknoloji.com.tr\/index.php\/wp-json\/wp\/v2\/product"}],"about":[{"href":"https:\/\/terateknoloji.com.tr\/index.php\/wp-json\/wp\/v2\/types\/product"}],"replies":[{"embeddable":true,"href":"https:\/\/terateknoloji.com.tr\/index.php\/wp-json\/wp\/v2\/comments?post=1024"}],"wp:featuredmedia":[{"embeddable":true,"href":"https:\/\/terateknoloji.com.tr\/index.php\/wp-json\/wp\/v2\/media\/1025"}],"wp:attachment":[{"href":"https:\/\/terateknoloji.com.tr\/index.php\/wp-json\/wp\/v2\/media?parent=1024"}],"wp:term":[{"taxonomy":"product_brand","embeddable":true,"href":"https:\/\/terateknoloji.com.tr\/index.php\/wp-json\/wp\/v2\/product_brand?post=1024"},{"taxonomy":"product_cat","embeddable":true,"href":"https:\/\/terateknoloji.com.tr\/index.php\/wp-json\/wp\/v2\/product_cat?post=1024"},{"taxonomy":"product_tag","embeddable":true,"href":"https:\/\/terateknoloji.com.tr\/index.php\/wp-json\/wp\/v2\/product_tag?post=1024"}],"curies":[{"name":"wp","href":"https:\/\/api.w.org\/{rel}","templated":true}]}}