{"id":978,"date":"2022-08-10T05:31:28","date_gmt":"2022-08-10T02:31:28","guid":{"rendered":"http:\/\/terateknoloji.com.tr\/?page_id=978"},"modified":"2022-08-16T02:10:36","modified_gmt":"2022-08-15T23:10:36","slug":"tasimacilik-ve-lojistik-cozumleri","status":"publish","type":"page","link":"https:\/\/terateknoloji.com.tr\/index.php\/cozumlerimiz\/tasimacilik-ve-lojistik-cozumleri\/","title":{"rendered":"Ta\u015f\u0131mac\u0131l\u0131k ve Lojistik \u00c7\u00f6z\u00fcmleri"},"content":{"rendered":"<p>[vc_row responsive_css=&#8221;margin_top_large:30px|margin_top_medium:30px&#8221;][vc_column][vc_single_image image=&#8221;964&#8243; alignment=&#8221;center&#8221;][\/vc_column][\/vc_row][vc_row gap=&#8221;0&#8243; bg_position=&#8221;center center&#8221; css=&#8221;.vc_custom_1653346311234{padding-top: 40px !important;padding-bottom: 80px !important;background-image: url(http:\/\/education.liquid-themes.com\/wp-content\/uploads\/2019\/12\/map.jpg?id=53) !important;}&#8221; responsive_css=&#8221;padding_bottom_medium:100px&#8221;][vc_column enable_content_animation=&#8221;yes&#8221; ca_init_scale_x=&#8221;1&#8243; ca_init_scale_y=&#8221;1&#8243; ca_init_opacity=&#8221;0&#8243; ca_an_scale_x=&#8221;1&#8243; ca_an_scale_y=&#8221;1&#8243; ca_an_opacity=&#8221;1&#8243; align=&#8221;text-center&#8221; offset=&#8221;vc_col-md-offset-2 vc_col-md-8&#8243; css=&#8221;.vc_custom_1653346008996{margin-bottom: 50px !important;}&#8221; ca_duration=&#8221;1800&#8243; ca_delay=&#8221;180&#8243; ca_init_translate_y=&#8221;35&#8243; responsive_align=&#8221;text-center&#8221;][ld_fancy_heading tag=&#8221;h2&#8243; enable_fit=&#8221;true&#8221; minfontsize=&#8221;32&#8243;]Her Ad\u0131mda Sonsuz Uygulama[\/ld_fancy_heading][ld_fancy_heading tag=&#8221;div&#8221; alignment=&#8221;text-center&#8221;]G\u00fcn\u00fcm\u00fcz\u00fcn d\u00fcnyas\u0131nda ta\u015f\u0131mac\u0131l\u0131k ve lojistik \u015firketlerinin kar\u015f\u0131lamas\u0131 gereken talepler her zamankinden daha fazlad\u0131r. \u00c7al\u0131\u015fanlar yo\u011fun ve bask\u0131 alt\u0131nda, d\u00fczenlemelere uygunluk karma\u015f\u0131kt\u0131r ve m\u00fc\u015fteriler an\u0131nda hizmet ve bilgi beklerler. Neyse ki, Tera Teknoloji operasyonunuzun her k\u00f6\u015fesi i\u00e7in benzeri g\u00f6r\u00fclmedik izlenebilirlik sa\u011flar &#8211; b\u00f6ylece daha ak\u0131ll\u0131, daha fazla bilgilendirilmi\u015f kararlar verir ve sorunsuz uygulama sa\u011flars\u0131n\u0131z.[\/ld_fancy_heading][\/vc_column][\/vc_row][vc_row css=&#8221;.vc_custom_1653352072889{border-bottom-width: 30px !important;padding-top: 30px !important;background-color: #437fc0 !important;}&#8221;][vc_column width=&#8221;2\/3&#8243;][ld_simple_heading tag=&#8221;h3&#8243; color=&#8221;rgb(255, 255, 255)&#8221;]DEPO[\/ld_simple_heading][ld_simple_heading tag=&#8221;div&#8221; color=&#8221;rgb(255, 255, 255)&#8221;]<b>Daha Ak\u0131ll\u0131 Depoyu Sa\u011flama.<\/b>[\/ld_simple_heading][ld_fancy_heading tag=&#8221;div&#8221; alignment=&#8221;text-left&#8221; color=&#8221;rgb(255, 255, 255)&#8221;]Gereksinimlerinize uyarlanm\u0131\u015f s\u0131n\u0131f\u0131n\u0131n en iyisi donan\u0131m ve yaz\u0131l\u0131mla tedarik zincirinizi entegre edin, dinamik uygulamay\u0131 deneyimleyin ve d\u00f6n\u00fc\u015f\u00fcm yaratan kazan\u00e7lar elde edin. Al\u0131mdan, toplamaya, haz\u0131rlamaya ve y\u00fcklemeye ger\u00e7ek zamanl\u0131 ve i\u015fleme d\u00f6n\u00fc\u015ft\u00fcr\u00fclebilir bilgilere ba\u011fl\u0131 olarak etkili kararlar vermek \u00fczere \u00e7evik, optimize, uyumlu ve ba\u011flant\u0131l\u0131s\u0131n\u0131z.[\/ld_fancy_heading][\/vc_column][vc_column width=&#8221;1\/3&#8243;][vc_single_image image=&#8221;979&#8243; alignment=&#8221;right&#8221;][\/vc_column][\/vc_row][vc_row responsive_css=&#8221;padding_top_medium:30px|padding_bottom_medium:30px&#8221;][vc_column width=&#8221;1\/3&#8243;][vc_single_image image=&#8221;980&#8243; alignment=&#8221;left&#8221;][\/vc_column][vc_column width=&#8221;2\/3&#8243;][ld_simple_heading tag=&#8221;h3&#8243;]F\u0130LO VE TESL\u0130MAT[\/ld_simple_heading][ld_simple_heading tag=&#8221;div&#8221;]<b>T\u00fcm Operasyonlar \u0130\u00e7in Hi\u00e7 Durmadan Optimizasyon.<\/b>[\/ld_simple_heading][vc_column_text]Operasyonlar\u0131n\u0131z\u0131n p\u00fcr\u00fczs\u00fcz \u00e7al\u0131\u015fmas\u0131n\u0131 sa\u011flamak i\u00e7in s\u00fcr\u00fcc\u00fclerinizi yolda, varl\u0131klar\u0131 da s\u00fcrekli hareket halinde tutun. Tera Teknoloji&#8217;nin \u00f6zel Filo ve Teslimat \u00e7\u00f6z\u00fcmleri i\u015fletmenizin \u00f6zel gereksinimlerini kar\u015f\u0131lar &#8211; s\u00fcrekli ba\u011flant\u0131, proaktif y\u00f6netim, yasal d\u00fczenlemelere uygunluk ve rakipsiz m\u00fc\u015fteri hizmetleri &#8211; b\u00f6ylece siz de her seferde zaman\u0131nda teslimat yapabilirsiniz.[\/vc_column_text][\/vc_column][\/vc_row][vc_row css=&#8221;.vc_custom_1653352072889{border-bottom-width: 30px !important;padding-top: 30px !important;background-color: #437fc0 !important;}&#8221;][vc_column width=&#8221;2\/3&#8243;][ld_simple_heading tag=&#8221;h3&#8243; color=&#8221;rgb(255, 255, 255)&#8221;]A\u00c7IK DEPO VE TERM\u0130NAL[\/ld_simple_heading][ld_simple_heading tag=&#8221;div&#8221; color=&#8221;rgb(255, 255, 255)&#8221;]<b>Verimlili\u011fi Sol \u015eeride Al\u0131n<\/b>[\/ld_simple_heading][ld_fancy_heading tag=&#8221;div&#8221; alignment=&#8221;text-left&#8221; color=&#8221;rgb(255, 255, 255)&#8221;]\u0130lerlemeyi yava\u015flatan man\u00fcel s\u00fcre\u00e7leri ortadan kald\u0131rarak i\u015f ak\u0131\u015f\u0131n\u0131 d\u00fczene koyun ve operasyonlar\u0131 h\u0131zland\u0131r\u0131n. Tera Teknoloji&#8217;den elektronik varl\u0131k takibi ile g\u00fcvenli, emniyetli, verimli ve \u00fcretken bir a\u00e7\u0131k depo i\u00e7in bekleme s\u00fcrelerini minimuma indirmek, verimi artt\u0131rmak ve yasal d\u00fczenlemeleri uygulamak i\u00e7in gereken izlenebilirli\u011fi elde edersiniz.[\/ld_fancy_heading][\/vc_column][vc_column width=&#8221;1\/3&#8243;][vc_single_image image=&#8221;981&#8243; alignment=&#8221;right&#8221;][\/vc_column][\/vc_row]<\/p>\n","protected":false},"excerpt":{"rendered":"<p>[vc_row responsive_css=&#8221;margin_top_large:30px|margin_top_medium:30px&#8221;][vc_column][vc_single_image image=&#8221;964&#8243; alignment=&#8221;center&#8221;][\/vc_column][\/vc_row][vc_row gap=&#8221;0&#8243; bg_position=&#8221;center center&#8221; css=&#8221;.vc_custom_1653346311234{padding-top: 40px !important;padding-bottom: 80px !important;background-image: url(http:\/\/education.liquid-themes.com\/wp-content\/uploads\/2019\/12\/map.jpg?id=53) !important;}&#8221; responsive_css=&#8221;padding_bottom_medium:100px&#8221;][vc_column enable_content_animation=&#8221;yes&#8221; ca_init_scale_x=&#8221;1&#8243; ca_init_scale_y=&#8221;1&#8243; ca_init_opacity=&#8221;0&#8243; ca_an_scale_x=&#8221;1&#8243; ca_an_scale_y=&#8221;1&#8243; ca_an_opacity=&#8221;1&#8243; align=&#8221;text-center&#8221; offset=&#8221;vc_col-md-offset-2 vc_col-md-8&#8243; css=&#8221;.vc_custom_1653346008996{margin-bottom: 50px !important;}&#8221; ca_duration=&#8221;1800&#8243; ca_delay=&#8221;180&#8243; ca_init_translate_y=&#8221;35&#8243; responsive_align=&#8221;text-center&#8221;][ld_fancy_heading tag=&#8221;h2&#8243; enable_fit=&#8221;true&#8221; minfontsize=&#8221;32&#8243;]Her Ad\u0131mda Sonsuz Uygulama[\/ld_fancy_heading][ld_fancy_heading tag=&#8221;div&#8221; alignment=&#8221;text-center&#8221;]G\u00fcn\u00fcm\u00fcz\u00fcn d\u00fcnyas\u0131nda ta\u015f\u0131mac\u0131l\u0131k ve lojistik \u015firketlerinin kar\u015f\u0131lamas\u0131 gereken talepler her zamankinden daha fazlad\u0131r. \u00c7al\u0131\u015fanlar yo\u011fun ve [&hellip;]<\/p>\n","protected":false},"author":1,"featured_media":0,"parent":774,"menu_order":0,"comment_status":"closed","ping_status":"closed","template":"","meta":{"_joinchat":[],"footnotes":""},"class_list":["post-978","page","type-page","status-publish","hentry"],"_links":{"self":[{"href":"https:\/\/terateknoloji.com.tr\/index.php\/wp-json\/wp\/v2\/pages\/978","targetHints":{"allow":["GET"]}}],"collection":[{"href":"https:\/\/terateknoloji.com.tr\/index.php\/wp-json\/wp\/v2\/pages"}],"about":[{"href":"https:\/\/terateknoloji.com.tr\/index.php\/wp-json\/wp\/v2\/types\/page"}],"author":[{"embeddable":true,"href":"https:\/\/terateknoloji.com.tr\/index.php\/wp-json\/wp\/v2\/users\/1"}],"replies":[{"embeddable":true,"href":"https:\/\/terateknoloji.com.tr\/index.php\/wp-json\/wp\/v2\/comments?post=978"}],"version-history":[{"count":0,"href":"https:\/\/terateknoloji.com.tr\/index.php\/wp-json\/wp\/v2\/pages\/978\/revisions"}],"up":[{"embeddable":true,"href":"https:\/\/terateknoloji.com.tr\/index.php\/wp-json\/wp\/v2\/pages\/774"}],"wp:attachment":[{"href":"https:\/\/terateknoloji.com.tr\/index.php\/wp-json\/wp\/v2\/media?parent=978"}],"curies":[{"name":"wp","href":"https:\/\/api.w.org\/{rel}","templated":true}]}}