{"id":1021,"date":"2022-08-10T11:20:22","date_gmt":"2022-08-10T08:20:22","guid":{"rendered":"http:\/\/terateknoloji.com.tr\/?page_id=1021"},"modified":"2022-08-22T13:20:53","modified_gmt":"2022-08-22T10:20:53","slug":"hakkimizda","status":"publish","type":"page","link":"https:\/\/terateknoloji.com.tr\/index.php\/hakkimizda\/","title":{"rendered":"Hakk\u0131m\u0131zda"},"content":{"rendered":"<p>[vc_row content_placement=&#8221;top&#8221; bg_position=&#8221;custom&#8221; css=&#8221;.vc_custom_1660121036761{padding-top: 80px !important;padding-bottom: 80px !important;background-position: 0 0 !important;background-repeat: no-repeat !important;}&#8221; bg_pos_h=&#8221;50%&#8221; bg_pos_v=&#8221;80%&#8221; responsive_css=&#8221;margin_top_medium:50px|padding_top_medium:100px|padding_bottom_medium:130px&#8221;][vc_column offset=&#8221;vc_col-md-6 vc_hidden-xs&#8221; responsive_css=&#8221;margin_bottom_medium:0px&#8221; css=&#8221;.vc_custom_1614778539117{margin-bottom: 60px !important;}&#8221;][ld_images_group_container enable_item_animation=&#8221;yes&#8221; pf_init_scale_x=&#8221;0.75&#8243; pf_init_scale_y=&#8221;0.75&#8243; pf_init_opacity=&#8221;0&#8243; pf_an_scale_x=&#8221;1&#8243; pf_an_scale_y=&#8221;1&#8243; pf_an_opacity=&#8221;1&#8243; pf_init_scale_z=&#8221;1&#8243; pf_an_scale_z=&#8221;1&#8243; pf_duration=&#8221;1800&#8243; pf_delay=&#8221;180&#8243; pf_init_translate_x=&#8221;-100&#8243; pf_init_translate_y=&#8221;0&#8243;][ld_images_group_element img_size=&#8221;50%&#8221; enable_hover3d=&#8221;yes&#8221; image=&#8221;1031&#8243;][\/ld_images_group_element][\/ld_images_group_container][\/vc_column][vc_column enable_content_animation=&#8221;yes&#8221; ca_init_scale_x=&#8221;1&#8243; ca_init_scale_y=&#8221;1&#8243; ca_init_opacity=&#8221;0&#8243; ca_an_scale_x=&#8221;1&#8243; ca_an_scale_y=&#8221;1&#8243; ca_an_opacity=&#8221;1&#8243; ca_init_scale_z=&#8221;1&#8243; ca_an_scale_z=&#8221;1&#8243; offset=&#8221;vc_col-md-offset-1 vc_col-md-5&#8243; ca_duration=&#8221;1800&#8243; ca_start_delay=&#8221;350&#8243; ca_delay=&#8221;180&#8243; ca_init_translate_y=&#8221;35&#8243;][ld_fancy_heading tag=&#8221;h6&#8243; duration=&#8221;1600&#8243; delay=&#8221;100&#8243; ca_init_scale_x=&#8221;1&#8243; ca_init_scale_y=&#8221;1&#8243; ca_init_opacity=&#8221;0&#8243; ca_an_scale_x=&#8221;1&#8243; ca_an_scale_y=&#8221;1&#8243; ca_an_opacity=&#8221;1&#8243; enable_bg=&#8221;yes&#8221; fh_border_radius=&#8221;circle&#8221; enable_split=&#8221;true&#8221; ca_init_scale_z=&#8221;1&#8243; ca_an_scale_z=&#8221;1&#8243; margin=&#8221;bottom_small:1em&#8221; ca_init_translate_x=&#8221;0&#8243; ca_init_rotate_y=&#8221;0&#8243; ca_init_translate_y=&#8221;35&#8243; color=&#8221;rgb(255, 90, 61)&#8221; padding=&#8221;top_small:10px|right_small:20px|bottom_small:10px|left_small:20px&#8221; fh_bg=&#8221;rgb(255, 234, 230)&#8221;]T\u00fcm Tecr\u00fcbemiz ile[\/ld_fancy_heading][ld_fancy_heading tag=&#8221;h2&#8243; highlight_offset=&#8221;5px&#8221; ca_init_scale_x=&#8221;1&#8243; ca_init_scale_y=&#8221;1&#8243; ca_init_opacity=&#8221;1&#8243; ca_an_scale_x=&#8221;1&#8243; ca_an_scale_y=&#8221;1&#8243; ca_an_opacity=&#8221;1&#8243; use_custom_fonts_title=&#8221;true&#8221; enable_split=&#8221;true&#8221; ca_init_scale_z=&#8221;1&#8243; ca_an_scale_z=&#8221;1&#8243; enable_fit=&#8221;true&#8221; compressor=&#8221;0.7&#8243; minfontsize=&#8221;32&#8243; margin=&#8221;bottom_small:0.25em&#8221; fs=&#8221;text_large:47px|text_medium:42px|text_small:40px&#8221; highlight_color=&#8221;rgba(255, 144, 114, 0.12)&#8221;]Sizin i\u015finiz i\u00e7in [ld_highlight]buraday\u0131z.[\/ld_highlight][\/ld_fancy_heading][ld_fancy_heading tag=&#8221;p&#8221; ca_init_scale_x=&#8221;1&#8243; ca_init_scale_y=&#8221;1&#8243; ca_init_opacity=&#8221;1&#8243; ca_an_scale_x=&#8221;1&#8243; ca_an_scale_y=&#8221;1&#8243; ca_an_opacity=&#8221;1&#8243; use_custom_fonts_title=&#8221;true&#8221; enable_split=&#8221;true&#8221; ca_init_scale_z=&#8221;1&#8243; ca_an_scale_z=&#8221;1&#8243; fs=&#8221;text_small:17px&#8221; lh=&#8221;text_small:29px&#8221; padding=&#8221;right_large:8%25&#8243; margin=&#8221;bottom_small:1.75em&#8221;]TERA TEKNOLOJ\u0130, 2011 y\u0131l\u0131nda sekt\u00f6rde faaliyet g\u00f6stermeye ba\u015flam\u0131\u015f olup ger\u00e7ekle\u015ftirdi\u011fi projelerle m\u00fc\u015fterilerine kaliteli hizmet verebilmeyi ama\u00e7 edinmi\u015f bir teknoloji firmas\u0131d\u0131r.<\/p>\n<p>OT\/VT pazar\u0131nda ZEBRA \u00fcr\u00fcnleri ba\u015fta olmak \u00fczere di\u011fer \u00fcretici markalar da dahil projelendirme ve tedarik zincirinde aktif rol oynayan \u015firketimiz; etiket imalat\u0131 ve ribbon ithalat\u0131 yapar konumda bulunmas\u0131yla da fark yaratmay\u0131 hedeflemektedir.<\/p>\n<p>Dijitalle\u015fen d\u00fcnyam\u0131zda teknolojik altyap\u0131y\u0131 takip ederek kendini hi\u00e7 durmadan geli\u015ftiren kalifiye sat\u0131\u015f ekibimiz; kurulu\u015fumuzdan itibaren sekt\u00f6r tecr\u00fcbelerini TERA\u2019n\u0131n g\u00fcc\u00fc ile birle\u015ftirerek firmam\u0131z\u0131n daha da ileriye ta\u015f\u0131mas\u0131na ve b\u00fcy\u00fcmesine destek olmaktad\u0131r.<\/p>\n<p>Tecr\u00fcbeli teknik ekibimiz ile; y\u00fcr\u00fctt\u00fc\u011f\u00fcm\u00fcz projelerin her a\u015famas\u0131nda m\u00fc\u015fterilerimize destek sa\u011flamaktay\u0131z. Servisimiz, kablosuz a\u011f sistemleri ihtiya\u00e7lar\u0131nda saha \u00e7al\u0131\u015fmas\u0131 yapabilme becerisine sahip olmakla birlikte; ihtiya\u00e7 belirleme, kurulum ve sat\u0131\u015f sonras\u0131 onar\u0131m yapabilmektedir. Sizlerin talebine g\u00f6re, yerinde teknik destek ve bak\u0131m anla\u015fmas\u0131 hizmetleri de vermekteyiz.[\/ld_fancy_heading][ld_button style=&#8221;btn-underlined&#8221; title=&#8221;Bize Ula\u015f\u0131n&#8221; color=&#8221;rgb(0, 35, 82)&#8221; b_color=&#8221;rgba(0, 35, 82, 0.2)&#8221; link=&#8221;url:%2Findex.php%2Fbize-ulasin%2F|title:Bize%20Ula%C5%9F%C4%B1n||&#8221;][\/vc_column][\/vc_row][vc_row equal_height=&#8221;yes&#8221; css=&#8221;.vc_custom_1606294189034{padding-top: 10px !important;padding-bottom: 10px !important;}&#8221;][vc_column width=&#8221;1\/2&#8243; css=&#8221;.vc_custom_1606293526721{margin-bottom: 35px !important;border-bottom-width: 3px !important;border-bottom-color: #f4f4f7 !important;border-bottom-style: solid !important;}&#8221; offset=&#8221;vc_col-md-3 vc_col-xs-6&#8243;][ld_counter use_custom_fonts_title=&#8221;true&#8221; use_custom_fonts_text=&#8221;true&#8221; counter_mb_checkbox=&#8221;true&#8221; enable_blur=&#8221;true&#8221; label=&#8221;Terminalimiz Sahada&#8221; count=&#8221;10K+&#8221; fs=&#8221;49px&#8221; lh=&#8221;1.5em&#8221; text_fs=&#8221;20px&#8221; text_lh=&#8221;1.25em&#8221; color=&#8221;rgb(17, 36, 70)&#8221; counter_mb=&#8221;10&#8243;][\/vc_column][vc_column width=&#8221;1\/2&#8243; css=&#8221;.vc_custom_1606293532850{margin-bottom: 35px !important;border-bottom-width: 3px !important;border-bottom-color: #f4f4f7 !important;border-bottom-style: solid !important;}&#8221; offset=&#8221;vc_col-md-3 vc_col-xs-6&#8243;][ld_counter use_custom_fonts_title=&#8221;true&#8221; use_custom_fonts_text=&#8221;true&#8221; counter_mb_checkbox=&#8221;true&#8221; enable_blur=&#8221;true&#8221; label=&#8221;Yaz\u0131c\u0131m\u0131z Sahada&#8221; count=&#8221;15K+&#8221; fs=&#8221;49px&#8221; lh=&#8221;1.5em&#8221; text_fs=&#8221;20px&#8221; text_lh=&#8221;1.25em&#8221; color=&#8221;rgb(17, 36, 70)&#8221; start_delay=&#8221;250&#8243; counter_mb=&#8221;10&#8243;][\/vc_column][vc_column width=&#8221;1\/2&#8243; css=&#8221;.vc_custom_1606293539759{margin-bottom: 35px !important;border-bottom-width: 3px !important;border-bottom-color: #f4f4f7 !important;border-bottom-style: solid !important;}&#8221; offset=&#8221;vc_col-md-3 vc_col-xs-6&#8243;][ld_counter use_custom_fonts_title=&#8221;true&#8221; use_custom_fonts_text=&#8221;true&#8221; counter_mb_checkbox=&#8221;true&#8221; enable_blur=&#8221;true&#8221; label=&#8221;Cihaz\u0131 Tamir Ettik&#8221; count=&#8221;20K+&#8221; fs=&#8221;49px&#8221; lh=&#8221;1.5em&#8221; text_fs=&#8221;20px&#8221; text_lh=&#8221;1.25em&#8221; color=&#8221;rgb(17, 36, 70)&#8221; start_delay=&#8221;500&#8243; counter_mb=&#8221;10&#8243;][\/vc_column][vc_column width=&#8221;1\/2&#8243; css=&#8221;.vc_custom_1606293548785{margin-bottom: 35px !important;border-bottom-width: 3px !important;border-bottom-color: #f4f4f7 !important;border-bottom-style: solid !important;}&#8221; offset=&#8221;vc_col-md-3 vc_col-xs-6&#8243;][ld_counter use_custom_fonts_title=&#8221;true&#8221; use_custom_fonts_text=&#8221;true&#8221; counter_mb_checkbox=&#8221;true&#8221; enable_blur=&#8221;true&#8221; label=&#8221;Projeyi Bitirdik&#8221; count=&#8221;500+&#8221; fs=&#8221;49px&#8221; lh=&#8221;1.5em&#8221; text_fs=&#8221;20px&#8221; text_lh=&#8221;1.25em&#8221; color=&#8221;rgb(17, 36, 70)&#8221; start_delay=&#8221;700&#8243; counter_mb=&#8221;10&#8243;][\/vc_column][\/vc_row][vc_row equal_height=&#8221;yes&#8221; content_placement=&#8221;middle&#8221; bg_position=&#8221;custom&#8221; css=&#8221;.vc_custom_1614774765334{padding-top: 60px !important;padding-bottom: 50px !important;background-position: 0 0 !important;background-repeat: no-repeat !important;}&#8221; bg_pos_h=&#8221;14%&#8221; bg_pos_v=&#8221;65%&#8221;][vc_column parallax=&#8221;yes&#8221; scale_from_x=&#8221;1&#8243; scale_from_y=&#8221;1&#8243; from_opacity=&#8221;1&#8243; scale_to_x=&#8221;1&#8243; scale_to_y=&#8221;1&#8243; to_opacity=&#8221;1&#8243; enable_content_animation=&#8221;yes&#8221; ca_init_scale_x=&#8221;1&#8243; ca_init_scale_y=&#8221;1&#8243; ca_init_opacity=&#8221;0&#8243; ca_an_scale_x=&#8221;1&#8243; ca_an_scale_y=&#8221;1&#8243; ca_an_opacity=&#8221;1&#8243; scale_from_z=&#8221;1&#8243; scale_to_z=&#8221;1&#8243; ca_init_scale_z=&#8221;1&#8243; ca_an_scale_z=&#8221;1&#8243; offset=&#8221;vc_col-md-5&#8243; ca_duration=&#8221;1800&#8243; ca_delay=&#8221;180&#8243; ca_init_translate_y=&#8221;45&#8243; css=&#8221;.vc_custom_1573550177100{margin-bottom: 45px !important;}&#8221; translate_from_y=&#8221;50&#8243; translate_to_y=&#8221;-60&#8243;][ld_images_group_container enable_item_animation=&#8221;yes&#8221; pf_init_scale_x=&#8221;0.75&#8243; pf_init_scale_y=&#8221;0.75&#8243; pf_init_opacity=&#8221;0&#8243; pf_an_scale_x=&#8221;1&#8243; pf_an_scale_y=&#8221;1&#8243; pf_an_opacity=&#8221;1&#8243; pf_init_scale_z=&#8221;1&#8243; pf_an_scale_z=&#8221;1&#8243; pf_duration=&#8221;1800&#8243; pf_delay=&#8221;180&#8243; pf_init_translate_x=&#8221;-100&#8243; pf_init_translate_y=&#8221;0&#8243;][ld_images_group_element img_size=&#8221;50%&#8221; enable_hover3d=&#8221;yes&#8221; image=&#8221;1047&#8243;][\/ld_images_group_element][\/ld_images_group_container][\/vc_column][vc_column bg_position=&#8221;center center&#8221; offset=&#8221;vc_col-lg-offset-0 vc_col-md-7&#8243; css=&#8221;.vc_custom_1616159214884{background-position: center !important;background-repeat: no-repeat !important;background-size: contain !important;}&#8221; responsive_css=&#8221;padding_left_medium:2vw&#8221;][vc_row_inner content_placement=&#8221;middle&#8221; gap=&#8221;25&#8243; bg_position=&#8221;center center&#8221; css=&#8221;.vc_custom_1616159403462{background-image: url(https:\/\/terateknoloji.com.tr\/wp-content\/uploads\/2021\/03\/blob2-1.svg?id=11856) !important;background-position: 0 0 !important;background-repeat: no-repeat !important;}&#8221;][vc_column_inner parallax=&#8221;yes&#8221; width=&#8221;1\/2&#8243; scale_from_x=&#8221;1&#8243; scale_from_y=&#8221;1&#8243; from_opacity=&#8221;1&#8243; scale_to_x=&#8221;1&#8243; scale_to_y=&#8221;1&#8243; to_opacity=&#8221;1&#8243; enable_content_animation=&#8221;yes&#8221; ca_init_scale_x=&#8221;0.75&#8243; ca_init_scale_y=&#8221;0.75&#8243; ca_init_opacity=&#8221;0&#8243; ca_an_scale_x=&#8221;1&#8243; ca_an_scale_y=&#8221;1&#8243; ca_an_opacity=&#8221;1&#8243; scale_from_z=&#8221;1&#8243; scale_to_z=&#8221;1&#8243; ca_init_scale_z=&#8221;1&#8243; ca_an_scale_z=&#8221;1&#8243; translate_from_y=&#8221;-70&#8243; translate_to_y=&#8221;90&#8243; ca_duration=&#8221;1800&#8243; ca_start_delay=&#8221;350&#8243; ca_delay=&#8221;180&#8243; ca_init_translate_y=&#8221;45&#8243; css=&#8221;.vc_custom_1616159200966{background-position: center !important;background-repeat: no-repeat !important;background-size: cover !important;}&#8221;][ld_icon_box i_type=&#8221;image&#8221; heading_size=&#8221;custom&#8221; alignment=&#8221;text-left&#8221; fill=&#8221;yes&#8221; border_radius=&#8221;iconbox-round&#8221; hover_fill=&#8221;yes&#8221; scale_bg=&#8221;iconbox-scale-bg&#8221; shadow=&#8221;iconbox-shadow&#8221; title=&#8221;Misyonumuz&#8221; fill_color=&#8221;rgb(255, 255, 255)&#8221; icon_mb=&#8221;32&#8243; custom_heading_size=&#8221;21px&#8221; css=&#8221;.vc_custom_1660122045494{padding-top: 50px !important;padding-right: 30px !important;padding-bottom: 50px !important;padding-left: 35px !important;}&#8221; hover_fill_color=&#8221;rgb(255, 255, 255)&#8221; hover_text_color=&#8221;rgb(26, 55, 96)&#8221; i_icon_image=&#8221;11335&#8243; custom_size=&#8221;48px&#8221;]Pazar\u0131n lideri olabilmek i\u00e7in sekt\u00f6re de\u011fer katan, kusursuz i\u015flere imza atan bir OT\/VT \u015firketi olmakt\u0131r.[\/ld_icon_box][ld_spacer height=&#8221;20px&#8221; hide=&#8221;vc_hidden-xs&#8221;][ld_icon_box i_type=&#8221;image&#8221; heading_size=&#8221;custom&#8221; alignment=&#8221;text-left&#8221; fill=&#8221;yes&#8221; border_radius=&#8221;iconbox-round&#8221; hover_fill=&#8221;yes&#8221; scale_bg=&#8221;iconbox-scale-bg&#8221; shadow=&#8221;iconbox-shadow&#8221; title=&#8221;De\u011ferlerimiz ve Kurum K\u00fclt\u00fcr\u00fcm\u00fcz&#8221; fill_color=&#8221;rgb(255, 255, 255)&#8221; icon_mb=&#8221;32&#8243; custom_heading_size=&#8221;21px&#8221; css=&#8221;.vc_custom_1660122662276{padding-top: 50px !important;padding-right: 30px !important;padding-bottom: 50px !important;padding-left: 35px !important;}&#8221; hover_fill_color=&#8221;rgb(255, 255, 255)&#8221; hover_text_color=&#8221;rgb(26, 55, 96)&#8221; i_icon_image=&#8221;11334&#8243; custom_size=&#8221;45px&#8221;]<strong>De\u011ferlerimiz; <\/strong>D\u00fcr\u00fcst ve enerjik bir ekip olarak omuz omuza sorumluluklar\u0131m\u0131z\u0131 yerine getirmektir.<\/p>\n<p><strong>Kurum K\u00fclt\u00fcr\u00fcm\u00fcz;<\/strong> H\u0131zl\u0131, m\u00fc\u015fteri odakl\u0131, yenilik\u00e7i, g\u00fcvenilir, \u00e7\u00f6z\u00fcm \u00fcreten ekibimiz ile kat\u0131l\u0131mc\u0131 s\u00fcre\u00e7ler ile \u00e7al\u0131\u015fmakt\u0131r.[\/ld_icon_box][\/vc_column_inner][vc_column_inner parallax=&#8221;yes&#8221; width=&#8221;1\/2&#8243; scale_from_x=&#8221;1&#8243; scale_from_y=&#8221;1&#8243; from_opacity=&#8221;1&#8243; scale_to_x=&#8221;1&#8243; scale_to_y=&#8221;1&#8243; to_opacity=&#8221;1&#8243; enable_content_animation=&#8221;yes&#8221; ca_init_scale_x=&#8221;0.75&#8243; ca_init_scale_y=&#8221;0.75&#8243; ca_init_opacity=&#8221;0&#8243; ca_an_scale_x=&#8221;1&#8243; ca_an_scale_y=&#8221;1&#8243; ca_an_opacity=&#8221;1&#8243; scale_from_z=&#8221;1&#8243; scale_to_z=&#8221;1&#8243; ca_init_scale_z=&#8221;1&#8243; ca_an_scale_z=&#8221;1&#8243; translate_from_y=&#8221;-40&#8243; translate_to_y=&#8221;80&#8243; ca_duration=&#8221;1800&#8243; ca_start_delay=&#8221;600&#8243; ca_delay=&#8221;180&#8243;][ld_icon_box i_type=&#8221;image&#8221; heading_size=&#8221;custom&#8221; alignment=&#8221;text-left&#8221; fill=&#8221;yes&#8221; border_radius=&#8221;iconbox-round&#8221; hover_fill=&#8221;yes&#8221; scale_bg=&#8221;iconbox-scale-bg&#8221; shadow=&#8221;iconbox-shadow&#8221; title=&#8221;Vizyonumuz&#8221; fill_color=&#8221;rgb(255, 255, 255)&#8221; icon_mb=&#8221;32&#8243; custom_heading_size=&#8221;21px&#8221; css=&#8221;.vc_custom_1660122741728{padding-top: 50px !important;padding-right: 30px !important;padding-bottom: 50px !important;padding-left: 35px !important;}&#8221; hover_fill_color=&#8221;rgb(255, 255, 255)&#8221; hover_text_color=&#8221;rgb(26, 55, 96)&#8221; i_icon_image=&#8221;11332&#8243; custom_size=&#8221;45px&#8221;]M\u00fc\u015fterilerimizi mutlu etmek i\u00e7in onlar\u0131n ihtiya\u00e7lar\u0131n\u0131 dinleyen, d\u00fc\u015f\u00fcnen, \u00f6ng\u00f6ren ve \u00e7\u00f6z\u00fcmler \u00fcreten, s\u00fcrd\u00fcr\u00fclebilir ve g\u00fcvenilir bir \u015firket olmakt\u0131r.[\/ld_icon_box][\/vc_column_inner][\/vc_row_inner][\/vc_column][\/vc_row]<\/p>\n","protected":false},"excerpt":{"rendered":"<p>[vc_row content_placement=&#8221;top&#8221; bg_position=&#8221;custom&#8221; css=&#8221;.vc_custom_1660121036761{padding-top: 80px !important;padding-bottom: 80px !important;background-position: 0 0 !important;background-repeat: no-repeat !important;}&#8221; bg_pos_h=&#8221;50%&#8221; bg_pos_v=&#8221;80%&#8221; responsive_css=&#8221;margin_top_medium:50px|padding_top_medium:100px|padding_bottom_medium:130px&#8221;][vc_column offset=&#8221;vc_col-md-6 vc_hidden-xs&#8221; responsive_css=&#8221;margin_bottom_medium:0px&#8221; css=&#8221;.vc_custom_1614778539117{margin-bottom: 60px !important;}&#8221;][ld_images_group_container enable_item_animation=&#8221;yes&#8221; pf_init_scale_x=&#8221;0.75&#8243; pf_init_scale_y=&#8221;0.75&#8243; pf_init_opacity=&#8221;0&#8243; pf_an_scale_x=&#8221;1&#8243; pf_an_scale_y=&#8221;1&#8243; pf_an_opacity=&#8221;1&#8243; pf_init_scale_z=&#8221;1&#8243; pf_an_scale_z=&#8221;1&#8243; pf_duration=&#8221;1800&#8243; pf_delay=&#8221;180&#8243; pf_init_translate_x=&#8221;-100&#8243; pf_init_translate_y=&#8221;0&#8243;][ld_images_group_element img_size=&#8221;50%&#8221; enable_hover3d=&#8221;yes&#8221; image=&#8221;1031&#8243;][\/ld_images_group_element][\/ld_images_group_container][\/vc_column][vc_column enable_content_animation=&#8221;yes&#8221; ca_init_scale_x=&#8221;1&#8243; ca_init_scale_y=&#8221;1&#8243; ca_init_opacity=&#8221;0&#8243; ca_an_scale_x=&#8221;1&#8243; ca_an_scale_y=&#8221;1&#8243; ca_an_opacity=&#8221;1&#8243; ca_init_scale_z=&#8221;1&#8243; ca_an_scale_z=&#8221;1&#8243; offset=&#8221;vc_col-md-offset-1 vc_col-md-5&#8243; ca_duration=&#8221;1800&#8243; ca_start_delay=&#8221;350&#8243; ca_delay=&#8221;180&#8243; ca_init_translate_y=&#8221;35&#8243;][ld_fancy_heading tag=&#8221;h6&#8243; duration=&#8221;1600&#8243; [&hellip;]<\/p>\n","protected":false},"author":1,"featured_media":0,"parent":0,"menu_order":0,"comment_status":"closed","ping_status":"closed","template":"","meta":{"_joinchat":[],"footnotes":""},"class_list":["post-1021","page","type-page","status-publish","hentry"],"_links":{"self":[{"href":"https:\/\/terateknoloji.com.tr\/index.php\/wp-json\/wp\/v2\/pages\/1021","targetHints":{"allow":["GET"]}}],"collection":[{"href":"https:\/\/terateknoloji.com.tr\/index.php\/wp-json\/wp\/v2\/pages"}],"about":[{"href":"https:\/\/terateknoloji.com.tr\/index.php\/wp-json\/wp\/v2\/types\/page"}],"author":[{"embeddable":true,"href":"https:\/\/terateknoloji.com.tr\/index.php\/wp-json\/wp\/v2\/users\/1"}],"replies":[{"embeddable":true,"href":"https:\/\/terateknoloji.com.tr\/index.php\/wp-json\/wp\/v2\/comments?post=1021"}],"version-history":[{"count":0,"href":"https:\/\/terateknoloji.com.tr\/index.php\/wp-json\/wp\/v2\/pages\/1021\/revisions"}],"wp:attachment":[{"href":"https:\/\/terateknoloji.com.tr\/index.php\/wp-json\/wp\/v2\/media?parent=1021"}],"curies":[{"name":"wp","href":"https:\/\/api.w.org\/{rel}","templated":true}]}}