{"id":1002,"date":"2022-08-10T10:51:42","date_gmt":"2022-08-10T07:51:42","guid":{"rendered":"http:\/\/terateknoloji.com.tr\/?page_id=1002"},"modified":"2022-08-10T11:15:53","modified_gmt":"2022-08-10T08:15:53","slug":"bize-ulasin","status":"publish","type":"page","link":"https:\/\/terateknoloji.com.tr\/index.php\/bize-ulasin\/","title":{"rendered":"Bize Ula\u015f\u0131n"},"content":{"rendered":"<p>[vc_row content_placement=&#8221;middle&#8221; css=&#8221;.vc_custom_1617304076469{padding-top: 60px !important;padding-bottom: 50px !important;}&#8221;][vc_column offset=&#8221;vc_col-md-6&#8243; css=&#8221;.vc_custom_1618234758205{margin-bottom: 30px !important;}&#8221;][ld_fancy_heading tag=&#8221;h2&#8243; use_custom_fonts_title=&#8221;true&#8221; color=&#8221;rgb(59, 59, 59)&#8221; fs=&#8221;text_large:81px|text_medium:54px&#8221; lh=&#8221;text_small:1em&#8221; margin=&#8221;bottom_small:0px&#8221;]\u0130leti\u015fim[\/ld_fancy_heading][\/vc_column][vc_column offset=&#8221;vc_col-lg-offset-1 vc_col-lg-5 vc_col-md-6 vc_hidden-xs&#8221; css=&#8221;.vc_custom_1617304290418{margin-bottom: 30px !important;}&#8221; responsive_css=&#8221;padding_left_large:0px|padding_left_medium:45px&#8221;][ld_fancy_heading tag=&#8221;p&#8221; use_custom_fonts_title=&#8221;true&#8221; color=&#8221;rgb(121, 121, 121)&#8221; fs=&#8221;text_small:19px&#8221; lh=&#8221;text_small:1.2em&#8221; fw=&#8221;text_small:500&#8243;]Akl\u0131n\u0131za tak\u0131lan her konu i\u00e7in deneyimli ekibimiz sizleri dinliyor. Hem sizlere bir telefon kadar hem de di\u011fer t\u00fcm ileti\u015fim kanallar\u0131 kadar size yak\u0131n\u0131z.[\/ld_fancy_heading][\/vc_column][\/vc_row][vc_row bg_position=&#8221;center bottom&#8221; css=&#8221;.vc_custom_1574853268171{padding-top: 100px !important;padding-bottom: 100px !important;background-image: url(https:\/\/originalhub.liquid-themes.com\/wp-content\/uploads\/2019\/11\/dots-bg-1.png?id=4186) !important;background-position: 0 0 !important;background-repeat: no-repeat !important;}&#8221;][vc_column enable_column_shadowbox=&#8221;yes&#8221; offset=&#8221;vc_col-md-offset-1 vc_col-md-10&#8243; column_box_shadow=&#8221;%5B%7B%22x_offset%22%3A%220%22%2C%22y_offset%22%3A%2240px%22%2C%22blur_radius%22%3A%2280px%22%2C%22shadow_color%22%3A%22rgba(83%2C%2094%2C%20132%2C%200.1)%22%7D%5D&#8221; custom_border_radius=&#8221;6px&#8221;][vc_row_inner equal_height=&#8221;yes&#8221; gap=&#8221;0&#8243;][vc_column_inner offset=&#8221;vc_col-md-8&#8243; css=&#8221;.vc_custom_1573631813623{padding-top: 45px !important;padding-right: 45px !important;padding-left: 45px !important;background-color: #ffffff !important;}&#8221; custom_border_radius=&#8221;6px 0 0 6px&#8221;][ld_fancy_heading tag=&#8221;h2&#8243; tag_to_inherite=&#8221;h3&#8243; use_inheritance=&#8221;true&#8221; margin=&#8221;bottom_small:1.5em&#8221;]Mesaj G\u00f6nderin[\/ld_fancy_heading][ld_cf7 id=&#8221;1005&#8243; shape=&#8221;lqd-contact-form-inputs-underlined&#8221; btn_shape=&#8221;lqd-contact-form-button-bordered&#8221; btn_thickness=&#8221;lqd-contact-form-button-border-thick&#8221; btn_roundness=&#8221;lqd-contact-form-button-circle&#8221;][\/vc_column_inner][vc_column_inner css=&#8221;.vc_custom_1573631823038{padding-top: 45px !important;padding-right: 45px !important;padding-bottom: 15px !important;padding-left: 45px !important;background-color: #f2f4f8 !important;}&#8221; offset=&#8221;vc_col-md-4&#8243; custom_border_radius=&#8221;0 6px 6px 0&#8243;][ld_fancy_heading tag=&#8221;h2&#8243; tag_to_inherite=&#8221;h3&#8243; use_inheritance=&#8221;true&#8221; margin=&#8221;bottom_small:1.5em&#8221;]Adresimiz[\/ld_fancy_heading][ld_fancy_heading tag=&#8221;p&#8221; use_custom_fonts_title=&#8221;true&#8221; fs=&#8221;text_small:14px&#8221; color=&#8221;rgb(63, 76, 105)&#8221;]Ayd\u0131n G\u00fczel \u0130\u015f Merkezi K\u0131s\u0131kl\u0131 Mh. Alemda\u011f Cd. C\u00f6mert Sk. No:3\/4<br \/>\n\u00dcsk\u00fcdar \/ \u0130stanbul[\/ld_fancy_heading][ld_button style=&#8221;btn-underlined&#8221; title=&#8221;Google Maps&#8217;te G\u00f6r\u00fcn&#8221; link_type=&#8221;modal_window&#8221; fs=&#8221;text_small:14px&#8221; lh=&#8221;text_small:1em&#8221; ls=&#8221;text_small:0px&#8221; b_color=&#8221;rgba(0, 0, 0, 0.2)&#8221; anchor_id=&#8221;#maps-modal&#8221;][ld_spacer height=&#8221;40px&#8221;][ld_fancy_heading tag=&#8221;p&#8221; use_custom_fonts_title=&#8221;true&#8221; fs=&#8221;text_small:14px&#8221; color=&#8221;rgb(63, 76, 105)&#8221;]E-Posta: info@terateknoloji.com.tr[\/ld_fancy_heading][ld_fancy_heading tag=&#8221;p&#8221; use_custom_fonts_title=&#8221;true&#8221; fs=&#8221;text_small:14px&#8221; color=&#8221;rgb(63, 76, 105)&#8221;]Telefon: +90 216 521 07 02[\/ld_fancy_heading][\/vc_column_inner][\/vc_row_inner][\/vc_column][\/vc_row][vc_row][vc_column][ld_modal_window modal_type=&#8221;fullscreen&#8221; el_id=&#8221;maps-modal&#8221;][vc_gmaps link=&#8221;#E-8_JTNDaWZyYW1lJTIwc3JjJTNEJTIyaHR0cHMlM0ElMkYlMkZ3d3cuZ29vZ2xlLmNvbSUyRm1hcHMlMkZlbWJlZCUzRnBiJTNEJTIxMW0xOCUyMTFtMTIlMjExbTMlMjExZDMwMTAuMDk0MTQzOTE3MzYxNiUyMTJkMjkuMDcwMzU2MjUwNDYzMTQlMjEzZDQxLjAyMzE5NjIyNjM1NDkyJTIxMm0zJTIxMWYwJTIxMmYwJTIxM2YwJTIxM20yJTIxMWkxMDI0JTIxMmk3NjglMjE0ZjEzLjElMjEzbTMlMjExbTIlMjExczB4MTRjYWM4NmE2NmIyN2RhNSUyNTNBMHhkMWI2ZGE5OThjYTA1YjExJTIxMnNUZXJhJTI1MjBUZWtub2xvamklMjUyMHZlJTI1MjBPdG9tYXN5b24lMjUyMFNpc3RlbWxlcmklMjUyMFNhbi4lMjUyMFRpYyUyNTIwLiUyNTIwTHRkLiUyNTIwJTI1QzUlMjU5RXRpLiUyMTVlMCUyMTNtMiUyMTFzdHIlMjEyc3RyJTIxNHYxNjYwMTE4OTQ1OTM1JTIxNW0yJTIxMXN0ciUyMTJzdHIlMjIlMjB3aWR0aCUzRCUyMjEwMCUyNSUyMiUyMGhlaWdodCUzRCUyMmF1dG8lMjIlMjBzdHlsZSUzRCUyMmJvcmRlciUzQTAlM0IlMjIlMjBhbGxvd2Z1bGxzY3JlZW4lM0QlMjIlMjIlMjBsb2FkaW5nJTNEJTIybGF6eSUyMiUyMHJlZmVycmVycG9saWN5JTNEJTIybm8tcmVmZXJyZXItd2hlbi1kb3duZ3JhZGUlMjIlM0UlM0MlMkZpZnJhbWUlM0U=&#8221; size=&#8221;&#8221; el_id=&#8221;maps-model&#8221;][\/ld_modal_window][\/vc_column][\/vc_row]<\/p>\n","protected":false},"excerpt":{"rendered":"<p>[vc_row content_placement=&#8221;middle&#8221; css=&#8221;.vc_custom_1617304076469{padding-top: 60px !important;padding-bottom: 50px !important;}&#8221;][vc_column offset=&#8221;vc_col-md-6&#8243; css=&#8221;.vc_custom_1618234758205{margin-bottom: 30px !important;}&#8221;][ld_fancy_heading tag=&#8221;h2&#8243; use_custom_fonts_title=&#8221;true&#8221; color=&#8221;rgb(59, 59, 59)&#8221; fs=&#8221;text_large:81px|text_medium:54px&#8221; lh=&#8221;text_small:1em&#8221; margin=&#8221;bottom_small:0px&#8221;]\u0130leti\u015fim[\/ld_fancy_heading][\/vc_column][vc_column offset=&#8221;vc_col-lg-offset-1 vc_col-lg-5 vc_col-md-6 vc_hidden-xs&#8221; css=&#8221;.vc_custom_1617304290418{margin-bottom: 30px !important;}&#8221; responsive_css=&#8221;padding_left_large:0px|padding_left_medium:45px&#8221;][ld_fancy_heading tag=&#8221;p&#8221; use_custom_fonts_title=&#8221;true&#8221; color=&#8221;rgb(121, 121, 121)&#8221; fs=&#8221;text_small:19px&#8221; lh=&#8221;text_small:1.2em&#8221; fw=&#8221;text_small:500&#8243;]Akl\u0131n\u0131za tak\u0131lan her konu i\u00e7in deneyimli ekibimiz sizleri dinliyor. Hem sizlere bir telefon kadar hem de di\u011fer t\u00fcm ileti\u015fim kanallar\u0131 kadar [&hellip;]<\/p>\n","protected":false},"author":1,"featured_media":0,"parent":0,"menu_order":0,"comment_status":"closed","ping_status":"closed","template":"","meta":{"_joinchat":[],"footnotes":""},"class_list":["post-1002","page","type-page","status-publish","hentry"],"_links":{"self":[{"href":"https:\/\/terateknoloji.com.tr\/index.php\/wp-json\/wp\/v2\/pages\/1002","targetHints":{"allow":["GET"]}}],"collection":[{"href":"https:\/\/terateknoloji.com.tr\/index.php\/wp-json\/wp\/v2\/pages"}],"about":[{"href":"https:\/\/terateknoloji.com.tr\/index.php\/wp-json\/wp\/v2\/types\/page"}],"author":[{"embeddable":true,"href":"https:\/\/terateknoloji.com.tr\/index.php\/wp-json\/wp\/v2\/users\/1"}],"replies":[{"embeddable":true,"href":"https:\/\/terateknoloji.com.tr\/index.php\/wp-json\/wp\/v2\/comments?post=1002"}],"version-history":[{"count":0,"href":"https:\/\/terateknoloji.com.tr\/index.php\/wp-json\/wp\/v2\/pages\/1002\/revisions"}],"wp:attachment":[{"href":"https:\/\/terateknoloji.com.tr\/index.php\/wp-json\/wp\/v2\/media?parent=1002"}],"curies":[{"name":"wp","href":"https:\/\/api.w.org\/{rel}","templated":true}]}}